{"id":1008,"date":"2025-11-24T15:43:27","date_gmt":"2025-11-24T15:43:27","guid":{"rendered":"https:\/\/bestfitnessstore.com\/?post_type=product&#038;p=1008"},"modified":"2025-11-24T15:43:27","modified_gmt":"2025-11-24T15:43:27","slug":"vogatore-ad-aria-commerciale-body-solid-r300-endurance-light","status":"publish","type":"product","link":"http:\/\/bestfitnessstore.com\/it\/product\/body-solid-r300-endurance-light-commercial-air-rowing-machine\/","title":{"rendered":"Body-Solid R300 Endurance - Vogatore ad aria commerciale leggero"},"content":{"rendered":"<div class=\"product-attribute-container-desktop desktop-only\">\n<div class=\"additional-attributes-wrapper table-wrapper\">\n<h4>INFORMAZIONI SUL PRODOTTO<\/h4>\n<div class=\"attributes-container\">\n<ul class=\"product-attributes-container\">\n<li><span class=\"specification-title\">Peso della confezione (KG):\u00a0<\/span><span class=\"specification-data\">45.000000<\/span><\/li>\n<li><span class=\"specification-title\">Metodo di alimentazione:\u00a0<\/span><span class=\"specification-data\">Autoalimentato<\/span><\/li>\n<li><span class=\"specification-title\">Bluetooth:\u00a0<\/span><span class=\"specification-data\">No<\/span><\/li>\n<li><span class=\"specification-title\">Ruote di trasporto:\u00a0<\/span><span class=\"specification-data\">No<\/span><\/li>\n<li><span class=\"specification-title\">Resistenza regolabile:\u00a0<\/span><span class=\"specification-data\">S\u00ec<\/span><\/li>\n<li><span class=\"specification-title\">Programmi integrati:\u00a0<\/span><span class=\"specification-data\">8 allenamenti preimpostati, tra cui: Avvio rapido, Distanza, Tempo, Calorie, Gioco, Intervalli<\/span><\/li>\n<\/ul>\n<ul class=\"product-attributes-container\">\n<li><span class=\"specification-title\">Peso del prodotto (KG):\u00a0<\/span><span class=\"specification-data\">37<\/span><\/li>\n<li><span class=\"specification-title\">Supporto per tablet:\u00a0<\/span><span class=\"specification-data\">S\u00ec<\/span><\/li>\n<li><span class=\"specification-title\">Tipo di vogatore:\u00a0<\/span><span class=\"specification-data\">Aria \/ Idraulico<\/span><\/li>\n<li><span class=\"specification-title\">Pieghevole:\u00a0<\/span><span class=\"specification-data\">No<\/span><\/li>\n<li><span class=\"specification-title\">Peso massimo dell'utente (kg):\u00a0<\/span><span class=\"specification-data\">150,00 (Kg)<\/span><\/li>\n<li><span class=\"specification-title\">Dimensioni del prodotto (LxLxH):\u00a0<\/span><span class=\"specification-data\">241,50 x 62 x 101 cm<\/span><\/li>\n<\/ul>\n<\/div>\n<\/div>\n<\/div>\n<div class=\"product-features\">\n<h4>CARATTERISTICHE AGGIUNTIVE<\/h4>\n<div class=\"more-container\">\n<div class=\"unshow-text\">\n<ul class=\"product-features-container\">\n<li><span class=\"specification-title\">Allenamento efficace:<\/span>\u00a0<span class=\"specification-data\">A basso impatto e total body<\/span><\/li>\n<li><span class=\"specification-title\">I muscoli hanno lavorato:<\/span>\u00a0<span class=\"specification-data\">Quadricipiti, hamstrings, addominali, obliqui, dorsali, bicipiti, tricipiti, flessori dell'anca e altro ancora<\/span><\/li>\n<li><span class=\"specification-title\">Resistenza controllata dall'utente:<\/span>\u00a0<span class=\"specification-data\">Risponde al livello di intensit\u00e0 dell'utente, aumentando man mano che la velocit\u00e0 aumenta<\/span><\/li>\n<li><span class=\"specification-title\">Volano di precisione:<\/span>\u00a0<span class=\"specification-data\">Il rumore \u00e8 ridotto al minimo<\/span><\/li>\n<li><span class=\"specification-title\">Impugnatura ergonomica e strutturata:<\/span>\u00a0<span class=\"specification-data\">Remare con posizioni naturali di mani e braccia<\/span><\/li>\n<li><span class=\"specification-title\">Poggiapiedi regolabili:<\/span>\u00a0<span class=\"specification-data\">Un appoggio sicuro e confortevole<\/span><\/li>\n<li><span class=\"specification-title\">Console interattiva:<\/span>\u00a0<span class=\"specification-data\">Rapporti su tempo, frequenza cardiaca, calorie, ampiezza della pagaia, frequenza di corsa, distanza percorsa e watt<\/span><\/li>\n<li><span class=\"specification-title\">Compatibile con i polari:<\/span>\u00a0<span class=\"specification-data\">La fascia toracica non \u00e8 inclusa - Le cinture non codificate Polar T31 e T34 che trasmettono a 5kHz sono compatibili.<\/span><\/li>\n<li><span class=\"specification-title\">Catena nichelata:<\/span>\u00a0<span class=\"specification-data\">Durata ineguagliabile<\/span><\/li>\n<li><span class=\"specification-title\">Conservazione efficiente:<\/span>\u00a0<span class=\"specification-data\">Si separa facilmente in pi\u00f9 pezzi<\/span><\/li>\n<\/ul>\n<\/div>\n<\/div>\n<\/div>\n<div class=\"product-warranty\">\n<h4>GARANZIA<\/h4>\n<div class=\"text-container\"><strong>Uso domestico e commerciale leggero:<\/strong>\u00a03 anni di ricambi, 1 anno di manodopera<\/div>\n<div><\/div>\n<\/div>\n<div class=\"product-next-day\">\n<h4>CONSEGNA ESPRESSA<\/h4>\n<div class=\"text-container\">Per molti dei nostri prodotti sono disponibili opzioni di consegna espressa e a data prestabilita, il che significa che il prodotto verr\u00e0 consegnato gi\u00e0 domani o nella data prescelta che pi\u00f9 vi aggrada. Controllare le opzioni di consegna al momento del checkout per verificare la disponibilit\u00e0 per il proprio carrello e codice postale. Si applicano i termini di consegna.<\/div>\n<\/div>","protected":false},"excerpt":{"rendered":"<div id=\"fullDescription\" class=\"full-description\">\n<div class=\"text-container\">L'Endurance by Body-Solid R300 Indoor Rower offre un efficace allenamento a basso impatto e per tutto il corpo. Il movimento del vogatore non solo permette di bruciare calorie ad alta intensit\u00e0, ma fa lavorare quadricipiti, tendini, addominali, obliqui, dorsali, bicipiti, tricipiti, flessori dell'anca e altro ancora. La resistenza dell'aria, controllata dall'utente, consente all'utente di avere il pieno controllo per un allenamento equilibrato e coordinato. Rispondendo al livello di intensit\u00e0, la resistenza aumenta man mano che si aumenta la velocit\u00e0, ma grazie al volano di precisione, il rumore \u00e8 ridotto al minimo. L'impugnatura ergonomica e testurizzata consente agli utenti di remare con una posizione naturale delle mani e delle braccia, mentre le pedane completamente regolabili garantiscono un allenamento sicuro e confortevole sull'R300. Grazie al comodo supporto per il telefono, gli utenti possono intrattenersi o seguire i progressi dell'allenamento. La console interattiva fornisce informazioni su tempo, frequenza cardiaca, calorie, larghezza della pagaia, frequenza di corsa, distanza percorsa e watt ed \u00e8 compatibile con Polar (la fascia toracica \u00e8 venduta separatamente). Sofisticata ma facile da usare, la console include 8 diversi programmi di allenamento, per garantire che i vostri allenamenti siano sempre vari e motivanti. Una volta finito di remare, l'R300 pu\u00f2 essere facilmente separato in pi\u00f9 parti per essere riposto in modo efficiente.&nbsp;<\/p>\n<\/div>\n<\/div>\n<div class=\"product-attribute-container-desktop desktop-only\">\n<div class=\"additional-attributes-wrapper table-wrapper\"><\/div>\n<\/div>","protected":false},"featured_media":1009,"comment_status":"open","ping_status":"closed","template":"","meta":{"site-sidebar-layout":"default","site-content-layout":"","ast-site-content-layout":"default","site-content-style":"default","site-sidebar-style":"default","ast-global-header-display":"","ast-banner-title-visibility":"","ast-main-header-display":"","ast-hfb-above-header-display":"","ast-hfb-below-header-display":"","ast-hfb-mobile-header-display":"","site-post-title":"","ast-breadcrumbs-content":"","ast-featured-img":"","footer-sml-layout":"","theme-transparent-header-meta":"default","adv-header-id-meta":"","stick-header-meta":"","header-above-stick-meta":"","header-main-stick-meta":"","header-below-stick-meta":"","astra-migrate-meta-layouts":"set","ast-page-background-enabled":"default","ast-page-background-meta":{"desktop":{"background-color":"var(--ast-global-color-5)","background-image":"","background-repeat":"repeat","background-position":"center center","background-size":"auto","background-attachment":"scroll","background-type":"","background-media":"","overlay-type":"","overlay-color":"","overlay-opacity":"","overlay-gradient":""},"tablet":{"background-color":"","background-image":"","background-repeat":"repeat","background-position":"center center","background-size":"auto","background-attachment":"scroll","background-type":"","background-media":"","overlay-type":"","overlay-color":"","overlay-opacity":"","overlay-gradient":""},"mobile":{"background-color":"","background-image":"","background-repeat":"repeat","background-position":"center center","background-size":"auto","background-attachment":"scroll","background-type":"","background-media":"","overlay-type":"","overlay-color":"","overlay-opacity":"","overlay-gradient":""}},"ast-content-background-meta":{"desktop":{"background-color":"var(--ast-global-color-4)","background-image":"","background-repeat":"repeat","background-position":"center center","background-size":"auto","background-attachment":"scroll","background-type":"","background-media":"","overlay-type":"","overlay-color":"","overlay-opacity":"","overlay-gradient":""},"tablet":{"background-color":"var(--ast-global-color-4)","background-image":"","background-repeat":"repeat","background-position":"center center","background-size":"auto","background-attachment":"scroll","background-type":"","background-media":"","overlay-type":"","overlay-color":"","overlay-opacity":"","overlay-gradient":""},"mobile":{"background-color":"var(--ast-global-color-4)","background-image":"","background-repeat":"repeat","background-position":"center center","background-size":"auto","background-attachment":"scroll","background-type":"","background-media":"","overlay-type":"","overlay-color":"","overlay-opacity":"","overlay-gradient":""}}},"product_brand":[],"product_cat":[20],"product_tag":[24],"class_list":{"0":"post-1008","1":"product","2":"type-product","3":"status-publish","4":"has-post-thumbnail","6":"product_cat-rowing-machine","7":"product_tag-rowing-machines","8":"desktop-align-left","9":"tablet-align-left","10":"mobile-align-left","12":"first","13":"instock","14":"sale","15":"taxable","16":"shipping-taxable","17":"purchasable","18":"product-type-simple"},"_links":{"self":[{"href":"http:\/\/bestfitnessstore.com\/it\/wp-json\/wp\/v2\/product\/1008","targetHints":{"allow":["GET"]}}],"collection":[{"href":"http:\/\/bestfitnessstore.com\/it\/wp-json\/wp\/v2\/product"}],"about":[{"href":"http:\/\/bestfitnessstore.com\/it\/wp-json\/wp\/v2\/types\/product"}],"replies":[{"embeddable":true,"href":"http:\/\/bestfitnessstore.com\/it\/wp-json\/wp\/v2\/comments?post=1008"}],"wp:featuredmedia":[{"embeddable":true,"href":"http:\/\/bestfitnessstore.com\/it\/wp-json\/wp\/v2\/media\/1009"}],"wp:attachment":[{"href":"http:\/\/bestfitnessstore.com\/it\/wp-json\/wp\/v2\/media?parent=1008"}],"wp:term":[{"taxonomy":"product_brand","embeddable":true,"href":"http:\/\/bestfitnessstore.com\/it\/wp-json\/wp\/v2\/product_brand?post=1008"},{"taxonomy":"product_cat","embeddable":true,"href":"http:\/\/bestfitnessstore.com\/it\/wp-json\/wp\/v2\/product_cat?post=1008"},{"taxonomy":"product_tag","embeddable":true,"href":"http:\/\/bestfitnessstore.com\/it\/wp-json\/wp\/v2\/product_tag?post=1008"}],"curies":[{"name":"wp","href":"https:\/\/api.w.org\/{rel}","templated":true}]}}