{"id":991,"date":"2025-11-24T15:24:14","date_gmt":"2025-11-24T15:24:14","guid":{"rendered":"https:\/\/bestfitnessstore.com\/?post_type=product&#038;p=991"},"modified":"2025-11-24T15:24:14","modified_gmt":"2025-11-24T15:24:14","slug":"velo-droit-spirit-xbu55","status":"publish","type":"product","link":"http:\/\/bestfitnessstore.com\/fr\/product\/spirit-xbu55-upright-bike\/","title":{"rendered":"V\u00e9lo droit Spirit XBU55"},"content":{"rendered":"<div class=\"product-attribute-container-desktop desktop-only\">\n<div class=\"additional-attributes-wrapper table-wrapper\">\n<h4>INFORMATIONS SUR LES PRODUITS<\/h4>\n<div class=\"attributes-container\">\n<ul class=\"product-attributes-container\">\n<li><span class=\"specification-title\">Poids de l'emballage (KG) :\u00a0<\/span><span class=\"specification-data\">54.400002<\/span><\/li>\n<li><span class=\"specification-title\">M\u00e9thode d'alimentation :\u00a0<\/span><span class=\"specification-data\">\u00c9lectricit\u00e9 de r\u00e9seau<\/span><\/li>\n<li><span class=\"specification-title\">Support de tablette :\u00a0<\/span><span class=\"specification-data\">Oui<\/span><\/li>\n<li><span class=\"specification-title\">Ajustement du cadre :\u00a0<\/span><span class=\"specification-data\">Selle en avant et en arri\u00e8re, selle en haut et en bas<\/span><\/li>\n<li><span class=\"specification-title\">Roues de transport :\u00a0<\/span><span class=\"specification-data\">Oui<\/span><\/li>\n<li><span class=\"specification-title\">Surveillance de la fr\u00e9quence cardiaque :\u00a0<\/span><span class=\"specification-data\">Capteurs int\u00e9gr\u00e9s et Bluetooth<\/span><\/li>\n<li><span class=\"specification-title\">Programmes int\u00e9gr\u00e9s :\u00a0<\/span><span class=\"specification-data\">Manuel, colline, br\u00fbler les graisses, cardio, force, HIIT, fusion, temps, distance, calories, 2 personnalis\u00e9, 4 fr\u00e9quence cardiaque.<\/span><\/li>\n<li><span class=\"specification-title\">Dimensions de la bo\u00eete (LxLxH) :\u00a0<\/span><span class=\"specification-data\">117,50 x 46 x 78 cm<\/span><\/li>\n<\/ul>\n<ul class=\"product-attributes-container\">\n<li><span class=\"specification-title\">Poids du produit (KG) :\u00a0<\/span><span class=\"specification-data\">54.40<\/span><\/li>\n<li><span class=\"specification-title\">Int\u00e9gration des applications :\u00a0<\/span><span class=\"specification-data\">KinoMap, SPIRIT+, Zwift<\/span><\/li>\n<li><span class=\"specification-title\">Bluetooth :\u00a0<\/span><span class=\"specification-data\">Oui<\/span><\/li>\n<li><span class=\"specification-title\">Type de cycle :\u00a0<\/span><span class=\"specification-data\">Debout<\/span><\/li>\n<li><span class=\"specification-title\">Poids du volant (KG) :\u00a0<\/span><span class=\"specification-data\">14<\/span><\/li>\n<li><span class=\"specification-title\">Poids maximal de l'utilisateur (kg) :\u00a0<\/span><span class=\"specification-data\">150,00 (Kg)<\/span><\/li>\n<li><span class=\"specification-title\">Dimensions du produit (LxLxH) :\u00a0<\/span><span class=\"specification-data\">108 x 55 x 157 cm<\/span><\/li>\n<\/ul>\n<\/div>\n<\/div>\n<\/div>\n<div class=\"product-features\">\n<h4>CARACT\u00c9RISTIQUES SUPPL\u00c9MENTAIRES<\/h4>\n<div class=\"more-container\">\n<div class=\"unshow-text\">\n<ul class=\"product-features-container\">\n<li><span class=\"specification-title\">Console :<\/span>\u00a0<span class=\"specification-data\">\u00c9cran LCD multicolore de 7,5 pouces, graphique cardiaque, support de tablette inclinable\/pivotant, ventilateur r\u00e9glable, haut-parleurs Bluetooth, port de charge USB<\/span><\/li>\n<li><span class=\"specification-title\">Fr\u00e9quence cardiaque :<\/span>\u00a0<span class=\"specification-data\">Contact et t\u00e9l\u00e9m\u00e9trique (5kHz et Bluetooth), sangle de poitrine non incluse<\/span><\/li>\n<li><span class=\"specification-title\">Niveaux de r\u00e9sistance :<\/span>\u00a0<span class=\"specification-data\">20 Niveaux<\/span><\/li>\n<li><span class=\"specification-title\">Volant moteur :<\/span>\u00a0<span class=\"specification-data\">14 kg<\/span><\/li>\n<li><span class=\"specification-title\">Si\u00e8ge :<\/span>\u00a0<span class=\"specification-data\">Grand si\u00e8ge rembourr\u00e9<\/span><\/li>\n<li><span class=\"specification-title\">P\u00e9dales :<\/span>\u00a0<span class=\"specification-data\">Surdimensionn\u00e9 et auto-\u00e9quilibr\u00e9 avec syst\u00e8me de fermeture rapide<\/span><\/li>\n<li><span class=\"specification-title\">A noter :<\/span>\u00a0<span class=\"specification-data\">Tablette non incluse<\/span><\/li>\n<\/ul>\n<\/div>\n<\/div>\n<\/div>\n<div class=\"product-warranty\">\n<h4>GARANTIE<\/h4>\n<div class=\"text-container\"><strong>Utilisation \u00e0 domicile :<\/strong>\u00a010 ans sur le moteur, 3 ans sur les pi\u00e8ces et 3 ans sur la main-d'\u0153uvre. Le produit doit \u00eatre utilis\u00e9\/stock\u00e9 dans un environnement appropri\u00e9 (les endroits o\u00f9 le b\u00e9ton est humide et non scell\u00e9 ou les endroits o\u00f9 il y a un flux d'air constant vers l'ext\u00e9rieur ne sont pas consid\u00e9r\u00e9s comme appropri\u00e9s).<\/p>\n<\/div>\n<\/div>\n<div>\n<h4>LIVRAISON EXPRESS<\/h4>\n<div class=\"text-container\">Un grand nombre de nos produits sont livrables en express ou \u00e0 date fixe, ce qui signifie que vous pouvez recevoir votre produit d\u00e8s le lendemain ou \u00e0 la date qui vous convient. Veuillez v\u00e9rifier les options de livraison au moment du paiement pour conna\u00eetre les disponibilit\u00e9s pour votre panier et votre code postal. Les conditions de livraison s'appliquent.<\/div>\n<\/div>","protected":false},"excerpt":{"rendered":"<p>Alliant confort et performance, le v\u00e9lo droit Spirit XBU55 est un compl\u00e9ment judicieux pour les amateurs de cyclisme. Chaque pression sur les p\u00e9dales se fait en douceur, gr\u00e2ce \u00e0 sa roue d'inertie de 14 kg, avec 20 niveaux de r\u00e9sistance qui garantissent que chaque sortie est aussi stimulante que vous le souhaitez. Avec un si\u00e8ge rembourr\u00e9 enti\u00e8rement r\u00e9glable, des p\u00e9dales surdimensionn\u00e9es \u00e0 verrouillage rapide et un guidon ergonomique, vous vous sentirez rapidement \u00e0 l'aise sur le XBU55. Au centre de la console se trouve un \u00e9cran LCD multicolore de 7,5 pouces qui affiche toutes les mesures importantes de votre entra\u00eenement, y compris votre fr\u00e9quence cardiaque, qui peut \u00eatre mesur\u00e9e en tenant les points de contact int\u00e9gr\u00e9s ou via une sangle thoracique Bluetooth (non incluse). Vous avez le choix entre plusieurs programmes d'entra\u00eenement pr\u00e9d\u00e9finis, notamment Manuel, Colline, Br\u00fbler les graisses, Cardio, Force, HIIT, Fusion, Temps, Distance, Calories, 2 Personnalis\u00e9 et 4 Fr\u00e9quence cardiaque. La XBU55 se connecte \u00e9galement \u00e0 certaines des principales applications de fitness telles que Zwift et Kinomap, ainsi qu'\u00e0 Map My Fitness, Apple Health Kit et bien plus encore via l'application Spirit+. La console est compl\u00e8te avec l'inclusion d'un titre d\u00e9di\u00e9 et d'un support de tablette pivotant au-dessus de l'\u00e9cran, d'un ventilateur de refroidissement r\u00e9glable, d'un port de charge USB, d'un acc\u00e8s direct aux boutons de r\u00e9sistance et de haut-parleurs Bluetooth int\u00e9gr\u00e9s.<\/p>\n<div class=\"product-attribute-container-desktop desktop-only\">\n<div class=\"additional-attributes-wrapper table-wrapper\"><\/div>\n<\/div>","protected":false},"featured_media":993,"comment_status":"open","ping_status":"closed","template":"","meta":{"site-sidebar-layout":"default","site-content-layout":"","ast-site-content-layout":"default","site-content-style":"default","site-sidebar-style":"default","ast-global-header-display":"","ast-banner-title-visibility":"","ast-main-header-display":"","ast-hfb-above-header-display":"","ast-hfb-below-header-display":"","ast-hfb-mobile-header-display":"","site-post-title":"","ast-breadcrumbs-content":"","ast-featured-img":"","footer-sml-layout":"","theme-transparent-header-meta":"default","adv-header-id-meta":"","stick-header-meta":"","header-above-stick-meta":"","header-main-stick-meta":"","header-below-stick-meta":"","astra-migrate-meta-layouts":"set","ast-page-background-enabled":"default","ast-page-background-meta":{"desktop":{"background-color":"var(--ast-global-color-5)","background-image":"","background-repeat":"repeat","background-position":"center center","background-size":"auto","background-attachment":"scroll","background-type":"","background-media":"","overlay-type":"","overlay-color":"","overlay-opacity":"","overlay-gradient":""},"tablet":{"background-color":"","background-image":"","background-repeat":"repeat","background-position":"center center","background-size":"auto","background-attachment":"scroll","background-type":"","background-media":"","overlay-type":"","overlay-color":"","overlay-opacity":"","overlay-gradient":""},"mobile":{"background-color":"","background-image":"","background-repeat":"repeat","background-position":"center center","background-size":"auto","background-attachment":"scroll","background-type":"","background-media":"","overlay-type":"","overlay-color":"","overlay-opacity":"","overlay-gradient":""}},"ast-content-background-meta":{"desktop":{"background-color":"var(--ast-global-color-4)","background-image":"","background-repeat":"repeat","background-position":"center center","background-size":"auto","background-attachment":"scroll","background-type":"","background-media":"","overlay-type":"","overlay-color":"","overlay-opacity":"","overlay-gradient":""},"tablet":{"background-color":"var(--ast-global-color-4)","background-image":"","background-repeat":"repeat","background-position":"center center","background-size":"auto","background-attachment":"scroll","background-type":"","background-media":"","overlay-type":"","overlay-color":"","overlay-opacity":"","overlay-gradient":""},"mobile":{"background-color":"var(--ast-global-color-4)","background-image":"","background-repeat":"repeat","background-position":"center center","background-size":"auto","background-attachment":"scroll","background-type":"","background-media":"","overlay-type":"","overlay-color":"","overlay-opacity":"","overlay-gradient":""}}},"product_brand":[],"product_cat":[19],"product_tag":[22],"class_list":{"0":"post-991","1":"product","2":"type-product","3":"status-publish","4":"has-post-thumbnail","6":"product_cat-excise-bikes","7":"product_tag-exercise-bikes","8":"desktop-align-left","9":"tablet-align-left","10":"mobile-align-left","12":"first","13":"instock","14":"sale","15":"taxable","16":"shipping-taxable","17":"purchasable","18":"product-type-simple"},"_links":{"self":[{"href":"http:\/\/bestfitnessstore.com\/fr\/wp-json\/wp\/v2\/product\/991","targetHints":{"allow":["GET"]}}],"collection":[{"href":"http:\/\/bestfitnessstore.com\/fr\/wp-json\/wp\/v2\/product"}],"about":[{"href":"http:\/\/bestfitnessstore.com\/fr\/wp-json\/wp\/v2\/types\/product"}],"replies":[{"embeddable":true,"href":"http:\/\/bestfitnessstore.com\/fr\/wp-json\/wp\/v2\/comments?post=991"}],"wp:featuredmedia":[{"embeddable":true,"href":"http:\/\/bestfitnessstore.com\/fr\/wp-json\/wp\/v2\/media\/993"}],"wp:attachment":[{"href":"http:\/\/bestfitnessstore.com\/fr\/wp-json\/wp\/v2\/media?parent=991"}],"wp:term":[{"taxonomy":"product_brand","embeddable":true,"href":"http:\/\/bestfitnessstore.com\/fr\/wp-json\/wp\/v2\/product_brand?post=991"},{"taxonomy":"product_cat","embeddable":true,"href":"http:\/\/bestfitnessstore.com\/fr\/wp-json\/wp\/v2\/product_cat?post=991"},{"taxonomy":"product_tag","embeddable":true,"href":"http:\/\/bestfitnessstore.com\/fr\/wp-json\/wp\/v2\/product_tag?post=991"}],"curies":[{"name":"wp","href":"https:\/\/api.w.org\/{rel}","templated":true}]}}