{"id":980,"date":"2025-11-24T15:19:14","date_gmt":"2025-11-24T15:19:14","guid":{"rendered":"https:\/\/bestfitnessstore.com\/?post_type=product&#038;p=980"},"modified":"2025-11-24T15:25:20","modified_gmt":"2025-11-24T15:25:20","slug":"confortable-et-ergonomique-le-velo-couche-spirit-xbr55-offre-une-conduite-de-qualite-a-chaque-fois-sa-conception-par-etapes-facilite-la-montee-et-la-descente-avec-des-pedales-surdimensionnees-un-sie","status":"publish","type":"product","link":"http:\/\/bestfitnessstore.com\/fr\/product\/comfortable-and-ergonomic-the-spirit-xbr55-recumbent-bike-delivers-a-quality-ride-every-time-its-step-through-design-makes-it-easy-to-get-on-and-go-with-oversized-pedals-a-high-density-seat-and-ad\/","title":{"rendered":"V\u00e9lo droit Spirit XBU55"},"content":{"rendered":"<div class=\"product-attribute-container-desktop desktop-only\">\n<div class=\"additional-attributes-wrapper table-wrapper\">\n<h4>INFORMATIONS SUR LES PRODUITS<\/h4>\n<div class=\"attributes-container\">\n<ul class=\"product-attributes-container\">\n<li><span class=\"specification-title\">Poids de l'emballage (KG) :\u00a0<\/span><span class=\"specification-data\">74.300003<\/span><\/li>\n<li><span class=\"specification-title\">Int\u00e9gration des applications :\u00a0<\/span><span class=\"specification-data\">KinoMap, SPIRIT+, Zwift<\/span><\/li>\n<li><span class=\"specification-title\">Bluetooth :\u00a0<\/span><span class=\"specification-data\">Oui<\/span><\/li>\n<li><span class=\"specification-title\">Roues de transport :\u00a0<\/span><span class=\"specification-data\">Oui<\/span><\/li>\n<li><span class=\"specification-title\">Surveillance de la fr\u00e9quence cardiaque :\u00a0<\/span><span class=\"specification-data\">Capteurs int\u00e9gr\u00e9s et Bluetooth<\/span><\/li>\n<li><span class=\"specification-title\">Programmes int\u00e9gr\u00e9s :\u00a0<\/span><span class=\"specification-data\">Manuel, colline, br\u00fbler les graisses, cardio, force, HIIT, fusion, temps, distance, calories, 2 personnalis\u00e9, 4 fr\u00e9quence cardiaque.<\/span><\/li>\n<li><span class=\"specification-title\">Dimensions de la bo\u00eete (LxLxH) :\u00a0<\/span><span class=\"specification-data\">146 x 46 x 77,50 cm<\/span><\/li>\n<\/ul>\n<ul class=\"product-attributes-container\">\n<li><span class=\"specification-title\">M\u00e9thode d'alimentation :\u00a0<\/span><span class=\"specification-data\">\u00c9lectricit\u00e9 de r\u00e9seau<\/span><\/li>\n<li><span class=\"specification-title\">Support de tablette :\u00a0<\/span><span class=\"specification-data\">Oui<\/span><\/li>\n<li><span class=\"specification-title\">Type de cycle :\u00a0<\/span><span class=\"specification-data\">Couch\u00e9<\/span><\/li>\n<li><span class=\"specification-title\">Poids du volant (KG) :\u00a0<\/span><span class=\"specification-data\">10<\/span><\/li>\n<li><span class=\"specification-title\">Poids maximal de l'utilisateur (kg) :\u00a0<\/span><span class=\"specification-data\">150,00 (Kg)<\/span><\/li>\n<li><span class=\"specification-title\">Dimensions du produit (LxLxH) :\u00a0<\/span><span class=\"specification-data\">144 x 75 x 144 cm<\/span><\/li>\n<\/ul>\n<\/div>\n<\/div>\n<\/div>\n<div class=\"product-features\">\n<h4>CARACT\u00c9RISTIQUES SUPPL\u00c9MENTAIRES<\/h4>\n<div class=\"more-container\">\n<div class=\"unshow-text\">\n<ul class=\"product-features-container\">\n<li><span class=\"specification-title\">Console :<\/span>\u00a0<span class=\"specification-data\">\u00c9cran LCD multicolore de 7,5\u2033, graphique cardiaque, support de tablette inclinable\/pivotant, ventilateur r\u00e9glable, haut-parleurs Bluetooth, port de charge USB<\/span><\/li>\n<li><span class=\"specification-title\">Fr\u00e9quence cardiaque :<\/span>\u00a0<span class=\"specification-data\">Contact et t\u00e9l\u00e9m\u00e9trique (5kHz et Bluetooth), Cheat Strap non inclus<\/span><\/li>\n<li><span class=\"specification-title\">Niveaux de r\u00e9sistance :<\/span>\u00a0<span class=\"specification-data\">20 Niveaux<\/span><\/li>\n<li><span class=\"specification-title\">Volant moteur :<\/span>\u00a0<span class=\"specification-data\">10kg<\/span><\/li>\n<li><span class=\"specification-title\">Angle du dossier :<\/span>\u00a0<span class=\"specification-data\">R\u00e9glable<\/span><\/li>\n<li><span class=\"specification-title\">P\u00e9dales :<\/span>\u00a0<span class=\"specification-data\">Surdimensionn\u00e9 et auto-\u00e9quilibr\u00e9 avec un syst\u00e8me de fermeture rapide<\/span><\/li>\n<li><span class=\"specification-title\">Si\u00e8ges :<\/span>\u00a0<span class=\"specification-data\">Si\u00e8ge haute densit\u00e9 avec dossier r\u00e9glable en maille de nylon<\/span><\/li>\n<li><span class=\"specification-title\">Boutons de la t\u00e9l\u00e9commande :<\/span>\u00a0<span class=\"specification-data\">R\u00e9sistance, montage sur si\u00e8ge et guidon<\/span><\/li>\n<li><span class=\"specification-title\">A noter :<\/span>\u00a0<span class=\"specification-data\">Tablette non incluse<\/span><\/li>\n<\/ul>\n<\/div>\n<\/div>\n<\/div>\n<div class=\"product-warranty\">\n<h4>GARANTIE<\/h4>\n<div class=\"text-container\"><strong>Utilisation \u00e0 domicile :<\/strong>\u00a010 ans sur le moteur, 3 ans sur les pi\u00e8ces et 3 ans sur la main-d'\u0153uvre. Le produit doit \u00eatre utilis\u00e9\/stock\u00e9 dans un environnement appropri\u00e9 (les endroits o\u00f9 le b\u00e9ton est humide et non scell\u00e9 ou les endroits o\u00f9 il y a un flux d'air constant vers l'ext\u00e9rieur ne sont pas consid\u00e9r\u00e9s comme appropri\u00e9s).<\/div>\n<\/div>\n<div class=\"product-next-day\">\n<h4>LIVRAISON EXPRESS<\/h4>\n<div class=\"text-container\">Un grand nombre de nos produits sont livrables en express ou \u00e0 date fixe, ce qui signifie que vous pouvez recevoir votre produit d\u00e8s le lendemain ou \u00e0 la date qui vous convient. Veuillez v\u00e9rifier les options de livraison au moment du paiement pour conna\u00eetre les disponibilit\u00e9s pour votre panier et votre code postal. Les conditions de livraison s'appliquent.<\/div>\n<\/div>","protected":false},"excerpt":{"rendered":"<p>Confortable et ergonomique, le v\u00e9lo couch\u00e9 Spirit XBR55 offre un entra\u00eenement de qualit\u00e9 \u00e0 chaque fois. Sa conception progressive facilite l'acc\u00e8s \u00e0 l'appareil, avec des p\u00e9dales surdimensionn\u00e9es, un si\u00e8ge haute densit\u00e9 et un dossier r\u00e9glable en maille de nylon qui assurent le confort, m\u00eame pour les s\u00e9ances les plus longues. La console comprend un \u00e9cran LCD multicolore de 7,5 pouces qui affiche toutes les statistiques et mesures importantes de votre entra\u00eenement, y compris votre fr\u00e9quence cardiaque, qui peut \u00eatre mesur\u00e9e en tenant les points de contact int\u00e9gr\u00e9s sur les poign\u00e9es lat\u00e9rales ou via une sangle thoracique Bluetooth (non incluse). Vous pouvez choisir parmi une vari\u00e9t\u00e9 de programmes d'entra\u00eenement pr\u00e9d\u00e9finis, notamment Manuel, Colline, Br\u00fbler les graisses, Cardio, Force, HIIT, Fusion, Temps, Distance, Calories, 2 Personnalis\u00e9 et 4 Fr\u00e9quence cardiaque. La XBR55 se connecte \u00e9galement \u00e0 certaines des principales applications de fitness, telles que Zwift et Kinomap, ainsi que Map My Fitness, Apple Health Kit et plus encore via l'application Spirit +. La console est compl\u00e9t\u00e9e par un support de tablette int\u00e9gr\u00e9 au-dessus de l'\u00e9cran qui peut s'incliner et pivoter, des boutons de r\u00e9sistance \u00e0 acc\u00e8s direct pour travailler sur 20 niveaux de r\u00e9sistance, un ventilateur de refroidissement r\u00e9glable, un port de charge USB et des haut-parleurs Bluetooth int\u00e9gr\u00e9s.<\/p>\n<div class=\"product-attribute-container-desktop desktop-only\">\n<div class=\"additional-attributes-wrapper table-wrapper\"><\/div>\n<\/div>","protected":false},"featured_media":981,"comment_status":"open","ping_status":"closed","template":"","meta":{"site-sidebar-layout":"default","site-content-layout":"","ast-site-content-layout":"default","site-content-style":"default","site-sidebar-style":"default","ast-global-header-display":"","ast-banner-title-visibility":"","ast-main-header-display":"","ast-hfb-above-header-display":"","ast-hfb-below-header-display":"","ast-hfb-mobile-header-display":"","site-post-title":"","ast-breadcrumbs-content":"","ast-featured-img":"","footer-sml-layout":"","theme-transparent-header-meta":"default","adv-header-id-meta":"","stick-header-meta":"","header-above-stick-meta":"","header-main-stick-meta":"","header-below-stick-meta":"","astra-migrate-meta-layouts":"set","ast-page-background-enabled":"default","ast-page-background-meta":{"desktop":{"background-color":"var(--ast-global-color-5)","background-image":"","background-repeat":"repeat","background-position":"center center","background-size":"auto","background-attachment":"scroll","background-type":"","background-media":"","overlay-type":"","overlay-color":"","overlay-opacity":"","overlay-gradient":""},"tablet":{"background-color":"","background-image":"","background-repeat":"repeat","background-position":"center center","background-size":"auto","background-attachment":"scroll","background-type":"","background-media":"","overlay-type":"","overlay-color":"","overlay-opacity":"","overlay-gradient":""},"mobile":{"background-color":"","background-image":"","background-repeat":"repeat","background-position":"center center","background-size":"auto","background-attachment":"scroll","background-type":"","background-media":"","overlay-type":"","overlay-color":"","overlay-opacity":"","overlay-gradient":""}},"ast-content-background-meta":{"desktop":{"background-color":"var(--ast-global-color-4)","background-image":"","background-repeat":"repeat","background-position":"center center","background-size":"auto","background-attachment":"scroll","background-type":"","background-media":"","overlay-type":"","overlay-color":"","overlay-opacity":"","overlay-gradient":""},"tablet":{"background-color":"var(--ast-global-color-4)","background-image":"","background-repeat":"repeat","background-position":"center center","background-size":"auto","background-attachment":"scroll","background-type":"","background-media":"","overlay-type":"","overlay-color":"","overlay-opacity":"","overlay-gradient":""},"mobile":{"background-color":"var(--ast-global-color-4)","background-image":"","background-repeat":"repeat","background-position":"center center","background-size":"auto","background-attachment":"scroll","background-type":"","background-media":"","overlay-type":"","overlay-color":"","overlay-opacity":"","overlay-gradient":""}}},"product_brand":[],"product_cat":[19],"product_tag":[22],"class_list":{"0":"post-980","1":"product","2":"type-product","3":"status-publish","4":"has-post-thumbnail","6":"product_cat-excise-bikes","7":"product_tag-exercise-bikes","8":"desktop-align-left","9":"tablet-align-left","10":"mobile-align-left","12":"first","13":"instock","14":"sale","15":"taxable","16":"shipping-taxable","17":"purchasable","18":"product-type-simple"},"_links":{"self":[{"href":"http:\/\/bestfitnessstore.com\/fr\/wp-json\/wp\/v2\/product\/980","targetHints":{"allow":["GET"]}}],"collection":[{"href":"http:\/\/bestfitnessstore.com\/fr\/wp-json\/wp\/v2\/product"}],"about":[{"href":"http:\/\/bestfitnessstore.com\/fr\/wp-json\/wp\/v2\/types\/product"}],"replies":[{"embeddable":true,"href":"http:\/\/bestfitnessstore.com\/fr\/wp-json\/wp\/v2\/comments?post=980"}],"wp:featuredmedia":[{"embeddable":true,"href":"http:\/\/bestfitnessstore.com\/fr\/wp-json\/wp\/v2\/media\/981"}],"wp:attachment":[{"href":"http:\/\/bestfitnessstore.com\/fr\/wp-json\/wp\/v2\/media?parent=980"}],"wp:term":[{"taxonomy":"product_brand","embeddable":true,"href":"http:\/\/bestfitnessstore.com\/fr\/wp-json\/wp\/v2\/product_brand?post=980"},{"taxonomy":"product_cat","embeddable":true,"href":"http:\/\/bestfitnessstore.com\/fr\/wp-json\/wp\/v2\/product_cat?post=980"},{"taxonomy":"product_tag","embeddable":true,"href":"http:\/\/bestfitnessstore.com\/fr\/wp-json\/wp\/v2\/product_tag?post=980"}],"curies":[{"name":"wp","href":"https:\/\/api.w.org\/{rel}","templated":true}]}}