{"id":970,"date":"2025-11-24T15:09:47","date_gmt":"2025-11-24T15:09:47","guid":{"rendered":"https:\/\/bestfitnessstore.com\/?post_type=product&#038;p=970"},"modified":"2025-11-24T16:06:57","modified_gmt":"2025-11-24T16:06:57","slug":"cycle-vertical-spirit-cu900-led-gris-graphite","status":"publish","type":"product","link":"http:\/\/bestfitnessstore.com\/fr\/product\/spirit-cu900-led-upright-cycle-graphite-grey\/","title":{"rendered":"Cycle vertical Spirit CU900 LED (gris graphite)"},"content":{"rendered":"<div class=\"product-attribute-container-desktop desktop-only\">\n<div class=\"additional-attributes-wrapper table-wrapper\">\n<h4>INFORMATIONS SUR LES PRODUITS<\/h4>\n<div class=\"attributes-container\">\n<ul class=\"product-attributes-container\">\n<li><span class=\"specification-title\">Poids de l'emballage (KG) :\u00a0<\/span><span class=\"specification-data\">0.000000<\/span><\/li>\n<li><span class=\"specification-title\">M\u00e9thode d'alimentation :\u00a0<\/span><span class=\"specification-data\">Autoaliment\u00e9<\/span><\/li>\n<li><span class=\"specification-title\">Support de tablette :\u00a0<\/span><span class=\"specification-data\">Oui<\/span><\/li>\n<li><span class=\"specification-title\">P\u00e9dales :\u00a0<\/span><span class=\"specification-data\">Courroie<\/span><\/li>\n<li><span class=\"specification-title\">Type de cycle :\u00a0<\/span><span class=\"specification-data\">Debout<\/span><\/li>\n<li><span class=\"specification-title\">Syst\u00e8me de r\u00e9sistance :\u00a0<\/span><span class=\"specification-data\">G\u00e9n\u00e9rateur sans balais<\/span><\/li>\n<li><span class=\"specification-title\">Surveillance de la fr\u00e9quence cardiaque :\u00a0<\/span><span class=\"specification-data\">Capteurs int\u00e9gr\u00e9s<\/span><\/li>\n<li><span class=\"specification-title\">Programmes int\u00e9gr\u00e9s :\u00a0<\/span><span class=\"specification-data\">Entra\u00eenements pr\u00e9d\u00e9finis, y compris : Manuel, Colline, Br\u00fbler les graisses, Cardio, Force, Intervalle, Fit Test, HR, Puissance constante, Personnalis\u00e9.<\/span><\/li>\n<\/ul>\n<ul class=\"product-attributes-container\">\n<li><span class=\"specification-title\">Poids du produit (KG) :\u00a0<\/span><span class=\"specification-data\">64.50<\/span><\/li>\n<li><span class=\"specification-title\">Int\u00e9gration des applications :\u00a0<\/span><span class=\"specification-data\">KinoMap, Spirit Fit, Zwift<\/span><\/li>\n<li><span class=\"specification-title\">Bluetooth :\u00a0<\/span><span class=\"specification-data\">Oui<\/span><\/li>\n<li><span class=\"specification-title\">Ajustement du cadre :\u00a0<\/span><span class=\"specification-data\">Selle en avant et en arri\u00e8re, selle en haut et en bas<\/span><\/li>\n<li><span class=\"specification-title\">Roues de transport :\u00a0<\/span><span class=\"specification-data\">Oui<\/span><\/li>\n<li><span class=\"specification-title\">Poids du volant (KG) :\u00a0<\/span><span class=\"specification-data\">13.60<\/span><\/li>\n<li><span class=\"specification-title\">Poids maximal de l'utilisateur (kg) :\u00a0<\/span><span class=\"specification-data\">205,00 (Kg)<\/span><\/li>\n<li><span class=\"specification-title\">Dimensions du produit (LxLxH) :\u00a0<\/span><span class=\"specification-data\">121 x 63,50 x 139,50 cm<\/span><\/li>\n<\/ul>\n<\/div>\n<\/div>\n<\/div>\n<div class=\"product-features\">\n<h4>CARACT\u00c9RISTIQUES SUPPL\u00c9MENTAIRES<\/h4>\n<div class=\"more-container\">\n<div class=\"unshow-text\">\n<ul class=\"product-features-container\">\n<li><span class=\"specification-title\">Affichage de la console :<\/span>\u00a0<span class=\"specification-data\">Affichage multi-LED bleu, fr\u00e9quence cardiaque % Prole<\/span><\/li>\n<li><span class=\"specification-title\">Autres caract\u00e9ristiques :<\/span>\u00a0<span class=\"specification-data\">R\u00e9cepteur t\u00e9l\u00e9m\u00e9trique HR et ventilateur<\/span><\/li>\n<li><span class=\"specification-title\">Cadre :<\/span>\u00a0<span class=\"specification-data\">Acier de fort calibre, tr\u00e8s r\u00e9sistant, avec peinture en poudre durable<\/span><\/li>\n<li><span class=\"specification-title\">Syst\u00e8me d'entra\u00eenement :<\/span>\u00a0<span class=\"specification-data\">Auto-g\u00e9n\u00e9rateur<\/span><\/li>\n<li><span class=\"specification-title\">Niveau de r\u00e9sistance :<\/span>\u00a0<span class=\"specification-data\">1-40<\/span><\/li>\n<\/ul>\n<\/div>\n<\/div>\n<\/div>\n<div class=\"product-warranty\">\n<h4>GARANTIE<\/h4>\n<div class=\"text-container\"><strong>Utilisation domestique et commerciale l\u00e9g\u00e8re\/compl\u00e8te :<\/strong>\u00a03 ans pi\u00e8ces et main d'\u0153uvre. Le produit doit \u00eatre utilis\u00e9\/stock\u00e9 dans un environnement appropri\u00e9 (les endroits o\u00f9 le b\u00e9ton est humide et non scell\u00e9 ou les endroits o\u00f9 il y a un flux d'air constant vers l'ext\u00e9rieur ne sont pas consid\u00e9r\u00e9s comme appropri\u00e9s).<\/div>\n<\/div>","protected":false},"excerpt":{"rendered":"<p>L'\u00e9cran LED ultra lumineux du Spirit CU900 LED Upright Cycle permet aux utilisateurs d'obtenir des informations imm\u00e9diates sur leurs performances en mati\u00e8re de remise en forme. Les capteurs manuels \u00e0 prise en main souple, sur le guidon moul\u00e9, vous permettent de suivre avec pr\u00e9cision votre fr\u00e9quence cardiaque lorsque vous effectuez l'un des nombreux programmes, notamment HIIT et Fat Burn. La r\u00e9sistance du v\u00e9lo permet 40 niveaux d'intensit\u00e9 croissante, r\u00e9pondant ainsi aux besoins de tous les utilisateurs. Son moteur autog\u00e9n\u00e9rateur permet de le placer dans n'importe quel endroit. Le v\u00e9lo droit CU900 LED est con\u00e7u pour vous offrir une conduite confortable. Ses p\u00e9dales \u00e0 encliquetage rapide sont dot\u00e9es d'une inversion de 2 degr\u00e9s pour plus de confort. La manivelle commerciale et les roulements \u00e0 rouleaux extra-larges offrent le mouvement le plus fluide du jeu. L'\u00e9l\u00e9gant rev\u00eatement en poudre de l'acier en gris graphite n'est pas seulement pratique, il est aussi un ajout \u00e9l\u00e9gant et professionnel \u00e0 toute salle de sport.<\/p>\n<div class=\"product-attribute-container-desktop desktop-only\">\n<div class=\"additional-attributes-wrapper table-wrapper\"><\/div>\n<\/div>","protected":false},"featured_media":974,"comment_status":"open","ping_status":"closed","template":"","meta":{"site-sidebar-layout":"default","site-content-layout":"","ast-site-content-layout":"default","site-content-style":"default","site-sidebar-style":"default","ast-global-header-display":"","ast-banner-title-visibility":"","ast-main-header-display":"","ast-hfb-above-header-display":"","ast-hfb-below-header-display":"","ast-hfb-mobile-header-display":"","site-post-title":"","ast-breadcrumbs-content":"","ast-featured-img":"","footer-sml-layout":"","theme-transparent-header-meta":"default","adv-header-id-meta":"","stick-header-meta":"","header-above-stick-meta":"","header-main-stick-meta":"","header-below-stick-meta":"","astra-migrate-meta-layouts":"set","ast-page-background-enabled":"default","ast-page-background-meta":{"desktop":{"background-color":"var(--ast-global-color-5)","background-image":"","background-repeat":"repeat","background-position":"center center","background-size":"auto","background-attachment":"scroll","background-type":"","background-media":"","overlay-type":"","overlay-color":"","overlay-opacity":"","overlay-gradient":""},"tablet":{"background-color":"","background-image":"","background-repeat":"repeat","background-position":"center center","background-size":"auto","background-attachment":"scroll","background-type":"","background-media":"","overlay-type":"","overlay-color":"","overlay-opacity":"","overlay-gradient":""},"mobile":{"background-color":"","background-image":"","background-repeat":"repeat","background-position":"center center","background-size":"auto","background-attachment":"scroll","background-type":"","background-media":"","overlay-type":"","overlay-color":"","overlay-opacity":"","overlay-gradient":""}},"ast-content-background-meta":{"desktop":{"background-color":"var(--ast-global-color-4)","background-image":"","background-repeat":"repeat","background-position":"center center","background-size":"auto","background-attachment":"scroll","background-type":"","background-media":"","overlay-type":"","overlay-color":"","overlay-opacity":"","overlay-gradient":""},"tablet":{"background-color":"var(--ast-global-color-4)","background-image":"","background-repeat":"repeat","background-position":"center center","background-size":"auto","background-attachment":"scroll","background-type":"","background-media":"","overlay-type":"","overlay-color":"","overlay-opacity":"","overlay-gradient":""},"mobile":{"background-color":"var(--ast-global-color-4)","background-image":"","background-repeat":"repeat","background-position":"center center","background-size":"auto","background-attachment":"scroll","background-type":"","background-media":"","overlay-type":"","overlay-color":"","overlay-opacity":"","overlay-gradient":""}}},"product_brand":[],"product_cat":[19],"product_tag":[22],"class_list":{"0":"post-970","1":"product","2":"type-product","3":"status-publish","4":"has-post-thumbnail","6":"product_cat-excise-bikes","7":"product_tag-exercise-bikes","8":"desktop-align-left","9":"tablet-align-left","10":"mobile-align-left","12":"first","13":"instock","14":"sale","15":"taxable","16":"shipping-taxable","17":"purchasable","18":"product-type-simple"},"_links":{"self":[{"href":"http:\/\/bestfitnessstore.com\/fr\/wp-json\/wp\/v2\/product\/970","targetHints":{"allow":["GET"]}}],"collection":[{"href":"http:\/\/bestfitnessstore.com\/fr\/wp-json\/wp\/v2\/product"}],"about":[{"href":"http:\/\/bestfitnessstore.com\/fr\/wp-json\/wp\/v2\/types\/product"}],"replies":[{"embeddable":true,"href":"http:\/\/bestfitnessstore.com\/fr\/wp-json\/wp\/v2\/comments?post=970"}],"wp:featuredmedia":[{"embeddable":true,"href":"http:\/\/bestfitnessstore.com\/fr\/wp-json\/wp\/v2\/media\/974"}],"wp:attachment":[{"href":"http:\/\/bestfitnessstore.com\/fr\/wp-json\/wp\/v2\/media?parent=970"}],"wp:term":[{"taxonomy":"product_brand","embeddable":true,"href":"http:\/\/bestfitnessstore.com\/fr\/wp-json\/wp\/v2\/product_brand?post=970"},{"taxonomy":"product_cat","embeddable":true,"href":"http:\/\/bestfitnessstore.com\/fr\/wp-json\/wp\/v2\/product_cat?post=970"},{"taxonomy":"product_tag","embeddable":true,"href":"http:\/\/bestfitnessstore.com\/fr\/wp-json\/wp\/v2\/product_tag?post=970"}],"curies":[{"name":"wp","href":"https:\/\/api.w.org\/{rel}","templated":true}]}}