{"id":960,"date":"2025-11-24T15:03:20","date_gmt":"2025-11-24T15:03:20","guid":{"rendered":"https:\/\/bestfitnessstore.com\/?post_type=product&#038;p=960"},"modified":"2025-11-24T15:03:20","modified_gmt":"2025-11-24T15:03:20","slug":"velo-droit-spirit-cu800-led-gris-graphite","status":"publish","type":"product","link":"http:\/\/bestfitnessstore.com\/fr\/product\/spirit-cu800-led-upright-bike-graphite-grey\/","title":{"rendered":"V\u00e9lo droit Spirit CU800+ LED (Gris graphite)"},"content":{"rendered":"<div class=\"product-attribute-container-desktop desktop-only\">\n<div class=\"additional-attributes-wrapper table-wrapper\">\n<h4>INFORMATIONS SUR LES PRODUITS<\/h4>\n<div class=\"attributes-container\">\n<ul class=\"product-attributes-container\">\n<li><span class=\"specification-title\">Poids de l'emballage (KG) :\u00a0<\/span><span class=\"specification-data\">57.400002<\/span><\/li>\n<li><span class=\"specification-title\">M\u00e9thode d'alimentation :\u00a0<\/span><span class=\"specification-data\">Autoaliment\u00e9<\/span><\/li>\n<li><span class=\"specification-title\">Support de tablette :\u00a0<\/span><span class=\"specification-data\">Oui<\/span><\/li>\n<li><span class=\"specification-title\">P\u00e9dales :\u00a0<\/span><span class=\"specification-data\">Standard, Strap<\/span><\/li>\n<li><span class=\"specification-title\">Type de cycle :\u00a0<\/span><span class=\"specification-data\">Debout<\/span><\/li>\n<li><span class=\"specification-title\">Syst\u00e8me de r\u00e9sistance :\u00a0<\/span><span class=\"specification-data\">G\u00e9n\u00e9rateur sans balais<\/span><\/li>\n<li><span class=\"specification-title\">Poids maximal de l'utilisateur (kg) :\u00a0<\/span><span class=\"specification-data\">205,00 (Kg)<\/span><\/li>\n<li><span class=\"specification-title\">Dimensions du produit (LxLxH) :\u00a0<\/span><span class=\"specification-data\">123 x 65 x 146,50 cm<\/span><\/li>\n<\/ul>\n<ul class=\"product-attributes-container\">\n<li><span class=\"specification-title\">Poids du produit (KG) :\u00a0<\/span><span class=\"specification-data\">57<\/span><\/li>\n<li><span class=\"specification-title\">Int\u00e9gration des applications :\u00a0<\/span><span class=\"specification-data\">KinoMap, Zwift<\/span><\/li>\n<li><span class=\"specification-title\">Bluetooth :\u00a0<\/span><span class=\"specification-data\">Oui<\/span><\/li>\n<li><span class=\"specification-title\">Ajustement du cadre :\u00a0<\/span><span class=\"specification-data\">Selle en avant et en arri\u00e8re, selle en haut et en bas<\/span><\/li>\n<li><span class=\"specification-title\">Roues de transport :\u00a0<\/span><span class=\"specification-data\">Oui<\/span><\/li>\n<li><span class=\"specification-title\">Poids du volant (KG) :\u00a0<\/span><span class=\"specification-data\">14<\/span><\/li>\n<li><span class=\"specification-title\">Programmes int\u00e9gr\u00e9s :\u00a0<\/span><span class=\"specification-data\">Manuel, colline, combustion des graisses, cardio, HIIT, intervalle, 2 fr\u00e9quences cardiaques, personnalis\u00e9, test de forme, puissance constante.<\/span><\/li>\n<\/ul>\n<\/div>\n<\/div>\n<\/div>\n<div class=\"product-features\">\n<h4>CARACT\u00c9RISTIQUES SUPPL\u00c9MENTAIRES<\/h4>\n<div class=\"more-container\">\n<div class=\"unshow-text\">\n<ul class=\"product-features-container\">\n<li><span class=\"specification-title\">Puissance :<\/span>\u00a0<span class=\"specification-data\">G\u00e9n\u00e9rateur<\/span><\/li>\n<li><span class=\"specification-title\">Console :<\/span>\u00a0<span class=\"specification-data\">Grande LED blanche avec sections de couleur, fond noir, fen\u00eatre de message de 18 caract\u00e8res, fen\u00eatres de niveau, fen\u00eatres RPM<\/span><\/li>\n<li><span class=\"specification-title\">Bluetooth :<\/span>\u00a0<span class=\"specification-data\">Connexion \u00e0 la ceinture thoracique, \u00e0 l'application ou aux \u00e9couteurs<\/span><\/li>\n<li><span class=\"specification-title\">Port USB :<\/span>\u00a0<span class=\"specification-data\">Pour le chargement de l'appareil<\/span><\/li>\n<li><span class=\"specification-title\">Ventilateur :<\/span>\u00a0<span class=\"specification-data\">Garder la t\u00eate froide pendant les s\u00e9ances d'entra\u00eenement<\/span><\/li>\n<li><span class=\"specification-title\">Volant moteur :<\/span>\u00a0<span class=\"specification-data\">14kg \/ 30.87lbs<\/span><\/li>\n<li><span class=\"specification-title\">Niveaux de r\u00e9sistance :<\/span>\u00a0<span class=\"specification-data\">1-40<\/span><\/li>\n<li><span class=\"specification-title\">Groupe motopropulseur :<\/span>\u00a0<span class=\"specification-data\">Courroie Poly-V avec tendeur automatique<\/span><\/li>\n<li><span class=\"specification-title\">Si\u00e8ge :<\/span>\u00a0<span class=\"specification-data\">Coussin \u00e0 double ressort<\/span><\/li>\n<li><span class=\"specification-title\">P\u00e9dales surdimensionn\u00e9es :<\/span>\u00a0<span class=\"specification-data\">Avec syst\u00e8me de fermeture rapide<\/span><\/li>\n<\/ul>\n<\/div>\n<\/div>\n<\/div>\n<div class=\"product-warranty\">\n<h4>GARANTIE<\/h4>\n<div class=\"text-container\"><strong>Utilisation domestique et commerciale l\u00e9g\u00e8re\/compl\u00e8te :<\/strong>\u00a03 ans pi\u00e8ces et main d'\u0153uvre. Le produit doit \u00eatre utilis\u00e9\/stock\u00e9 dans un environnement appropri\u00e9 (les endroits o\u00f9 le b\u00e9ton est humide et non scell\u00e9 ou les endroits o\u00f9 il y a un flux d'air constant vers l'ext\u00e9rieur ne sont pas consid\u00e9r\u00e9s comme appropri\u00e9s).<\/div>\n<\/div>","protected":false},"excerpt":{"rendered":"<p>Le cadre compact du v\u00e9lo droit Spirit CU800+ LED comprend une roue d'inertie de 14 kg et un g\u00e9n\u00e9rateur int\u00e9gr\u00e9 pour un cyclisme r\u00e9gulier et sans \u00e0-coups. Les p\u00e9dales surdimensionn\u00e9es dot\u00e9es d'un syst\u00e8me de verrouillage rapide garantissent la s\u00e9curit\u00e9 de vos pieds, tandis que le si\u00e8ge ergonomique rembourr\u00e9 et enti\u00e8rement r\u00e9glable offre un confort suppl\u00e9mentaire. Les 40 niveaux de r\u00e9sistance r\u00e9pondent aux besoins de tous les utilisateurs, qu'ils soient d\u00e9butants ou confirm\u00e9s. Les options de surveillance de la fr\u00e9quence cardiaque par contact et sans fil permettent aux utilisateurs de suivre l'intensit\u00e9 de leur effort, ce qui les aide \u00e0 rester dans leur zone d'entra\u00eenement efficace. Suivez votre entra\u00eenement (Manuel, Colline, Br\u00fbler les graisses, Cardio, HIIT, Intervalle, 2 Rythmes cardiaques, Personnalis\u00e9, Test de forme, Puissance constante) sur la console LED blanche \u00e0 fen\u00eatres multiples, en changeant votre sangle thoracique\/application et vos \u00e9couteurs. La console int\u00e8gre un port USB pour le chargement de l'appareil, un ventilateur d'entra\u00eenement pour vous garder au frais pendant les s\u00e9ances d'entra\u00eenement et le Bluetooth pour connecter votre ceinture thoracique\/application et vos \u00e9couteurs.<\/p>\n<div class=\"product-attribute-container-desktop desktop-only\">\n<div class=\"additional-attributes-wrapper table-wrapper\"><\/div>\n<\/div>","protected":false},"featured_media":963,"comment_status":"open","ping_status":"closed","template":"","meta":{"site-sidebar-layout":"default","site-content-layout":"","ast-site-content-layout":"default","site-content-style":"default","site-sidebar-style":"default","ast-global-header-display":"","ast-banner-title-visibility":"","ast-main-header-display":"","ast-hfb-above-header-display":"","ast-hfb-below-header-display":"","ast-hfb-mobile-header-display":"","site-post-title":"","ast-breadcrumbs-content":"","ast-featured-img":"","footer-sml-layout":"","theme-transparent-header-meta":"default","adv-header-id-meta":"","stick-header-meta":"","header-above-stick-meta":"","header-main-stick-meta":"","header-below-stick-meta":"","astra-migrate-meta-layouts":"set","ast-page-background-enabled":"default","ast-page-background-meta":{"desktop":{"background-color":"var(--ast-global-color-5)","background-image":"","background-repeat":"repeat","background-position":"center center","background-size":"auto","background-attachment":"scroll","background-type":"","background-media":"","overlay-type":"","overlay-color":"","overlay-opacity":"","overlay-gradient":""},"tablet":{"background-color":"","background-image":"","background-repeat":"repeat","background-position":"center center","background-size":"auto","background-attachment":"scroll","background-type":"","background-media":"","overlay-type":"","overlay-color":"","overlay-opacity":"","overlay-gradient":""},"mobile":{"background-color":"","background-image":"","background-repeat":"repeat","background-position":"center center","background-size":"auto","background-attachment":"scroll","background-type":"","background-media":"","overlay-type":"","overlay-color":"","overlay-opacity":"","overlay-gradient":""}},"ast-content-background-meta":{"desktop":{"background-color":"var(--ast-global-color-4)","background-image":"","background-repeat":"repeat","background-position":"center center","background-size":"auto","background-attachment":"scroll","background-type":"","background-media":"","overlay-type":"","overlay-color":"","overlay-opacity":"","overlay-gradient":""},"tablet":{"background-color":"var(--ast-global-color-4)","background-image":"","background-repeat":"repeat","background-position":"center center","background-size":"auto","background-attachment":"scroll","background-type":"","background-media":"","overlay-type":"","overlay-color":"","overlay-opacity":"","overlay-gradient":""},"mobile":{"background-color":"var(--ast-global-color-4)","background-image":"","background-repeat":"repeat","background-position":"center center","background-size":"auto","background-attachment":"scroll","background-type":"","background-media":"","overlay-type":"","overlay-color":"","overlay-opacity":"","overlay-gradient":""}}},"product_brand":[],"product_cat":[19],"product_tag":[22],"class_list":{"0":"post-960","1":"product","2":"type-product","3":"status-publish","4":"has-post-thumbnail","6":"product_cat-excise-bikes","7":"product_tag-exercise-bikes","8":"desktop-align-left","9":"tablet-align-left","10":"mobile-align-left","12":"first","13":"instock","14":"sale","15":"taxable","16":"shipping-taxable","17":"purchasable","18":"product-type-simple"},"_links":{"self":[{"href":"http:\/\/bestfitnessstore.com\/fr\/wp-json\/wp\/v2\/product\/960","targetHints":{"allow":["GET"]}}],"collection":[{"href":"http:\/\/bestfitnessstore.com\/fr\/wp-json\/wp\/v2\/product"}],"about":[{"href":"http:\/\/bestfitnessstore.com\/fr\/wp-json\/wp\/v2\/types\/product"}],"replies":[{"embeddable":true,"href":"http:\/\/bestfitnessstore.com\/fr\/wp-json\/wp\/v2\/comments?post=960"}],"wp:featuredmedia":[{"embeddable":true,"href":"http:\/\/bestfitnessstore.com\/fr\/wp-json\/wp\/v2\/media\/963"}],"wp:attachment":[{"href":"http:\/\/bestfitnessstore.com\/fr\/wp-json\/wp\/v2\/media?parent=960"}],"wp:term":[{"taxonomy":"product_brand","embeddable":true,"href":"http:\/\/bestfitnessstore.com\/fr\/wp-json\/wp\/v2\/product_brand?post=960"},{"taxonomy":"product_cat","embeddable":true,"href":"http:\/\/bestfitnessstore.com\/fr\/wp-json\/wp\/v2\/product_cat?post=960"},{"taxonomy":"product_tag","embeddable":true,"href":"http:\/\/bestfitnessstore.com\/fr\/wp-json\/wp\/v2\/product_tag?post=960"}],"curies":[{"name":"wp","href":"https:\/\/api.w.org\/{rel}","templated":true}]}}