{"id":594,"date":"2025-11-22T08:52:25","date_gmt":"2025-11-22T08:52:25","guid":{"rendered":"https:\/\/bestfitnessstore.com\/?post_type=product&#038;p=594"},"modified":"2025-11-22T08:52:25","modified_gmt":"2025-11-22T08:52:25","slug":"bowflex-ic-bike-sei","status":"publish","type":"product","link":"http:\/\/bestfitnessstore.com\/fr\/product\/bowflex-ic-bike-sei\/","title":{"rendered":"Bowflex IC Bike SEi"},"content":{"rendered":"<div class=\"product-attribute-container-desktop desktop-only\">\n<div class=\"additional-attributes-wrapper table-wrapper\">\n<h4>INFORMATIONS SUR LES PRODUITS<\/h4>\n<div class=\"attributes-container\">\n<ul class=\"product-attributes-container\">\n<li><span class=\"specification-title\">Poids de l'emballage (KG) :\u00a0<\/span><span class=\"specification-data\">66.400002<\/span><\/li>\n<li><span class=\"specification-title\">M\u00e9thode d'alimentation :\u00a0<\/span><span class=\"specification-data\">\u00c9lectricit\u00e9 de r\u00e9seau<\/span><\/li>\n<li><span class=\"specification-title\">Support de tablette :\u00a0<\/span><span class=\"specification-data\">Oui<\/span><\/li>\n<li><span class=\"specification-title\">P\u00e9dales :\u00a0<\/span><span class=\"specification-data\">Clips SPD, cage \u00e0 orteils<\/span><\/li>\n<li><span class=\"specification-title\">Type de cycle :\u00a0<\/span><span class=\"specification-data\">Coureur<\/span><\/li>\n<li><span class=\"specification-title\">Syst\u00e8me de r\u00e9sistance :\u00a0<\/span><span class=\"specification-data\">Magn\u00e9tique<\/span><\/li>\n<li><span class=\"specification-title\">Poids maximal de l'utilisateur (kg) :\u00a0<\/span><span class=\"specification-data\">150,00 (Kg)<\/span><\/li>\n<li><span class=\"specification-title\">Dimensions de la bo\u00eete (LxLxH) :\u00a0<\/span><span class=\"specification-data\">111 x 25,10 x 88,90 cm<\/span><\/li>\n<\/ul>\n<ul class=\"product-attributes-container\">\n<li><span class=\"specification-title\">Poids du produit (KG) :\u00a0<\/span><span class=\"specification-data\">61.40<\/span><\/li>\n<li><span class=\"specification-title\">Int\u00e9gration des applications :\u00a0<\/span><span class=\"specification-data\">JRNY, Peloton, Zwift<\/span><\/li>\n<li><span class=\"specification-title\">Bluetooth :\u00a0<\/span><span class=\"specification-data\">Oui<\/span><\/li>\n<li><span class=\"specification-title\">Ajustement du cadre :\u00a0<\/span><span class=\"specification-data\">Guidon vers l'avant et vers l'arri\u00e8re, guidon vers le haut et vers le bas, selle vers l'avant et vers l'arri\u00e8re, selle vers le haut et vers le bas<\/span><\/li>\n<li><span class=\"specification-title\">Roues de transport :\u00a0<\/span><span class=\"specification-data\">Oui<\/span><\/li>\n<li><span class=\"specification-title\">Surveillance de la fr\u00e9quence cardiaque :\u00a0<\/span><span class=\"specification-data\">Bluetooth<\/span><\/li>\n<li><span class=\"specification-title\">Dimensions du produit (LxLxH) :\u00a0<\/span><span class=\"specification-data\">138,90 x 54,50 x 134,20 cm<\/span><\/li>\n<\/ul>\n<\/div>\n<\/div>\n<\/div>\n<div class=\"product-features\"><strong>CARACT\u00c9RISTIQUES SUPPL\u00c9MENTAIRES<\/strong><\/p>\n<div class=\"more-container\">\n<div class=\"unshow-text\">\n<ul class=\"product-features-container\">\n<li><span class=\"specification-title\">R\u00e9sistance magn\u00e9tique :<\/span>\u00a0<span class=\"specification-data\">100 niveaux de r\u00e9sistance<\/span><\/li>\n<li><span class=\"specification-title\">\u00c9cran couleur de 7 pouces :<\/span>\u00a0<span class=\"specification-data\">Suivez vos statistiques pendant que vous roulez<\/span><\/li>\n<li><span class=\"specification-title\">JRNY\u2122 Compatible :<\/span>\u00a0<span class=\"specification-data\">Une exp\u00e9rience de fitness personnalis\u00e9e qui comprend un coaching dynamique, des vid\u00e9os dirig\u00e9es par un entra\u00eeneur, des r\u00e9compenses et bien plus encore (nombre limit\u00e9 de s\u00e9ances d'entra\u00eenement disponibles avec un abonnement gratuit. D\u00e9bloquez tout le potentiel de JRNY avec un abonnement). L'application mobile JRNY n\u00e9cessite Apple iOS 14.0 ou une version ult\u00e9rieure \/ Android 7.1 ou une version ult\u00e9rieure.<\/span><\/li>\n<li><span class=\"specification-title\">*JRNY\u2122 Trial :<\/span>\u00a0<span class=\"specification-data\">Essai gratuit de 2 mois pour les nouveaux membres. L'offre est limit\u00e9e aux nouveaux membres de JRNY et peut \u00eatre modifi\u00e9e sans pr\u00e9avis. L'adh\u00e9sion \u00e0 JRNY\u2122 se renouvelle automatiquement chaque ann\u00e9e aux tarifs annuels en vigueur, plus les taxes applicables, sauf si elle est annul\u00e9e au moins 48 heures avant la fin de la p\u00e9riode de gratuit\u00e9.<\/span><\/li>\n<li><span class=\"specification-title\">Applications tierces :<\/span>\u00a0<span class=\"specification-data\">Gardez vos options ouvertes avec la compatibilit\u00e9 Peloton\u00ae et Zwift\u00ae (abonnements requis).<\/span><\/li>\n<li><span class=\"specification-title\">Surveillance de la fr\u00e9quence cardiaque :<\/span>\u00a0<span class=\"specification-data\">Synchronisez votre brassard de fr\u00e9quence cardiaque Bluetooth\u00ae (non inclus)<\/span><\/li>\n<li><span class=\"specification-title\">Si\u00e8ge et guidon :<\/span>\u00a0<span class=\"specification-data\">Gamme \u00e9largie de r\u00e9glages pour un positionnement optimal<\/span><\/li>\n<li><span class=\"specification-title\">P\u00e9dales double face :<\/span>\u00a0<span class=\"specification-data\">Utiliser les clips SPD\u00ae ou les cages d'orteils<\/span><\/li>\n<li><span class=\"specification-title\">Berceaux pour halt\u00e8res :<\/span>\u00a0<span class=\"specification-data\">Acc\u00e8s facile aux halt\u00e8res de 1,5 kg (halt\u00e8res inclus)<\/span><\/li>\n<li><span class=\"specification-title\">Porte-bouteille :<\/span>\u00a0<span class=\"specification-data\">Hydratez-vous pendant que vous roulez<\/span><\/li>\n<li><span class=\"specification-title\">A noter :<\/span>\u00a0<span class=\"specification-data\">Tablette non incluse<\/span><\/li>\n<\/ul>\n<\/div>\n<\/div>\n<\/div>\n<div class=\"product-warranty\">\n<h4>GARANTIE<\/h4>\n<div class=\"text-container\"><strong>Usage domestique et commercial l\u00e9ger :<\/strong>\u00a0Utilisation \u00e0 domicile - 2 ans, utilisation commerciale l\u00e9g\u00e8re - 12 mois. Un environnement commercial l\u00e9ger est d\u00e9fini comme un studio d'entra\u00eenement personnel, un centre de r\u00e9\u00e9ducation, une salle de sport d'entreprise ou un environnement similaire utilis\u00e9 moins de 3 heures par jour. Cela n'inclut pas les environnements dont les membres sont payants.<\/div>\n<\/div>\n<div class=\"product-next-day\">\n<h4>ss<\/h4>\n<div class=\"text-container\">Un grand nombre de nos produits sont livrables en express ou \u00e0 date fixe, ce qui signifie que vous pouvez recevoir votre produit d\u00e8s le lendemain ou \u00e0 la date qui vous convient. Veuillez v\u00e9rifier les options de livraison au moment du paiement pour conna\u00eetre les disponibilit\u00e9s pour votre panier et votre code postal. Les conditions de livraison s'appliquent.<\/div>\n<\/div>","protected":false},"excerpt":{"rendered":"<p>Le BowFlex IC Bike SEi offre une exp\u00e9rience cardio connect\u00e9e sup\u00e9rieure, dans le confort de votre maison. Vous vous sentirez plus fort gr\u00e2ce aux 100 niveaux de r\u00e9sistance magn\u00e9tique, avec un cadran en avant et au centre pour des changements de r\u00e9sistance rapides \u00e0 mi-pouss\u00e9e. Une gamme \u00e9largie de r\u00e9glages de la selle et du guidon vous permet de trouver la forme qui vous convient le mieux, et les p\u00e9dales \u00e0 double face permettent d'utiliser des clips SPD\u00ae ou des cages \u00e0 orteils en fonction de vos chaussures. Gardez un \u0153il sur vos statistiques en couleur gr\u00e2ce \u00e0 l'\u00e9cran de 7 pouces, qui affiche votre temps, la distance, la vitesse et bien plus encore, avec un support m\u00e9dia rembourr\u00e9 pour votre t\u00e9l\u00e9phone ou votre tablette \u00e9galement inclus. L'IC Bike SEi a acc\u00e8s d\u00e8s le d\u00e9part \u00e0 une biblioth\u00e8que d'entra\u00eenements gratuits et essentiels sur l'appli JRNY\u2122. Lib\u00e9rez tout le potentiel de JRNY\u2122 avec un abonnement Mobile-Only (essai gratuit de 2 mois pour les nouveaux membres*) et d\u00e9couvrez des s\u00e9ances d'entra\u00eenement en studio adapt\u00e9es, des cours dirig\u00e9s par un entra\u00eeneur, des itin\u00e9raires Explore the World\u00ae, un suivi des performances et des s\u00e9ances d'entra\u00eenement de l'ensemble du corps sur et en dehors du v\u00e9lo (une paire d'halt\u00e8res de 1,5 kg est incluse). Avec l'IC Bike SEi, vous n'\u00eates pas limit\u00e9 \u00e0 une seule application : vous pouvez \u00e9galement rouler avec d'autres applications cyclistes populaires telles que Peloton\u00ae et Zwift\u00ae (abonnements requis). Vous pouvez m\u00eame connecter votre brassard de fr\u00e9quence cardiaque Bluetooth\u00ae pour surveiller votre pouls pendant que vous roulez. L'IC Bike SEi b\u00e9n\u00e9ficie \u00e9galement d'une pr\u00e9cision en watts de classe A, de roues de transport int\u00e9gr\u00e9es et de supports int\u00e9gr\u00e9s pour votre bouteille d'eau et vos halt\u00e8res.<\/p>\n<div class=\"product-attribute-container-desktop desktop-only\">\n<div class=\"additional-attributes-wrapper table-wrapper\"><\/div>\n<\/div>","protected":false},"featured_media":596,"comment_status":"open","ping_status":"closed","template":"","meta":{"site-sidebar-layout":"default","site-content-layout":"","ast-site-content-layout":"default","site-content-style":"default","site-sidebar-style":"default","ast-global-header-display":"","ast-banner-title-visibility":"","ast-main-header-display":"","ast-hfb-above-header-display":"","ast-hfb-below-header-display":"","ast-hfb-mobile-header-display":"","site-post-title":"","ast-breadcrumbs-content":"","ast-featured-img":"","footer-sml-layout":"","theme-transparent-header-meta":"default","adv-header-id-meta":"","stick-header-meta":"","header-above-stick-meta":"","header-main-stick-meta":"","header-below-stick-meta":"","astra-migrate-meta-layouts":"set","ast-page-background-enabled":"default","ast-page-background-meta":{"desktop":{"background-color":"var(--ast-global-color-5)","background-image":"","background-repeat":"repeat","background-position":"center center","background-size":"auto","background-attachment":"scroll","background-type":"","background-media":"","overlay-type":"","overlay-color":"","overlay-opacity":"","overlay-gradient":""},"tablet":{"background-color":"","background-image":"","background-repeat":"repeat","background-position":"center center","background-size":"auto","background-attachment":"scroll","background-type":"","background-media":"","overlay-type":"","overlay-color":"","overlay-opacity":"","overlay-gradient":""},"mobile":{"background-color":"","background-image":"","background-repeat":"repeat","background-position":"center center","background-size":"auto","background-attachment":"scroll","background-type":"","background-media":"","overlay-type":"","overlay-color":"","overlay-opacity":"","overlay-gradient":""}},"ast-content-background-meta":{"desktop":{"background-color":"var(--ast-global-color-4)","background-image":"","background-repeat":"repeat","background-position":"center center","background-size":"auto","background-attachment":"scroll","background-type":"","background-media":"","overlay-type":"","overlay-color":"","overlay-opacity":"","overlay-gradient":""},"tablet":{"background-color":"var(--ast-global-color-4)","background-image":"","background-repeat":"repeat","background-position":"center center","background-size":"auto","background-attachment":"scroll","background-type":"","background-media":"","overlay-type":"","overlay-color":"","overlay-opacity":"","overlay-gradient":""},"mobile":{"background-color":"var(--ast-global-color-4)","background-image":"","background-repeat":"repeat","background-position":"center center","background-size":"auto","background-attachment":"scroll","background-type":"","background-media":"","overlay-type":"","overlay-color":"","overlay-opacity":"","overlay-gradient":""}}},"product_brand":[],"product_cat":[19],"product_tag":[26],"class_list":{"0":"post-594","1":"product","2":"type-product","3":"status-publish","4":"has-post-thumbnail","6":"product_cat-excise-bikes","7":"product_tag-express","8":"desktop-align-left","9":"tablet-align-left","10":"mobile-align-left","12":"first","13":"instock","14":"sale","15":"taxable","16":"shipping-taxable","17":"purchasable","18":"product-type-simple"},"_links":{"self":[{"href":"http:\/\/bestfitnessstore.com\/fr\/wp-json\/wp\/v2\/product\/594","targetHints":{"allow":["GET"]}}],"collection":[{"href":"http:\/\/bestfitnessstore.com\/fr\/wp-json\/wp\/v2\/product"}],"about":[{"href":"http:\/\/bestfitnessstore.com\/fr\/wp-json\/wp\/v2\/types\/product"}],"replies":[{"embeddable":true,"href":"http:\/\/bestfitnessstore.com\/fr\/wp-json\/wp\/v2\/comments?post=594"}],"wp:featuredmedia":[{"embeddable":true,"href":"http:\/\/bestfitnessstore.com\/fr\/wp-json\/wp\/v2\/media\/596"}],"wp:attachment":[{"href":"http:\/\/bestfitnessstore.com\/fr\/wp-json\/wp\/v2\/media?parent=594"}],"wp:term":[{"taxonomy":"product_brand","embeddable":true,"href":"http:\/\/bestfitnessstore.com\/fr\/wp-json\/wp\/v2\/product_brand?post=594"},{"taxonomy":"product_cat","embeddable":true,"href":"http:\/\/bestfitnessstore.com\/fr\/wp-json\/wp\/v2\/product_cat?post=594"},{"taxonomy":"product_tag","embeddable":true,"href":"http:\/\/bestfitnessstore.com\/fr\/wp-json\/wp\/v2\/product_tag?post=594"}],"curies":[{"name":"wp","href":"https:\/\/api.w.org\/{rel}","templated":true}]}}