{"id":549,"date":"2025-11-17T12:43:02","date_gmt":"2025-11-17T12:43:02","guid":{"rendered":"https:\/\/bestfitnessstore.com\/?post_type=product&#038;p=549"},"modified":"2025-11-17T12:43:02","modified_gmt":"2025-11-17T12:43:02","slug":"bh-fitness-exercycle-smart-bike-2","status":"publish","type":"product","link":"http:\/\/bestfitnessstore.com\/fr\/product\/bh-fitness-exercycle-smart-bike-2\/","title":{"rendered":"BH Fitness Exercycle Smart Bike"},"content":{"rendered":"<div class=\"product-attribute-container-desktop desktop-only\">\n<div class=\"additional-attributes-wrapper table-wrapper\">\n<h4>INFORMATIONS SUR LES PRODUITS<\/h4>\n<div class=\"attributes-container\">\n<ul class=\"product-attributes-container\">\n<li><span class=\"specification-title\">Poids de l'emballage (KG) :\u00a0<\/span><span class=\"specification-data\">53.500000<\/span><\/li>\n<li><span class=\"specification-title\">M\u00e9thode d'alimentation :\u00a0<\/span><span class=\"specification-data\">\u00c9lectricit\u00e9 de r\u00e9seau<\/span><\/li>\n<li><span class=\"specification-title\">Support de tablette :\u00a0<\/span><span class=\"specification-data\">Oui<\/span><\/li>\n<li><span class=\"specification-title\">P\u00e9dales :\u00a0<\/span><span class=\"specification-data\">Clips SPD, cage \u00e0 orteils<\/span><\/li>\n<li><span class=\"specification-title\">Type de cycle :\u00a0<\/span><span class=\"specification-data\">Coureur<\/span><\/li>\n<li><span class=\"specification-title\">Syst\u00e8me de r\u00e9sistance :\u00a0<\/span><span class=\"specification-data\">Magn\u00e9tique<\/span><\/li>\n<li><span class=\"specification-title\">Poids maximal de l'utilisateur (kg) :\u00a0<\/span><span class=\"specification-data\">150,00 (Kg)<\/span><\/li>\n<li><span class=\"specification-title\">Dimensions de la bo\u00eete (LxLxH) :\u00a0<\/span><span class=\"specification-data\">115 x 89 x 23 cm<\/span><\/li>\n<\/ul>\n<ul class=\"product-attributes-container\">\n<li><span class=\"specification-title\">Poids du produit (KG) :\u00a0<\/span><span class=\"specification-data\">48.60<\/span><\/li>\n<li><span class=\"specification-title\">Int\u00e9gration des applications :\u00a0<\/span><span class=\"specification-data\">KinoMap, Rouvy, Zwift<\/span><\/li>\n<li><span class=\"specification-title\">Bluetooth :\u00a0<\/span><span class=\"specification-data\">Oui<\/span><\/li>\n<li><span class=\"specification-title\">Ajustement du cadre :\u00a0<\/span><span class=\"specification-data\">Guidon en haut et en bas, selle en haut et en bas<\/span><\/li>\n<li><span class=\"specification-title\">Roues de transport :\u00a0<\/span><span class=\"specification-data\">Oui<\/span><\/li>\n<li><span class=\"specification-title\">Poids du volant (KG) :\u00a0<\/span><span class=\"specification-data\">11<\/span><\/li>\n<li><span class=\"specification-title\">Dimensions du produit (LxLxH) :\u00a0<\/span><span class=\"specification-data\">144 x 61 x 136 cm<\/span><\/li>\n<\/ul>\n<\/div>\n<\/div>\n<\/div>\n<div class=\"product-features\">\n<h4>CARACT\u00c9RISTIQUES SUPPL\u00c9MENTAIRES<\/h4>\n<div class=\"more-container\">\n<div class=\"unshow-text\">\n<ul class=\"product-features-container\">\n<li><span class=\"specification-title\">Volant moteur :<\/span>\u00a0<span class=\"specification-data\">11 kg EMS<\/span><\/li>\n<li><span class=\"specification-title\">Syst\u00e8me de r\u00e9sistance :<\/span>\u00a0<span class=\"specification-data\">Electromagn\u00e9tique EMS<\/span><\/li>\n<li><span class=\"specification-title\">Niveaux de r\u00e9sistance :<\/span>\u00a0<span class=\"specification-data\">24<\/span><\/li>\n<li><span class=\"specification-title\">Gradient :<\/span>\u00a0<span class=\"specification-data\">0 - 25%<\/span><\/li>\n<li><span class=\"specification-title\">Watts maximum :<\/span>\u00a0<span class=\"specification-data\">1500W r\u00e9el (Watts obtenus dans des d\u00e9veloppements r\u00e9alistes)<\/span><\/li>\n<li><span class=\"specification-title\">Transmission :<\/span>\u00a0<span class=\"specification-data\">Courroie robuste avec tendeur automatique<\/span><\/li>\n<li><span class=\"specification-title\">Applications compatibles :<\/span>\u00a0<span class=\"specification-data\">Zwift, Kinomap, Rouvy, Bkool<\/span><\/li>\n<li><span class=\"specification-title\">Facteur Q :<\/span>\u00a0<span class=\"specification-data\">152 mm<\/span><\/li>\n<li><span class=\"specification-title\">Largeur du guidon :<\/span>\u00a0<span class=\"specification-data\">42 cm<\/span><\/li>\n<li><span class=\"specification-title\">R\u00e9glage de la puissance :<\/span>\u00a0<span class=\"specification-data\">2 positions<\/span><\/li>\n<li><span class=\"specification-title\">D\u00e9placement :<\/span>\u00a0<span class=\"specification-data\">Changement de vitesse s\u00e9quentiel \u00e9lectronique sur les leviers et le moniteur<\/span><\/li>\n<li><span class=\"specification-title\">Selle :<\/span>\u00a0<span class=\"specification-data\">BH ergo-g ng afm cromo (interchangeable)<\/span><\/li>\n<li><span class=\"specification-title\">P\u00e9dales :<\/span>\u00a0<span class=\"specification-data\">Wellgo wpd 981 mixte (interchangeable)<\/span><\/li>\n<li><span class=\"specification-title\">Roues de transport :<\/span>\u00a0<span class=\"specification-data\">Rouleaux<\/span><\/li>\n<li><span class=\"specification-title\">Support pour tablette\/mobile :<\/span>\u00a0<span class=\"specification-data\">Jusqu'\u00e0 12,9 pouces\u201d<\/span><\/li>\n<li><span class=\"specification-title\">Dimensions du produit (LxLxH) :<\/span>\u00a0<span class=\"specification-data\">140-144 x 61 x 114-136 cm<\/span><\/li>\n<li><span class=\"specification-title\">Poids du produit :<\/span>\u00a0<span class=\"specification-data\">48,6 kg<\/span><\/li>\n<li><span class=\"specification-title\">Poids maximum de l'utilisateur :<\/span>\u00a0<span class=\"specification-data\">150 kg<\/span><\/li>\n<\/ul>\n<\/div>\n<\/div>\n<\/div>\n<div class=\"product-warranty\">\n<h4>GARANTIE<\/h4>\n<div class=\"text-container\"><strong>Utilisation \u00e0 domicile :<\/strong>\u00a02 ans pi\u00e8ces et main d'\u0153uvre<\/div>\n<\/div>\n<div class=\"product-attribute-container-desktop desktop-only\">\n<div class=\"additional-attributes-wrapper table-wrapper\"><\/div>\n<\/div>","protected":false},"excerpt":{"rendered":"<p>Fruit d'une collaboration entre les \u00e9quipes de recherche et de d\u00e9veloppement de BH Fitness et de BH Bikes, le v\u00e9lo intelligent BH Fitness Exercycle est con\u00e7u pour r\u00e9pondre aux exigences des amateurs de v\u00e9lo de route en mati\u00e8re d'entra\u00eenement \u00e0 domicile. Dot\u00e9 d'une structure en V, l'Exercycle est con\u00e7u pour s'adapter aux tailles S \u00e0 XL, garantissant le plus haut degr\u00e9 de performance et de confort pendant les sorties. L'Exercycle a un facteur Q de 152 mm, ce qui permet \u00e0 la position des jambes pendant le p\u00e9dalage d'\u00eatre la m\u00eame que celle d'un v\u00e9lo de route, permettant \u00e0 l'utilisateur de g\u00e9n\u00e9rer une force maximale \u00e0 chaque coup de p\u00e9dale. Le syst\u00e8me de r\u00e9sistance \u00e9lectromagn\u00e9tique (EMS) permet une r\u00e9gulation tr\u00e8s pr\u00e9cise, progressive et imm\u00e9diate de l'intensit\u00e9, avec d\u00e9placement du guidon pour passer d'un niveau de r\u00e9sistance \u00e0 l'autre sans avoir \u00e0 changer de posture. L'Exercycle est \u00e9quip\u00e9 d'une console LCD qui offre quatre \u00e9crans - valeurs instantan\u00e9es, valeurs en pourcentage, valeurs moyennes et valeurs maximales. Il dispose d'un test FTP pour calculer le seuil en watts et d'un r\u00e9cepteur d'impulsions t\u00e9l\u00e9m\u00e9triques Polar 5KHz. L'Exercycle offre les derni\u00e8res technologies en mati\u00e8re de connectivit\u00e9, ce qui vous permet de concourir avec vos co\u00e9quipiers \u00e0 l'aide de plusieurs applications de simulation de cyclisme de premier plan. Ceci est possible gr\u00e2ce au module Bluetooth FTMS int\u00e9gr\u00e9 dans la console du v\u00e9lo, qui permet une compatibilit\u00e9 totale avec les applications de pointe telles que Zwift, Kinomap et Bkool. Veuillez noter que la tablette montr\u00e9e dans les images n'est pas incluse.<\/p>\n<div class=\"product-attribute-container-desktop desktop-only\">\n<div class=\"additional-attributes-wrapper table-wrapper\"><\/div>\n<\/div>","protected":false},"featured_media":551,"comment_status":"open","ping_status":"closed","template":"","meta":{"site-sidebar-layout":"default","site-content-layout":"","ast-site-content-layout":"default","site-content-style":"default","site-sidebar-style":"default","ast-global-header-display":"","ast-banner-title-visibility":"","ast-main-header-display":"","ast-hfb-above-header-display":"","ast-hfb-below-header-display":"","ast-hfb-mobile-header-display":"","site-post-title":"","ast-breadcrumbs-content":"","ast-featured-img":"","footer-sml-layout":"","theme-transparent-header-meta":"default","adv-header-id-meta":"","stick-header-meta":"","header-above-stick-meta":"","header-main-stick-meta":"","header-below-stick-meta":"","astra-migrate-meta-layouts":"set","ast-page-background-enabled":"default","ast-page-background-meta":{"desktop":{"background-color":"var(--ast-global-color-5)","background-image":"","background-repeat":"repeat","background-position":"center center","background-size":"auto","background-attachment":"scroll","background-type":"","background-media":"","overlay-type":"","overlay-color":"","overlay-opacity":"","overlay-gradient":""},"tablet":{"background-color":"","background-image":"","background-repeat":"repeat","background-position":"center center","background-size":"auto","background-attachment":"scroll","background-type":"","background-media":"","overlay-type":"","overlay-color":"","overlay-opacity":"","overlay-gradient":""},"mobile":{"background-color":"","background-image":"","background-repeat":"repeat","background-position":"center center","background-size":"auto","background-attachment":"scroll","background-type":"","background-media":"","overlay-type":"","overlay-color":"","overlay-opacity":"","overlay-gradient":""}},"ast-content-background-meta":{"desktop":{"background-color":"var(--ast-global-color-4)","background-image":"","background-repeat":"repeat","background-position":"center center","background-size":"auto","background-attachment":"scroll","background-type":"","background-media":"","overlay-type":"","overlay-color":"","overlay-opacity":"","overlay-gradient":""},"tablet":{"background-color":"var(--ast-global-color-4)","background-image":"","background-repeat":"repeat","background-position":"center center","background-size":"auto","background-attachment":"scroll","background-type":"","background-media":"","overlay-type":"","overlay-color":"","overlay-opacity":"","overlay-gradient":""},"mobile":{"background-color":"var(--ast-global-color-4)","background-image":"","background-repeat":"repeat","background-position":"center center","background-size":"auto","background-attachment":"scroll","background-type":"","background-media":"","overlay-type":"","overlay-color":"","overlay-opacity":"","overlay-gradient":""}}},"product_brand":[],"product_cat":[18],"product_tag":[23],"class_list":{"0":"post-549","1":"product","2":"type-product","3":"status-publish","4":"has-post-thumbnail","6":"product_cat-cross-trainers","7":"product_tag-cross-trainers","8":"desktop-align-left","9":"tablet-align-left","10":"mobile-align-left","12":"first","13":"instock","14":"sale","15":"taxable","16":"shipping-taxable","17":"purchasable","18":"product-type-simple"},"_links":{"self":[{"href":"http:\/\/bestfitnessstore.com\/fr\/wp-json\/wp\/v2\/product\/549","targetHints":{"allow":["GET"]}}],"collection":[{"href":"http:\/\/bestfitnessstore.com\/fr\/wp-json\/wp\/v2\/product"}],"about":[{"href":"http:\/\/bestfitnessstore.com\/fr\/wp-json\/wp\/v2\/types\/product"}],"replies":[{"embeddable":true,"href":"http:\/\/bestfitnessstore.com\/fr\/wp-json\/wp\/v2\/comments?post=549"}],"wp:featuredmedia":[{"embeddable":true,"href":"http:\/\/bestfitnessstore.com\/fr\/wp-json\/wp\/v2\/media\/551"}],"wp:attachment":[{"href":"http:\/\/bestfitnessstore.com\/fr\/wp-json\/wp\/v2\/media?parent=549"}],"wp:term":[{"taxonomy":"product_brand","embeddable":true,"href":"http:\/\/bestfitnessstore.com\/fr\/wp-json\/wp\/v2\/product_brand?post=549"},{"taxonomy":"product_cat","embeddable":true,"href":"http:\/\/bestfitnessstore.com\/fr\/wp-json\/wp\/v2\/product_cat?post=549"},{"taxonomy":"product_tag","embeddable":true,"href":"http:\/\/bestfitnessstore.com\/fr\/wp-json\/wp\/v2\/product_tag?post=549"}],"curies":[{"name":"wp","href":"https:\/\/api.w.org\/{rel}","templated":true}]}}