{"id":533,"date":"2025-11-17T05:28:21","date_gmt":"2025-11-17T05:28:21","guid":{"rendered":"https:\/\/bestfitnessstore.com\/?post_type=product&#038;p=533"},"modified":"2025-11-17T05:28:21","modified_gmt":"2025-11-17T05:28:21","slug":"sole-e98-light-commercial-elliptical","status":"publish","type":"product","link":"http:\/\/bestfitnessstore.com\/fr\/product\/sole-e98-light-commercial-elliptical\/","title":{"rendered":"Sole E98 Light Commercial Elliptical"},"content":{"rendered":"<div class=\"product-attribute-container-desktop desktop-only\">\n<div class=\"additional-attributes-wrapper table-wrapper\">\n<h4>INFORMATIONS SUR LES PRODUITS<\/h4>\n<div class=\"attributes-container\">\n<ul class=\"product-attributes-container\">\n<li><span class=\"specification-title\">Poids de l'emballage (KG) :\u00a0<\/span><span class=\"specification-data\">125.000000<\/span><\/li>\n<li><span class=\"specification-title\">M\u00e9thode d'alimentation :\u00a0<\/span><span class=\"specification-data\">\u00c9lectricit\u00e9 de r\u00e9seau<\/span><\/li>\n<li><span class=\"specification-title\">Support de tablette :\u00a0<\/span><span class=\"specification-data\">Oui<\/span><\/li>\n<li><span class=\"specification-title\">Roues de transport :\u00a0<\/span><span class=\"specification-data\">Oui<\/span><\/li>\n<li><span class=\"specification-title\">Poids du volant (KG) :\u00a0<\/span><span class=\"specification-data\">15<\/span><\/li>\n<li><span class=\"specification-title\">Poids maximal de l'utilisateur (kg) :\u00a0<\/span><span class=\"specification-data\">180,00 (Kg)<\/span><\/li>\n<li><span class=\"specification-title\">Dimensions du produit (LxLxH) :\u00a0<\/span><span class=\"specification-data\">210 x 86 x 177 cm<\/span><\/li>\n<\/ul>\n<ul class=\"product-attributes-container\">\n<li><span class=\"specification-title\">Poids du produit (KG) :\u00a0<\/span><span class=\"specification-data\">112<\/span><\/li>\n<li><span class=\"specification-title\">Int\u00e9gration des applications :\u00a0<\/span><span class=\"specification-data\">Sole+, Zwift<\/span><\/li>\n<li><span class=\"specification-title\">Bluetooth :\u00a0<\/span><span class=\"specification-data\">Oui<\/span><\/li>\n<li><span class=\"specification-title\">Position du volant :\u00a0<\/span><span class=\"specification-data\">Front<\/span><\/li>\n<li><span class=\"specification-title\">Surveillance de la fr\u00e9quence cardiaque :\u00a0<\/span><span class=\"specification-data\">Capteurs int\u00e9gr\u00e9s et Bluetooth<\/span><\/li>\n<li><span class=\"specification-title\">Programmes int\u00e9gr\u00e9s :\u00a0<\/span><span class=\"specification-data\">Manuel, 5 programmes standard, test de condition physique, 2 HRC, programmes personnalis\u00e9s disponibles et sauvegard\u00e9s en tant que programmes mod\u00e8les jusqu'\u00e0 12<\/span><\/li>\n<li><span class=\"specification-title\">Dimensions de la bo\u00eete (LxLxH) :\u00a0<\/span><span class=\"specification-data\">168 x 44,50 x 85,50 cm<\/span><\/li>\n<\/ul>\n<\/div>\n<\/div>\n<\/div>\n<div class=\"product-features\">\n<h4>CARACT\u00c9RISTIQUES SUPPL\u00c9MENTAIRES<\/h4>\n<div class=\"more-container\">\n<div class=\"unshow-text\">\n<ul class=\"product-features-container\">\n<li><span class=\"specification-title\">Source d'alimentation :<\/span>\u00a0<span class=\"specification-data\">AC120V\/60HZ ; AC230V\/50HZ<\/span><\/li>\n<li><span class=\"specification-title\">Syst\u00e8me d'entra\u00eenement :<\/span>\u00a0<span class=\"specification-data\">Entra\u00eenement frontal<\/span><\/li>\n<li><span class=\"specification-title\">Niveaux de r\u00e9sistance :<\/span>\u00a0<span class=\"specification-data\">1-40<\/span><\/li>\n<li><span class=\"specification-title\">Niveaux d'inclinaison :<\/span>\u00a0<span class=\"specification-data\">1-20<\/span><\/li>\n<li><span class=\"specification-title\">Guidon :<\/span>\u00a0<span class=\"specification-data\">Poign\u00e9e multipositions avec contr\u00f4le de la r\u00e9sistance et de l'inclinaison<\/span><\/li>\n<li><span class=\"specification-title\">P\u00e9dales :<\/span>\u00a0<span class=\"specification-data\">P\u00e9dales standard<\/span><\/li>\n<li><span class=\"specification-title\">Poursuivre :<\/span>\u00a0<span class=\"specification-data\">Double ; voie longue<\/span><\/li>\n<li><span class=\"specification-title\">Pouls de la main :<\/span>\u00a0<span class=\"specification-data\">Capteurs int\u00e9gr\u00e9s au guidon (Salutron)<\/span><\/li>\n<li><span class=\"specification-title\">Console :<\/span>\u00a0<span class=\"specification-data\">\u00c9cran tactile de 13,3 pouces<\/span><\/li>\n<li><span class=\"specification-title\">Connexion WiFi :<\/span>\u00a0<span class=\"specification-data\">Disponible<\/span><\/li>\n<\/ul>\n<\/div>\n<\/div>\n<\/div>\n<div class=\"product-warranty\">\n<h4>GARANTIE<\/h4>\n<div class=\"text-container\"><strong>Usage domestique et commercial l\u00e9ger :<\/strong>\u00a0Particulier 10 ans moteur, 5 ans pi\u00e8ces, 3 ans main d'\u0153uvre \/ Commercial l\u00e9ger 12 mois - valable jusqu'\u00e0 3 heures par jour pendant 12 mois. Jusqu'\u00e0 3 heures d'utilisation par jour dans un environnement domestique ou commercial l\u00e9ger appropri\u00e9. Les endroits o\u00f9 le b\u00e9ton est humide et non scell\u00e9 ou les endroits o\u00f9 l'air circule constamment vers l'ext\u00e9rieur ne sont pas consid\u00e9r\u00e9s comme appropri\u00e9s. L'isolation et la source de chaleur doivent \u00eatre ad\u00e9quates, faute de quoi la garantie sera annul\u00e9e.<\/div>\n<div><\/div>\n<\/div>\n<div class=\"product-next-day\">\n<h4>LIVRAISON EXPRESS<\/h4>\n<div class=\"text-container\">Un grand nombre de nos produits sont livrables en express ou \u00e0 date fixe, ce qui signifie que vous pouvez recevoir votre produit d\u00e8s le lendemain ou \u00e0 la date qui vous convient. Veuillez v\u00e9rifier les options de livraison au moment du paiement pour conna\u00eetre les disponibilit\u00e9s pour votre panier et votre code postal. Les conditions de livraison s'appliquent.<\/div>\n<\/div>","protected":false},"excerpt":{"rendered":"<p>L'ellipse ultra douce du SOLE E98 Elliptical Cross Trainer provient de la position ergonomique des p\u00e9dales articul\u00e9es, plac\u00e9es avec une inclinaison unique de 2 degr\u00e9s vers l'int\u00e9rieur pour une position id\u00e9ale. Un syst\u00e8me d'entra\u00eenement frontal, une double piste de 50,8 cm de longueur et une roue d'inertie de 15 kg \u00e9quilibr\u00e9e avec pr\u00e9cision am\u00e9liorent encore l'exp\u00e9rience cardio de premi\u00e8re qualit\u00e9. Augmentez l'intensit\u00e9 de votre entra\u00eenement gr\u00e2ce aux commandes int\u00e9gr\u00e9es au guidon multi-grip qui permettent de r\u00e9gler la r\u00e9sistance (40 niveaux) et l'inclinaison (20 niveaux) pendant que vous faites vos foul\u00e9es. Un jeu s\u00e9par\u00e9 de poign\u00e9es statiques abrite des capteurs de pouls pour une surveillance ais\u00e9e de la fr\u00e9quence cardiaque, ou vous pouvez utiliser le r\u00e9cepteur BLE et 5KHz int\u00e9gr\u00e9. La grande console \u00e0 \u00e9cran tactile de 13,3 pouces de qualit\u00e9 commerciale permet de naviguer facilement dans les programmes d'entra\u00eenement et les applications int\u00e9gr\u00e9es. La console dispose d'une zone de chargement sans fil int\u00e9gr\u00e9e, d'un support d'appareil au-dessus de l'\u00e9cran, de ventilateurs de refroidissement et de haut-parleurs Bluetooth\u00ae. Dot\u00e9 du Bluetooth\u00ae 5.0 avec protocole FTMS, vous pouvez vous connecter aux principales applications telles que Zwift, Strava, Apple Health Kit et bien plus encore via l'application SOLE+.<\/p>\n<div class=\"product-attribute-container-desktop desktop-only\">\n<div class=\"additional-attributes-wrapper table-wrapper\"><\/div>\n<\/div>","protected":false},"featured_media":534,"comment_status":"open","ping_status":"closed","template":"","meta":{"site-sidebar-layout":"default","site-content-layout":"","ast-site-content-layout":"default","site-content-style":"default","site-sidebar-style":"default","ast-global-header-display":"","ast-banner-title-visibility":"","ast-main-header-display":"","ast-hfb-above-header-display":"","ast-hfb-below-header-display":"","ast-hfb-mobile-header-display":"","site-post-title":"","ast-breadcrumbs-content":"","ast-featured-img":"","footer-sml-layout":"","theme-transparent-header-meta":"default","adv-header-id-meta":"","stick-header-meta":"","header-above-stick-meta":"","header-main-stick-meta":"","header-below-stick-meta":"","astra-migrate-meta-layouts":"set","ast-page-background-enabled":"default","ast-page-background-meta":{"desktop":{"background-color":"var(--ast-global-color-5)","background-image":"","background-repeat":"repeat","background-position":"center center","background-size":"auto","background-attachment":"scroll","background-type":"","background-media":"","overlay-type":"","overlay-color":"","overlay-opacity":"","overlay-gradient":""},"tablet":{"background-color":"","background-image":"","background-repeat":"repeat","background-position":"center center","background-size":"auto","background-attachment":"scroll","background-type":"","background-media":"","overlay-type":"","overlay-color":"","overlay-opacity":"","overlay-gradient":""},"mobile":{"background-color":"","background-image":"","background-repeat":"repeat","background-position":"center center","background-size":"auto","background-attachment":"scroll","background-type":"","background-media":"","overlay-type":"","overlay-color":"","overlay-opacity":"","overlay-gradient":""}},"ast-content-background-meta":{"desktop":{"background-color":"var(--ast-global-color-4)","background-image":"","background-repeat":"repeat","background-position":"center center","background-size":"auto","background-attachment":"scroll","background-type":"","background-media":"","overlay-type":"","overlay-color":"","overlay-opacity":"","overlay-gradient":""},"tablet":{"background-color":"var(--ast-global-color-4)","background-image":"","background-repeat":"repeat","background-position":"center center","background-size":"auto","background-attachment":"scroll","background-type":"","background-media":"","overlay-type":"","overlay-color":"","overlay-opacity":"","overlay-gradient":""},"mobile":{"background-color":"var(--ast-global-color-4)","background-image":"","background-repeat":"repeat","background-position":"center center","background-size":"auto","background-attachment":"scroll","background-type":"","background-media":"","overlay-type":"","overlay-color":"","overlay-opacity":"","overlay-gradient":""}}},"product_brand":[],"product_cat":[18],"product_tag":[23],"class_list":{"0":"post-533","1":"product","2":"type-product","3":"status-publish","4":"has-post-thumbnail","6":"product_cat-cross-trainers","7":"product_tag-cross-trainers","8":"desktop-align-left","9":"tablet-align-left","10":"mobile-align-left","12":"first","13":"instock","14":"sale","15":"taxable","16":"shipping-taxable","17":"purchasable","18":"product-type-simple"},"_links":{"self":[{"href":"http:\/\/bestfitnessstore.com\/fr\/wp-json\/wp\/v2\/product\/533","targetHints":{"allow":["GET"]}}],"collection":[{"href":"http:\/\/bestfitnessstore.com\/fr\/wp-json\/wp\/v2\/product"}],"about":[{"href":"http:\/\/bestfitnessstore.com\/fr\/wp-json\/wp\/v2\/types\/product"}],"replies":[{"embeddable":true,"href":"http:\/\/bestfitnessstore.com\/fr\/wp-json\/wp\/v2\/comments?post=533"}],"wp:featuredmedia":[{"embeddable":true,"href":"http:\/\/bestfitnessstore.com\/fr\/wp-json\/wp\/v2\/media\/534"}],"wp:attachment":[{"href":"http:\/\/bestfitnessstore.com\/fr\/wp-json\/wp\/v2\/media?parent=533"}],"wp:term":[{"taxonomy":"product_brand","embeddable":true,"href":"http:\/\/bestfitnessstore.com\/fr\/wp-json\/wp\/v2\/product_brand?post=533"},{"taxonomy":"product_cat","embeddable":true,"href":"http:\/\/bestfitnessstore.com\/fr\/wp-json\/wp\/v2\/product_cat?post=533"},{"taxonomy":"product_tag","embeddable":true,"href":"http:\/\/bestfitnessstore.com\/fr\/wp-json\/wp\/v2\/product_tag?post=533"}],"curies":[{"name":"wp","href":"https:\/\/api.w.org\/{rel}","templated":true}]}}