{"id":527,"date":"2025-11-17T05:22:28","date_gmt":"2025-11-17T05:22:28","guid":{"rendered":"https:\/\/bestfitnessstore.com\/?post_type=product&#038;p=527"},"modified":"2025-11-17T05:22:28","modified_gmt":"2025-11-17T05:22:28","slug":"sole-e25-elliptical-cross-trainer","status":"publish","type":"product","link":"http:\/\/bestfitnessstore.com\/fr\/product\/sole-e25-elliptical-cross-trainer\/","title":{"rendered":"Sole E25 - Exerciseur elliptique"},"content":{"rendered":"<div class=\"product-attribute-container-desktop desktop-only\">\n<div class=\"additional-attributes-wrapper table-wrapper\">\n<h4>INFORMATIONS SUR LES PRODUITS<\/h4>\n<div class=\"attributes-container\">\n<ul class=\"product-attributes-container\">\n<li><span class=\"specification-title\">Poids de l'emballage (KG) :\u00a0<\/span><span class=\"specification-data\">105.000000<\/span><\/li>\n<li><span class=\"specification-title\">M\u00e9thode d'alimentation :\u00a0<\/span><span class=\"specification-data\">\u00c9lectricit\u00e9 de r\u00e9seau<\/span><\/li>\n<li><span class=\"specification-title\">Support de tablette :\u00a0<\/span><span class=\"specification-data\">Oui<\/span><\/li>\n<li><span class=\"specification-title\">Roues de transport :\u00a0<\/span><span class=\"specification-data\">Oui<\/span><\/li>\n<li><span class=\"specification-title\">Poids du volant (KG) :\u00a0<\/span><span class=\"specification-data\">9<\/span><\/li>\n<li><span class=\"specification-title\">Surveillance de la fr\u00e9quence cardiaque :\u00a0<\/span><span class=\"specification-data\">Capteurs int\u00e9gr\u00e9s et Bluetooth<\/span><\/li>\n<li><span class=\"specification-title\">Programmes int\u00e9gr\u00e9s :\u00a0<\/span><span class=\"specification-data\">10<\/span><\/li>\n<li><span class=\"specification-title\">Dimensions de la bo\u00eete (LxLxH) :\u00a0<\/span><span class=\"specification-data\">168 x 44,50 x 85,50 cm<\/span><\/li>\n<\/ul>\n<ul class=\"product-attributes-container\">\n<li><span class=\"specification-title\">Poids du produit (KG) :\u00a0<\/span><span class=\"specification-data\">95<\/span><\/li>\n<li><span class=\"specification-title\">Int\u00e9gration des applications :\u00a0<\/span><span class=\"specification-data\">KinoMap, Sole+, Zwift<\/span><\/li>\n<li><span class=\"specification-title\">Bluetooth :\u00a0<\/span><span class=\"specification-data\">Oui<\/span><\/li>\n<li><span class=\"specification-title\">Position du volant :\u00a0<\/span><span class=\"specification-data\">Front<\/span><\/li>\n<li><span class=\"specification-title\">Longueur de la foul\u00e9e :\u00a0<\/span><span class=\"specification-data\">50.80<\/span><\/li>\n<li><span class=\"specification-title\">Poids maximal de l'utilisateur (kg) :\u00a0<\/span><span class=\"specification-data\">158.00 (Kg)<\/span><\/li>\n<li><span class=\"specification-title\">Dimensions du produit (LxLxH) :\u00a0<\/span><span class=\"specification-data\">177 x 60 x 177 cm<\/span><\/li>\n<\/ul>\n<\/div>\n<\/div>\n<\/div>\n<div class=\"product-features\">\n<h4>CARACT\u00c9RISTIQUES SUPPL\u00c9MENTAIRES<\/h4>\n<div class=\"more-container\">\n<div class=\"unshow-text\">\n<ul class=\"product-features-container\">\n<li><span class=\"specification-title\">Source d'alimentation :<\/span>\u00a0<span class=\"specification-data\">AC120V\/60HZ \/ AC230V\/50HZ<\/span><\/li>\n<li><span class=\"specification-title\">Volant moteur :<\/span>\u00a0<span class=\"specification-data\">9kg<\/span><\/li>\n<li><span class=\"specification-title\">Type de r\u00e9sistance :<\/span>\u00a0<span class=\"specification-data\">BCE<\/span><\/li>\n<li><span class=\"specification-title\">Type de r\u00e9sistance :<\/span>\u00a0<span class=\"specification-data\">1-20<\/span><\/li>\n<li><span class=\"specification-title\">Guidon :<\/span>\u00a0<span class=\"specification-data\">Guidon standard avec commandes de r\u00e9sistance et d'inclinaison<\/span><\/li>\n<li><span class=\"specification-title\">R\u00e9cepteur HR int\u00e9gr\u00e9 :<\/span>\u00a0<span class=\"specification-data\">BLE &amp; 5KHz<\/span><\/li>\n<li><span class=\"specification-title\">Pouls de la main :<\/span>\u00a0<span class=\"specification-data\">Capteurs int\u00e9gr\u00e9s au guidon<\/span><\/li>\n<li><span class=\"specification-title\">Console :<\/span>\u00a0<span class=\"specification-data\">\u00c9cran LCD de 7,5 pouces<\/span><\/li>\n<\/ul>\n<\/div>\n<\/div>\n<\/div>\n<div class=\"product-warranty\">\n<h4>GARANTIE<\/h4>\n<div class=\"text-container\"><strong>Utilisation \u00e0 domicile :<\/strong>\u00a010 ans pour le moteur, 5 ans pour les pi\u00e8ces, 3 ans pour la main-d'\u0153uvre. Jusqu'\u00e0 2 heures d'utilisation par jour dans un environnement domestique appropri\u00e9. Les endroits o\u00f9 le b\u00e9ton est humide et non scell\u00e9 ou les endroits o\u00f9 l'air circule constamment vers l'ext\u00e9rieur ne sont pas consid\u00e9r\u00e9s comme appropri\u00e9s. L'isolation et la source de chaleur doivent \u00eatre ad\u00e9quates, faute de quoi la garantie sera annul\u00e9e.<\/div>\n<\/div>\n<div class=\"product-next-day\">\n<h4>LIVRAISON EXPRESS<\/h4>\n<div class=\"text-container\">Un grand nombre de nos produits sont livrables en express ou \u00e0 date fixe, ce qui signifie que vous pouvez recevoir votre produit d\u00e8s le lendemain ou \u00e0 la date qui vous convient. Veuillez v\u00e9rifier les options de livraison au moment du paiement pour conna\u00eetre les disponibilit\u00e9s pour votre panier et votre code postal. Les conditions de livraison s'appliquent.<\/div>\n<\/div>","protected":false},"excerpt":{"rendered":"<p>Dot\u00e9 de nombreuses fonctionnalit\u00e9s, le Sole E25 Elliptical Cross Trainer est le compl\u00e9ment id\u00e9al de toute salle de sport \u00e0 domicile. L'angle de la rampe est enti\u00e8rement r\u00e9glable \u00e0 partir d'un plan horizontal jusqu'\u00e0 20 niveaux d'inclinaison diff\u00e9rents, ce qui permet aux utilisateurs de cibler tous les principaux groupes musculaires du bas du corps. Le puissant volant d'inertie de 9 kg et les 20 niveaux de r\u00e9sistance, r\u00e9glables \u00e0 l'aide des commandes mont\u00e9es sur le guidon, sont associ\u00e9s \u00e0 une longueur de foul\u00e9e de 20 pouces et \u00e0 des mouvements fluides. Un \u00e9cran LCD de 7,5 pouces affiche les informations relatives \u00e0 votre entra\u00eenement en temps r\u00e9el. La console comprend \u00e9galement des ventilateurs de refroidissement, un support d'appareil, un port de charge USB et des haut-parleurs Bluetooth\u00ae int\u00e9gr\u00e9s. Dot\u00e9 du Bluetooth\u00ae 5.0 avec protocole FTMS, le E25 est compatible avec les principales applications de fitness telles que Zwift et Kinomap, ainsi que Strava, Apple Health Kit et bien d'autres via l'application SOLE+. Il existe 10 programmes d'entra\u00eenement int\u00e9gr\u00e9s, dont Manuel, 5 programmes standard, 2 programmes utilisateur et 2 programmes HRC. Pour le suivi de la fr\u00e9quence cardiaque, le E25 comprend des capteurs de pouls sur le guidon statique, ainsi qu'un r\u00e9cepteur BLE et 5KHz int\u00e9gr\u00e9.<\/p>\n<div class=\"product-attribute-container-desktop desktop-only\">\n<div class=\"additional-attributes-wrapper table-wrapper\"><\/div>\n<\/div>","protected":false},"featured_media":529,"comment_status":"open","ping_status":"closed","template":"","meta":{"site-sidebar-layout":"default","site-content-layout":"","ast-site-content-layout":"default","site-content-style":"default","site-sidebar-style":"default","ast-global-header-display":"","ast-banner-title-visibility":"","ast-main-header-display":"","ast-hfb-above-header-display":"","ast-hfb-below-header-display":"","ast-hfb-mobile-header-display":"","site-post-title":"","ast-breadcrumbs-content":"","ast-featured-img":"","footer-sml-layout":"","theme-transparent-header-meta":"default","adv-header-id-meta":"","stick-header-meta":"","header-above-stick-meta":"","header-main-stick-meta":"","header-below-stick-meta":"","astra-migrate-meta-layouts":"set","ast-page-background-enabled":"default","ast-page-background-meta":{"desktop":{"background-color":"var(--ast-global-color-5)","background-image":"","background-repeat":"repeat","background-position":"center center","background-size":"auto","background-attachment":"scroll","background-type":"","background-media":"","overlay-type":"","overlay-color":"","overlay-opacity":"","overlay-gradient":""},"tablet":{"background-color":"","background-image":"","background-repeat":"repeat","background-position":"center center","background-size":"auto","background-attachment":"scroll","background-type":"","background-media":"","overlay-type":"","overlay-color":"","overlay-opacity":"","overlay-gradient":""},"mobile":{"background-color":"","background-image":"","background-repeat":"repeat","background-position":"center center","background-size":"auto","background-attachment":"scroll","background-type":"","background-media":"","overlay-type":"","overlay-color":"","overlay-opacity":"","overlay-gradient":""}},"ast-content-background-meta":{"desktop":{"background-color":"var(--ast-global-color-4)","background-image":"","background-repeat":"repeat","background-position":"center center","background-size":"auto","background-attachment":"scroll","background-type":"","background-media":"","overlay-type":"","overlay-color":"","overlay-opacity":"","overlay-gradient":""},"tablet":{"background-color":"var(--ast-global-color-4)","background-image":"","background-repeat":"repeat","background-position":"center center","background-size":"auto","background-attachment":"scroll","background-type":"","background-media":"","overlay-type":"","overlay-color":"","overlay-opacity":"","overlay-gradient":""},"mobile":{"background-color":"var(--ast-global-color-4)","background-image":"","background-repeat":"repeat","background-position":"center center","background-size":"auto","background-attachment":"scroll","background-type":"","background-media":"","overlay-type":"","overlay-color":"","overlay-opacity":"","overlay-gradient":""}}},"product_brand":[],"product_cat":[18],"product_tag":[23],"class_list":{"0":"post-527","1":"product","2":"type-product","3":"status-publish","4":"has-post-thumbnail","6":"product_cat-cross-trainers","7":"product_tag-cross-trainers","8":"desktop-align-left","9":"tablet-align-left","10":"mobile-align-left","12":"first","13":"instock","14":"sale","15":"taxable","16":"shipping-taxable","17":"purchasable","18":"product-type-simple"},"_links":{"self":[{"href":"http:\/\/bestfitnessstore.com\/fr\/wp-json\/wp\/v2\/product\/527","targetHints":{"allow":["GET"]}}],"collection":[{"href":"http:\/\/bestfitnessstore.com\/fr\/wp-json\/wp\/v2\/product"}],"about":[{"href":"http:\/\/bestfitnessstore.com\/fr\/wp-json\/wp\/v2\/types\/product"}],"replies":[{"embeddable":true,"href":"http:\/\/bestfitnessstore.com\/fr\/wp-json\/wp\/v2\/comments?post=527"}],"wp:featuredmedia":[{"embeddable":true,"href":"http:\/\/bestfitnessstore.com\/fr\/wp-json\/wp\/v2\/media\/529"}],"wp:attachment":[{"href":"http:\/\/bestfitnessstore.com\/fr\/wp-json\/wp\/v2\/media?parent=527"}],"wp:term":[{"taxonomy":"product_brand","embeddable":true,"href":"http:\/\/bestfitnessstore.com\/fr\/wp-json\/wp\/v2\/product_brand?post=527"},{"taxonomy":"product_cat","embeddable":true,"href":"http:\/\/bestfitnessstore.com\/fr\/wp-json\/wp\/v2\/product_cat?post=527"},{"taxonomy":"product_tag","embeddable":true,"href":"http:\/\/bestfitnessstore.com\/fr\/wp-json\/wp\/v2\/product_tag?post=527"}],"curies":[{"name":"wp","href":"https:\/\/api.w.org\/{rel}","templated":true}]}}