{"id":443,"date":"2025-11-16T07:32:23","date_gmt":"2025-11-16T07:32:23","guid":{"rendered":"https:\/\/bestfitnessstore.com\/?post_type=product&#038;p=443"},"modified":"2025-11-16T07:32:23","modified_gmt":"2025-11-16T07:32:23","slug":"matrix-fitness-e30-elliptical-cross-trainer-avec-console-xir","status":"publish","type":"product","link":"http:\/\/bestfitnessstore.com\/fr\/product\/matrix-fitness-e30-elliptical-cross-trainer-with-xir-console\/","title":{"rendered":"Cross Trainer elliptique Matrix Fitness E30 avec console XIR"},"content":{"rendered":"<div class=\"product-attribute-container-desktop desktop-only\">\n<div class=\"additional-attributes-wrapper table-wrapper\">\n<h4>INFORMATIONS SUR LES PRODUITS<\/h4>\n<div class=\"attributes-container\">\n<ul class=\"product-attributes-container\">\n<li><span class=\"specification-title\">Poids de l'emballage (KG) :\u00a0<\/span><span class=\"specification-data\">153.400000<\/span><\/li>\n<li><span class=\"specification-title\">M\u00e9thode d'alimentation :\u00a0<\/span><span class=\"specification-data\">\u00c9lectricit\u00e9 de r\u00e9seau<\/span><\/li>\n<li><span class=\"specification-title\">Support de tablette :\u00a0<\/span><span class=\"specification-data\">Oui<\/span><\/li>\n<li><span class=\"specification-title\">Roues de transport :\u00a0<\/span><span class=\"specification-data\">Oui<\/span><\/li>\n<li><span class=\"specification-title\">Hauteur maximale de l'utilisateur (cm) :\u00a0<\/span><span class=\"specification-data\">201<\/span><\/li>\n<li><span class=\"specification-title\">Poids du volant (KG) :\u00a0<\/span><span class=\"specification-data\">10.50<\/span><\/li>\n<li><span class=\"specification-title\">Hauteur de la marche (CM) :\u00a0<\/span><span class=\"specification-data\">23<\/span><\/li>\n<li><span class=\"specification-title\">Poids maximal de l'utilisateur (kg) :\u00a0<\/span><span class=\"specification-data\">149,00 (Kg)<\/span><\/li>\n<li><span class=\"specification-title\">Dimensions du produit (LxLxH) :\u00a0<\/span><span class=\"specification-data\">148 x 73 x 166 cm<\/span><\/li>\n<\/ul>\n<ul class=\"product-attributes-container\">\n<li><span class=\"specification-title\">Poids du produit (KG) :\u00a0<\/span><span class=\"specification-data\">126<\/span><\/li>\n<li><span class=\"specification-title\">Int\u00e9gration des applications :\u00a0<\/span><span class=\"specification-data\">KinoMap, Zwift<\/span><\/li>\n<li><span class=\"specification-title\">Bluetooth :\u00a0<\/span><span class=\"specification-data\">Oui<\/span><\/li>\n<li><span class=\"specification-title\">Hauteur minimale de l'utilisateur (cm) :\u00a0<\/span><span class=\"specification-data\">147<\/span><\/li>\n<li><span class=\"specification-title\">Position du volant :\u00a0<\/span><span class=\"specification-data\">Front<\/span><\/li>\n<li><span class=\"specification-title\">Longueur de la foul\u00e9e :\u00a0<\/span><span class=\"specification-data\">51<\/span><\/li>\n<li><span class=\"specification-title\">Surveillance de la fr\u00e9quence cardiaque :\u00a0<\/span><span class=\"specification-data\">Capteurs int\u00e9gr\u00e9s et Bluetooth<\/span><\/li>\n<li><span class=\"specification-title\">Programmes int\u00e9gr\u00e9s :\u00a0<\/span><span class=\"specification-data\">Manuel, collines roulantes, intervalles, objectif de temps, objectif de distance, objectif de calories, fr\u00e9quence cardiaque cible (vitesse), fr\u00e9quence cardiaque cible (inclinaison), sprint 8, personnalis\u00e9.<\/span><\/li>\n<\/ul>\n<\/div>\n<\/div>\n<\/div>\n<div class=\"product-features\">\n<h4>CARACT\u00c9RISTIQUES SUPPL\u00c9MENTAIRES<\/h4>\n<div class=\"more-container\">\n<div class=\"unshow-text\">\n<ul class=\"product-features-container\">\n<li><span class=\"specification-title\">Longueur de la foul\u00e9e :<\/span>\u00a0<span class=\"specification-data\">51 cm \/ 20\u201d<\/span><\/li>\n<li><span class=\"specification-title\">Syst\u00e8me de r\u00e9sistance :<\/span>\u00a0<span class=\"specification-data\">Syst\u00e8me de freinage magn\u00e9tique ECB<\/span><\/li>\n<li><span class=\"specification-title\">Hauteur de marche :<\/span>\u00a0<span class=\"specification-data\">23 cm \/ 9.1\u201d<\/span><\/li>\n<li><span class=\"specification-title\">Gamme de r\u00e9sistance :<\/span>\u00a0<span class=\"specification-data\">20 niveaux, r\u00e9glables \u00e9lectroniquement<\/span><\/li>\n<li><span class=\"specification-title\">Type de p\u00e9dale :<\/span>\u00a0<span class=\"specification-data\">Surdimensionn\u00e9<\/span><\/li>\n<li><span class=\"specification-title\">Espacement des p\u00e9dales :<\/span>\u00a0<span class=\"specification-data\">6,35 cm \/ 2,5\u201d<\/span><\/li>\n<li><span class=\"specification-title\">Design du guidon :<\/span>\u00a0<span class=\"specification-data\">Double action, stationnaire, avec des boutons de r\u00e9sistance et des poign\u00e9es pour la fr\u00e9quence cardiaque<\/span><\/li>\n<li><span class=\"specification-title\">Console XIR :<\/span>\u00a0<span class=\"specification-data\">\u00c9cran tactile HD de 16 pouces avec connectivit\u00e9 Bluetooth \u00e9tendue, port USB, port HDMI, applications de console, support de lecture, mode d'\u00e9conomie d'\u00e9nergie, connectivit\u00e9 ViewFit (int\u00e9gration avec des applications de fitness). WiFi requis pour les applications et les mises \u00e0 jour logicielles.<\/span><\/li>\n<li><span class=\"specification-title\">Programmes d'entra\u00eenement :<\/span>\u00a0<span class=\"specification-data\">12<\/span><\/li>\n<li><span class=\"specification-title\">Applications de la console :<\/span>\u00a0<span class=\"specification-data\">Virtual Active, Sprint8, YouTube, Spotify, Netflix et plus encore. Abonnements non inclus.<\/span><\/li>\n<li><span class=\"specification-title\">Dimensions assembl\u00e9es (LxLxH) :<\/span>\u00a0<span class=\"specification-data\">148 x 73 x 166 cm \/ 58\u201d x 29\u201d x 65\u201d<\/span><\/li>\n<li><span class=\"specification-title\">Active Empreinte au sol (LxLxH) :<\/span>\u00a0<span class=\"specification-data\">175 x 73 x 172 cm \/ 68.9\u201d x 29\u201d x 68\u201d<\/span><\/li>\n<li><span class=\"specification-title\">Poids assembl\u00e9 :<\/span>\u00a0<span class=\"specification-data\">131,5 kg<\/span><\/li>\n<li><span class=\"specification-title\">Poids du volant :<\/span>\u00a0<span class=\"specification-data\">10,5 kg \/ 23,1 lbs<\/span><\/li>\n<li><span class=\"specification-title\">Poids maximal de l'utilisateur :<\/span>\u00a0<span class=\"specification-data\">147 kg \/ 325 lbs<\/span><\/li>\n<\/ul>\n<\/div>\n<\/div>\n<\/div>\n<div class=\"product-warranty\">\n<h4><strong>GARANTIE<\/strong><\/h4>\n<div class=\"text-container\"><strong>Utilisation \u00e0 domicile :<\/strong>\u00a03 ans P\/L<\/div>\n<\/div>","protected":false},"excerpt":{"rendered":"<p>Dot\u00e9 de la conception elliptique \u00e0 suspension la plus compacte de l'industrie, l'appareil de musculation elliptique Matrix Fitness E30 s'adapte facilement \u00e0 votre domicile. Une longueur de foul\u00e9e id\u00e9ale et un espace optimis\u00e9 pour les p\u00e9dales permettent \u00e0 tous les utilisateurs de se d\u00e9placer confortablement. La faible hauteur de marche de seulement 23 cm facilite l'acc\u00e8s, le guidon \u00e0 double action s'adapte naturellement \u00e0 la main et les p\u00e9dales surdimensionn\u00e9es rendent les s\u00e9ances d'entra\u00eenement, m\u00eame les plus longues, confortables. B\u00e9n\u00e9ficiant de la technologie Matrix Suspension Elliptical Technology, l'E30 pr\u00e9sente une conception sans roue ni rail qui r\u00e9duit les bruits et les frottements pour une qualit\u00e9 durable, tout en offrant une sensation de douceur et de r\u00e9gularit\u00e9 sur l'ellipse. \u00c9quip\u00e9 de la console avanc\u00e9e XIR, il est facile de renouveler chaque s\u00e9ance d'entra\u00eenement gr\u00e2ce \u00e0 12 programmes cardio m\u00e9triques tels que Sprint 8. Vous pouvez vous synchroniser avec les applications que vous utilisez d\u00e9j\u00e0, comme MyFitnessPal, Strava et plus encore gr\u00e2ce \u00e0 la connectivit\u00e9 ViewFit, et profiter de vos divertissements pr\u00e9f\u00e9r\u00e9s comme Netflix, Spotify et YouTube (abonnements non inclus). Connectez votre console en WiFi pour les mises \u00e0 jour logicielles, ViewFit, la navigation sur Internet et les applications de divertissement. Obtenez le retour d'information le plus pr\u00e9cis sur votre fr\u00e9quence cardiaque gr\u00e2ce \u00e0 la technologie de fr\u00e9quence cardiaque Polar int\u00e9gr\u00e9e, avec une sangle de fr\u00e9quence cardiaque Polar incluse avec le XIR. Les boutons int\u00e9gr\u00e9s au guidon vous permettent d'augmenter l'intensit\u00e9 de votre entra\u00eenement en passant d'un niveau de r\u00e9sistance \u00e9lectronique \u00e0 l'autre en cours de route. Les autres caract\u00e9ristiques comprennent un porte-bouteille d'eau et un plateau d'accessoires.<\/p>\n<div class=\"product-attribute-container-desktop desktop-only\">\n<div class=\"additional-attributes-wrapper table-wrapper\"><\/div>\n<\/div>","protected":false},"featured_media":422,"comment_status":"open","ping_status":"closed","template":"","meta":{"site-sidebar-layout":"default","site-content-layout":"","ast-site-content-layout":"default","site-content-style":"default","site-sidebar-style":"default","ast-global-header-display":"","ast-banner-title-visibility":"","ast-main-header-display":"","ast-hfb-above-header-display":"","ast-hfb-below-header-display":"","ast-hfb-mobile-header-display":"","site-post-title":"","ast-breadcrumbs-content":"","ast-featured-img":"","footer-sml-layout":"","theme-transparent-header-meta":"default","adv-header-id-meta":"","stick-header-meta":"","header-above-stick-meta":"","header-main-stick-meta":"","header-below-stick-meta":"","astra-migrate-meta-layouts":"set","ast-page-background-enabled":"default","ast-page-background-meta":{"desktop":{"background-color":"var(--ast-global-color-5)","background-image":"","background-repeat":"repeat","background-position":"center center","background-size":"auto","background-attachment":"scroll","background-type":"","background-media":"","overlay-type":"","overlay-color":"","overlay-opacity":"","overlay-gradient":""},"tablet":{"background-color":"","background-image":"","background-repeat":"repeat","background-position":"center center","background-size":"auto","background-attachment":"scroll","background-type":"","background-media":"","overlay-type":"","overlay-color":"","overlay-opacity":"","overlay-gradient":""},"mobile":{"background-color":"","background-image":"","background-repeat":"repeat","background-position":"center center","background-size":"auto","background-attachment":"scroll","background-type":"","background-media":"","overlay-type":"","overlay-color":"","overlay-opacity":"","overlay-gradient":""}},"ast-content-background-meta":{"desktop":{"background-color":"var(--ast-global-color-4)","background-image":"","background-repeat":"repeat","background-position":"center center","background-size":"auto","background-attachment":"scroll","background-type":"","background-media":"","overlay-type":"","overlay-color":"","overlay-opacity":"","overlay-gradient":""},"tablet":{"background-color":"var(--ast-global-color-4)","background-image":"","background-repeat":"repeat","background-position":"center center","background-size":"auto","background-attachment":"scroll","background-type":"","background-media":"","overlay-type":"","overlay-color":"","overlay-opacity":"","overlay-gradient":""},"mobile":{"background-color":"var(--ast-global-color-4)","background-image":"","background-repeat":"repeat","background-position":"center center","background-size":"auto","background-attachment":"scroll","background-type":"","background-media":"","overlay-type":"","overlay-color":"","overlay-opacity":"","overlay-gradient":""}}},"product_brand":[],"product_cat":[18],"product_tag":[23],"class_list":{"0":"post-443","1":"product","2":"type-product","3":"status-publish","4":"has-post-thumbnail","6":"product_cat-cross-trainers","7":"product_tag-cross-trainers","8":"desktop-align-left","9":"tablet-align-left","10":"mobile-align-left","12":"first","13":"instock","14":"sale","15":"taxable","16":"shipping-taxable","17":"purchasable","18":"product-type-simple"},"_links":{"self":[{"href":"http:\/\/bestfitnessstore.com\/fr\/wp-json\/wp\/v2\/product\/443","targetHints":{"allow":["GET"]}}],"collection":[{"href":"http:\/\/bestfitnessstore.com\/fr\/wp-json\/wp\/v2\/product"}],"about":[{"href":"http:\/\/bestfitnessstore.com\/fr\/wp-json\/wp\/v2\/types\/product"}],"replies":[{"embeddable":true,"href":"http:\/\/bestfitnessstore.com\/fr\/wp-json\/wp\/v2\/comments?post=443"}],"wp:featuredmedia":[{"embeddable":true,"href":"http:\/\/bestfitnessstore.com\/fr\/wp-json\/wp\/v2\/media\/422"}],"wp:attachment":[{"href":"http:\/\/bestfitnessstore.com\/fr\/wp-json\/wp\/v2\/media?parent=443"}],"wp:term":[{"taxonomy":"product_brand","embeddable":true,"href":"http:\/\/bestfitnessstore.com\/fr\/wp-json\/wp\/v2\/product_brand?post=443"},{"taxonomy":"product_cat","embeddable":true,"href":"http:\/\/bestfitnessstore.com\/fr\/wp-json\/wp\/v2\/product_cat?post=443"},{"taxonomy":"product_tag","embeddable":true,"href":"http:\/\/bestfitnessstore.com\/fr\/wp-json\/wp\/v2\/product_tag?post=443"}],"curies":[{"name":"wp","href":"https:\/\/api.w.org\/{rel}","templated":true}]}}