{"id":435,"date":"2025-11-16T01:40:20","date_gmt":"2025-11-16T01:40:20","guid":{"rendered":"https:\/\/bestfitnessstore.com\/?post_type=product&#038;p=435"},"modified":"2025-11-16T01:51:44","modified_gmt":"2025-11-16T01:51:44","slug":"matrix-fitness-commercial-lifestyle-suspension-elliptique-avec-console-wifi-premium-led","status":"publish","type":"product","link":"http:\/\/bestfitnessstore.com\/fr\/product\/matrix-fitness-commercial-lifestyle-suspension-elliptical-with-premium-led-wifi-console\/","title":{"rendered":"Elliptique \u00e0 suspension Matrix Fitness Commercial Lifestyle avec console LED WIFI Premium"},"content":{"rendered":"<p><strong>INFORMATIONS SUR LES PRODUITS<\/strong><br \/>\nPoids de l'emballage (KG) : 173.000000<br \/>\nM\u00e9thode d'alimentation : \u00c9lectricit\u00e9 de r\u00e9seau<br \/>\nSupport de tablette : Oui<br \/>\nRoues de transport : Oui<br \/>\nHauteur maximale de l'utilisateur (cm) : 201<br \/>\nLongueur de la foul\u00e9e : 51<br \/>\nSurveillance de la fr\u00e9quence cardiaque : Capteurs int\u00e9gr\u00e9s et Bluetooth<br \/>\nProgrammes int\u00e9gr\u00e9s : Go, Manuel, Fr\u00e9quence cardiaque cible, Entra\u00eenement par intervalles, Br\u00fble-graisses, Collines roulantes, Entra\u00eenement par objectifs, Tests de condition physique, Personnalis\u00e9<br \/>\nPoids du produit (KG) : 151<br \/>\nInt\u00e9gration d'applications : KinoMap, Zwift<br \/>\nBluetooth : Oui<br \/>\nHauteur minimale de l'utilisateur (cm) : 147<br \/>\nPosition du volant : Avant<br \/>\nHauteur de marche (CM) : 23<br \/>\nPoids maximum de l'utilisateur (kg) : 182.00 (Kg)<br \/>\nDimensions du produit (LxLxH) : 151 x 73 x 175,70 cm<\/p>\n<p><strong>CARACT\u00c9RISTIQUES SUPPL\u00c9MENTAIRES<\/strong><br \/>\nEspacement des p\u00e9dales : 6,4 cm \/ 2,5\u201d<br \/>\nLongueur de la foul\u00e9e : 51 cm\u201d<br \/>\nSyst\u00e8me de r\u00e9sistance : G\u00e9n\u00e9rateur sans balais<br \/>\nNiveaux de r\u00e9sistance : 30<br \/>\nGamme de watts : 5 - 650 W<br \/>\nHauteur d'embo\u00eetement : 23 cm\u201d<br \/>\nFr\u00e9quence cardiaque par contact et t\u00e9l\u00e9m\u00e9trie : Pour un suivi pr\u00e9cis de la fr\u00e9quence cardiaque<br \/>\nConsole : Console Premium \u00e0 LED<br \/>\nAffichage : LED multicolore de 8000 pixels<br \/>\nEntra\u00eenements : Go, Manual, Sprint8, Landmarks, Target Heart Rate, Interval Training, Fat Burn, Rolling Hills, Constant Watts, Glute Training, 5k\/10k et Fitness Tests.<br \/>\nWIFI : Portefeuille de solutions connect\u00e9es \u00e0 la matrice d'acc\u00e8s ; mises \u00e0 jour automatiques du logiciel<br \/>\nLangues : Anglais, allemand, fran\u00e7ais, italien, espagnol, n\u00e9erlandais, portugais, su\u00e9dois, finlandais, turc, danois, polonais<br \/>\nCaract\u00e9ristiques de la console : Connexion RFID en option, port USB, ventilateur, support de lecture<br \/>\nPoids assembl\u00e9 : 151 kg \/ 332.9 lbs.<br \/>\nPoids \u00e0 l'exp\u00e9dition : 173 kg \/ 381.4 lbs.<br \/>\nPoids maximal de l'utilisateur : 182 kg \/ 400 lbs<br \/>\nDimensions assembl\u00e9es :<\/p>\n<p><strong>GARANTIE<\/strong><br \/>\nUtilisation domestique et commerciale l\u00e9g\u00e8re ou compl\u00e8te : 2 ans pi\u00e8ces et main d'\u0153uvre<\/p>","protected":false},"excerpt":{"rendered":"<p>L'appareil elliptique \u00e0 suspension Matrix Fitness Commercial Lifestyle est dot\u00e9 d'une entr\u00e9e arri\u00e8re ouverte et d'une faible hauteur de marche de 23 cm pour un acc\u00e8s facile. Sa suspension brevet\u00e9e offre un taux d'acc\u00e9l\u00e9ration constant et r\u00e9gulier, et est d\u00e9pourvue de roues et de chenilles pour r\u00e9duire tout bruit excessif pendant les s\u00e9ances d'entra\u00eenement. La longueur de foul\u00e9e de 51 cm offre une ellipse naturelle et l'espacement optimis\u00e9 entre les p\u00e9dales accro\u00eet le confort. Le syst\u00e8me de r\u00e9sistance Brushless Generator offre 30 niveaux de r\u00e9sistance, r\u00e9glables via de larges commandes sur les poign\u00e9es statiques, qui offrent \u00e9galement un retour d'information tactile \u00e0 chaque r\u00e9glage. La console LED Premium offre \u00e0 vos membres la simplicit\u00e9 de la console LED classique, avec des couleurs et des d\u00e9tails plus attrayants que jamais. Un grand \u00e9cran de 8000 pixels remplit l'\u00e9cran, fournissant des informations claires et faciles \u00e0 lire en grands chiffres et lettres. La Premium LED est dot\u00e9e de fonctions pratiques telles qu'une connexion RFID en option, un ventilateur pour conserver la fra\u00eecheur, un port USB et un support de lecture pour les appareils personnels. Dot\u00e9e d'une connexion WIFI, cette console fonctionne avec certains produits de la gamme Matrix Connected Solutions, ainsi qu'avec des mises \u00e0 jour logicielles automatiques sans frais pour votre \u00e9tablissement. Les entra\u00eenements incluent Go, Manual, Sprint8, Landmarks, Target Heart Rate, Interval Training, Fat Burn, Rolling Hills, Constant Watts, Glute Training, 5k\/10k et Fitness Tests* *programmes sujets \u00e0 modification. Produit commercial fabriqu\u00e9 sur commande - le d\u00e9lai de livraison moyen est de 2 \u00e0 14 semaines, veuillez nous contacter pour plus de d\u00e9tails.<\/p>\n<div class=\"product-attribute-container-desktop desktop-only\">\n<div class=\"additional-attributes-wrapper table-wrapper\"><\/div>\n<\/div>","protected":false},"featured_media":434,"comment_status":"open","ping_status":"closed","template":"","meta":{"site-sidebar-layout":"default","site-content-layout":"","ast-site-content-layout":"default","site-content-style":"default","site-sidebar-style":"default","ast-global-header-display":"","ast-banner-title-visibility":"","ast-main-header-display":"","ast-hfb-above-header-display":"","ast-hfb-below-header-display":"","ast-hfb-mobile-header-display":"","site-post-title":"","ast-breadcrumbs-content":"","ast-featured-img":"","footer-sml-layout":"","theme-transparent-header-meta":"default","adv-header-id-meta":"","stick-header-meta":"","header-above-stick-meta":"","header-main-stick-meta":"","header-below-stick-meta":"","astra-migrate-meta-layouts":"set","ast-page-background-enabled":"default","ast-page-background-meta":{"desktop":{"background-color":"var(--ast-global-color-5)","background-image":"","background-repeat":"repeat","background-position":"center center","background-size":"auto","background-attachment":"scroll","background-type":"","background-media":"","overlay-type":"","overlay-color":"","overlay-opacity":"","overlay-gradient":""},"tablet":{"background-color":"","background-image":"","background-repeat":"repeat","background-position":"center center","background-size":"auto","background-attachment":"scroll","background-type":"","background-media":"","overlay-type":"","overlay-color":"","overlay-opacity":"","overlay-gradient":""},"mobile":{"background-color":"","background-image":"","background-repeat":"repeat","background-position":"center center","background-size":"auto","background-attachment":"scroll","background-type":"","background-media":"","overlay-type":"","overlay-color":"","overlay-opacity":"","overlay-gradient":""}},"ast-content-background-meta":{"desktop":{"background-color":"var(--ast-global-color-4)","background-image":"","background-repeat":"repeat","background-position":"center center","background-size":"auto","background-attachment":"scroll","background-type":"","background-media":"","overlay-type":"","overlay-color":"","overlay-opacity":"","overlay-gradient":""},"tablet":{"background-color":"var(--ast-global-color-4)","background-image":"","background-repeat":"repeat","background-position":"center center","background-size":"auto","background-attachment":"scroll","background-type":"","background-media":"","overlay-type":"","overlay-color":"","overlay-opacity":"","overlay-gradient":""},"mobile":{"background-color":"var(--ast-global-color-4)","background-image":"","background-repeat":"repeat","background-position":"center center","background-size":"auto","background-attachment":"scroll","background-type":"","background-media":"","overlay-type":"","overlay-color":"","overlay-opacity":"","overlay-gradient":""}}},"product_brand":[],"product_cat":[18],"product_tag":[23],"class_list":{"0":"post-435","1":"product","2":"type-product","3":"status-publish","4":"has-post-thumbnail","6":"product_cat-cross-trainers","7":"product_tag-cross-trainers","8":"desktop-align-left","9":"tablet-align-left","10":"mobile-align-left","12":"first","13":"instock","14":"sale","15":"taxable","16":"shipping-taxable","17":"purchasable","18":"product-type-simple"},"_links":{"self":[{"href":"http:\/\/bestfitnessstore.com\/fr\/wp-json\/wp\/v2\/product\/435","targetHints":{"allow":["GET"]}}],"collection":[{"href":"http:\/\/bestfitnessstore.com\/fr\/wp-json\/wp\/v2\/product"}],"about":[{"href":"http:\/\/bestfitnessstore.com\/fr\/wp-json\/wp\/v2\/types\/product"}],"replies":[{"embeddable":true,"href":"http:\/\/bestfitnessstore.com\/fr\/wp-json\/wp\/v2\/comments?post=435"}],"wp:featuredmedia":[{"embeddable":true,"href":"http:\/\/bestfitnessstore.com\/fr\/wp-json\/wp\/v2\/media\/434"}],"wp:attachment":[{"href":"http:\/\/bestfitnessstore.com\/fr\/wp-json\/wp\/v2\/media?parent=435"}],"wp:term":[{"taxonomy":"product_brand","embeddable":true,"href":"http:\/\/bestfitnessstore.com\/fr\/wp-json\/wp\/v2\/product_brand?post=435"},{"taxonomy":"product_cat","embeddable":true,"href":"http:\/\/bestfitnessstore.com\/fr\/wp-json\/wp\/v2\/product_cat?post=435"},{"taxonomy":"product_tag","embeddable":true,"href":"http:\/\/bestfitnessstore.com\/fr\/wp-json\/wp\/v2\/product_tag?post=435"}],"curies":[{"name":"wp","href":"https:\/\/api.w.org\/{rel}","templated":true}]}}