{"id":419,"date":"2025-11-16T01:18:08","date_gmt":"2025-11-16T01:18:08","guid":{"rendered":"https:\/\/bestfitnessstore.com\/?post_type=product&#038;p=419"},"modified":"2025-11-16T01:18:08","modified_gmt":"2025-11-16T01:18:08","slug":"matrix-fitness-a50-ascent-trainer-avec-console-xur","status":"publish","type":"product","link":"http:\/\/bestfitnessstore.com\/fr\/product\/matrix-fitness-a50-ascent-trainer-with-xur-console\/","title":{"rendered":"Matrix Fitness A50 Ascent Trainer avec console XUR"},"content":{"rendered":"<p><strong>INFORMATIONS SUR LES PRODUITS<\/strong><br \/>\nPoids de l'emballage (KG) : 182.000000<br \/>\nM\u00e9thode d'alimentation : \u00c9lectricit\u00e9 de r\u00e9seau<br \/>\nSupport de tablette : Oui<br \/>\nRoues de transport : Oui<br \/>\nHauteur maximale de l'utilisateur (cm) : 201<br \/>\nLongueur de la foul\u00e9e : 61<br \/>\nSurveillance de la fr\u00e9quence cardiaque : Capteurs int\u00e9gr\u00e9s et Bluetooth<br \/>\nProgrammes int\u00e9gr\u00e9s : Manuel, Roulements, Intervalles, Objectif de temps, Objectif de distance, Objectif de calories, Objectif de fr\u00e9quence cardiaque (vitesse), Objectif de fr\u00e9quence cardiaque (inclinaison), Sprint 8, Personnalis\u00e9<br \/>\nPoids du produit (KG) : 144<br \/>\nInt\u00e9gration d'applications : KinoMap, Zwift<br \/>\nBluetooth : Oui<br \/>\nHauteur minimale de l'utilisateur (cm) : 147<br \/>\nPosition du volant : Avant<br \/>\nHauteur de marche (CM) : 22<br \/>\nPoids maximum de l'utilisateur (kg) : 159.00 (Kg)<br \/>\nDimensions du produit (LxLxH) : 191 x 86 x 174 cm<\/p>\n<p><strong>CARACT\u00c9RISTIQUES SUPPL\u00c9MENTAIRES<\/strong><br \/>\nLongueur de foul\u00e9e variable : 51 - 61 cm \/ 20\u201d - 24\u201d<br \/>\nInclinaison : 24% - 54%<br \/>\nTechnologie elliptique \u00e0 suspension : Conception sans roues ni chenilles qui r\u00e9duit le bruit et les frottements<br \/>\nTechnologie PerfectStride\u2122 : Combine un mouvement de foul\u00e9e id\u00e9al et un positionnement ergonomique des pieds avec la longueur de foul\u00e9e variable pour un entra\u00eenement naturel ultime.<br \/>\nSyst\u00e8me de r\u00e9sistance : Frein \u00e0 induction Exact Force<br \/>\nNiveaux de r\u00e9sistance : 30 niveaux, \u00e9lectronique<br \/>\nType de guidon : Multi-grip, double action<br \/>\nExtras : Support pour bouteille d'eau, plateau pour accessoires, poign\u00e9es fixes avec poign\u00e9es de fr\u00e9quence cardiaque et boutons de r\u00e9sistance\/inclinaison.<br \/>\nConsole XUR : \u00e9cran tactile HD de 22 pouces avec connectivit\u00e9 Bluetooth \u00e9tendue, port USB, port HDMI, applications pour la console, support de lecture, mode \u00e9conomie d'\u00e9nergie, connectivit\u00e9 ViewFit (int\u00e9gration avec les applications de fitness). WiFi requis pour les applications et les mises \u00e0 jour logicielles.<br \/>\nProgrammes d'entra\u00eenement : 12<br \/>\nApplications de la console : Virtual Active, Sprint8, YouTube, Spotify, Netflix et plus encore. Abonnements non inclus<br \/>\nP\u00e9dales : Surdimensionn\u00e9es avec inserts en caoutchouc<br \/>\nDimensions (LxLxH) : 191 x 86 x 174 cm \/ 75.2\u201d x 33.9\u201d x 68.5\u201d<br \/>\nPoids assembl\u00e9 : 159 kg<br \/>\nCapacit\u00e9 de poids de l'utilisateur : 159 kg \/ 350 lbs<\/p>\n<p><strong>GARANTIE<\/strong><br \/>\nUsage domestique : 3 ans P\/L<\/p>","protected":false},"excerpt":{"rendered":"<p>Le Matrix Fitness A50 Ascent Trainer offre une exp\u00e9rience d'entra\u00eenement \u00e0 l'ascension ultime, gr\u00e2ce \u00e0 sa facilit\u00e9 d'inclinaison de puissance 24% - 54%. La technologie PerfectStride\u2122 associe un mouvement de foul\u00e9e id\u00e9al et un positionnement ergonomique des pieds \u00e0 une longueur de foul\u00e9e variable (51 - 61 cm). De plus, avec 30 niveaux de r\u00e9sistance \u00e9lectronique, vous \u00eates assur\u00e9 de relever un d\u00e9fi, quel que soit votre niveau de forme physique. B\u00e9n\u00e9ficiant de la technologie Suspension Elliptical de Matrix, l'A50 est dot\u00e9 d'une conception sans roue ni rail qui r\u00e9duit le bruit et les frottements pour une qualit\u00e9 durable, tout en offrant une sensation de douceur et de r\u00e9gularit\u00e9 sur l'ellipse. \u00c9quip\u00e9 de la toute nouvelle console haut de gamme XUR de Matrix, vous pouvez profiter de leur plus grand et plus lumineux \u00e9cran tactile HD de 22 pouces qui donne vie \u00e0 vos voyages virtuels, \u00e0 vos films et \u00e0 vos vid\u00e9os. Gr\u00e2ce \u00e0 la connectivit\u00e9 Bluetooth et ViewFit avanc\u00e9e, vous pouvez vous synchroniser avec les applications que vous utilisez d\u00e9j\u00e0, comme MyFitnessPal, Strava et bien d'autres, ou profiter de vos divertissements pr\u00e9f\u00e9r\u00e9s, notamment Netflix, Spotify et YouTube (abonnements non inclus). Connectez votre t\u00e9l\u00e9phone ou votre tablette via HDMI pour afficher votre appareil sur l'\u00e9cran HD, naviguer sur le Web, diffuser de la musique avec les haut-parleurs int\u00e9gr\u00e9s de 5 watts et bien plus encore ! Variez et motivez chaque s\u00e9ance d'entra\u00eenement gr\u00e2ce aux 12 programmes d'entra\u00eenement m\u00e9triques int\u00e9gr\u00e9s (dont le c\u00e9l\u00e8bre programme Sprint8 HIIT), cr\u00e9ez vos propres s\u00e9ances d'entra\u00eenement personnalis\u00e9es et r\u00e9p\u00e9tez les s\u00e9ances d'entra\u00eenement automatiquement enregistr\u00e9es dans votre calendrier d'entra\u00eenement. Obtenez le retour d'information le plus pr\u00e9cis sur la fr\u00e9quence cardiaque gr\u00e2ce \u00e0 la technologie de fr\u00e9quence cardiaque Polar int\u00e9gr\u00e9e, avec une sangle de fr\u00e9quence cardiaque Polar incluse avec le XUR. Le guidon multi-grip \u00e0 double action et stationnaire vous permet de changer rapidement d'objectif lors de votre s\u00e9ance, avec une bascule de r\u00e9sistance \/ inclinaison int\u00e9gr\u00e9e permettant des changements \u00e0 la vol\u00e9e.<\/p>\n<div class=\"product-attribute-container-desktop desktop-only\">\n<div class=\"additional-attributes-wrapper table-wrapper\"><\/div>\n<\/div>","protected":false},"featured_media":422,"comment_status":"open","ping_status":"closed","template":"","meta":{"site-sidebar-layout":"default","site-content-layout":"","ast-site-content-layout":"default","site-content-style":"default","site-sidebar-style":"default","ast-global-header-display":"","ast-banner-title-visibility":"","ast-main-header-display":"","ast-hfb-above-header-display":"","ast-hfb-below-header-display":"","ast-hfb-mobile-header-display":"","site-post-title":"","ast-breadcrumbs-content":"","ast-featured-img":"","footer-sml-layout":"","theme-transparent-header-meta":"default","adv-header-id-meta":"","stick-header-meta":"","header-above-stick-meta":"","header-main-stick-meta":"","header-below-stick-meta":"","astra-migrate-meta-layouts":"set","ast-page-background-enabled":"default","ast-page-background-meta":{"desktop":{"background-color":"var(--ast-global-color-5)","background-image":"","background-repeat":"repeat","background-position":"center center","background-size":"auto","background-attachment":"scroll","background-type":"","background-media":"","overlay-type":"","overlay-color":"","overlay-opacity":"","overlay-gradient":""},"tablet":{"background-color":"","background-image":"","background-repeat":"repeat","background-position":"center center","background-size":"auto","background-attachment":"scroll","background-type":"","background-media":"","overlay-type":"","overlay-color":"","overlay-opacity":"","overlay-gradient":""},"mobile":{"background-color":"","background-image":"","background-repeat":"repeat","background-position":"center center","background-size":"auto","background-attachment":"scroll","background-type":"","background-media":"","overlay-type":"","overlay-color":"","overlay-opacity":"","overlay-gradient":""}},"ast-content-background-meta":{"desktop":{"background-color":"var(--ast-global-color-4)","background-image":"","background-repeat":"repeat","background-position":"center center","background-size":"auto","background-attachment":"scroll","background-type":"","background-media":"","overlay-type":"","overlay-color":"","overlay-opacity":"","overlay-gradient":""},"tablet":{"background-color":"var(--ast-global-color-4)","background-image":"","background-repeat":"repeat","background-position":"center center","background-size":"auto","background-attachment":"scroll","background-type":"","background-media":"","overlay-type":"","overlay-color":"","overlay-opacity":"","overlay-gradient":""},"mobile":{"background-color":"var(--ast-global-color-4)","background-image":"","background-repeat":"repeat","background-position":"center center","background-size":"auto","background-attachment":"scroll","background-type":"","background-media":"","overlay-type":"","overlay-color":"","overlay-opacity":"","overlay-gradient":""}}},"product_brand":[],"product_cat":[18],"product_tag":[23],"class_list":{"0":"post-419","1":"product","2":"type-product","3":"status-publish","4":"has-post-thumbnail","6":"product_cat-cross-trainers","7":"product_tag-cross-trainers","8":"desktop-align-left","9":"tablet-align-left","10":"mobile-align-left","12":"first","13":"instock","14":"sale","15":"taxable","16":"shipping-taxable","17":"purchasable","18":"product-type-simple"},"_links":{"self":[{"href":"http:\/\/bestfitnessstore.com\/fr\/wp-json\/wp\/v2\/product\/419","targetHints":{"allow":["GET"]}}],"collection":[{"href":"http:\/\/bestfitnessstore.com\/fr\/wp-json\/wp\/v2\/product"}],"about":[{"href":"http:\/\/bestfitnessstore.com\/fr\/wp-json\/wp\/v2\/types\/product"}],"replies":[{"embeddable":true,"href":"http:\/\/bestfitnessstore.com\/fr\/wp-json\/wp\/v2\/comments?post=419"}],"wp:featuredmedia":[{"embeddable":true,"href":"http:\/\/bestfitnessstore.com\/fr\/wp-json\/wp\/v2\/media\/422"}],"wp:attachment":[{"href":"http:\/\/bestfitnessstore.com\/fr\/wp-json\/wp\/v2\/media?parent=419"}],"wp:term":[{"taxonomy":"product_brand","embeddable":true,"href":"http:\/\/bestfitnessstore.com\/fr\/wp-json\/wp\/v2\/product_brand?post=419"},{"taxonomy":"product_cat","embeddable":true,"href":"http:\/\/bestfitnessstore.com\/fr\/wp-json\/wp\/v2\/product_cat?post=419"},{"taxonomy":"product_tag","embeddable":true,"href":"http:\/\/bestfitnessstore.com\/fr\/wp-json\/wp\/v2\/product_tag?post=419"}],"curies":[{"name":"wp","href":"https:\/\/api.w.org\/{rel}","templated":true}]}}