{"id":1508,"date":"2025-11-26T07:40:08","date_gmt":"2025-11-26T07:40:08","guid":{"rendered":"https:\/\/bestfitnessstore.com\/?post_type=product&#038;p=1508"},"modified":"2025-11-26T07:40:08","modified_gmt":"2025-11-26T07:40:08","slug":"tapis-de-course-pliant-volta-vt30","status":"publish","type":"product","link":"http:\/\/bestfitnessstore.com\/fr\/product\/volta-vt30-folding-treadmill\/","title":{"rendered":"Tapis de course pliant Volta VT30"},"content":{"rendered":"<div class=\"product-attribute-container-desktop desktop-only\">\n<div class=\"additional-attributes-wrapper table-wrapper\">\n<h5>INFORMATIONS SUR LES PRODUITS<\/h5>\n<div class=\"attributes-container\">\n<ul class=\"product-attributes-container\">\n<li><span class=\"specification-title\">Poids de l'emballage (KG) :\u00a0<\/span><span class=\"specification-data\">103.000000<\/span><\/li>\n<li><span class=\"specification-title\">Int\u00e9gration des applications :\u00a0<\/span><span class=\"specification-data\">FITSHOW, Zwift<\/span><\/li>\n<li><span class=\"specification-title\">Pliage :\u00a0<\/span><span class=\"specification-data\">Oui<\/span><\/li>\n<li><span class=\"specification-title\">Poids maximal de l'utilisateur (kg) :\u00a0<\/span><span class=\"specification-data\">130,00 (Kg)<\/span><\/li>\n<li><span class=\"specification-title\">Roues de transport :\u00a0<\/span><span class=\"specification-data\">Oui<\/span><\/li>\n<li><span class=\"specification-title\">Dimensions de la bo\u00eete (LxLxH) :\u00a0<\/span><span class=\"specification-data\">200 x 96 x 32 cm<\/span><\/li>\n<\/ul>\n<ul class=\"product-attributes-container\">\n<li><span class=\"specification-title\">Poids du produit (KG) :\u00a0<\/span><span class=\"specification-data\">90<\/span><\/li>\n<li><span class=\"specification-title\">Bluetooth :\u00a0<\/span><span class=\"specification-data\">Oui<\/span><\/li>\n<li><span class=\"specification-title\">Surveillance de la fr\u00e9quence cardiaque :\u00a0<\/span><span class=\"specification-data\">Capteurs int\u00e9gr\u00e9s<\/span><\/li>\n<li><span class=\"specification-title\">Programmes int\u00e9gr\u00e9s :\u00a0<\/span><span class=\"specification-data\">24<\/span><\/li>\n<li><span class=\"specification-title\">Dimensions du produit (LxLxH) :\u00a0<\/span><span class=\"specification-data\">189 x 89 x 151 cm<\/span><\/li>\n<\/ul>\n<\/div>\n<\/div>\n<\/div>\n<div class=\"product-features\">\n<h5>CARACT\u00c9RISTIQUES SUPPL\u00c9MENTAIRES<\/h5>\n<div class=\"more-container\">\n<div class=\"unshow-text\">\n<ul class=\"product-features-container\">\n<li><span class=\"specification-title\">Moteur :<\/span>\u00a0<span class=\"specification-data\">DC 3.0HP<\/span><\/li>\n<li><span class=\"specification-title\">Gamme de vitesse :<\/span>\u00a0<span class=\"specification-data\">0,8-20 km\/h<\/span><\/li>\n<li><span class=\"specification-title\">Choix rapide de la vitesse :<\/span>\u00a0<span class=\"specification-data\">4<\/span><\/li>\n<li><span class=\"specification-title\">Plage d'inclinaison :<\/span>\u00a0<span class=\"specification-data\">15 niveaux<\/span><\/li>\n<li><span class=\"specification-title\">Choix rapide de l'inclinaison :<\/span>\u00a0<span class=\"specification-data\">4<\/span><\/li>\n<li><span class=\"specification-title\">Zone de fonctionnement :<\/span>\u00a0<span class=\"specification-data\">1400 x 510 mm<\/span><\/li>\n<li><span class=\"specification-title\">Affichage :<\/span>\u00a0<span class=\"specification-data\">4 grandes fen\u00eatres d'affichage LED blanches ; 1 fen\u00eatre LCD super-large<\/span><\/li>\n<li><span class=\"specification-title\">Affichage des donn\u00e9es :<\/span>\u00a0<span class=\"specification-data\">Temps, vitesse, inclinaison, distance, calories, pouls, rythme, pas<\/span><\/li>\n<li><span class=\"specification-title\">Touches de raccourci pour l'entra\u00eenement :<\/span>\u00a0<span class=\"specification-data\">6<\/span><\/li>\n<li><span class=\"specification-title\">Poign\u00e9e de commande :<\/span>\u00a0<span class=\"specification-data\">R\u00e9glage facile de la vitesse et de l'inclinaison<\/span><\/li>\n<li><span class=\"specification-title\">Surveillance du pouls :<\/span>\u00a0<span class=\"specification-data\">Capteurs de pouls int\u00e9gr\u00e9s aux mains courantes<\/span><\/li>\n<li><span class=\"specification-title\">Extras :<\/span>\u00a0<span class=\"specification-data\">Entr\u00e9e MP3 ; haut-parleur int\u00e9gr\u00e9 ; chargeur USB ; roulettes de transport ; conception pliable ;<\/span><\/li>\n<\/ul>\n<\/div>\n<\/div>\n<\/div>\n<div class=\"product-warranty\">\n<h5>GARANTIE<\/h5>\n<div class=\"text-container\"><strong>Utilisation \u00e0 domicile :<\/strong>\u00a02 ans pi\u00e8ces et main d'\u0153uvre. La garantie ne couvre pas les dommages ou les pannes dus \u00e0 un mauvais emplacement, y compris, mais sans s'y limiter, les environnements humides, poussi\u00e9reux ou ext\u00e9rieurs. Par exemple, les garages et les caves, etc.<\/div>\n<\/div>\n<div class=\"product-next-day\">\n<h5>LIVRAISON EXPRESS<\/h5>\n<div class=\"text-container\">Un grand nombre de nos produits sont livrables en express ou \u00e0 date fixe, ce qui signifie que vous pouvez recevoir votre produit d\u00e8s le lendemain ou \u00e0 la date qui vous convient. Veuillez v\u00e9rifier les options de livraison au moment du paiement pour conna\u00eetre les disponibilit\u00e9s pour votre panier et votre code postal. Les conditions de livraison s'appliquent.<\/div>\n<\/div>","protected":false},"excerpt":{"rendered":"<p>Capable d'atteindre des vitesses maximales de 20 km\/h et 15 niveaux d'inclinaison, le tapis de course pliant Volta VT30 est con\u00e7u pour offrir des s\u00e9ances d'entra\u00eenement en int\u00e9rieur efficaces \u00e0 chaque fois que vous y acc\u00e9dez. Sa bande de roulement de 1400 x 510 mm est entra\u00een\u00e9e par un moteur \u00e0 courant continu de 3,0 CV, avec des commandes de vitesse et d'inclinaison \u00e0 port\u00e9e de main pour augmenter l'intensit\u00e9 pendant que vous courez. La console se compose de quatre grandes fen\u00eatres d'affichage LED blanches et d'une tr\u00e8s grande fen\u00eatre LCD au centre pour une lecture facile du temps, de la vitesse, de l'inclinaison, de la distance, des calories, du pouls, de l'allure et du nombre de pas. Les poign\u00e9es de pouls se trouvent sur les rails lat\u00e9raux, tandis que la console comprend quatre choix rapides de vitesse et quatre choix rapides d'inclinaison. Le VT30 est \u00e9quip\u00e9 d'un total de 24 programmes d'entra\u00eenement pr\u00e9r\u00e9gl\u00e9s, avec six touches de raccourci pour choisir rapidement les programmes d'entra\u00eenement les plus courants. Pour un entra\u00eenement encore plus vari\u00e9, le Volta VT30 se connecte \u00e0 Zwift et FitShow, offrant des s\u00e9ances guid\u00e9es engageantes et sc\u00e9niques (appareils intelligents et abonnements aux applications non inclus). \u00c9coutez votre musique pr\u00e9f\u00e9r\u00e9e pendant que vous vous entra\u00eenez gr\u00e2ce \u00e0 l'entr\u00e9e MP3 et aux haut-parleurs int\u00e9gr\u00e9s - il y a m\u00eame un port USB int\u00e9gr\u00e9 pour garder votre appareil compl\u00e8tement charg\u00e9. Dot\u00e9e d'un cadre pliable, la plate-forme du Volta VT30 se replie en douceur pour lib\u00e9rer de l'espace au sol lorsque vous ne l'utilisez pas, et elle est \u00e9galement \u00e9quip\u00e9e de roulettes de transport pour faciliter son d\u00e9placement.<\/p>\n<div class=\"product-attribute-container-desktop desktop-only\">\n<div class=\"additional-attributes-wrapper table-wrapper\"><\/div>\n<\/div>","protected":false},"featured_media":1512,"comment_status":"open","ping_status":"closed","template":"","meta":{"site-sidebar-layout":"default","site-content-layout":"","ast-site-content-layout":"default","site-content-style":"default","site-sidebar-style":"default","ast-global-header-display":"","ast-banner-title-visibility":"","ast-main-header-display":"","ast-hfb-above-header-display":"","ast-hfb-below-header-display":"","ast-hfb-mobile-header-display":"","site-post-title":"","ast-breadcrumbs-content":"","ast-featured-img":"","footer-sml-layout":"","theme-transparent-header-meta":"default","adv-header-id-meta":"","stick-header-meta":"","header-above-stick-meta":"","header-main-stick-meta":"","header-below-stick-meta":"","astra-migrate-meta-layouts":"set","ast-page-background-enabled":"default","ast-page-background-meta":{"desktop":{"background-color":"var(--ast-global-color-5)","background-image":"","background-repeat":"repeat","background-position":"center center","background-size":"auto","background-attachment":"scroll","background-type":"","background-media":"","overlay-type":"","overlay-color":"","overlay-opacity":"","overlay-gradient":""},"tablet":{"background-color":"","background-image":"","background-repeat":"repeat","background-position":"center center","background-size":"auto","background-attachment":"scroll","background-type":"","background-media":"","overlay-type":"","overlay-color":"","overlay-opacity":"","overlay-gradient":""},"mobile":{"background-color":"","background-image":"","background-repeat":"repeat","background-position":"center center","background-size":"auto","background-attachment":"scroll","background-type":"","background-media":"","overlay-type":"","overlay-color":"","overlay-opacity":"","overlay-gradient":""}},"ast-content-background-meta":{"desktop":{"background-color":"var(--ast-global-color-4)","background-image":"","background-repeat":"repeat","background-position":"center center","background-size":"auto","background-attachment":"scroll","background-type":"","background-media":"","overlay-type":"","overlay-color":"","overlay-opacity":"","overlay-gradient":""},"tablet":{"background-color":"var(--ast-global-color-4)","background-image":"","background-repeat":"repeat","background-position":"center center","background-size":"auto","background-attachment":"scroll","background-type":"","background-media":"","overlay-type":"","overlay-color":"","overlay-opacity":"","overlay-gradient":""},"mobile":{"background-color":"var(--ast-global-color-4)","background-image":"","background-repeat":"repeat","background-position":"center center","background-size":"auto","background-attachment":"scroll","background-type":"","background-media":"","overlay-type":"","overlay-color":"","overlay-opacity":"","overlay-gradient":""}}},"product_brand":[],"product_cat":[21],"product_tag":[25],"class_list":{"0":"post-1508","1":"product","2":"type-product","3":"status-publish","4":"has-post-thumbnail","6":"product_cat-treadmills","7":"product_tag-treadmills","8":"desktop-align-left","9":"tablet-align-left","10":"mobile-align-left","12":"first","13":"instock","14":"sale","15":"taxable","16":"shipping-taxable","17":"purchasable","18":"product-type-simple"},"_links":{"self":[{"href":"http:\/\/bestfitnessstore.com\/fr\/wp-json\/wp\/v2\/product\/1508","targetHints":{"allow":["GET"]}}],"collection":[{"href":"http:\/\/bestfitnessstore.com\/fr\/wp-json\/wp\/v2\/product"}],"about":[{"href":"http:\/\/bestfitnessstore.com\/fr\/wp-json\/wp\/v2\/types\/product"}],"replies":[{"embeddable":true,"href":"http:\/\/bestfitnessstore.com\/fr\/wp-json\/wp\/v2\/comments?post=1508"}],"wp:featuredmedia":[{"embeddable":true,"href":"http:\/\/bestfitnessstore.com\/fr\/wp-json\/wp\/v2\/media\/1512"}],"wp:attachment":[{"href":"http:\/\/bestfitnessstore.com\/fr\/wp-json\/wp\/v2\/media?parent=1508"}],"wp:term":[{"taxonomy":"product_brand","embeddable":true,"href":"http:\/\/bestfitnessstore.com\/fr\/wp-json\/wp\/v2\/product_brand?post=1508"},{"taxonomy":"product_cat","embeddable":true,"href":"http:\/\/bestfitnessstore.com\/fr\/wp-json\/wp\/v2\/product_cat?post=1508"},{"taxonomy":"product_tag","embeddable":true,"href":"http:\/\/bestfitnessstore.com\/fr\/wp-json\/wp\/v2\/product_tag?post=1508"}],"curies":[{"name":"wp","href":"https:\/\/api.w.org\/{rel}","templated":true}]}}