{"id":1471,"date":"2025-11-26T06:48:25","date_gmt":"2025-11-26T06:48:25","guid":{"rendered":"https:\/\/bestfitnessstore.com\/?post_type=product&#038;p=1471"},"modified":"2025-11-26T06:48:25","modified_gmt":"2025-11-26T06:48:25","slug":"tapis-de-course-pliant-spirit-xt185","status":"publish","type":"product","link":"http:\/\/bestfitnessstore.com\/fr\/product\/spirit-xt185-folding-treadmill\/","title":{"rendered":"Tapis de course pliant Spirit XT185"},"content":{"rendered":"<div class=\"product-attribute-container-desktop desktop-only\">\n<div class=\"additional-attributes-wrapper table-wrapper\">\n<h4>INFORMATIONS SUR LES PRODUITS<\/h4>\n<div class=\"attributes-container\">\n<ul class=\"product-attributes-container\">\n<li><span class=\"specification-title\">Poids de l'emballage (KG) :\u00a0<\/span><span class=\"specification-data\">112.000000<\/span><\/li>\n<li><span class=\"specification-title\">M\u00e9thode d'alimentation :\u00a0<\/span><span class=\"specification-data\">\u00c9lectricit\u00e9 de r\u00e9seau<\/span><\/li>\n<li><span class=\"specification-title\">Support de tablette :\u00a0<\/span><span class=\"specification-data\">Oui<\/span><\/li>\n<li><span class=\"specification-title\">Surveillance de la fr\u00e9quence cardiaque :\u00a0<\/span><span class=\"specification-data\">Capteurs int\u00e9gr\u00e9s<\/span><\/li>\n<li><span class=\"specification-title\">Programmes int\u00e9gr\u00e9s :\u00a0<\/span><span class=\"specification-data\">Manuel, colline, br\u00fbler les graisses, cardio, force, HIIT, fusion, 5K, 10K, temps, distance, calories, 2 utilisateurs<\/span><\/li>\n<li><span class=\"specification-title\">Dimensions du produit (LxLxH) :\u00a0<\/span><span class=\"specification-data\">193 x 89 x 150 cm<\/span><\/li>\n<\/ul>\n<ul class=\"product-attributes-container\">\n<li><span class=\"specification-title\">Poids du produit (KG) :\u00a0<\/span><span class=\"specification-data\">100.50<\/span><\/li>\n<li><span class=\"specification-title\">Int\u00e9gration des applications :\u00a0<\/span><span class=\"specification-data\">KinoMap, SPIRIT+, Zwift<\/span><\/li>\n<li><span class=\"specification-title\">Pliage :\u00a0<\/span><span class=\"specification-data\">Oui<\/span><\/li>\n<li><span class=\"specification-title\">Poids maximal de l'utilisateur (kg) :\u00a0<\/span><span class=\"specification-data\">125,00 (Kg)<\/span><\/li>\n<li><span class=\"specification-title\">Roues de transport :\u00a0<\/span><span class=\"specification-data\">Oui<\/span><\/li>\n<li><span class=\"specification-title\">Dimensions de la bo\u00eete (LxLxH) :\u00a0<\/span><span class=\"specification-data\">203,50 x 91 x 38 cm<\/span><\/li>\n<\/ul>\n<\/div>\n<\/div>\n<\/div>\n<div class=\"product-features\">\n<h4>CARACT\u00c9RISTIQUES SUPPL\u00c9MENTAIRES<\/h4>\n<div class=\"more-container\">\n<div class=\"unshow-text\">\n<ul class=\"product-features-container\">\n<li><span class=\"specification-title\">Console :<\/span>\u00a0<span class=\"specification-data\">\u00c9cran LCD r\u00e9tro\u00e9clair\u00e9 bleu de 7,5 pouces, support de lecture adapt\u00e9 aux tablettes, ventilateur r\u00e9glable, s\u00e9curit\u00e9 enfant<\/span><\/li>\n<li><span class=\"specification-title\">Fr\u00e9quence cardiaque :<\/span>\u00a0<span class=\"specification-data\">Poign\u00e9es d'impulsion<\/span><\/li>\n<li><span class=\"specification-title\">Vitesse\/Inclinaison :<\/span>\u00a0<span class=\"specification-data\">1-16 km\/h \/ 10 niveaux<\/span><\/li>\n<li><span class=\"specification-title\">Cl\u00e9 de s\u00e9curit\u00e9 :<\/span>\u00a0<span class=\"specification-data\">Inclus<\/span><\/li>\n<li><span class=\"specification-title\">Moteur d'entra\u00eenement :<\/span>\u00a0<span class=\"specification-data\">3,0 CV<\/span><\/li>\n<li><span class=\"specification-title\">Terrasse :<\/span>\u00a0<span class=\"specification-data\">18mm Ph\u00e9nolique, lubrifi\u00e9 au silicone<\/span><\/li>\n<li><span class=\"specification-title\">Ceinture :<\/span>\u00a0<span class=\"specification-data\">510 x 1400mm<\/span><\/li>\n<li><span class=\"specification-title\">Rouleau :<\/span>\u00a0<span class=\"specification-data\">60\/46 (couronn\u00e9)<\/span><\/li>\n<li><span class=\"specification-title\">Cadre :<\/span>\u00a0<span class=\"specification-data\">Pliable, avec assistance au levage et d\u00e9ploiement lent, peinture poudre durable<\/span><\/li>\n<li><span class=\"specification-title\">A noter :<\/span>\u00a0<span class=\"specification-data\">Tablette non incluse<\/span><\/li>\n<\/ul>\n<\/div>\n<\/div>\n<\/div>\n<div class=\"product-warranty\">\n<h4>GARANTIE<\/h4>\n<div class=\"text-container\"><strong>Utilisation \u00e0 domicile :<\/strong>\u00a010 ans sur le moteur, 3 ans sur les pi\u00e8ces et 3 ans sur la main-d'\u0153uvre. Le produit doit \u00eatre utilis\u00e9\/stock\u00e9 dans un environnement appropri\u00e9 (les endroits o\u00f9 le b\u00e9ton est humide et non scell\u00e9 ou les endroits o\u00f9 il y a un flux d'air constant vers l'ext\u00e9rieur ne sont pas consid\u00e9r\u00e9s comme appropri\u00e9s). La garantie n'est pas valable en dehors du Royaume-Uni continental et n'est pas offerte en Irlande du Nord ou en Irlande.<\/div>\n<\/div>\n<div class=\"product-next-day\">\n<h4>LIVRAISON EXPRESS<\/h4>\n<div class=\"text-container\">Un grand nombre de nos produits sont livrables en express ou \u00e0 date fixe, ce qui signifie que vous pouvez recevoir votre produit d\u00e8s le lendemain ou \u00e0 la date qui vous convient. Veuillez v\u00e9rifier les options de livraison au moment du paiement pour conna\u00eetre les disponibilit\u00e9s pour votre panier et votre code postal. Les conditions de livraison s'appliquent.<\/div>\n<\/div>","protected":false},"excerpt":{"rendered":"<p>Le tapis de course pliant Spirit XT185 est construit avec un cadre \u00e9l\u00e9gant en acier m\u00e9tallique anthracite qui r\u00e9siste aux rigueurs de l'entra\u00eenement cardio \u00e0 domicile. Il est \u00e9quip\u00e9 d'un moteur PowerMax fiable de 3,0 CV, qui permet au XT185 d'atteindre une vitesse maximale de 16 km\/h et 10 niveaux d'inclinaison. La grande surface de course de 510 x 1400 mm est \u00e9quip\u00e9e d'un syst\u00e8me d'assistance au levage pour un rangement facile et d'un syst\u00e8me de d\u00e9ploiement lent pour un d\u00e9pliage en toute s\u00e9curit\u00e9. L'\u00e9cran LCD r\u00e9tro\u00e9clair\u00e9 bleu de 7,5 pouces du Spirit XT185 affiche les donn\u00e9es d'entra\u00eenement telles que les calories, la distance, les tours, l'allure, le temps et la fr\u00e9quence cardiaque (mesur\u00e9e \u00e0 l'aide des poign\u00e9es de pouls int\u00e9gr\u00e9es). Vous pouvez choisir parmi une vari\u00e9t\u00e9 de programmes d'entra\u00eenement int\u00e9gr\u00e9s, notamment Manuel, Colline, Br\u00fbler les graisses, Cardio, Force, HIIT, Fusion, 5K, 10K, Temps, Distance, Calories et 2 Utilisateur. Le XT185 se connecte \u00e9galement \u00e0 certaines des principales applications de fitness comme Zwift et Kinomap, ainsi qu'\u00e0 Map My Fitness, Apple Health Kit et plus encore via l'application Spirit+. La console est \u00e9galement \u00e9quip\u00e9e de haut-parleurs Bluetooth int\u00e9gr\u00e9s, d'un rebord pour tablette, d'un rebord pour t\u00e9l\u00e9phone, de deux porte-gobelets, d'un ventilateur r\u00e9glable et d'un syst\u00e8me de verrouillage pour enfants.<\/p>\n<div class=\"product-attribute-container-desktop desktop-only\">\n<div class=\"additional-attributes-wrapper table-wrapper\"><\/div>\n<\/div>","protected":false},"featured_media":1475,"comment_status":"open","ping_status":"closed","template":"","meta":{"site-sidebar-layout":"default","site-content-layout":"","ast-site-content-layout":"default","site-content-style":"default","site-sidebar-style":"default","ast-global-header-display":"","ast-banner-title-visibility":"","ast-main-header-display":"","ast-hfb-above-header-display":"","ast-hfb-below-header-display":"","ast-hfb-mobile-header-display":"","site-post-title":"","ast-breadcrumbs-content":"","ast-featured-img":"","footer-sml-layout":"","theme-transparent-header-meta":"default","adv-header-id-meta":"","stick-header-meta":"","header-above-stick-meta":"","header-main-stick-meta":"","header-below-stick-meta":"","astra-migrate-meta-layouts":"set","ast-page-background-enabled":"default","ast-page-background-meta":{"desktop":{"background-color":"var(--ast-global-color-5)","background-image":"","background-repeat":"repeat","background-position":"center center","background-size":"auto","background-attachment":"scroll","background-type":"","background-media":"","overlay-type":"","overlay-color":"","overlay-opacity":"","overlay-gradient":""},"tablet":{"background-color":"","background-image":"","background-repeat":"repeat","background-position":"center center","background-size":"auto","background-attachment":"scroll","background-type":"","background-media":"","overlay-type":"","overlay-color":"","overlay-opacity":"","overlay-gradient":""},"mobile":{"background-color":"","background-image":"","background-repeat":"repeat","background-position":"center center","background-size":"auto","background-attachment":"scroll","background-type":"","background-media":"","overlay-type":"","overlay-color":"","overlay-opacity":"","overlay-gradient":""}},"ast-content-background-meta":{"desktop":{"background-color":"var(--ast-global-color-4)","background-image":"","background-repeat":"repeat","background-position":"center center","background-size":"auto","background-attachment":"scroll","background-type":"","background-media":"","overlay-type":"","overlay-color":"","overlay-opacity":"","overlay-gradient":""},"tablet":{"background-color":"var(--ast-global-color-4)","background-image":"","background-repeat":"repeat","background-position":"center center","background-size":"auto","background-attachment":"scroll","background-type":"","background-media":"","overlay-type":"","overlay-color":"","overlay-opacity":"","overlay-gradient":""},"mobile":{"background-color":"var(--ast-global-color-4)","background-image":"","background-repeat":"repeat","background-position":"center center","background-size":"auto","background-attachment":"scroll","background-type":"","background-media":"","overlay-type":"","overlay-color":"","overlay-opacity":"","overlay-gradient":""}}},"product_brand":[],"product_cat":[21],"product_tag":[25],"class_list":{"0":"post-1471","1":"product","2":"type-product","3":"status-publish","4":"has-post-thumbnail","6":"product_cat-treadmills","7":"product_tag-treadmills","8":"desktop-align-left","9":"tablet-align-left","10":"mobile-align-left","12":"first","13":"instock","14":"sale","15":"taxable","16":"shipping-taxable","17":"purchasable","18":"product-type-simple"},"_links":{"self":[{"href":"http:\/\/bestfitnessstore.com\/fr\/wp-json\/wp\/v2\/product\/1471","targetHints":{"allow":["GET"]}}],"collection":[{"href":"http:\/\/bestfitnessstore.com\/fr\/wp-json\/wp\/v2\/product"}],"about":[{"href":"http:\/\/bestfitnessstore.com\/fr\/wp-json\/wp\/v2\/types\/product"}],"replies":[{"embeddable":true,"href":"http:\/\/bestfitnessstore.com\/fr\/wp-json\/wp\/v2\/comments?post=1471"}],"wp:featuredmedia":[{"embeddable":true,"href":"http:\/\/bestfitnessstore.com\/fr\/wp-json\/wp\/v2\/media\/1475"}],"wp:attachment":[{"href":"http:\/\/bestfitnessstore.com\/fr\/wp-json\/wp\/v2\/media?parent=1471"}],"wp:term":[{"taxonomy":"product_brand","embeddable":true,"href":"http:\/\/bestfitnessstore.com\/fr\/wp-json\/wp\/v2\/product_brand?post=1471"},{"taxonomy":"product_cat","embeddable":true,"href":"http:\/\/bestfitnessstore.com\/fr\/wp-json\/wp\/v2\/product_cat?post=1471"},{"taxonomy":"product_tag","embeddable":true,"href":"http:\/\/bestfitnessstore.com\/fr\/wp-json\/wp\/v2\/product_tag?post=1471"}],"curies":[{"name":"wp","href":"https:\/\/api.w.org\/{rel}","templated":true}]}}