{"id":1206,"date":"2025-11-25T13:52:20","date_gmt":"2025-11-25T13:52:20","guid":{"rendered":"https:\/\/bestfitnessstore.com\/?post_type=product&#038;p=1206"},"modified":"2025-11-25T13:52:20","modified_gmt":"2025-11-25T13:52:20","slug":"life-fitness-f3-tapis-de-course-pliant-avec-console-go","status":"publish","type":"product","link":"http:\/\/bestfitnessstore.com\/fr\/product\/life-fitness-f3-folding-treadmill-with-go-console\/","title":{"rendered":"Life Fitness F3 Tapis de course pliant avec console Go"},"content":{"rendered":"<div class=\"product-attribute-container-desktop desktop-only\">\n<div class=\"additional-attributes-wrapper table-wrapper\">\n<h4>INFORMATIONS SUR LES PRODUITS<\/h4>\n<div class=\"attributes-container\">\n<ul class=\"product-attributes-container\">\n<li><span class=\"specification-title\">Poids de l'emballage (KG) :\u00a0<\/span><span class=\"specification-data\">139.500000<\/span><\/li>\n<li><span class=\"specification-title\">M\u00e9thode d'alimentation :\u00a0<\/span><span class=\"specification-data\">\u00c9lectricit\u00e9 de r\u00e9seau<\/span><\/li>\n<li><span class=\"specification-title\">Support de tablette :\u00a0<\/span><span class=\"specification-data\">Non<\/span><\/li>\n<li><span class=\"specification-title\">Pliage :\u00a0<\/span><span class=\"specification-data\">Oui<\/span><\/li>\n<li><span class=\"specification-title\">Poids maximal de l'utilisateur (kg) :\u00a0<\/span><span class=\"specification-data\">159.00 (Kg)<\/span><\/li>\n<li><span class=\"specification-title\">Roues de transport :\u00a0<\/span><span class=\"specification-data\">Oui<\/span><\/li>\n<li><span class=\"specification-title\">Pli\u00e9 Dimensions (LxLxH) :\u00a0<\/span><span class=\"specification-data\">86 x 87 x 192 cm<\/span><\/li>\n<\/ul>\n<ul class=\"product-attributes-container\">\n<li><span class=\"specification-title\">Poids du produit (KG) :\u00a0<\/span><span class=\"specification-data\">120<\/span><\/li>\n<li><span class=\"specification-title\">Int\u00e9gration des applications :\u00a0<\/span><span class=\"specification-data\">Life Fitness Connect<\/span><\/li>\n<li><span class=\"specification-title\">Bluetooth :\u00a0<\/span><span class=\"specification-data\">Non<\/span><\/li>\n<li><span class=\"specification-title\">Surveillance de la fr\u00e9quence cardiaque :\u00a0<\/span><span class=\"specification-data\">Capteurs analogiques int\u00e9gr\u00e9s<\/span><\/li>\n<li><span class=\"specification-title\">Programmes int\u00e9gr\u00e9s :\u00a0<\/span><span class=\"specification-data\">12 s\u00e9ances d'entra\u00eenement pr\u00e9r\u00e9gl\u00e9es : manuel, al\u00e9atoire, en c\u00f4te, inclinaison\/r\u00e9sistance EZ, entra\u00eenement sportif, combustion des graisses, cardio, fr\u00e9quence cardiaque en c\u00f4te\u2122, intervalle de fr\u00e9quence cardiaque, fr\u00e9quence cardiaque extr\u00eame\u2122, calories, distance, objectif de fr\u00e9quence cardiaque - plus mode course, modes refroidissement\/r\u00e9chauffement.<\/span><\/li>\n<li><span class=\"specification-title\">Dimensions du produit (LxLxH) :\u00a0<\/span><span class=\"specification-data\">198,50 x 87 x 148 cm<\/span><\/li>\n<\/ul>\n<\/div>\n<\/div>\n<\/div>\n<div class=\"product-features\">\n<h4>CARACT\u00c9RISTIQUES SUPPL\u00c9MENTAIRES<\/h4>\n<div class=\"more-container\">\n<div class=\"unshow-text\">\n<ul class=\"product-features-container\">\n<li><span class=\"specification-title\">Moteur :<\/span>\u00a0<span class=\"specification-data\">Moteur \u00e0 courant continu de 3,0 HP avec contr\u00f4leur de moteur MagnaDrive\u2122<\/span><\/li>\n<li><span class=\"specification-title\">Terrasse :<\/span>\u00a0<span class=\"specification-data\">1\u2033 panneau de fibres de densit\u00e9 moyenne<\/span><\/li>\n<li><span class=\"specification-title\">Syst\u00e8me d'absorption des chocs FlexDeck\u00ae :<\/span>\u00a0<span class=\"specification-data\">R\u00e9duit l'impact de 30%<\/span><\/li>\n<li><span class=\"specification-title\">Vitesse :<\/span>\u00a0<span class=\"specification-data\">0,8-16km\/h<\/span><\/li>\n<li><span class=\"specification-title\">Inclinaison :<\/span>\u00a0<span class=\"specification-data\">0-12% (par incr\u00e9ments de 0,5%)<\/span><\/li>\n<li><span class=\"specification-title\">Domaine d'action :<\/span>\u00a0<span class=\"specification-data\">51 cm x 140cm (20 x 55\u201d)<\/span><\/li>\n<li><span class=\"specification-title\">Aller \u00e0 la console :<\/span>\u00a0<span class=\"specification-data\">2 profils d'utilisateur, 13 s\u00e9ances d'entra\u00eenement, 2 s\u00e9ances d'entra\u00eenement personnalis\u00e9es<\/span><\/li>\n<li><span class=\"specification-title\">Affichage :<\/span>\u00a0<span class=\"specification-data\">4 x 6\u2033 LCD avec fond bleu avec Go System\u2122 Quick Start<\/span><\/li>\n<li><span class=\"specification-title\">Retour d'information sur l'affichage :<\/span>\u00a0<span class=\"specification-data\">Calories, distance, vitesse (mph\/km\/h), inclinaison, temps, fr\u00e9quence cardiaque, fr\u00e9quence cardiaque cible, METs, allure<\/span><\/li>\n<li><span class=\"specification-title\">Entra\u00eenements personnalis\u00e9s :<\/span>\u00a0<span class=\"specification-data\">1 par profil d'utilisateur<\/span><\/li>\n<li><span class=\"specification-title\">Mains courantes :<\/span>\u00a0<span class=\"specification-data\">Rails lat\u00e9raux et guidon avant ErgoGrip\u2122 pour la stabilit\u00e9.<\/span><\/li>\n<li><span class=\"specification-title\">Caract\u00e9ristiques de s\u00e9curit\u00e9 :<\/span>\u00a0<span class=\"specification-data\">Levier de d\u00e9verrouillage \u00e0 l'\u00e9preuve des enfants<\/span><\/li>\n<li><span class=\"specification-title\">Accessoires :<\/span>\u00a0<span class=\"specification-data\">Deux porte-gobelets surdimensionn\u00e9s, support de lecture et plateau d'accessoires<\/span><\/li>\n<li><span class=\"specification-title\">Mode \u00e9conomie d'\u00e9nergie :<\/span>\u00a0<span class=\"specification-data\">R\u00e9duction de la consommation d'\u00e9nergie<\/span><\/li>\n<\/ul>\n<\/div>\n<\/div>\n<\/div>\n<div class=\"product-warranty\">\n<h4>GARANTIE<\/h4>\n<div class=\"text-container\"><strong>Utilisation \u00e0 domicile :<\/strong>\u00a010 ans sur le ch\u00e2ssis, 10 ans sur le moteur, 3 ans sur les pi\u00e8ces et la main d'\u0153uvre, 3 mois sur les \u00e9l\u00e9ments cosm\u00e9tiques.<\/div>\n<\/div>\n<div class=\"product-next-day\">\n<h4>LIVRAISON EXPRESS<\/h4>\n<div class=\"text-container\">Un grand nombre de nos produits sont livrables en express ou \u00e0 date fixe, ce qui signifie que vous pouvez recevoir votre produit d\u00e8s le lendemain ou \u00e0 la date qui vous convient. Veuillez v\u00e9rifier les options de livraison au moment du paiement pour conna\u00eetre les disponibilit\u00e9s pour votre panier et votre code postal. Les conditions de livraison s'appliquent.<\/div>\n<\/div>","protected":false},"excerpt":{"rendered":"<p>Le tapis roulant pliant Life Fitness F3 est un tapis roulant pliant qui ne sacrifie pas la qualit\u00e9. Dot\u00e9 de composants de la plus haute qualit\u00e9, d'un design \u00e9l\u00e9gant et d'un cadre robuste, vous serez \u00e9tonn\u00e9 qu'il soit r\u00e9ellement pliable ! Entra\u00een\u00e9 par un puissant et silencieux moteur MagnaDrive\u2122 de 3,0 CV, vous pouvez repousser vos limites sans vous laisser distraire, m\u00eame lorsque vous atteignez la vitesse maximale de 16 km\/h. Con\u00e7ue pour offrir confort et soutien, la F3 est \u00e9quip\u00e9e d'un syst\u00e8me brevet\u00e9 d'absorption des chocs FlexDeck\u00ae, qui r\u00e9duit l'impact sur vos articulations de pr\u00e8s de 30%. NAVIGATION SIMPLE La console Go vous offre une interface tr\u00e8s facile \u00e0 utiliser, qui affiche toutes les informations importantes relatives \u00e0 votre entra\u00eenement. Pour plus de commodit\u00e9, le pav\u00e9 de commande inf\u00e9rieur rapproche les boutons de vous, tandis que le Go System\u2122 Quick Start m\u00e9morise vos vitesses et positions d'inclinaison pr\u00e9f\u00e9r\u00e9es. Par cons\u00e9quent, vous pouvez d\u00e9marrer d'une simple pression sur un bouton. Vous pouvez \u00e9galement suivre votre fr\u00e9quence cardiaque en utilisant soit le syst\u00e8me de surveillance de la fr\u00e9quence cardiaque sans fil, soit les capteurs de contact du guidon. ENTRA\u00ceNEMENT La console Go comprend 13 programmes d'entra\u00eenement, ce qui est parfait si vous souhaitez disposer d'une gamme simplifi\u00e9e de programmes \u00e0 choisir. Vous avez \u00e9galement la possibilit\u00e9 d'enregistrer jusqu'\u00e0 deux profils d'utilisateur personnalis\u00e9s pour un entra\u00eenement plus adapt\u00e9. Le F3 est facile \u00e0 ranger. Facile \u00e0 replier verticalement, il est \u00e9galement \u00e9quip\u00e9 d'une serrure de s\u00e9curit\u00e9 \u00e0 l'\u00e9preuve des enfants pour plus de s\u00e9curit\u00e9. \u00c9galement disponible avec une console Track.<\/p>\n<div class=\"product-attribute-container-desktop desktop-only\">\n<div class=\"additional-attributes-wrapper table-wrapper\"><\/div>\n<\/div>","protected":false},"featured_media":1208,"comment_status":"open","ping_status":"closed","template":"","meta":{"site-sidebar-layout":"default","site-content-layout":"","ast-site-content-layout":"default","site-content-style":"default","site-sidebar-style":"default","ast-global-header-display":"","ast-banner-title-visibility":"","ast-main-header-display":"","ast-hfb-above-header-display":"","ast-hfb-below-header-display":"","ast-hfb-mobile-header-display":"","site-post-title":"","ast-breadcrumbs-content":"","ast-featured-img":"","footer-sml-layout":"","theme-transparent-header-meta":"default","adv-header-id-meta":"","stick-header-meta":"","header-above-stick-meta":"","header-main-stick-meta":"","header-below-stick-meta":"","astra-migrate-meta-layouts":"set","ast-page-background-enabled":"default","ast-page-background-meta":{"desktop":{"background-color":"var(--ast-global-color-5)","background-image":"","background-repeat":"repeat","background-position":"center center","background-size":"auto","background-attachment":"scroll","background-type":"","background-media":"","overlay-type":"","overlay-color":"","overlay-opacity":"","overlay-gradient":""},"tablet":{"background-color":"","background-image":"","background-repeat":"repeat","background-position":"center center","background-size":"auto","background-attachment":"scroll","background-type":"","background-media":"","overlay-type":"","overlay-color":"","overlay-opacity":"","overlay-gradient":""},"mobile":{"background-color":"","background-image":"","background-repeat":"repeat","background-position":"center center","background-size":"auto","background-attachment":"scroll","background-type":"","background-media":"","overlay-type":"","overlay-color":"","overlay-opacity":"","overlay-gradient":""}},"ast-content-background-meta":{"desktop":{"background-color":"var(--ast-global-color-4)","background-image":"","background-repeat":"repeat","background-position":"center center","background-size":"auto","background-attachment":"scroll","background-type":"","background-media":"","overlay-type":"","overlay-color":"","overlay-opacity":"","overlay-gradient":""},"tablet":{"background-color":"var(--ast-global-color-4)","background-image":"","background-repeat":"repeat","background-position":"center center","background-size":"auto","background-attachment":"scroll","background-type":"","background-media":"","overlay-type":"","overlay-color":"","overlay-opacity":"","overlay-gradient":""},"mobile":{"background-color":"var(--ast-global-color-4)","background-image":"","background-repeat":"repeat","background-position":"center center","background-size":"auto","background-attachment":"scroll","background-type":"","background-media":"","overlay-type":"","overlay-color":"","overlay-opacity":"","overlay-gradient":""}}},"product_brand":[],"product_cat":[21],"product_tag":[25],"class_list":{"0":"post-1206","1":"product","2":"type-product","3":"status-publish","4":"has-post-thumbnail","6":"product_cat-treadmills","7":"product_tag-treadmills","8":"desktop-align-left","9":"tablet-align-left","10":"mobile-align-left","12":"first","13":"instock","14":"sale","15":"taxable","16":"shipping-taxable","17":"purchasable","18":"product-type-simple"},"_links":{"self":[{"href":"http:\/\/bestfitnessstore.com\/fr\/wp-json\/wp\/v2\/product\/1206","targetHints":{"allow":["GET"]}}],"collection":[{"href":"http:\/\/bestfitnessstore.com\/fr\/wp-json\/wp\/v2\/product"}],"about":[{"href":"http:\/\/bestfitnessstore.com\/fr\/wp-json\/wp\/v2\/types\/product"}],"replies":[{"embeddable":true,"href":"http:\/\/bestfitnessstore.com\/fr\/wp-json\/wp\/v2\/comments?post=1206"}],"wp:featuredmedia":[{"embeddable":true,"href":"http:\/\/bestfitnessstore.com\/fr\/wp-json\/wp\/v2\/media\/1208"}],"wp:attachment":[{"href":"http:\/\/bestfitnessstore.com\/fr\/wp-json\/wp\/v2\/media?parent=1206"}],"wp:term":[{"taxonomy":"product_brand","embeddable":true,"href":"http:\/\/bestfitnessstore.com\/fr\/wp-json\/wp\/v2\/product_brand?post=1206"},{"taxonomy":"product_cat","embeddable":true,"href":"http:\/\/bestfitnessstore.com\/fr\/wp-json\/wp\/v2\/product_cat?post=1206"},{"taxonomy":"product_tag","embeddable":true,"href":"http:\/\/bestfitnessstore.com\/fr\/wp-json\/wp\/v2\/product_tag?post=1206"}],"curies":[{"name":"wp","href":"https:\/\/api.w.org\/{rel}","templated":true}]}}