{"id":1132,"date":"2025-11-25T10:07:30","date_gmt":"2025-11-25T10:07:30","guid":{"rendered":"https:\/\/bestfitnessstore.com\/?post_type=product&#038;p=1132"},"modified":"2025-11-25T10:07:30","modified_gmt":"2025-11-25T10:07:30","slug":"bh-fitness-rs1200-full-commercial-treadmill-with-led-console","status":"publish","type":"product","link":"http:\/\/bestfitnessstore.com\/fr\/product\/bh-fitness-rs1200-full-commercial-treadmill-with-led-console\/","title":{"rendered":"BH Fitness RS1200 Tapis de course commercial complet avec console LED"},"content":{"rendered":"<div class=\"product-tabs-wrapper\">\n<div class=\"container product-tabs-inner\">\n<div class=\"woocommerce-tabs wc-tabs-wrapper tabs-layout-tabs wd-opener-pos-right wd-opener-style-arrow\" data-state=\"first\" data-layout=\"tabs\">\n<div class=\"wd-accordion-item\">\n<div id=\"tab-description\" class=\"entry-content woocommerce-Tabs-panel woocommerce-Tabs-panel--description wd-active panel wc-tab\" role=\"tabpanel\" aria-labelledby=\"tab-title-description\" data-accordion-index=\"description\">\n<div class=\"wc-tab-inner wd-entry-content\">\n<div class=\"product-app-integration\">\n<h4>CONNECTIVIT\u00c9 DES APPLICATIONS<\/h4>\n<div class=\"app-integration-container\">\n<div data-content-type=\"row\" data-appearance=\"contained\" data-element=\"main\">\n<div data-enable-parallax=\"0\" data-parallax-speed=\"0.5\" data-background-images=\"{}\" data-background-type=\"image\" data-video-loop=\"true\" data-video-play-only-visible=\"true\" data-video-lazy-load=\"true\" data-video-fallback-src=\"\" data-element=\"inner\" data-pb-style=\"V4LN2RA\">\n<div data-content-type=\"html\" data-appearance=\"default\" data-element=\"main\" data-decoded=\"true\">\n<div class=\"app\">\n<div class=\"app-logo\"><img decoding=\"async\" src=\"https:\/\/www.fitness-superstore.co.uk\/media\/wysiwyg\/app_connectivity\/Zwift-icon.png\" alt=\"Connectivit\u00e9 de l&#039;application Zwift\" \/><\/div>\n<div class=\"app-content\">\n<p class=\"app-title\">Zwift<\/p>\n<p class=\"app-description\">Interagir, s'entra\u00eener et se mesurer \u00e0 d'autres dans un monde virtuel<\/p>\n<\/div>\n<\/div>\n<\/div>\n<\/div>\n<\/div>\n<div data-content-type=\"row\" data-appearance=\"contained\" data-element=\"main\">\n<div data-enable-parallax=\"0\" data-parallax-speed=\"0.5\" data-background-images=\"{}\" data-background-type=\"image\" data-video-loop=\"true\" data-video-play-only-visible=\"true\" data-video-lazy-load=\"true\" data-video-fallback-src=\"\" data-element=\"inner\" data-pb-style=\"J7OSUA6\">\n<div data-content-type=\"html\" data-appearance=\"default\" data-element=\"main\" data-decoded=\"true\">\n<div class=\"app\">\n<div class=\"app-logo\"><img decoding=\"async\" src=\"https:\/\/www.fitness-superstore.co.uk\/media\/wysiwyg\/app_connectivity\/512x512bb.jpeg\" alt=\"Kino Map Logo\" \/><\/div>\n<div class=\"app-content\">\n<p class=\"app-title\">Kinomap<\/p>\n<p class=\"app-description\">Entra\u00eenement interactif en salle avec des vid\u00e9os des meilleurs parcours du monde<\/p>\n<\/div>\n<\/div>\n<\/div>\n<\/div>\n<\/div>\n<\/div>\n<p>*Des abonnements peuvent \u00eatre n\u00e9cessaires. Sous r\u00e9serve de modifications.<\/p>\n<\/div>\n<div class=\"product-attribute-container-desktop desktop-only\">\n<div class=\"additional-attributes-wrapper table-wrapper\">\n<h4>INFORMATIONS SUR LES PRODUITS<\/h4>\n<div class=\"attributes-container\">\n<ul class=\"product-attributes-container\">\n<li><span class=\"specification-title\">Poids de l'emballage (KG) :\u00a0<\/span><span class=\"specification-data\">145.000000<\/span><\/li>\n<li><span class=\"specification-title\">M\u00e9thode d'alimentation :\u00a0<\/span><span class=\"specification-data\">\u00c9lectricit\u00e9 de r\u00e9seau<\/span><\/li>\n<li><span class=\"specification-title\">Support de tablette :\u00a0<\/span><span class=\"specification-data\">Oui<\/span><\/li>\n<li><span class=\"specification-title\">Surveillance de la fr\u00e9quence cardiaque :\u00a0<\/span><span class=\"specification-data\">Capteurs int\u00e9gr\u00e9s et Bluetooth<\/span><\/li>\n<li><span class=\"specification-title\">Programmes int\u00e9gr\u00e9s :\u00a0<\/span><span class=\"specification-data\">8, y compris le contr\u00f4le de la fr\u00e9quence cardiaque, la r\u00e9cup\u00e9ration et l'analyse de la graisse corporelle<\/span><\/li>\n<\/ul>\n<ul class=\"product-attributes-container\">\n<li><span class=\"specification-title\">Poids du produit (KG) :\u00a0<\/span><span class=\"specification-data\">114<\/span><\/li>\n<li><span class=\"specification-title\">Int\u00e9gration des applications :\u00a0<\/span><span class=\"specification-data\">KinoMap, Zwift<\/span><\/li>\n<li><span class=\"specification-title\">Pliage :\u00a0<\/span><span class=\"specification-data\">Non<\/span><\/li>\n<li><span class=\"specification-title\">Poids maximal de l'utilisateur (kg) :\u00a0<\/span><span class=\"specification-data\">150,00 (Kg)<\/span><\/li>\n<li><span class=\"specification-title\">Dimensions du produit (LxLxH) :\u00a0<\/span><span class=\"specification-data\">197 x 92 x 159 cm<\/span><\/li>\n<\/ul>\n<\/div>\n<\/div>\n<\/div>\n<div class=\"product-features\">\n<h4>CARACT\u00c9RISTIQUES SUPPL\u00c9MENTAIRES<\/h4>\n<div class=\"more-container\">\n<div class=\"unshow-text\">\n<ul class=\"product-features-container\">\n<li><span class=\"specification-title\">Puissance :<\/span>\u00a0<span class=\"specification-data\">AC 3.5HP<\/span><\/li>\n<li><span class=\"specification-title\">Vitesse :<\/span>\u00a0<span class=\"specification-data\">1-22km\/h<\/span><\/li>\n<li><span class=\"specification-title\">Inclinaison \u00e9lectrique maximale :<\/span>\u00a0<span class=\"specification-data\">15%<\/span><\/li>\n<li><span class=\"specification-title\">Touches instantan\u00e9es de vitesse et d'inclinaison :<\/span>\u00a0<span class=\"specification-data\">Changer rapidement d'intensit\u00e9 en cours de route<\/span><\/li>\n<li><span class=\"specification-title\">Surface de roulement :<\/span>\u00a0<span class=\"specification-data\">155\u00d755 cm<\/span><\/li>\n<li><span class=\"specification-title\">Syst\u00e8me d'amortissement :<\/span>\u00a0<span class=\"specification-data\">6 \u00e9lastom\u00e8res<\/span><\/li>\n<li><span class=\"specification-title\">\u00c9cran :<\/span>\u00a0<span class=\"specification-data\">LED, mesure la distance, l'inclinaison, le temps, la vitesse et les calories<\/span><\/li>\n<li><span class=\"specification-title\">Surveillance de la fr\u00e9quence cardiaque :<\/span>\u00a0<span class=\"specification-data\">Poign\u00e9es de contact, t\u00e9l\u00e9m\u00e9trique et Bluetooth (ceinture thoracique requise)<\/span><\/li>\n<li><span class=\"specification-title\">Programmes pr\u00e9d\u00e9finis :<\/span>\u00a0<span class=\"specification-data\">8, y compris le contr\u00f4le de la fr\u00e9quence cardiaque, la r\u00e9cup\u00e9ration et l'analyse de la graisse corporelle<\/span><\/li>\n<li><span class=\"specification-title\">I.Concept FTMS :<\/span>\u00a0<span class=\"specification-data\">Meilleure compatibilit\u00e9 avec les applications populaires, telles que Zwift, Kinomap et d'autres.<\/span><\/li>\n<li><span class=\"specification-title\">Support universel :<\/span>\u00a0<span class=\"specification-data\">S\u00e9curise votre tablette ou votre smartphone pendant que vous courez<\/span><\/li>\n<\/ul>\n<\/div>\n<\/div>\n<\/div>\n<div class=\"product-warranty\">\n<h5>GARANTIE<\/h5>\n<div class=\"text-container\"><strong>Utilisation domestique et commerciale l\u00e9g\u00e8re\/compl\u00e8te :<\/strong>\u00a02 ans pi\u00e8ces et main d'\u0153uvre<\/div>\n<\/div>\n<\/div>\n<\/div>\n<\/div>\n<div class=\"wd-accordion-item\"><\/div>\n<div class=\"wd-accordion-item\"><\/div>\n<\/div>\n<\/div>\n<\/div>\n<div class=\"container related-and-upsells\">\n<div id=\"carousel-333\" class=\"wd-carousel-container  related-products wd-wpb with-title  wd-products-element wd-products products\">\n<h2 class=\"wd-el-title title slider-title element-title\"><\/h2>\n<\/div>\n<\/div>","protected":false},"excerpt":{"rendered":"<div id=\"fullDescription\" class=\"full-description\">\n<div class=\"text-container\">Le tapis de course BH Fitness RS1200 Full Commercial est \u00e9quip\u00e9 d'une grande surface de course de 155 x 55 cm, am\u00e9lior\u00e9e par un syst\u00e8me d'amortissement \u00e0 6 \u00e9lastom\u00e8res qui r\u00e9partit l'impact et les vibrations, r\u00e9duisant ainsi le bruit et augmentant le confort \u00e0 chaque pas. Le RS1200 est \u00e9quip\u00e9 d'un moteur AC de 3,5 CV qui permet d'atteindre des inclinaisons maximales de 15% et des vitesses maximales de 22 km\/h, toutes deux facilement r\u00e9glables en cours de route gr\u00e2ce aux touches int\u00e9gr\u00e9es de vitesse et d'\u00e9l\u00e9vation instantan\u00e9e. Le RS1200 est \u00e9quip\u00e9 d'un \u00e9cran LED qui enregistre toutes les statistiques dont vous avez besoin, y compris la fr\u00e9quence cardiaque mesur\u00e9e par les points de contact et par t\u00e9l\u00e9m\u00e9trie ou Bluetooth (ceinture thoracique requise). Vous avez le choix entre 8 programmes d'entra\u00eenement int\u00e9gr\u00e9s, dont les programmes de contr\u00f4le de la fr\u00e9quence cardiaque, de r\u00e9cup\u00e9ration et de test de la graisse corporelle. Gr\u00e2ce au nouveau protocole i.Concept FTMS, le RS1200 est compatible avec les applications de fitness les plus reconnues, notamment Zwift , Kinomap et autres. Il vous suffit de t\u00e9l\u00e9charger l'application sur votre appareil intelligent et de le garder en s\u00e9curit\u00e9 avec le support universel inclus pendant que vous courez.&nbsp;<\/p>\n<\/div>\n<\/div>\n<div class=\"product-app-integration\"><\/div>","protected":false},"featured_media":1136,"comment_status":"open","ping_status":"closed","template":"","meta":{"site-sidebar-layout":"default","site-content-layout":"","ast-site-content-layout":"default","site-content-style":"default","site-sidebar-style":"default","ast-global-header-display":"","ast-banner-title-visibility":"","ast-main-header-display":"","ast-hfb-above-header-display":"","ast-hfb-below-header-display":"","ast-hfb-mobile-header-display":"","site-post-title":"","ast-breadcrumbs-content":"","ast-featured-img":"","footer-sml-layout":"","theme-transparent-header-meta":"default","adv-header-id-meta":"","stick-header-meta":"","header-above-stick-meta":"","header-main-stick-meta":"","header-below-stick-meta":"","astra-migrate-meta-layouts":"set","ast-page-background-enabled":"default","ast-page-background-meta":{"desktop":{"background-color":"var(--ast-global-color-5)","background-image":"","background-repeat":"repeat","background-position":"center center","background-size":"auto","background-attachment":"scroll","background-type":"","background-media":"","overlay-type":"","overlay-color":"","overlay-opacity":"","overlay-gradient":""},"tablet":{"background-color":"","background-image":"","background-repeat":"repeat","background-position":"center center","background-size":"auto","background-attachment":"scroll","background-type":"","background-media":"","overlay-type":"","overlay-color":"","overlay-opacity":"","overlay-gradient":""},"mobile":{"background-color":"","background-image":"","background-repeat":"repeat","background-position":"center center","background-size":"auto","background-attachment":"scroll","background-type":"","background-media":"","overlay-type":"","overlay-color":"","overlay-opacity":"","overlay-gradient":""}},"ast-content-background-meta":{"desktop":{"background-color":"var(--ast-global-color-4)","background-image":"","background-repeat":"repeat","background-position":"center center","background-size":"auto","background-attachment":"scroll","background-type":"","background-media":"","overlay-type":"","overlay-color":"","overlay-opacity":"","overlay-gradient":""},"tablet":{"background-color":"var(--ast-global-color-4)","background-image":"","background-repeat":"repeat","background-position":"center center","background-size":"auto","background-attachment":"scroll","background-type":"","background-media":"","overlay-type":"","overlay-color":"","overlay-opacity":"","overlay-gradient":""},"mobile":{"background-color":"var(--ast-global-color-4)","background-image":"","background-repeat":"repeat","background-position":"center center","background-size":"auto","background-attachment":"scroll","background-type":"","background-media":"","overlay-type":"","overlay-color":"","overlay-opacity":"","overlay-gradient":""}}},"product_brand":[],"product_cat":[21],"product_tag":[25],"class_list":{"0":"post-1132","1":"product","2":"type-product","3":"status-publish","4":"has-post-thumbnail","6":"product_cat-treadmills","7":"product_tag-treadmills","8":"desktop-align-left","9":"tablet-align-left","10":"mobile-align-left","12":"first","13":"instock","14":"sale","15":"taxable","16":"shipping-taxable","17":"purchasable","18":"product-type-simple"},"_links":{"self":[{"href":"http:\/\/bestfitnessstore.com\/fr\/wp-json\/wp\/v2\/product\/1132","targetHints":{"allow":["GET"]}}],"collection":[{"href":"http:\/\/bestfitnessstore.com\/fr\/wp-json\/wp\/v2\/product"}],"about":[{"href":"http:\/\/bestfitnessstore.com\/fr\/wp-json\/wp\/v2\/types\/product"}],"replies":[{"embeddable":true,"href":"http:\/\/bestfitnessstore.com\/fr\/wp-json\/wp\/v2\/comments?post=1132"}],"wp:featuredmedia":[{"embeddable":true,"href":"http:\/\/bestfitnessstore.com\/fr\/wp-json\/wp\/v2\/media\/1136"}],"wp:attachment":[{"href":"http:\/\/bestfitnessstore.com\/fr\/wp-json\/wp\/v2\/media?parent=1132"}],"wp:term":[{"taxonomy":"product_brand","embeddable":true,"href":"http:\/\/bestfitnessstore.com\/fr\/wp-json\/wp\/v2\/product_brand?post=1132"},{"taxonomy":"product_cat","embeddable":true,"href":"http:\/\/bestfitnessstore.com\/fr\/wp-json\/wp\/v2\/product_cat?post=1132"},{"taxonomy":"product_tag","embeddable":true,"href":"http:\/\/bestfitnessstore.com\/fr\/wp-json\/wp\/v2\/product_tag?post=1132"}],"curies":[{"name":"wp","href":"https:\/\/api.w.org\/{rel}","templated":true}]}}