{"id":1119,"date":"2025-11-25T09:59:20","date_gmt":"2025-11-25T09:59:20","guid":{"rendered":"https:\/\/bestfitnessstore.com\/?post_type=product&#038;p=1119"},"modified":"2025-11-25T09:59:20","modified_gmt":"2025-11-25T09:59:20","slug":"ergometre-de-performance-pour-hydrocureur","status":"publish","type":"product","link":"http:\/\/bestfitnessstore.com\/fr\/product\/waterrower-performance-ergometer\/","title":{"rendered":"Ergom\u00e8tre de performance WaterRower"},"content":{"rendered":"<div class=\"product-attribute-container-desktop desktop-only\">\n<h4>INFORMATIONS SUR LES PRODUITS<\/h4>\n<p class=\"information-placeholder\">Veuillez s\u00e9lectionner les options de votre produit pour voir les informations sur le produit.<\/p>\n<div class=\"attributes-container\"><\/div>\n<\/div>\n<div class=\"product-features\">\n<h4>CARACT\u00c9RISTIQUES SUPPL\u00c9MENTAIRES<\/h4>\n<div class=\"more-container\">\n<div class=\"unshow-text\">\n<ul class=\"product-features-container\">\n<li><span class=\"specification-title\">Moniteur :<\/span>\u00a0<span class=\"specification-data\">SmartRow App (appareil iOS ou Android compatible requis)<\/span><\/li>\n<li><span class=\"specification-title\">Mat\u00e9riaux :<\/span>\u00a0<span class=\"specification-data\">Bois dur des Appalaches (disponible en ch\u00eane ou en noyer)<\/span><\/li>\n<li><span class=\"specification-title\">Puissance :<\/span>\u00a0<span class=\"specification-data\">3x piles AA<\/span><\/li>\n<li><span class=\"specification-title\">Compatible Bluetooth :<\/span>\u00a0<span class=\"specification-data\">Oui (avec SmartRow inclus)<\/span><\/li>\n<li><span class=\"specification-title\">Surveillance de la fr\u00e9quence cardiaque :<\/span>\u00a0<span class=\"specification-data\">Sangle pectorale non incluse<\/span><\/li>\n<li><span class=\"specification-title\">Dimensions assembl\u00e9es (LxLxH) :<\/span>\u00a0<span class=\"specification-data\">219 x 56 x 92 (bras de la tablette relev\u00e9)\/56 (bras de la tablette repli\u00e9) cm<\/span><\/li>\n<li><span class=\"specification-title\">Hauteur du si\u00e8ge :<\/span>\u00a0<span class=\"specification-data\">30 cm<\/span><\/li>\n<li><span class=\"specification-title\">Poids (sans eau) :<\/span>\u00a0<span class=\"specification-data\">31,5 kg<\/span><\/li>\n<li><span class=\"specification-title\">Poids maximum de l'utilisateur :<\/span>\u00a0<span class=\"specification-data\">315 kg \/ 695 lb<\/span><\/li>\n<li><span class=\"specification-title\">Hauteur maximale de l'utilisateur :<\/span>\u00a0<span class=\"specification-data\">213 cm \/ 7 ft<\/span><\/li>\n<li><span class=\"specification-title\">Accessoires compatibles (vendus s\u00e9par\u00e9ment) :<\/span>\u00a0<span class=\"specification-data\">Support pour ordinateur portable<\/span><\/li>\n<\/ul>\n<\/div>\n<\/div>\n<\/div>\n<div class=\"product-warranty\">\n<h4>GARANTIE<\/h4>\n<div class=\"text-container\">\n<p class=\"warranty-details\">Veuillez s\u00e9lectionner les options de votre produit pour voir les d\u00e9tails de la garantie.<\/p>\n<\/div>\n<\/div>\n<div class=\"product-next-day\">\n<h4>LIVRAISON EXPRESS<\/h4>\n<div class=\"text-container\">Un grand nombre de nos produits sont livrables en express ou \u00e0 date fixe, ce qui signifie que vous pouvez recevoir votre produit d\u00e8s le lendemain ou \u00e0 la date qui vous convient. Veuillez v\u00e9rifier les options de livraison au moment du paiement pour conna\u00eetre les disponibilit\u00e9s pour votre panier et votre code postal. Les conditions de livraison s'appliquent.<\/div>\n<\/div>","protected":false},"excerpt":{"rendered":"<p>Fabriqu\u00e9 \u00e0 la main aux \u00c9tats-Unis, l'ergom\u00e8tre WaterRower\u00ae Performance est con\u00e7u pour les amateurs de fitness et les rameurs \u00e0 la recherche de donn\u00e9es et d'analyses d'entra\u00eenement approfondies. L'ergom\u00e8tre Performance int\u00e8gre la technologie SmartRow \u00e0 la place du moniteur de performance S4 que l'on trouve sur la s\u00e9rie WaterRower\u00ae Original. SmartRow est un compteur de puissance intelligent qui fournit des mesures tr\u00e8s pr\u00e9cises des performances de votre WaterRower\u00ae, y compris de votre puissance de sortie. L'ergom\u00e8tre Performance comprend un support pliable pour t\u00e9l\u00e9phone\/tablette, avec des donn\u00e9es de performance transmises sans fil via Bluetooth \u00e0 l'application SmartRow gratuite (compatible iOS et Android - t\u00e9l\u00e9phone\/tablette non inclus). Vous pouvez r\u00e9gler SmartRow pour qu'il affiche les mesures qui comptent le plus pour vous, notamment la puissance (W), le travail (J), l'\u00e9nergie (kCal), la longueur de course (CM), la vitesse moyenne (\/500m) et bien plus encore. Avec SmartRow, vous pouvez concourir en direct et vous classer par rapport \u00e0 d'autres utilisateurs d'ergom\u00e8tres WaterRower\u00ae Performance du monde entier, et int\u00e9grer des applications de suivi de la condition physique telles que Strava et Apple Health. Vous pouvez m\u00eame choisir parmi des s\u00e9ances d'entra\u00eenement pr\u00e9d\u00e9finies pour d\u00e9butants, interm\u00e9diaires ou avanc\u00e9s afin de b\u00e9n\u00e9ficier d'un entra\u00eenement guid\u00e9 ! Le rameur lui-m\u00eame est fabriqu\u00e9 \u00e0 la main dans le bois de ch\u00eane ou de noyer de votre choix. Son grand r\u00e9servoir d'eau et sa roue WaterFlywheel brevet\u00e9e reproduisent fid\u00e8lement la sensation de ramer sur un vrai bateau, en sollicitant jusqu'\u00e0 84% de votre masse musculaire \u00e0 chaque coup de rame. Vous n'avez pas \u00e0 vous soucier de r\u00e9gler la r\u00e9sistance manuellement - plus vous ramez vite et fort, plus vous sentez la r\u00e9sistance. Lorsque vous avez termin\u00e9 votre entra\u00eenement, il vous suffit de replier le bras pour t\u00e9l\u00e9phone\/tablette et de soulever l'ergom\u00e8tre Performance sur son extr\u00e9mit\u00e9 pour le ranger verticalement et \u00e9conomiser de l'espace au sol. Les autres caract\u00e9ristiques comprennent un marchepied commercial en forme de c\u0153ur et une poign\u00e9e plus large facile \u00e0 saisir. WaterRower\u00ae est une marque d\u00e9pos\u00e9e de WaterRower (UK) Ltd et de ses filiales.<\/p>\n<div class=\"product-attribute-container-desktop desktop-only\"><\/div>","protected":false},"featured_media":1123,"comment_status":"open","ping_status":"closed","template":"","meta":{"site-sidebar-layout":"default","site-content-layout":"","ast-site-content-layout":"default","site-content-style":"default","site-sidebar-style":"default","ast-global-header-display":"","ast-banner-title-visibility":"","ast-main-header-display":"","ast-hfb-above-header-display":"","ast-hfb-below-header-display":"","ast-hfb-mobile-header-display":"","site-post-title":"","ast-breadcrumbs-content":"","ast-featured-img":"","footer-sml-layout":"","theme-transparent-header-meta":"default","adv-header-id-meta":"","stick-header-meta":"","header-above-stick-meta":"","header-main-stick-meta":"","header-below-stick-meta":"","astra-migrate-meta-layouts":"set","ast-page-background-enabled":"default","ast-page-background-meta":{"desktop":{"background-color":"var(--ast-global-color-5)","background-image":"","background-repeat":"repeat","background-position":"center center","background-size":"auto","background-attachment":"scroll","background-type":"","background-media":"","overlay-type":"","overlay-color":"","overlay-opacity":"","overlay-gradient":""},"tablet":{"background-color":"","background-image":"","background-repeat":"repeat","background-position":"center center","background-size":"auto","background-attachment":"scroll","background-type":"","background-media":"","overlay-type":"","overlay-color":"","overlay-opacity":"","overlay-gradient":""},"mobile":{"background-color":"","background-image":"","background-repeat":"repeat","background-position":"center center","background-size":"auto","background-attachment":"scroll","background-type":"","background-media":"","overlay-type":"","overlay-color":"","overlay-opacity":"","overlay-gradient":""}},"ast-content-background-meta":{"desktop":{"background-color":"var(--ast-global-color-4)","background-image":"","background-repeat":"repeat","background-position":"center center","background-size":"auto","background-attachment":"scroll","background-type":"","background-media":"","overlay-type":"","overlay-color":"","overlay-opacity":"","overlay-gradient":""},"tablet":{"background-color":"var(--ast-global-color-4)","background-image":"","background-repeat":"repeat","background-position":"center center","background-size":"auto","background-attachment":"scroll","background-type":"","background-media":"","overlay-type":"","overlay-color":"","overlay-opacity":"","overlay-gradient":""},"mobile":{"background-color":"var(--ast-global-color-4)","background-image":"","background-repeat":"repeat","background-position":"center center","background-size":"auto","background-attachment":"scroll","background-type":"","background-media":"","overlay-type":"","overlay-color":"","overlay-opacity":"","overlay-gradient":""}}},"product_brand":[],"product_cat":[20],"product_tag":[24],"class_list":{"0":"post-1119","1":"product","2":"type-product","3":"status-publish","4":"has-post-thumbnail","6":"product_cat-rowing-machine","7":"product_tag-rowing-machines","8":"desktop-align-left","9":"tablet-align-left","10":"mobile-align-left","12":"first","13":"instock","14":"sale","15":"taxable","16":"shipping-taxable","17":"purchasable","18":"product-type-simple"},"_links":{"self":[{"href":"http:\/\/bestfitnessstore.com\/fr\/wp-json\/wp\/v2\/product\/1119","targetHints":{"allow":["GET"]}}],"collection":[{"href":"http:\/\/bestfitnessstore.com\/fr\/wp-json\/wp\/v2\/product"}],"about":[{"href":"http:\/\/bestfitnessstore.com\/fr\/wp-json\/wp\/v2\/types\/product"}],"replies":[{"embeddable":true,"href":"http:\/\/bestfitnessstore.com\/fr\/wp-json\/wp\/v2\/comments?post=1119"}],"wp:featuredmedia":[{"embeddable":true,"href":"http:\/\/bestfitnessstore.com\/fr\/wp-json\/wp\/v2\/media\/1123"}],"wp:attachment":[{"href":"http:\/\/bestfitnessstore.com\/fr\/wp-json\/wp\/v2\/media?parent=1119"}],"wp:term":[{"taxonomy":"product_brand","embeddable":true,"href":"http:\/\/bestfitnessstore.com\/fr\/wp-json\/wp\/v2\/product_brand?post=1119"},{"taxonomy":"product_cat","embeddable":true,"href":"http:\/\/bestfitnessstore.com\/fr\/wp-json\/wp\/v2\/product_cat?post=1119"},{"taxonomy":"product_tag","embeddable":true,"href":"http:\/\/bestfitnessstore.com\/fr\/wp-json\/wp\/v2\/product_tag?post=1119"}],"curies":[{"name":"wp","href":"https:\/\/api.w.org\/{rel}","templated":true}]}}