{"id":1105,"date":"2025-11-25T09:49:42","date_gmt":"2025-11-25T09:49:42","guid":{"rendered":"https:\/\/bestfitnessstore.com\/?post_type=product&#038;p=1105"},"modified":"2025-11-25T09:49:42","modified_gmt":"2025-11-25T09:49:42","slug":"machine-a-arroser-serie-a1-machine-a-ramer","status":"publish","type":"product","link":"http:\/\/bestfitnessstore.com\/fr\/product\/waterrower-a1-series-rowing-machine\/","title":{"rendered":"Machine \u00e0 ramer WaterRower A1 Series"},"content":{"rendered":"<div class=\"product-attribute-container-desktop desktop-only\">\n<div class=\"additional-attributes-wrapper table-wrapper\">\n<h4>INFORMATIONS SUR LES PRODUITS<\/h4>\n<div class=\"attributes-container\">\n<ul class=\"product-attributes-container\">\n<li><span class=\"specification-title\">Poids de l'emballage (KG) :\u00a0<\/span><span class=\"specification-data\">36.500000<\/span><\/li>\n<li><span class=\"specification-title\">M\u00e9thode d'alimentation :\u00a0<\/span><span class=\"specification-data\">Autoaliment\u00e9<\/span><\/li>\n<li><span class=\"specification-title\">Roues de transport :\u00a0<\/span><span class=\"specification-data\">Oui<\/span><\/li>\n<li><span class=\"specification-title\">Poids maximal de l'utilisateur (kg) :\u00a0<\/span><span class=\"specification-data\">150,00 (Kg)<\/span><\/li>\n<\/ul>\n<ul class=\"product-attributes-container\">\n<li><span class=\"specification-title\">Poids du produit (KG) :\u00a0<\/span><span class=\"specification-data\">30.50<\/span><\/li>\n<li><span class=\"specification-title\">Type de rameur :\u00a0<\/span><span class=\"specification-data\">L'eau<\/span><\/li>\n<li><span class=\"specification-title\">Hauteur maximale de l'utilisateur (cm) :\u00a0<\/span><span class=\"specification-data\">208<\/span><\/li>\n<li><span class=\"specification-title\">Dimensions du produit (LxLxH) :\u00a0<\/span><span class=\"specification-data\">215 x 56 x 53 cm<\/span><\/li>\n<\/ul>\n<\/div>\n<\/div>\n<\/div>\n<div class=\"product-features\">\n<h4>CARACT\u00c9RISTIQUES SUPPL\u00c9MENTAIRES<\/h4>\n<div class=\"more-container\">\n<div class=\"unshow-text\">\n<ul class=\"product-features-container\">\n<li><span class=\"specification-title\">Moniteur :<\/span>\u00a0<span class=\"specification-data\">Moniteur LCD \u00e0 d\u00e9marrage rapide A1<\/span><\/li>\n<li><span class=\"specification-title\">Mat\u00e9riaux :<\/span>\u00a0<span class=\"specification-data\">Bois, aluminium<\/span><\/li>\n<li><span class=\"specification-title\">Rail :<\/span>\u00a0<span class=\"specification-data\">Monorail en aluminium<\/span><\/li>\n<li><span class=\"specification-title\">Puissance :<\/span>\u00a0<span class=\"specification-data\">2 x piles AA<\/span><\/li>\n<li><span class=\"specification-title\">Compatible avec SmartRow :<\/span>\u00a0<span class=\"specification-data\">Oui<\/span><\/li>\n<li><span class=\"specification-title\">Dimensions assembl\u00e9es (LxLxH) :<\/span>\u00a0<span class=\"specification-data\">215 x 56 x 53 cm<\/span><\/li>\n<li><span class=\"specification-title\">Hauteur du si\u00e8ge :<\/span>\u00a0<span class=\"specification-data\">30 cm<\/span><\/li>\n<li><span class=\"specification-title\">Poids (sans eau) :<\/span>\u00a0<span class=\"specification-data\">30,5 kg<\/span><\/li>\n<li><span class=\"specification-title\">Poids maximum de l'utilisateur :<\/span>\u00a0<span class=\"specification-data\">150 kg \/ 330 lb<\/span><\/li>\n<li><span class=\"specification-title\">Hauteur maximale de l'utilisateur :<\/span>\u00a0<span class=\"specification-data\">208 cm \/ 6 ft 10 in<\/span><\/li>\n<\/ul>\n<\/div>\n<\/div>\n<\/div>\n<div class=\"product-warranty\">\n<h4>GARANTIE<\/h4>\n<div class=\"text-container\"><strong>Utilisation domestique et commerciale l\u00e9g\u00e8re\/compl\u00e8te :<\/strong>\u00a05 ans pour le ch\u00e2ssis, 3 ans pour les pi\u00e8ces<\/div>\n<\/div>\n<div class=\"product-next-day\">\n<h4>LIVRAISON EXPRESS<\/h4>\n<div class=\"text-container\">Un grand nombre de nos produits sont livrables en express ou \u00e0 date fixe, ce qui signifie que vous pouvez recevoir votre produit d\u00e8s le lendemain ou \u00e0 la date qui vous convient. Veuillez v\u00e9rifier les options de livraison au moment du paiement pour conna\u00eetre les disponibilit\u00e9s pour votre panier et votre code postal. Les conditions de livraison s'appliquent.<\/div>\n<\/div>","protected":false},"excerpt":{"rendered":"<div id=\"fullDescription\" class=\"full-description\">\n<div class=\"text-container\">Mod\u00e8le d'entr\u00e9e de gamme du WaterRower\u00ae, le rameur WaterRower A1 est l\u00e9ger et portable. Il a \u00e9t\u00e9 con\u00e7u \u00e0 l'origine pour \u00eatre utilis\u00e9 dans les cours d'aviron en salle. Le A1 est fabriqu\u00e9 \u00e0 la main, combinant l'esth\u00e9tique \u00e9l\u00e9gante d'un cadre hybride en ch\u00eane massif et en aluminium avec une durabilit\u00e9 de niveau commercial. Il peut m\u00eame \u00eatre rang\u00e9 verticalement lorsqu'il n'est pas utilis\u00e9 - trois A1 plac\u00e9s ensemble occupent le m\u00eame espace au sol qu'un v\u00e9lo d'int\u00e9rieur standard. \u00c9quip\u00e9 d'une roue WaterFlywheel, l'A1 est unique dans sa reproduction de l'aviron sur l'eau. Contrairement aux rameurs traditionnels \u00e0 air ou magn\u00e9tiques, le WaterRower\u00ae A1 a une course fluide sans points morts, ce qui minimise la tension sur les articulations et le bas du dos. Le positionnement confortable et la g\u00e9om\u00e9trie de l'A1 permettent de ramer facilement avec une bonne forme, en utilisant tous les grands groupes musculaires pour un entra\u00eenement cardio efficace. \u00c9quip\u00e9 de l'\u00e9cran LCD Quick-Start A1, il est facile de suivre vos performances pendant que vous ramez. Le moniteur affiche les mesures de base de l'aviron comme la distance, le temps interm\u00e9diaire sur 500 m et les calories, et il est int\u00e9gr\u00e9 au marchepied pour une course ininterrompue. Parmi les autres caract\u00e9ristiques int\u00e9gr\u00e9es, citons les roues de transport pour faciliter le d\u00e9placement et les repose-pieds r\u00e9glables. WaterRower\u00ae est une marque d\u00e9pos\u00e9e de WaterRower (UK) Ltd et de ses filiales.&nbsp;<\/p>\n<\/div>\n<\/div>\n<div class=\"product-attribute-container-desktop desktop-only\">\n<div class=\"additional-attributes-wrapper table-wrapper\"><\/div>\n<\/div>","protected":false},"featured_media":1108,"comment_status":"open","ping_status":"closed","template":"","meta":{"site-sidebar-layout":"default","site-content-layout":"","ast-site-content-layout":"default","site-content-style":"default","site-sidebar-style":"default","ast-global-header-display":"","ast-banner-title-visibility":"","ast-main-header-display":"","ast-hfb-above-header-display":"","ast-hfb-below-header-display":"","ast-hfb-mobile-header-display":"","site-post-title":"","ast-breadcrumbs-content":"","ast-featured-img":"","footer-sml-layout":"","theme-transparent-header-meta":"default","adv-header-id-meta":"","stick-header-meta":"","header-above-stick-meta":"","header-main-stick-meta":"","header-below-stick-meta":"","astra-migrate-meta-layouts":"set","ast-page-background-enabled":"default","ast-page-background-meta":{"desktop":{"background-color":"var(--ast-global-color-5)","background-image":"","background-repeat":"repeat","background-position":"center center","background-size":"auto","background-attachment":"scroll","background-type":"","background-media":"","overlay-type":"","overlay-color":"","overlay-opacity":"","overlay-gradient":""},"tablet":{"background-color":"","background-image":"","background-repeat":"repeat","background-position":"center center","background-size":"auto","background-attachment":"scroll","background-type":"","background-media":"","overlay-type":"","overlay-color":"","overlay-opacity":"","overlay-gradient":""},"mobile":{"background-color":"","background-image":"","background-repeat":"repeat","background-position":"center center","background-size":"auto","background-attachment":"scroll","background-type":"","background-media":"","overlay-type":"","overlay-color":"","overlay-opacity":"","overlay-gradient":""}},"ast-content-background-meta":{"desktop":{"background-color":"var(--ast-global-color-4)","background-image":"","background-repeat":"repeat","background-position":"center center","background-size":"auto","background-attachment":"scroll","background-type":"","background-media":"","overlay-type":"","overlay-color":"","overlay-opacity":"","overlay-gradient":""},"tablet":{"background-color":"var(--ast-global-color-4)","background-image":"","background-repeat":"repeat","background-position":"center center","background-size":"auto","background-attachment":"scroll","background-type":"","background-media":"","overlay-type":"","overlay-color":"","overlay-opacity":"","overlay-gradient":""},"mobile":{"background-color":"var(--ast-global-color-4)","background-image":"","background-repeat":"repeat","background-position":"center center","background-size":"auto","background-attachment":"scroll","background-type":"","background-media":"","overlay-type":"","overlay-color":"","overlay-opacity":"","overlay-gradient":""}}},"product_brand":[],"product_cat":[20],"product_tag":[24],"class_list":{"0":"post-1105","1":"product","2":"type-product","3":"status-publish","4":"has-post-thumbnail","6":"product_cat-rowing-machine","7":"product_tag-rowing-machines","8":"desktop-align-left","9":"tablet-align-left","10":"mobile-align-left","12":"first","13":"instock","14":"sale","15":"taxable","16":"shipping-taxable","17":"purchasable","18":"product-type-simple"},"_links":{"self":[{"href":"http:\/\/bestfitnessstore.com\/fr\/wp-json\/wp\/v2\/product\/1105","targetHints":{"allow":["GET"]}}],"collection":[{"href":"http:\/\/bestfitnessstore.com\/fr\/wp-json\/wp\/v2\/product"}],"about":[{"href":"http:\/\/bestfitnessstore.com\/fr\/wp-json\/wp\/v2\/types\/product"}],"replies":[{"embeddable":true,"href":"http:\/\/bestfitnessstore.com\/fr\/wp-json\/wp\/v2\/comments?post=1105"}],"wp:featuredmedia":[{"embeddable":true,"href":"http:\/\/bestfitnessstore.com\/fr\/wp-json\/wp\/v2\/media\/1108"}],"wp:attachment":[{"href":"http:\/\/bestfitnessstore.com\/fr\/wp-json\/wp\/v2\/media?parent=1105"}],"wp:term":[{"taxonomy":"product_brand","embeddable":true,"href":"http:\/\/bestfitnessstore.com\/fr\/wp-json\/wp\/v2\/product_brand?post=1105"},{"taxonomy":"product_cat","embeddable":true,"href":"http:\/\/bestfitnessstore.com\/fr\/wp-json\/wp\/v2\/product_cat?post=1105"},{"taxonomy":"product_tag","embeddable":true,"href":"http:\/\/bestfitnessstore.com\/fr\/wp-json\/wp\/v2\/product_tag?post=1105"}],"curies":[{"name":"wp","href":"https:\/\/api.w.org\/{rel}","templated":true}]}}