{"id":1095,"date":"2025-11-25T09:45:03","date_gmt":"2025-11-25T09:45:03","guid":{"rendered":"https:\/\/bestfitnessstore.com\/?post_type=product&#038;p=1095"},"modified":"2025-11-25T09:45:03","modified_gmt":"2025-11-25T09:45:03","slug":"proform-750-rwing-machine","status":"publish","type":"product","link":"http:\/\/bestfitnessstore.com\/fr\/product\/proform-750-r-rowing-machine\/","title":{"rendered":"Rameur ProForm 750 R"},"content":{"rendered":"<div class=\"product-attribute-container-desktop desktop-only\">\n<div class=\"additional-attributes-wrapper table-wrapper\">\n<h4>INFORMATIONS SUR LES PRODUITS<\/h4>\n<div class=\"attributes-container\">\n<ul class=\"product-attributes-container\">\n<li><span class=\"specification-title\">Poids de l'emballage (KG) :\u00a0<\/span><span class=\"specification-data\">55.000000<\/span><\/li>\n<li><span class=\"specification-title\">Int\u00e9gration des applications :\u00a0<\/span><span class=\"specification-data\">iFIT<\/span><\/li>\n<li><span class=\"specification-title\">Type de rameur :\u00a0<\/span><span class=\"specification-data\">Magn\u00e9tique<\/span><\/li>\n<li><span class=\"specification-title\">Pliage :\u00a0<\/span><span class=\"specification-data\">Oui<\/span><\/li>\n<li><span class=\"specification-title\">Poids maximal de l'utilisateur (kg) :\u00a0<\/span><span class=\"specification-data\">115,00 (Kg)<\/span><\/li>\n<li><span class=\"specification-title\">Dimensions de la bo\u00eete (LxLxH) :\u00a0<\/span><span class=\"specification-data\">118 x 58 x 65 cm<\/span><\/li>\n<\/ul>\n<ul class=\"product-attributes-container\">\n<li><span class=\"specification-title\">M\u00e9thode d'alimentation :\u00a0<\/span><span class=\"specification-data\">\u00c9lectricit\u00e9 de r\u00e9seau<\/span><\/li>\n<li><span class=\"specification-title\">Support de tablette :\u00a0<\/span><span class=\"specification-data\">Oui<\/span><\/li>\n<li><span class=\"specification-title\">Roues de transport :\u00a0<\/span><span class=\"specification-data\">Oui<\/span><\/li>\n<li><span class=\"specification-title\">Surveillance de la fr\u00e9quence cardiaque :\u00a0<\/span><span class=\"specification-data\">Sangle de poitrine<\/span><\/li>\n<li><span class=\"specification-title\">Dimensions du produit (LxLxH) :\u00a0<\/span><span class=\"specification-data\">220 x 56 x 116 cm<\/span><\/li>\n<li><span class=\"specification-title\">Pli\u00e9 Dimensions (LxLxH) :\u00a0<\/span><span class=\"specification-data\">110 x 56 x 114 cm<\/span><\/li>\n<\/ul>\n<\/div>\n<\/div>\n<\/div>\n<div class=\"product-features\">\n<h4>CARACT\u00c9RISTIQUES SUPPL\u00c9MENTAIRES<\/h4>\n<div class=\"more-container\">\n<div class=\"unshow-text\">\n<ul class=\"product-features-container\">\n<li><span class=\"specification-title\">SMR\u2122 Silent Magnetic Resistance (r\u00e9sistance magn\u00e9tique silencieuse) :<\/span>\u00a0<span class=\"specification-data\">Changements de r\u00e9sistance en douceur en cours de route<\/span><\/li>\n<li><span class=\"specification-title\">Niveaux de r\u00e9sistance :<\/span>\u00a0<span class=\"specification-data\">24<\/span><\/li>\n<li><span class=\"specification-title\">Si\u00e8ge ergonomique :<\/span>\u00a0<span class=\"specification-data\">Moul\u00e9 pour un meilleur ajustement<\/span><\/li>\n<li><span class=\"specification-title\">P\u00e9dales :<\/span>\u00a0<span class=\"specification-data\">Surdimensionn\u00e9 et pivotant ; sangles en nylon r\u00e9glables<\/span><\/li>\n<li><span class=\"specification-title\">Poign\u00e9e :<\/span>\u00a0<span class=\"specification-data\">Poign\u00e9e ergonomique Soft Touch\u2122<\/span><\/li>\n<li><span class=\"specification-title\">Affichage :<\/span>\u00a0<span class=\"specification-data\">\u00c9cran multicolore \u00e0 haut contraste de 5 pouces ; angle de la console r\u00e9glable<\/span><\/li>\n<li><span class=\"specification-title\">Compatible avec l'IFIT :<\/span>\u00a0<span class=\"specification-data\">Faites l'exp\u00e9rience d'entra\u00eenements virtuels personnalis\u00e9s, dirig\u00e9s par les meilleurs entra\u00eeneurs du monde, dans le confort de votre domicile (abonnement iFIT de 30 jours inclus).<\/span><\/li>\n<li><span class=\"specification-title\">Conception peu encombrante :<\/span>\u00a0<span class=\"specification-data\">Cadre pliant innovant<\/span><\/li>\n<li><span class=\"specification-title\">Technologie ActivePulse\u2122 :<\/span>\u00a0<span class=\"specification-data\">Brassard non inclus<\/span><\/li>\n<li><span class=\"specification-title\">Essai de l'IFIT :<\/span>\u00a0<span class=\"specification-data\">Essai iFIT de 30 jours inclus. Carte de cr\u00e9dit requise pour l'activation. L'adh\u00e9sion \u00e0 iFIT se renouvelle automatiquement \u00e0 moins qu'elle ne soit annul\u00e9e \u00e0 l'avance. La p\u00e9riode d'essai de 30 jours ne s'applique qu'aux nouvelles adh\u00e9sions.<\/span><\/li>\n<\/ul>\n<\/div>\n<\/div>\n<\/div>\n<div class=\"product-warranty\">\n<h4>GARANTIE<\/h4>\n<div class=\"text-container\"><strong>Utilisation \u00e0 domicile :<\/strong>\u00a0Deux ans pi\u00e8ces et main d'\u0153uvre (conditions applicables) sous r\u00e9serve d'enregistrement du produit dans les 28 jours suivant l'achat. La garantie standard est de 12 mois pi\u00e8ces et main d'\u0153uvre. ICON est le fabricant de NordicTrack et Pro-Form. Vous trouverez ci-dessous leur politique de garantie. ICON Health and Fitness, Inc. (ICON) garantit que ce produit est exempt de d\u00e9fauts de fabrication et de mat\u00e9riaux, dans des conditions normales d'utilisation et d'entretien, pendant une p\u00e9riode de 12 mois \u00e0 compter de la date de l'achat initial. Remarque : des extensions de garantie peuvent s'appliquer \u00e0 ce produit sous r\u00e9serve d'un enregistrement aupr\u00e8s de votre centre de service client\u00e8le local dans les 28 jours suivant l'achat. Pour enregistrer ce produit et b\u00e9n\u00e9ficier des \u00e9ventuelles extensions de garantie, veuillez remplir la carte d'enregistrement de la garantie et l'envoyer avec votre preuve d'achat \u00e0 l'adresse indiqu\u00e9e sur la couverture arri\u00e8re de ce livret ou vous enregistrer en ligne sur iconsupport.eu. Les d\u00e9tails complets des extensions de garantie et de la garantie du fabricant ICON sont disponibles sur demande aupr\u00e8s de votre centre de service client\u00e8le local ou en ligne sur iconsupport.eu. Conditions Cette garantie ne s'applique qu'\u00e0 l'acheteur initial (vous) et n'est pas transf\u00e9rable. La garantie ne couvre pas 1. l'usure normale ; 2. toute adaptation ou modification visant \u00e0 faire \u00e9voluer ce produit par rapport \u00e0 son usage normal tel qu'il est d\u00e9crit dans le manuel de l'utilisateur ; 3. les dommages r\u00e9sultant de les dommages r\u00e9sultant de : a) du transport ; b) d'un abus, d'une mauvaise utilisation, du non-respect des instructions ou d'une utilisation incorrecte ou anormale ; c) d'une utilisation non domestique (y compris, mais sans s'y limiter, \u00e0 des fins commerciales, professionnelles ou de location) ; d) de r\u00e9parations non effectu\u00e9es par un prestataire de services agr\u00e9\u00e9 par ICON ; e) d'accidents, de la foudre, de l'eau, du feu ou de toute autre cause ind\u00e9pendante de la volont\u00e9 d'ICON ; ICON n'est pas responsable des dommages indirects, sp\u00e9ciaux ou cons\u00e9cutifs d\u00e9coulant de l'utilisation ou de la performance du produit ou des dommages li\u00e9s \u00e0 toute perte \u00e9conomique, perte de biens, perte de revenus ou de profits, perte de jouissance ou d'utilisation, ou co\u00fbts d'enl\u00e8vement ou d'installation. Cette garantie couvre les produits achet\u00e9s et utilis\u00e9s dans l'Union europ\u00e9enne ; cependant, tous les produits ne sont pas distribu\u00e9s dans tous les pays. Cela peut entra\u00eener des retards dans la couverture de la garantie si vous avez achet\u00e9 ce produit dans un autre pays et qu'il n'est pas pris en charge dans votre pays de r\u00e9sidence. Il peut \u00eatre n\u00e9cessaire d'effectuer les r\u00e9parations dans un centre de r\u00e9paration agr\u00e9\u00e9 par ICON. ICON se r\u00e9serve le droit d'\u00e9tendre ou d'augmenter la couverture. La garantie s'ajoute et n'affecte en rien vos droits statutaires en vertu des lois nationales en vigueur, ni vos droits \u00e0 l'encontre du revendeur d\u00e9coulant du contrat de vente\/achat.<\/div>\n<\/div>\n<div class=\"product-next-day\">\n<h4>LIVRAISON EXPRESS<\/h4>\n<div class=\"text-container\">Un grand nombre de nos produits sont livrables en express ou \u00e0 date fixe, ce qui signifie que vous pouvez recevoir votre produit d\u00e8s le lendemain ou \u00e0 la date qui vous convient. Veuillez v\u00e9rifier les options de livraison au moment du paiement pour conna\u00eetre les disponibilit\u00e9s pour votre panier et votre code postal. Les conditions de livraison s'appliquent.<\/div>\n<\/div>","protected":false},"excerpt":{"rendered":"<p>Avec un cadre unique peu encombrant qui se plie au milieu pour maximiser l'espace au sol, le rameur ProForm 750 R est l'option id\u00e9ale pour les salles de sport compactes \u00e0 domicile. Les 24 niveaux de r\u00e9sistance num\u00e9rique garantissent que chaque course est aussi difficile que vous le souhaitez, en utilisant le syst\u00e8me de r\u00e9sistance magn\u00e9tique silencieuse SMR\u2122 de ProForm pour des changements d'intensit\u00e9 sans frottement. Tous les points de contact sont surdimensionn\u00e9s pour un meilleur confort, y compris les p\u00e9dales pivotantes avec des sangles de pied en nylon r\u00e9glables et le rail d'assise en aluminium. Le si\u00e8ge est ergonomique et moul\u00e9 pour un meilleur ajustement, tandis que la poign\u00e9e est fabriqu\u00e9e avec des mat\u00e9riaux Soft Touch\u2122 pour une prise en main s\u00fbre. Inclinez l'\u00e9cran multicolore 5\u201d \u00e0 fort contraste pour trouver l'angle optimal afin de suivre vos statistiques, en rangeant votre tablette dans le support int\u00e9gr\u00e9. T\u00e9l\u00e9chargez l'application iFIT sur votre tablette ou votre appareil intelligent, connectez-la au rameur 750 R, et vous pourrez profiter d'une s\u00e9lection pratiquement illimit\u00e9e d'entra\u00eenements individualis\u00e9s dirig\u00e9s par les meilleurs entra\u00eeneurs du monde, dans le confort de votre domicile. Acc\u00e9dez \u00e0 une s\u00e9ance d'entra\u00eenement chaque jour, pointez automatiquement vos progr\u00e8s, profitez d'itin\u00e9raires r\u00e9els avec Google Maps\u2122, rivalisez avec vos amis, adaptez votre entra\u00eenement \u00e0 vos objectifs sp\u00e9cifiques et bien plus encore (abonnement iFIT de 30 jours inclus*). Le rameur ProForm 750 R b\u00e9n\u00e9ficie \u00e9galement de la technologie ActivePulse (brassard SmartBeat requis - non inclus) qui ajuste automatiquement votre r\u00e9sistance pour vous assurer de rester dans la zone de fr\u00e9quence cardiaque id\u00e9ale, et de SmartAdjust, qui met votre r\u00e9sistance entre les mains de vos entra\u00eeneurs iFIT. \u00c9coutez votre musique ou entra\u00eenez-vous \u00e0 haute voix gr\u00e2ce aux 2 haut-parleurs de 2 pouces, ou connectez vos \u00e9couteurs via Bluetooth pour une exp\u00e9rience d'aviron plus silencieuse. * Essai iFIT de 30 jours inclus. Carte de cr\u00e9dit requise pour l'activation. L'abonnement iFIT est renouvel\u00e9 automatiquement sauf annulation pr\u00e9alable. La p\u00e9riode d'essai de 30 jours s'applique uniquement aux nouvelles adh\u00e9sions. La tablette montr\u00e9e dans les images n'est pas incluse.<\/p>\n<div class=\"product-attribute-container-desktop desktop-only\">\n<div class=\"additional-attributes-wrapper table-wrapper\"><\/div>\n<\/div>","protected":false},"featured_media":1099,"comment_status":"open","ping_status":"closed","template":"","meta":{"site-sidebar-layout":"default","site-content-layout":"","ast-site-content-layout":"default","site-content-style":"default","site-sidebar-style":"default","ast-global-header-display":"","ast-banner-title-visibility":"","ast-main-header-display":"","ast-hfb-above-header-display":"","ast-hfb-below-header-display":"","ast-hfb-mobile-header-display":"","site-post-title":"","ast-breadcrumbs-content":"","ast-featured-img":"","footer-sml-layout":"","theme-transparent-header-meta":"default","adv-header-id-meta":"","stick-header-meta":"","header-above-stick-meta":"","header-main-stick-meta":"","header-below-stick-meta":"","astra-migrate-meta-layouts":"set","ast-page-background-enabled":"default","ast-page-background-meta":{"desktop":{"background-color":"var(--ast-global-color-5)","background-image":"","background-repeat":"repeat","background-position":"center center","background-size":"auto","background-attachment":"scroll","background-type":"","background-media":"","overlay-type":"","overlay-color":"","overlay-opacity":"","overlay-gradient":""},"tablet":{"background-color":"","background-image":"","background-repeat":"repeat","background-position":"center center","background-size":"auto","background-attachment":"scroll","background-type":"","background-media":"","overlay-type":"","overlay-color":"","overlay-opacity":"","overlay-gradient":""},"mobile":{"background-color":"","background-image":"","background-repeat":"repeat","background-position":"center center","background-size":"auto","background-attachment":"scroll","background-type":"","background-media":"","overlay-type":"","overlay-color":"","overlay-opacity":"","overlay-gradient":""}},"ast-content-background-meta":{"desktop":{"background-color":"var(--ast-global-color-4)","background-image":"","background-repeat":"repeat","background-position":"center center","background-size":"auto","background-attachment":"scroll","background-type":"","background-media":"","overlay-type":"","overlay-color":"","overlay-opacity":"","overlay-gradient":""},"tablet":{"background-color":"var(--ast-global-color-4)","background-image":"","background-repeat":"repeat","background-position":"center center","background-size":"auto","background-attachment":"scroll","background-type":"","background-media":"","overlay-type":"","overlay-color":"","overlay-opacity":"","overlay-gradient":""},"mobile":{"background-color":"var(--ast-global-color-4)","background-image":"","background-repeat":"repeat","background-position":"center center","background-size":"auto","background-attachment":"scroll","background-type":"","background-media":"","overlay-type":"","overlay-color":"","overlay-opacity":"","overlay-gradient":""}}},"product_brand":[],"product_cat":[20],"product_tag":[24],"class_list":{"0":"post-1095","1":"product","2":"type-product","3":"status-publish","4":"has-post-thumbnail","6":"product_cat-rowing-machine","7":"product_tag-rowing-machines","8":"desktop-align-left","9":"tablet-align-left","10":"mobile-align-left","12":"first","13":"instock","14":"sale","15":"taxable","16":"shipping-taxable","17":"purchasable","18":"product-type-simple"},"_links":{"self":[{"href":"http:\/\/bestfitnessstore.com\/fr\/wp-json\/wp\/v2\/product\/1095","targetHints":{"allow":["GET"]}}],"collection":[{"href":"http:\/\/bestfitnessstore.com\/fr\/wp-json\/wp\/v2\/product"}],"about":[{"href":"http:\/\/bestfitnessstore.com\/fr\/wp-json\/wp\/v2\/types\/product"}],"replies":[{"embeddable":true,"href":"http:\/\/bestfitnessstore.com\/fr\/wp-json\/wp\/v2\/comments?post=1095"}],"wp:featuredmedia":[{"embeddable":true,"href":"http:\/\/bestfitnessstore.com\/fr\/wp-json\/wp\/v2\/media\/1099"}],"wp:attachment":[{"href":"http:\/\/bestfitnessstore.com\/fr\/wp-json\/wp\/v2\/media?parent=1095"}],"wp:term":[{"taxonomy":"product_brand","embeddable":true,"href":"http:\/\/bestfitnessstore.com\/fr\/wp-json\/wp\/v2\/product_brand?post=1095"},{"taxonomy":"product_cat","embeddable":true,"href":"http:\/\/bestfitnessstore.com\/fr\/wp-json\/wp\/v2\/product_cat?post=1095"},{"taxonomy":"product_tag","embeddable":true,"href":"http:\/\/bestfitnessstore.com\/fr\/wp-json\/wp\/v2\/product_tag?post=1095"}],"curies":[{"name":"wp","href":"https:\/\/api.w.org\/{rel}","templated":true}]}}