{"id":1090,"date":"2025-11-25T09:42:58","date_gmt":"2025-11-25T09:42:58","guid":{"rendered":"https:\/\/bestfitnessstore.com\/?post_type=product&#038;p=1090"},"modified":"2025-11-25T09:42:58","modified_gmt":"2025-11-25T09:42:58","slug":"proform-550-rwing-machine","status":"publish","type":"product","link":"http:\/\/bestfitnessstore.com\/fr\/product\/proform-550-r-rowing-machine\/","title":{"rendered":"Rameur ProForm 550 R"},"content":{"rendered":"<div class=\"product-attribute-container-desktop desktop-only\">\n<div class=\"additional-attributes-wrapper table-wrapper\">\n<h5>INFORMATIONS SUR LES PRODUITS<\/h5>\n<div class=\"attributes-container\">\n<ul class=\"product-attributes-container\">\n<li><span class=\"specification-title\">Poids de l'emballage (KG) :\u00a0<\/span><span class=\"specification-data\">34.000000<\/span><\/li>\n<li><span class=\"specification-title\">Int\u00e9gration des applications :\u00a0<\/span><span class=\"specification-data\">iFIT<\/span><\/li>\n<li><span class=\"specification-title\">Type de rameur :\u00a0<\/span><span class=\"specification-data\">Magn\u00e9tique<\/span><\/li>\n<li><span class=\"specification-title\">Pliage :\u00a0<\/span><span class=\"specification-data\">Oui<\/span><\/li>\n<li><span class=\"specification-title\">Dimensions du produit (LxLxH) :\u00a0<\/span><span class=\"specification-data\">182,10 x 58,10 x 67,50 cm<\/span><\/li>\n<\/ul>\n<ul class=\"product-attributes-container\">\n<li><span class=\"specification-title\">M\u00e9thode d'alimentation :\u00a0<\/span><span class=\"specification-data\">\u00c9lectricit\u00e9 de r\u00e9seau<\/span><\/li>\n<li><span class=\"specification-title\">Support de tablette :\u00a0<\/span><span class=\"specification-data\">Oui<\/span><\/li>\n<li><span class=\"specification-title\">Roues de transport :\u00a0<\/span><span class=\"specification-data\">Oui<\/span><\/li>\n<li><span class=\"specification-title\">Poids maximal de l'utilisateur (kg) :\u00a0<\/span><span class=\"specification-data\">114.00 (Kg)<\/span><\/li>\n<li><span class=\"specification-title\">Dimensions de la bo\u00eete (LxLxH) :\u00a0<\/span><span class=\"specification-data\">125 x 28 x 62 cm<\/span><\/li>\n<\/ul>\n<\/div>\n<\/div>\n<\/div>\n<div class=\"product-features\">\n<h5>CARACT\u00c9RISTIQUES SUPPL\u00c9MENTAIRES<\/h5>\n<div class=\"more-container\">\n<div class=\"unshow-text\">\n<ul class=\"product-features-container\">\n<li><span class=\"specification-title\">R\u00e9sistance magn\u00e9tique silencieuse\u2122 :<\/span>\u00a0<span class=\"specification-data\">Changements de r\u00e9sistance en douceur en cours de route<\/span><\/li>\n<li><span class=\"specification-title\">Niveaux de r\u00e9sistance :<\/span>\u00a0<span class=\"specification-data\">8<\/span><\/li>\n<li><span class=\"specification-title\">P\u00e9dales :<\/span>\u00a0<span class=\"specification-data\">Surdimensionn\u00e9 et pivotant ; sangles en nylon r\u00e9glables<\/span><\/li>\n<li><span class=\"specification-title\">Poign\u00e9e :<\/span>\u00a0<span class=\"specification-data\">Poign\u00e9e ergonomique \u00e0 prise souple<\/span><\/li>\n<li><span class=\"specification-title\">\u00c9tag\u00e8re de l'appareil :<\/span>\u00a0<span class=\"specification-data\">Tient votre t\u00e9l\u00e9phone portable ou votre tablette (appareil non inclus)<\/span><\/li>\n<li><span class=\"specification-title\">Compatible avec l'IFIT :<\/span>\u00a0<span class=\"specification-data\">Faites l'exp\u00e9rience d'entra\u00eenements virtuels individualis\u00e9s dirig\u00e9s par les meilleurs entra\u00eeneurs du monde dans le confort de votre domicile - adh\u00e9sion \u00e0 iFIT Train requise<\/span><\/li>\n<li><span class=\"specification-title\">Conception peu encombrante :<\/span>\u00a0<span class=\"specification-data\">Cadre pliant innovant<\/span><\/li>\n<li><span class=\"specification-title\">Essai de l'IFIT :<\/span>\u00a0<span class=\"specification-data\">Essai de 30 jours de iFIT Train inclus. Carte de cr\u00e9dit requise pour l'activation. L'adh\u00e9sion \u00e0 iFIT Train se renouvelle automatiquement \u00e0 moins qu'elle ne soit annul\u00e9e \u00e0 l'avance. La p\u00e9riode d'essai de 30 jours ne s'applique qu'aux nouvelles adh\u00e9sions.<\/span><\/li>\n<\/ul>\n<\/div>\n<\/div>\n<\/div>\n<div class=\"product-warranty\">\n<h5>GARANTIE<\/h5>\n<div class=\"text-container\"><strong>Utilisation \u00e0 domicile :<\/strong>\u00a0Deux ans pi\u00e8ces et main d'\u0153uvre (conditions applicables) sous r\u00e9serve d'enregistrement du produit dans les 28 jours suivant l'achat. La garantie standard est de 12 mois pi\u00e8ces et main d'\u0153uvre Conditions Cette garantie ne s'applique qu'\u00e0 l'acheteur initial (vous) et n'est pas transf\u00e9rable. La garantie ne couvre pas 1. L'usure normale (les courroies de marche, les courroies d'entra\u00eenement, les batteries, les plaquettes de frein et les tapis de saut sont des exemples de pi\u00e8ces d'usure normale). 2. les r\u00e9parations, adaptations ou modifications de fortune visant \u00e0 modifier l'utilisation et le fonctionnement normaux du produit, tels que d\u00e9crits dans le manuel de l'utilisateur 3. Les dommages r\u00e9sultant : a) d'actes volontaires ou malveillants. b) du transport. c) d'une installation, d'un assemblage ou d'un raccordement non conforme aux sp\u00e9cifications ou recommandations d'ICON. d) d'un abus, d'une mauvaise utilisation, du non-respect des instructions ou d'une utilisation incorrecte ou anormale. e) du non-respect des instructions figurant dans votre manuel d'utilisation (comme l'utilisation de produits de nettoyage et d'entretien autres que ceux recommand\u00e9s, le fait de ne pas \u00e9teindre le produit apr\u00e8s l'avoir utilis\u00e9, etc.) f) Utilisation hors domicile (y compris, mais sans s'y limiter, l'utilisation dans un cadre commercial, professionnel, locatif ou institutionnel). g) R\u00e9parations non effectu\u00e9es par un prestataire de services agr\u00e9\u00e9 par ICON ou utilisation de pi\u00e8ces non fournies ou autoris\u00e9es par ICON. h) Accidents, chocs, fluctuations de puissance, foudre, temp\u00eates, eau, incendie, animaux ou toute autre cause ind\u00e9pendante de la volont\u00e9 d'ICON. i) Emplacement inad\u00e9quat, y compris, mais sans s'y limiter, dans des environnements humides, poussi\u00e9reux ou ext\u00e9rieurs (par exemple, garages, caves, porches et patios).<\/div>\n<\/div>","protected":false},"excerpt":{"rendered":"<p>Le rameur ProForm 550 R dispose de 8 niveaux de r\u00e9sistance num\u00e9rique qui permettent d'effectuer l'entra\u00eenement dont votre corps a besoin. De la r\u00e9cup\u00e9ration \u00e0 la haute intensit\u00e9, vous pouvez choisir la r\u00e9sistance num\u00e9rique dont vous avez besoin en fonction de vos objectifs. Le syst\u00e8me Silent Magnetic Resistance\u2122 offre une exp\u00e9rience d'aviron douce et silencieuse, con\u00e7ue pour aider votre mouvement d'aviron \u00e0 se sentir plus fluide pour un entra\u00eenement complet du corps. Tirez le meilleur parti du rameur 550R avec iFIT. Connectez-vous \u00e0 votre compte iFIT* sur votre propre appareil (tablette\/t\u00e9l\u00e9phone intelligent non inclus) et connectez-le au rameur 550R pour pr\u00e9parer la prochaine s\u00e9ance d'entra\u00eenement de votre programme personnalis\u00e9. Pendant que vous vous entra\u00eenez, iFIT suit vos performances et modifie automatiquement les 8 niveaux de r\u00e9sistance en fonction de l'intensit\u00e9 dont vous avez besoin. Avec iFIT, vous avez acc\u00e8s \u00e0 plus de 10 000 s\u00e9ances d'entra\u00eenement, \u00e0 des fonctions intelligentes et \u00e0 un encadrement assur\u00e9 par des entra\u00eeneurs iFIT experts dans des sites internationaux attrayants. Les entra\u00eeneurs sont l\u00e0 pour vous aider \u00e0 am\u00e9liorer votre forme, vous motiver \u00e0 terminer en force et vous donner des informations sur les sites internationaux afin que vous restiez engag\u00e9 dans des sessions courtes et longues. Sentez-vous en s\u00e9curit\u00e9 et stable sur des p\u00e9dales surdimensionn\u00e9es et confortables qui pivotent et sont \u00e9quip\u00e9es de sangles en nylon r\u00e9glables pour s'adapter \u00e0 la plupart des tailles. Tirez facilement sur la sangle pour lib\u00e9rer votre pied \u00e0 la fin de la s\u00e9ance d'entra\u00eenement ou pour passer \u00e0 une s\u00e9ance d'entra\u00eenement crois\u00e9. Le 550R est \u00e9galement dot\u00e9 d'une poign\u00e9e souple et confortable qui procure une sensation de bien-\u00eatre tout au long de l'entra\u00eenement. Lorsque vous avez termin\u00e9 votre entra\u00eenement, le 550R peut se plier en deux et est facile \u00e0 rouler pour \u00e9conomiser de l'espace au sol. * Essai iFIT Train de 30 jours inclus. Carte de cr\u00e9dit requise pour l'activation. L'adh\u00e9sion \u00e0 iFIT Train se renouvelle automatiquement \u00e0 moins qu'elle ne soit annul\u00e9e \u00e0 l'avance. La p\u00e9riode d'essai de 30 jours ne s'applique qu'aux nouvelles adh\u00e9sions.<\/p>\n<div class=\"product-attribute-container-desktop desktop-only\">\n<div class=\"additional-attributes-wrapper table-wrapper\"><\/div>\n<\/div>","protected":false},"featured_media":1094,"comment_status":"open","ping_status":"closed","template":"","meta":{"site-sidebar-layout":"default","site-content-layout":"","ast-site-content-layout":"default","site-content-style":"default","site-sidebar-style":"default","ast-global-header-display":"","ast-banner-title-visibility":"","ast-main-header-display":"","ast-hfb-above-header-display":"","ast-hfb-below-header-display":"","ast-hfb-mobile-header-display":"","site-post-title":"","ast-breadcrumbs-content":"","ast-featured-img":"","footer-sml-layout":"","theme-transparent-header-meta":"default","adv-header-id-meta":"","stick-header-meta":"","header-above-stick-meta":"","header-main-stick-meta":"","header-below-stick-meta":"","astra-migrate-meta-layouts":"set","ast-page-background-enabled":"default","ast-page-background-meta":{"desktop":{"background-color":"var(--ast-global-color-5)","background-image":"","background-repeat":"repeat","background-position":"center center","background-size":"auto","background-attachment":"scroll","background-type":"","background-media":"","overlay-type":"","overlay-color":"","overlay-opacity":"","overlay-gradient":""},"tablet":{"background-color":"","background-image":"","background-repeat":"repeat","background-position":"center center","background-size":"auto","background-attachment":"scroll","background-type":"","background-media":"","overlay-type":"","overlay-color":"","overlay-opacity":"","overlay-gradient":""},"mobile":{"background-color":"","background-image":"","background-repeat":"repeat","background-position":"center center","background-size":"auto","background-attachment":"scroll","background-type":"","background-media":"","overlay-type":"","overlay-color":"","overlay-opacity":"","overlay-gradient":""}},"ast-content-background-meta":{"desktop":{"background-color":"var(--ast-global-color-4)","background-image":"","background-repeat":"repeat","background-position":"center center","background-size":"auto","background-attachment":"scroll","background-type":"","background-media":"","overlay-type":"","overlay-color":"","overlay-opacity":"","overlay-gradient":""},"tablet":{"background-color":"var(--ast-global-color-4)","background-image":"","background-repeat":"repeat","background-position":"center center","background-size":"auto","background-attachment":"scroll","background-type":"","background-media":"","overlay-type":"","overlay-color":"","overlay-opacity":"","overlay-gradient":""},"mobile":{"background-color":"var(--ast-global-color-4)","background-image":"","background-repeat":"repeat","background-position":"center center","background-size":"auto","background-attachment":"scroll","background-type":"","background-media":"","overlay-type":"","overlay-color":"","overlay-opacity":"","overlay-gradient":""}}},"product_brand":[],"product_cat":[20],"product_tag":[24],"class_list":{"0":"post-1090","1":"product","2":"type-product","3":"status-publish","4":"has-post-thumbnail","6":"product_cat-rowing-machine","7":"product_tag-rowing-machines","8":"desktop-align-left","9":"tablet-align-left","10":"mobile-align-left","12":"first","13":"instock","14":"sale","15":"taxable","16":"shipping-taxable","17":"purchasable","18":"product-type-simple"},"_links":{"self":[{"href":"http:\/\/bestfitnessstore.com\/fr\/wp-json\/wp\/v2\/product\/1090","targetHints":{"allow":["GET"]}}],"collection":[{"href":"http:\/\/bestfitnessstore.com\/fr\/wp-json\/wp\/v2\/product"}],"about":[{"href":"http:\/\/bestfitnessstore.com\/fr\/wp-json\/wp\/v2\/types\/product"}],"replies":[{"embeddable":true,"href":"http:\/\/bestfitnessstore.com\/fr\/wp-json\/wp\/v2\/comments?post=1090"}],"wp:featuredmedia":[{"embeddable":true,"href":"http:\/\/bestfitnessstore.com\/fr\/wp-json\/wp\/v2\/media\/1094"}],"wp:attachment":[{"href":"http:\/\/bestfitnessstore.com\/fr\/wp-json\/wp\/v2\/media?parent=1090"}],"wp:term":[{"taxonomy":"product_brand","embeddable":true,"href":"http:\/\/bestfitnessstore.com\/fr\/wp-json\/wp\/v2\/product_brand?post=1090"},{"taxonomy":"product_cat","embeddable":true,"href":"http:\/\/bestfitnessstore.com\/fr\/wp-json\/wp\/v2\/product_cat?post=1090"},{"taxonomy":"product_tag","embeddable":true,"href":"http:\/\/bestfitnessstore.com\/fr\/wp-json\/wp\/v2\/product_tag?post=1090"}],"curies":[{"name":"wp","href":"https:\/\/api.w.org\/{rel}","templated":true}]}}