{"id":1085,"date":"2025-11-25T09:40:19","date_gmt":"2025-11-25T09:40:19","guid":{"rendered":"https:\/\/bestfitnessstore.com\/?post_type=product&#038;p=1085"},"modified":"2025-11-25T09:40:19","modified_gmt":"2025-11-25T09:40:19","slug":"nordictrack-rw900-machine-a-ramer","status":"publish","type":"product","link":"http:\/\/bestfitnessstore.com\/fr\/product\/nordictrack-rw900-rowing-machine\/","title":{"rendered":"Rameur NordicTrack RW900"},"content":{"rendered":"<p>&nbsp;<\/p>\n<div class=\"product-attribute-container-desktop desktop-only\">\n<div class=\"additional-attributes-wrapper table-wrapper\">\n<h5>INFORMATIONS SUR LES PRODUITS<\/h5>\n<div class=\"attributes-container\">\n<ul class=\"product-attributes-container\">\n<li><span class=\"specification-title\">Poids de l'emballage (KG) :\u00a0<\/span><span class=\"specification-data\">71.099998<\/span><\/li>\n<li><span class=\"specification-title\">Bluetooth :\u00a0<\/span><span class=\"specification-data\">Oui<\/span><\/li>\n<li><span class=\"specification-title\">Roues de transport :\u00a0<\/span><span class=\"specification-data\">Oui<\/span><\/li>\n<li><span class=\"specification-title\">Dimensions du produit (LxLxH) :\u00a0<\/span><span class=\"specification-data\">204 x 55 x 134 cm<\/span><\/li>\n<\/ul>\n<ul class=\"product-attributes-container\">\n<li><span class=\"specification-title\">Int\u00e9gration des applications :\u00a0<\/span><span class=\"specification-data\">iFIT<\/span><\/li>\n<li><span class=\"specification-title\">Type de rameur :\u00a0<\/span><span class=\"specification-data\">Magn\u00e9tique<\/span><\/li>\n<li><span class=\"specification-title\">Poids maximal de l'utilisateur (kg) :\u00a0<\/span><span class=\"specification-data\">136,00 (Kg)<\/span><\/li>\n<li><span class=\"specification-title\">Dimensions de la bo\u00eete (LxLxH) :\u00a0<\/span><span class=\"specification-data\">210,90 x 25,40 x 87,70 cm<\/span><\/li>\n<\/ul>\n<\/div>\n<\/div>\n<\/div>\n<div class=\"product-features\">\n<h4>CARACT\u00c9RISTIQUES SUPPL\u00c9MENTAIRES<\/h4>\n<div class=\"more-container\">\n<div class=\"unshow-text\">\n<ul class=\"product-features-container\">\n<li><span class=\"specification-title\">Syst\u00e8me de r\u00e9sistance :<\/span>\u00a0<span class=\"specification-data\">R\u00e9sistance magn\u00e9tique silencieuse\u2122<\/span><\/li>\n<li><span class=\"specification-title\">Niveaux de r\u00e9sistance :<\/span>\u00a0<span class=\"specification-data\">26<\/span><\/li>\n<li><span class=\"specification-title\">P\u00e9dales :<\/span>\u00a0<span class=\"specification-data\">Surdimensionn\u00e9 et pivotant<\/span><\/li>\n<li><span class=\"specification-title\">Sangles de pied en nylon :<\/span>\u00a0<span class=\"specification-data\">Maintenez vos pieds bien en place<\/span><\/li>\n<li><span class=\"specification-title\">Affichage :<\/span>\u00a0<span class=\"specification-data\">\u00c9cran tactile HD pivotant de 24 pouces<\/span><\/li>\n<li><span class=\"specification-title\">IFIT :<\/span>\u00a0<span class=\"specification-data\">Acc\u00e9dez \u00e0 des s\u00e9ances d'entra\u00eenement en continu dirig\u00e9es par des entra\u00eeneurs de renomm\u00e9e mondiale qui vous poussent \u00e0 aller plus loin pour maximiser vos r\u00e9sultats. Synchronisation avec Strava, Garmin, Google Fit et Apple Health. - Adh\u00e9sion \u00e0 iFIT Pro requise<\/span><\/li>\n<\/ul>\n<\/div>\n<\/div>\n<\/div>\n<div class=\"product-warranty\">\n<h5>GARANTIE<\/h5>\n<div class=\"text-container\"><strong>Utilisation \u00e0 domicile :<\/strong>\u00a0Deux ans pi\u00e8ces et main d'\u0153uvre (conditions applicables) sous r\u00e9serve d'enregistrement du produit dans les 28 jours suivant l'achat. La garantie standard est de 12 mois pi\u00e8ces et main d'\u0153uvre.<\/div>\n<\/div>","protected":false},"excerpt":{"rendered":"<p>Le rameur NordicTrack RW900 offre 26 niveaux de r\u00e9sistance num\u00e9rique pour fournir l'entra\u00eenement dont votre corps a besoin. De la r\u00e9cup\u00e9ration \u00e0 la haute intensit\u00e9, vous pouvez choisir la r\u00e9sistance num\u00e9rique correspondant \u00e0 vos objectifs. Le syst\u00e8me Silent Magnetic Resistance\u2122 offre une exp\u00e9rience d'aviron douce et silencieuse, qui est con\u00e7ue pour aider votre mouvement d'aviron \u00e0 se sentir plus fluide pour un entra\u00eenement complet du corps. Tirez le meilleur parti du RW900 avec iFIT (abonnement iFIT Pro non inclus). Connectez-vous \u00e0 votre compte iFIT Pro directement sur l'\u00e9cran tactile HD 24\u2019 du RW900 et pr\u00e9parez la prochaine s\u00e9ance d'entra\u00eenement de votre programme personnalis\u00e9. Pendant que vous vous entra\u00eenez, iFIT suit vos performances et modifie automatiquement les 26 niveaux de r\u00e9sistance pour vous, afin que vous sachiez que vous travaillez juste ce qu'il faut. Avec iFIT, vous avez acc\u00e8s \u00e0 plus de 10 000 s\u00e9ances d'entra\u00eenement, \u00e0 des fonctions intelligentes et \u00e0 un coaching assur\u00e9 par des entra\u00eeneurs iFIT experts dans de nombreux pays. L'\u00e9cran pivote \u00e9galement, ce qui signifie que vous pouvez tourner la console pour suivre votre entra\u00eeneur dans des s\u00e9ances d'entra\u00eenement en dehors du rameur, y compris la musculation, le yoga, le HIIT et bien plus encore. Sentez-vous en s\u00e9curit\u00e9 et stable sur les p\u00e9dales surdimensionn\u00e9es et confortables qui pivotent et sont \u00e9quip\u00e9es de sangles en nylon r\u00e9glables pour s'adapter \u00e0 la plupart des tailles. Tirez facilement sur la sangle pour lib\u00e9rer votre pied \u00e0 la fin de l'entra\u00eenement ou pour passer \u00e0 une s\u00e9ance d'entra\u00eenement crois\u00e9. Le RW900 est \u00e9galement \u00e9quip\u00e9 de roues de transport mont\u00e9es \u00e0 l'avant, qui facilitent son d\u00e9placement sur le sol de la salle de sport.<\/p>\n<div class=\"product-attribute-container-desktop desktop-only\">\n<div class=\"additional-attributes-wrapper table-wrapper\"><\/div>\n<\/div>","protected":false},"featured_media":1088,"comment_status":"open","ping_status":"closed","template":"","meta":{"site-sidebar-layout":"default","site-content-layout":"","ast-site-content-layout":"default","site-content-style":"default","site-sidebar-style":"default","ast-global-header-display":"","ast-banner-title-visibility":"","ast-main-header-display":"","ast-hfb-above-header-display":"","ast-hfb-below-header-display":"","ast-hfb-mobile-header-display":"","site-post-title":"","ast-breadcrumbs-content":"","ast-featured-img":"","footer-sml-layout":"","theme-transparent-header-meta":"default","adv-header-id-meta":"","stick-header-meta":"","header-above-stick-meta":"","header-main-stick-meta":"","header-below-stick-meta":"","astra-migrate-meta-layouts":"set","ast-page-background-enabled":"default","ast-page-background-meta":{"desktop":{"background-color":"var(--ast-global-color-5)","background-image":"","background-repeat":"repeat","background-position":"center center","background-size":"auto","background-attachment":"scroll","background-type":"","background-media":"","overlay-type":"","overlay-color":"","overlay-opacity":"","overlay-gradient":""},"tablet":{"background-color":"","background-image":"","background-repeat":"repeat","background-position":"center center","background-size":"auto","background-attachment":"scroll","background-type":"","background-media":"","overlay-type":"","overlay-color":"","overlay-opacity":"","overlay-gradient":""},"mobile":{"background-color":"","background-image":"","background-repeat":"repeat","background-position":"center center","background-size":"auto","background-attachment":"scroll","background-type":"","background-media":"","overlay-type":"","overlay-color":"","overlay-opacity":"","overlay-gradient":""}},"ast-content-background-meta":{"desktop":{"background-color":"var(--ast-global-color-4)","background-image":"","background-repeat":"repeat","background-position":"center center","background-size":"auto","background-attachment":"scroll","background-type":"","background-media":"","overlay-type":"","overlay-color":"","overlay-opacity":"","overlay-gradient":""},"tablet":{"background-color":"var(--ast-global-color-4)","background-image":"","background-repeat":"repeat","background-position":"center center","background-size":"auto","background-attachment":"scroll","background-type":"","background-media":"","overlay-type":"","overlay-color":"","overlay-opacity":"","overlay-gradient":""},"mobile":{"background-color":"var(--ast-global-color-4)","background-image":"","background-repeat":"repeat","background-position":"center center","background-size":"auto","background-attachment":"scroll","background-type":"","background-media":"","overlay-type":"","overlay-color":"","overlay-opacity":"","overlay-gradient":""}}},"product_brand":[],"product_cat":[20],"product_tag":[24],"class_list":{"0":"post-1085","1":"product","2":"type-product","3":"status-publish","4":"has-post-thumbnail","6":"product_cat-rowing-machine","7":"product_tag-rowing-machines","8":"desktop-align-left","9":"tablet-align-left","10":"mobile-align-left","12":"first","13":"instock","14":"sale","15":"taxable","16":"shipping-taxable","17":"purchasable","18":"product-type-simple"},"_links":{"self":[{"href":"http:\/\/bestfitnessstore.com\/fr\/wp-json\/wp\/v2\/product\/1085","targetHints":{"allow":["GET"]}}],"collection":[{"href":"http:\/\/bestfitnessstore.com\/fr\/wp-json\/wp\/v2\/product"}],"about":[{"href":"http:\/\/bestfitnessstore.com\/fr\/wp-json\/wp\/v2\/types\/product"}],"replies":[{"embeddable":true,"href":"http:\/\/bestfitnessstore.com\/fr\/wp-json\/wp\/v2\/comments?post=1085"}],"wp:featuredmedia":[{"embeddable":true,"href":"http:\/\/bestfitnessstore.com\/fr\/wp-json\/wp\/v2\/media\/1088"}],"wp:attachment":[{"href":"http:\/\/bestfitnessstore.com\/fr\/wp-json\/wp\/v2\/media?parent=1085"}],"wp:term":[{"taxonomy":"product_brand","embeddable":true,"href":"http:\/\/bestfitnessstore.com\/fr\/wp-json\/wp\/v2\/product_brand?post=1085"},{"taxonomy":"product_cat","embeddable":true,"href":"http:\/\/bestfitnessstore.com\/fr\/wp-json\/wp\/v2\/product_cat?post=1085"},{"taxonomy":"product_tag","embeddable":true,"href":"http:\/\/bestfitnessstore.com\/fr\/wp-json\/wp\/v2\/product_tag?post=1085"}],"curies":[{"name":"wp","href":"https:\/\/api.w.org\/{rel}","templated":true}]}}