{"id":1008,"date":"2025-11-24T15:43:27","date_gmt":"2025-11-24T15:43:27","guid":{"rendered":"https:\/\/bestfitnessstore.com\/?post_type=product&#038;p=1008"},"modified":"2025-11-24T15:43:27","modified_gmt":"2025-11-24T15:43:27","slug":"body-solid-r300-endurance-light-commercial-air-rowing-machine","status":"publish","type":"product","link":"http:\/\/bestfitnessstore.com\/fr\/product\/body-solid-r300-endurance-light-commercial-air-rowing-machine\/","title":{"rendered":"Body-Solid R300 Endurance Light Commercial Air Rowing Machine"},"content":{"rendered":"<div class=\"product-attribute-container-desktop desktop-only\">\n<div class=\"additional-attributes-wrapper table-wrapper\">\n<h4>INFORMATIONS SUR LES PRODUITS<\/h4>\n<div class=\"attributes-container\">\n<ul class=\"product-attributes-container\">\n<li><span class=\"specification-title\">Poids de l'emballage (KG) :\u00a0<\/span><span class=\"specification-data\">45.000000<\/span><\/li>\n<li><span class=\"specification-title\">M\u00e9thode d'alimentation :\u00a0<\/span><span class=\"specification-data\">Autoaliment\u00e9<\/span><\/li>\n<li><span class=\"specification-title\">Bluetooth :\u00a0<\/span><span class=\"specification-data\">Non<\/span><\/li>\n<li><span class=\"specification-title\">Roues de transport :\u00a0<\/span><span class=\"specification-data\">Non<\/span><\/li>\n<li><span class=\"specification-title\">R\u00e9sistance r\u00e9glable :\u00a0<\/span><span class=\"specification-data\">Oui<\/span><\/li>\n<li><span class=\"specification-title\">Programmes int\u00e9gr\u00e9s :\u00a0<\/span><span class=\"specification-data\">8 s\u00e9ances d'entra\u00eenement pr\u00e9r\u00e9gl\u00e9es, y compris : D\u00e9marrage rapide, Distance, Temps, Calories, Jeu, Intervalles<\/span><\/li>\n<\/ul>\n<ul class=\"product-attributes-container\">\n<li><span class=\"specification-title\">Poids du produit (KG) :\u00a0<\/span><span class=\"specification-data\">37<\/span><\/li>\n<li><span class=\"specification-title\">Support de tablette :\u00a0<\/span><span class=\"specification-data\">Oui<\/span><\/li>\n<li><span class=\"specification-title\">Type de rameur :\u00a0<\/span><span class=\"specification-data\">Air \/ Hydraulique<\/span><\/li>\n<li><span class=\"specification-title\">Pliage :\u00a0<\/span><span class=\"specification-data\">Non<\/span><\/li>\n<li><span class=\"specification-title\">Poids maximal de l'utilisateur (kg) :\u00a0<\/span><span class=\"specification-data\">150,00 (Kg)<\/span><\/li>\n<li><span class=\"specification-title\">Dimensions du produit (LxLxH) :\u00a0<\/span><span class=\"specification-data\">241,50 x 62 x 101 cm<\/span><\/li>\n<\/ul>\n<\/div>\n<\/div>\n<\/div>\n<div class=\"product-features\">\n<h4>CARACT\u00c9RISTIQUES SUPPL\u00c9MENTAIRES<\/h4>\n<div class=\"more-container\">\n<div class=\"unshow-text\">\n<ul class=\"product-features-container\">\n<li><span class=\"specification-title\">Entra\u00eenement efficace :<\/span>\u00a0<span class=\"specification-data\">Faible impact et corps entier<\/span><\/li>\n<li><span class=\"specification-title\">Les muscles travaillent :<\/span>\u00a0<span class=\"specification-data\">Quadriceps, ischio-jambiers, abdominaux, obliques, lats, biceps, triceps, fl\u00e9chisseurs de la hanche, etc.<\/span><\/li>\n<li><span class=\"specification-title\">R\u00e9sistance contr\u00f4l\u00e9e par l'utilisateur :<\/span>\u00a0<span class=\"specification-data\">R\u00e9agit \u00e0 votre niveau d'intensit\u00e9, en augmentant au fur et \u00e0 mesure que vous acc\u00e9l\u00e9rez.<\/span><\/li>\n<li><span class=\"specification-title\">Volant d'inertie con\u00e7u avec pr\u00e9cision :<\/span>\u00a0<span class=\"specification-data\">Le bruit est r\u00e9duit au minimum<\/span><\/li>\n<li><span class=\"specification-title\">Poign\u00e9e ergonomique textur\u00e9e :<\/span>\u00a0<span class=\"specification-data\">Ramez avec des positions naturelles des mains et des bras<\/span><\/li>\n<li><span class=\"specification-title\">Repose-pieds r\u00e9glables :<\/span>\u00a0<span class=\"specification-data\">Des pieds s\u00fbrs et confortables<\/span><\/li>\n<li><span class=\"specification-title\">Console interactive :<\/span>\u00a0<span class=\"specification-data\">Rapports sur le temps, la fr\u00e9quence cardiaque, les calories, la largeur de la pagaie, la vitesse de nage, la distance parcourue et les watts.<\/span><\/li>\n<li><span class=\"specification-title\">Compatibilit\u00e9 polaire :<\/span>\u00a0<span class=\"specification-data\">Ceinture thoracique non incluse - Les ceintures Polar T31 &amp; T34 non cod\u00e9es transmettant \u00e0 5kHz sont compatibles.<\/span><\/li>\n<li><span class=\"specification-title\">Cha\u00eene nickel\u00e9e :<\/span>\u00a0<span class=\"specification-data\">Durabilit\u00e9 in\u00e9gal\u00e9e<\/span><\/li>\n<li><span class=\"specification-title\">Stockage efficace :<\/span>\u00a0<span class=\"specification-data\">Se s\u00e9pare facilement en plusieurs morceaux<\/span><\/li>\n<\/ul>\n<\/div>\n<\/div>\n<\/div>\n<div class=\"product-warranty\">\n<h4>GARANTIE<\/h4>\n<div class=\"text-container\"><strong>Usage domestique et commercial l\u00e9ger :<\/strong>\u00a03 ans pour les pi\u00e8ces, 1 an pour la main-d'\u0153uvre<\/div>\n<div><\/div>\n<\/div>\n<div class=\"product-next-day\">\n<h4>LIVRAISON EXPRESS<\/h4>\n<div class=\"text-container\">Un grand nombre de nos produits sont livrables en express ou \u00e0 date fixe, ce qui signifie que vous pouvez recevoir votre produit d\u00e8s le lendemain ou \u00e0 la date qui vous convient. Veuillez v\u00e9rifier les options de livraison au moment du paiement pour conna\u00eetre les disponibilit\u00e9s pour votre panier et votre code postal. Les conditions de livraison s'appliquent.<\/div>\n<\/div>","protected":false},"excerpt":{"rendered":"<div id=\"fullDescription\" class=\"full-description\">\n<div class=\"text-container\">Le rameur d'int\u00e9rieur Endurance by Body-Solid R300 offre un entra\u00eenement efficace et sans impact pour l'ensemble du corps. Non seulement le mouvement de rame permet aux utilisateurs de br\u00fbler des calories \u00e0 haute intensit\u00e9, mais il fait \u00e9galement travailler les quadriceps, les ischio-jambiers, les abdominaux, les obliques, les lombaires, les biceps, les triceps, les fl\u00e9chisseurs de la hanche et bien plus encore. La r\u00e9sistance de l'air contr\u00f4l\u00e9e par l'utilisateur permet \u00e0 ce dernier d'exercer un contr\u00f4le total pour un entra\u00eenement \u00e9quilibr\u00e9 et coordonn\u00e9. R\u00e9pondant \u00e0 votre niveau d'intensit\u00e9, la r\u00e9sistance augmente au fur et \u00e0 mesure que vous augmentez la vitesse, mais gr\u00e2ce au volant d'inertie con\u00e7u avec pr\u00e9cision, le bruit est r\u00e9duit au minimum. Une poign\u00e9e ergonomique textur\u00e9e permet aux utilisateurs de ramer avec des positions naturelles des mains et des bras, tandis que les repose-pieds enti\u00e8rement r\u00e9glables offrent aux utilisateurs un entra\u00eenement s\u00fbr et confortable sur le R300. Les utilisateurs peuvent se divertir ou suivre les progr\u00e8s de leur entra\u00eenement gr\u00e2ce au support pratique pour t\u00e9l\u00e9phone. La console interactive indique le temps, la fr\u00e9quence cardiaque, les calories, la largeur de la pagaie, la vitesse de nage, la distance parcourue et les watts, et est compatible avec Polar (sangle de poitrine vendue s\u00e9par\u00e9ment). Sophistiqu\u00e9s mais faciles \u00e0 utiliser, 8 programmes d'exercices diff\u00e9rents sont int\u00e9gr\u00e9s \u00e0 la console, ce qui garantit des entra\u00eenements vari\u00e9s et motivants. Lorsque vous avez fini de ramer, le R300 peut \u00eatre facilement s\u00e9par\u00e9 en plusieurs pi\u00e8ces pour un rangement efficace.&nbsp;<\/p>\n<\/div>\n<\/div>\n<div class=\"product-attribute-container-desktop desktop-only\">\n<div class=\"additional-attributes-wrapper table-wrapper\"><\/div>\n<\/div>","protected":false},"featured_media":1009,"comment_status":"open","ping_status":"closed","template":"","meta":{"site-sidebar-layout":"default","site-content-layout":"","ast-site-content-layout":"default","site-content-style":"default","site-sidebar-style":"default","ast-global-header-display":"","ast-banner-title-visibility":"","ast-main-header-display":"","ast-hfb-above-header-display":"","ast-hfb-below-header-display":"","ast-hfb-mobile-header-display":"","site-post-title":"","ast-breadcrumbs-content":"","ast-featured-img":"","footer-sml-layout":"","theme-transparent-header-meta":"default","adv-header-id-meta":"","stick-header-meta":"","header-above-stick-meta":"","header-main-stick-meta":"","header-below-stick-meta":"","astra-migrate-meta-layouts":"set","ast-page-background-enabled":"default","ast-page-background-meta":{"desktop":{"background-color":"var(--ast-global-color-5)","background-image":"","background-repeat":"repeat","background-position":"center center","background-size":"auto","background-attachment":"scroll","background-type":"","background-media":"","overlay-type":"","overlay-color":"","overlay-opacity":"","overlay-gradient":""},"tablet":{"background-color":"","background-image":"","background-repeat":"repeat","background-position":"center center","background-size":"auto","background-attachment":"scroll","background-type":"","background-media":"","overlay-type":"","overlay-color":"","overlay-opacity":"","overlay-gradient":""},"mobile":{"background-color":"","background-image":"","background-repeat":"repeat","background-position":"center center","background-size":"auto","background-attachment":"scroll","background-type":"","background-media":"","overlay-type":"","overlay-color":"","overlay-opacity":"","overlay-gradient":""}},"ast-content-background-meta":{"desktop":{"background-color":"var(--ast-global-color-4)","background-image":"","background-repeat":"repeat","background-position":"center center","background-size":"auto","background-attachment":"scroll","background-type":"","background-media":"","overlay-type":"","overlay-color":"","overlay-opacity":"","overlay-gradient":""},"tablet":{"background-color":"var(--ast-global-color-4)","background-image":"","background-repeat":"repeat","background-position":"center center","background-size":"auto","background-attachment":"scroll","background-type":"","background-media":"","overlay-type":"","overlay-color":"","overlay-opacity":"","overlay-gradient":""},"mobile":{"background-color":"var(--ast-global-color-4)","background-image":"","background-repeat":"repeat","background-position":"center center","background-size":"auto","background-attachment":"scroll","background-type":"","background-media":"","overlay-type":"","overlay-color":"","overlay-opacity":"","overlay-gradient":""}}},"product_brand":[],"product_cat":[20],"product_tag":[24],"class_list":{"0":"post-1008","1":"product","2":"type-product","3":"status-publish","4":"has-post-thumbnail","6":"product_cat-rowing-machine","7":"product_tag-rowing-machines","8":"desktop-align-left","9":"tablet-align-left","10":"mobile-align-left","12":"first","13":"instock","14":"sale","15":"taxable","16":"shipping-taxable","17":"purchasable","18":"product-type-simple"},"_links":{"self":[{"href":"http:\/\/bestfitnessstore.com\/fr\/wp-json\/wp\/v2\/product\/1008","targetHints":{"allow":["GET"]}}],"collection":[{"href":"http:\/\/bestfitnessstore.com\/fr\/wp-json\/wp\/v2\/product"}],"about":[{"href":"http:\/\/bestfitnessstore.com\/fr\/wp-json\/wp\/v2\/types\/product"}],"replies":[{"embeddable":true,"href":"http:\/\/bestfitnessstore.com\/fr\/wp-json\/wp\/v2\/comments?post=1008"}],"wp:featuredmedia":[{"embeddable":true,"href":"http:\/\/bestfitnessstore.com\/fr\/wp-json\/wp\/v2\/media\/1009"}],"wp:attachment":[{"href":"http:\/\/bestfitnessstore.com\/fr\/wp-json\/wp\/v2\/media?parent=1008"}],"wp:term":[{"taxonomy":"product_brand","embeddable":true,"href":"http:\/\/bestfitnessstore.com\/fr\/wp-json\/wp\/v2\/product_brand?post=1008"},{"taxonomy":"product_cat","embeddable":true,"href":"http:\/\/bestfitnessstore.com\/fr\/wp-json\/wp\/v2\/product_cat?post=1008"},{"taxonomy":"product_tag","embeddable":true,"href":"http:\/\/bestfitnessstore.com\/fr\/wp-json\/wp\/v2\/product_tag?post=1008"}],"curies":[{"name":"wp","href":"https:\/\/api.w.org\/{rel}","templated":true}]}}