{"id":28,"date":"2025-11-10T09:38:05","date_gmt":"2025-11-10T09:38:05","guid":{"rendered":"https:\/\/bestfitnessstore.com\/?page_id=28"},"modified":"2025-11-10T14:40:05","modified_gmt":"2025-11-10T14:40:05","slug":"politique-de-retour","status":"publish","type":"page","link":"http:\/\/bestfitnessstore.com\/fr\/return-policy\/","title":{"rendered":"Politique de retour"},"content":{"rendered":"<div data-elementor-type=\"wp-page\" data-elementor-id=\"28\" class=\"elementor elementor-28\">\n\t\t\t\t<div class=\"elementor-element elementor-element-14c8d29 e-flex e-con-boxed e-con e-parent\" data-id=\"14c8d29\" data-element_type=\"container\" data-settings=\"{&quot;background_background&quot;:&quot;classic&quot;}\">\n\t\t\t\t\t<div class=\"e-con-inner\">\n\t\t\t\t<div class=\"elementor-element elementor-element-efca2ea elementor-widget elementor-widget-heading\" data-id=\"efca2ea\" data-element_type=\"widget\" data-widget_type=\"heading.default\">\n\t\t\t\t\t<h2 class=\"elementor-heading-title elementor-size-default\">Politique de retour<\/h2>\t\t\t\t<\/div>\n\t\t\t\t\t<\/div>\n\t\t\t\t<\/div>\n\t\t<div class=\"elementor-element elementor-element-9217c65 e-flex e-con-boxed e-con e-parent\" data-id=\"9217c65\" data-element_type=\"container\">\n\t\t\t\t\t<div class=\"e-con-inner\">\n\t\t\t\t<div class=\"elementor-element elementor-element-4b948d1 elementor-widget elementor-widget-text-editor\" data-id=\"4b948d1\" data-element_type=\"widget\" data-widget_type=\"text-editor.default\">\n\t\t\t\t\t\t\t\t\t<p>Au <strong>Meilleur magasin de fitness<\/strong>, Nous garantissons la qualit\u00e9 de tous les produits que nous vendons. Tous nos appareils de fitness sont garantis exempts de d\u00e9fauts de mat\u00e9riaux et de fabrication et en parfait \u00e9tat de fonctionnement au moment de l'achat.<\/p><p>Si votre produit est d\u00e9fectueux dans les <strong>60 jours<\/strong> de l'achat, nous le remplacerons une fois qu'il nous aura \u00e9t\u00e9 renvoy\u00e9 pour inspection. Veuillez noter que cette garantie ne couvre pas les dommages caus\u00e9s par des accidents, une mauvaise utilisation ou une manipulation incorrecte. Aucune autre garantie ne s'applique en dehors de celles explicitement mentionn\u00e9es ici. Les produits retourn\u00e9s pour b\u00e9n\u00e9ficier de la garantie doivent \u00eatre exp\u00e9di\u00e9s dans leur emballage d'origine, en port pay\u00e9.<\/p><p>Votre satisfaction est notre priorit\u00e9. Si vous n'\u00eates pas enti\u00e8rement satisfait de votre commande, vous pouvez retourner les articles inutilis\u00e9s dans les d\u00e9lais suivants <strong>30 jours<\/strong> \u00e0 compter de la date de facturation pour un remboursement int\u00e9gral (\u00e0 l'exclusion des frais d'exp\u00e9dition, de manutention et des \u00e9ventuels frais de restockage).<\/p><p>Pour effectuer un retour, veuillez envoyer un courriel \u00e0 notre \u00e9quipe d'assistance pour obtenir de l'aide. Tous les retours doivent \u00eatre accompagn\u00e9s d'une copie du bordereau d'exp\u00e9dition ou du re\u00e7u original.<\/p><p>Nous nous r\u00e9servons le droit de refuser les retours qui :<\/p><ul><li>ne sont pas dans leur \u00e9tat d'origine ou en bon \u00e9tat<\/li><li>Ne pas inclure de num\u00e9ro d'autorisation de retour<\/li><li>Il manque une preuve d'achat<\/li><\/ul><p>Au <strong>Meilleur magasin de fitness<\/strong>, Nous appr\u00e9cions votre confiance et nous nous engageons \u00e0 fournir des produits de qualit\u00e9 sup\u00e9rieure et un service client\u00e8le pour une exp\u00e9rience d'achat sans faille.<\/p>\t\t\t\t\t\t\t\t<\/div>\n\t\t\t\t\t<\/div>\n\t\t\t\t<\/div>\n\t\t\t\t<\/div>","protected":false},"excerpt":{"rendered":"<p>Return Policy At Best Fitness Store, we stand behind the quality of every product we sell. All our fitness equipment [&hellip;]<\/p>\n","protected":false},"author":1,"featured_media":0,"parent":0,"menu_order":0,"comment_status":"closed","ping_status":"closed","template":"","meta":{"site-sidebar-layout":"no-sidebar","site-content-layout":"","ast-site-content-layout":"full-width-container","site-content-style":"default","site-sidebar-style":"default","ast-global-header-display":"","ast-banner-title-visibility":"","ast-main-header-display":"","ast-hfb-above-header-display":"","ast-hfb-below-header-display":"","ast-hfb-mobile-header-display":"","site-post-title":"disabled","ast-breadcrumbs-content":"","ast-featured-img":"disabled","footer-sml-layout":"","theme-transparent-header-meta":"","adv-header-id-meta":"","stick-header-meta":"","header-above-stick-meta":"","header-main-stick-meta":"","header-below-stick-meta":"","astra-migrate-meta-layouts":"default","ast-page-background-enabled":"default","ast-page-background-meta":{"desktop":{"background-color":"var(--ast-global-color-5)","background-image":"","background-repeat":"repeat","background-position":"center center","background-size":"auto","background-attachment":"scroll","background-type":"","background-media":"","overlay-type":"","overlay-color":"","overlay-opacity":"","overlay-gradient":""},"tablet":{"background-color":"","background-image":"","background-repeat":"repeat","background-position":"center center","background-size":"auto","background-attachment":"scroll","background-type":"","background-media":"","overlay-type":"","overlay-color":"","overlay-opacity":"","overlay-gradient":""},"mobile":{"background-color":"","background-image":"","background-repeat":"repeat","background-position":"center center","background-size":"auto","background-attachment":"scroll","background-type":"","background-media":"","overlay-type":"","overlay-color":"","overlay-opacity":"","overlay-gradient":""}},"ast-content-background-meta":{"desktop":{"background-color":"var(--ast-global-color-4)","background-image":"","background-repeat":"repeat","background-position":"center center","background-size":"auto","background-attachment":"scroll","background-type":"","background-media":"","overlay-type":"","overlay-color":"","overlay-opacity":"","overlay-gradient":""},"tablet":{"background-color":"var(--ast-global-color-4)","background-image":"","background-repeat":"repeat","background-position":"center center","background-size":"auto","background-attachment":"scroll","background-type":"","background-media":"","overlay-type":"","overlay-color":"","overlay-opacity":"","overlay-gradient":""},"mobile":{"background-color":"var(--ast-global-color-4)","background-image":"","background-repeat":"repeat","background-position":"center center","background-size":"auto","background-attachment":"scroll","background-type":"","background-media":"","overlay-type":"","overlay-color":"","overlay-opacity":"","overlay-gradient":""}},"footnotes":""},"class_list":["post-28","page","type-page","status-publish","hentry"],"_links":{"self":[{"href":"http:\/\/bestfitnessstore.com\/fr\/wp-json\/wp\/v2\/pages\/28","targetHints":{"allow":["GET"]}}],"collection":[{"href":"http:\/\/bestfitnessstore.com\/fr\/wp-json\/wp\/v2\/pages"}],"about":[{"href":"http:\/\/bestfitnessstore.com\/fr\/wp-json\/wp\/v2\/types\/page"}],"author":[{"embeddable":true,"href":"http:\/\/bestfitnessstore.com\/fr\/wp-json\/wp\/v2\/users\/1"}],"replies":[{"embeddable":true,"href":"http:\/\/bestfitnessstore.com\/fr\/wp-json\/wp\/v2\/comments?post=28"}],"version-history":[{"count":7,"href":"http:\/\/bestfitnessstore.com\/fr\/wp-json\/wp\/v2\/pages\/28\/revisions"}],"predecessor-version":[{"id":240,"href":"http:\/\/bestfitnessstore.com\/fr\/wp-json\/wp\/v2\/pages\/28\/revisions\/240"}],"wp:attachment":[{"href":"http:\/\/bestfitnessstore.com\/fr\/wp-json\/wp\/v2\/media?parent=28"}],"curies":[{"name":"wp","href":"https:\/\/api.w.org\/{rel}","templated":true}]}}