{"id":991,"date":"2025-11-24T15:24:14","date_gmt":"2025-11-24T15:24:14","guid":{"rendered":"https:\/\/bestfitnessstore.com\/?post_type=product&#038;p=991"},"modified":"2025-11-24T15:24:14","modified_gmt":"2025-11-24T15:24:14","slug":"spirit-xbu55-pystypyora","status":"publish","type":"product","link":"http:\/\/bestfitnessstore.com\/fi\/product\/spirit-xbu55-upright-bike\/","title":{"rendered":"Spirit XBU55 Pystypy\u00f6r\u00e4"},"content":{"rendered":"<div class=\"product-attribute-container-desktop desktop-only\">\n<div class=\"additional-attributes-wrapper table-wrapper\">\n<h4>TUOTETIEDOT<\/h4>\n<div class=\"attributes-container\">\n<ul class=\"product-attributes-container\">\n<li><span class=\"specification-title\">Pakkauksen paino (KG):\u00a0<\/span><span class=\"specification-data\">54.400002<\/span><\/li>\n<li><span class=\"specification-title\">Teho menetelm\u00e4:\u00a0<\/span><span class=\"specification-data\">S\u00e4hk\u00f6verkko<\/span><\/li>\n<li><span class=\"specification-title\">Tablettiteline:\u00a0<\/span><span class=\"specification-data\">Kyll\u00e4<\/span><\/li>\n<li><span class=\"specification-title\">Rungon s\u00e4\u00e4dett\u00e4vyys:\u00a0<\/span><span class=\"specification-data\">Satula eteen- ja taaksep\u00e4in, satula yl\u00f6s- ja alasp\u00e4in.<\/span><\/li>\n<li><span class=\"specification-title\">Kuljetuspy\u00f6r\u00e4t:\u00a0<\/span><span class=\"specification-data\">Kyll\u00e4<\/span><\/li>\n<li><span class=\"specification-title\">Sykkeen seuranta:\u00a0<\/span><span class=\"specification-data\">Sis\u00e4\u00e4nrakennetut anturit ja Bluetooth<\/span><\/li>\n<li><span class=\"specification-title\">Sis\u00e4\u00e4nrakennetut ohjelmat:\u00a0<\/span><span class=\"specification-data\">Manuaalinen, m\u00e4ki, rasvanpoltto, syd\u00e4n, voima, HIIT, fuusio, aika, et\u00e4isyys, kalorit, 2 mukautettua, 4 sykett\u00e4.<\/span><\/li>\n<li><span class=\"specification-title\">Laatikon mitat (LxSxK):\u00a0<\/span><span class=\"specification-data\">117,50 x 46 x 78 cm<\/span><\/li>\n<\/ul>\n<ul class=\"product-attributes-container\">\n<li><span class=\"specification-title\">Tuotteen paino (KG):\u00a0<\/span><span class=\"specification-data\">54.40<\/span><\/li>\n<li><span class=\"specification-title\">Sovellusten integrointi:\u00a0<\/span><span class=\"specification-data\">KinoMap, SPIRIT+, Zwift<\/span><\/li>\n<li><span class=\"specification-title\">Bluetooth:\u00a0<\/span><span class=\"specification-data\">Kyll\u00e4<\/span><\/li>\n<li><span class=\"specification-title\">Py\u00f6r\u00e4tyyppi:\u00a0<\/span><span class=\"specification-data\">Pystyasennossa<\/span><\/li>\n<li><span class=\"specification-title\">Vauhtipy\u00f6r\u00e4n paino (KG):\u00a0<\/span><span class=\"specification-data\">14<\/span><\/li>\n<li><span class=\"specification-title\">K\u00e4ytt\u00e4j\u00e4n enimm\u00e4ispaino (kg):\u00a0<\/span><span class=\"specification-data\">150,00 (kg)<\/span><\/li>\n<li><span class=\"specification-title\">Tuotteen mitat (LxSxK):\u00a0<\/span><span class=\"specification-data\">108 x 55 x 157 cm<\/span><\/li>\n<\/ul>\n<\/div>\n<\/div>\n<\/div>\n<div class=\"product-features\">\n<h4>LIS\u00c4OMINAISUUDET<\/h4>\n<div class=\"more-container\">\n<div class=\"unshow-text\">\n<ul class=\"product-features-container\">\n<li><span class=\"specification-title\">Konsoli:<\/span>\u00a0<span class=\"specification-data\">7,5\u201d moniv\u00e4rinen LCD-n\u00e4ytt\u00f6, syd\u00e4ndiagrammi, kallistettava\/k\u00e4\u00e4ntyv\u00e4 tablettiteline, s\u00e4\u00e4dett\u00e4v\u00e4 tuuletin, Bluetooth-kaiuttimet, USB-latausliit\u00e4nt\u00e4.<\/span><\/li>\n<li><span class=\"specification-title\">Syke:<\/span>\u00a0<span class=\"specification-data\">Kosketus ja telemetrinen (5kHz ja Bluetooth), rintahihna ei sis\u00e4lly toimitukseen.<\/span><\/li>\n<li><span class=\"specification-title\">Vastustustasot:<\/span>\u00a0<span class=\"specification-data\">20 tasoa<\/span><\/li>\n<li><span class=\"specification-title\">Vauhtipy\u00f6r\u00e4:<\/span>\u00a0<span class=\"specification-data\">14 kg<\/span><\/li>\n<li><span class=\"specification-title\">Istuin:<\/span>\u00a0<span class=\"specification-data\">Suuri pehmustettu istuin<\/span><\/li>\n<li><span class=\"specification-title\">Polkimet:<\/span>\u00a0<span class=\"specification-data\">Ylikokoinen ja itsetasapainottuva nopean lukitusj\u00e4rjestelm\u00e4n kanssa<\/span><\/li>\n<li><span class=\"specification-title\">Huom:<\/span>\u00a0<span class=\"specification-data\">Tabletti ei sis\u00e4lly<\/span><\/li>\n<\/ul>\n<\/div>\n<\/div>\n<\/div>\n<div class=\"product-warranty\">\n<h4>TAKUU<\/h4>\n<div class=\"text-container\"><strong>Kotik\u00e4ytt\u00f6:<\/strong>\u00a010 vuotta moottorille, 3 vuotta osille ja 3 vuotta ty\u00f6lle. Tuotetta on k\u00e4ytett\u00e4v\u00e4\/varastoitava sopivassa ymp\u00e4rist\u00f6ss\u00e4 (paikkoja, joissa on kosteaa, tiivist\u00e4m\u00e4t\u00f6nt\u00e4 betonia tai alueita, joissa on jatkuva ilmavirtaus ulkoalueille, ei pidet\u00e4 sopivina).<\/p>\n<\/div>\n<\/div>\n<div>\n<h4>PIKATOIMITUS<\/h4>\n<div class=\"text-container\">Monissa tuotteissamme on pikatoimitus- ja nimip\u00e4iv\u00e4vaihtoehdot, jolloin saat tuotteesi toimitettua heti huomenna tai valitsemanasi sinulle sopivana ajankohtana. Tarkista toimitusvaihtoehdot kassalla n\u00e4hd\u00e4ksesi saatavuuden korisi ja postinumerosi osalta. Toimitusehtoja sovelletaan.<\/div>\n<\/div>","protected":false},"excerpt":{"rendered":"<p>Spirit XBU55 Upright Bike yhdist\u00e4\u00e4 mukavuuden ja suorituskyvyn, ja se on viisas lis\u00e4 py\u00f6r\u00e4ilyn yst\u00e4ville. Jokainen polkimien painallus on tasainen 14 kg:n vauhtipy\u00f6r\u00e4n ansiosta. 20 vastustasoa takaavat, ett\u00e4 jokainen kierros on juuri niin haastava kuin haluat. T\u00e4ysin s\u00e4\u00e4dett\u00e4v\u00e4n pehmustetun istuimen, ylisuurten pikalukituspolkimien ja ergonomisen ohjaustangon ansiosta XBU55-py\u00f6r\u00e4n sel\u00e4ss\u00e4 viihtyy nopeasti. Konsolin keskell\u00e4 on 7,5 tuuman moniv\u00e4rinen LCD-n\u00e4ytt\u00f6, joka n\u00e4ytt\u00e4\u00e4 kaikki t\u00e4rke\u00e4t treenimittarit, mukaan lukien sykkeen, joka voidaan mitata joko pit\u00e4m\u00e4ll\u00e4 kiinni integroiduista kosketuspisteist\u00e4 tai Bluetooth-rintahihnalla (ei sis\u00e4lly toimitukseen). Valittavana on useita esiasetettuja harjoitusohjelmia, kuten Manuaalinen, M\u00e4ki, Rasvanpoltto, Cardio, Voima, HIIT, Fusion, Aika, Et\u00e4isyys, Kalorit, 2 Mukautettu ja 4 Sykemittari. XBU55 on my\u00f6s yhteydess\u00e4 joihinkin johtaviin kuntosovelluksiin, kuten Zwift ja Kinomap, sek\u00e4 Map My Fitness, Apple Health Kit ja paljon muuta Spirit+-sovelluksen kautta. Konsoli on t\u00e4ydellinen, kun siihen on sis\u00e4llytetty oma otsikko ja k\u00e4\u00e4ntyv\u00e4 tablettiteline n\u00e4yt\u00f6n yl\u00e4puolella, s\u00e4\u00e4dett\u00e4v\u00e4 j\u00e4\u00e4hdytystuuletin, USB-latausliit\u00e4nt\u00e4, suoran p\u00e4\u00e4syn vastuspainikkeet ja integroidut Bluetooth-kaiuttimet.<\/p>\n<div class=\"product-attribute-container-desktop desktop-only\">\n<div class=\"additional-attributes-wrapper table-wrapper\"><\/div>\n<\/div>","protected":false},"featured_media":993,"comment_status":"open","ping_status":"closed","template":"","meta":{"site-sidebar-layout":"default","site-content-layout":"","ast-site-content-layout":"default","site-content-style":"default","site-sidebar-style":"default","ast-global-header-display":"","ast-banner-title-visibility":"","ast-main-header-display":"","ast-hfb-above-header-display":"","ast-hfb-below-header-display":"","ast-hfb-mobile-header-display":"","site-post-title":"","ast-breadcrumbs-content":"","ast-featured-img":"","footer-sml-layout":"","theme-transparent-header-meta":"default","adv-header-id-meta":"","stick-header-meta":"","header-above-stick-meta":"","header-main-stick-meta":"","header-below-stick-meta":"","astra-migrate-meta-layouts":"set","ast-page-background-enabled":"default","ast-page-background-meta":{"desktop":{"background-color":"var(--ast-global-color-5)","background-image":"","background-repeat":"repeat","background-position":"center center","background-size":"auto","background-attachment":"scroll","background-type":"","background-media":"","overlay-type":"","overlay-color":"","overlay-opacity":"","overlay-gradient":""},"tablet":{"background-color":"","background-image":"","background-repeat":"repeat","background-position":"center center","background-size":"auto","background-attachment":"scroll","background-type":"","background-media":"","overlay-type":"","overlay-color":"","overlay-opacity":"","overlay-gradient":""},"mobile":{"background-color":"","background-image":"","background-repeat":"repeat","background-position":"center center","background-size":"auto","background-attachment":"scroll","background-type":"","background-media":"","overlay-type":"","overlay-color":"","overlay-opacity":"","overlay-gradient":""}},"ast-content-background-meta":{"desktop":{"background-color":"var(--ast-global-color-4)","background-image":"","background-repeat":"repeat","background-position":"center center","background-size":"auto","background-attachment":"scroll","background-type":"","background-media":"","overlay-type":"","overlay-color":"","overlay-opacity":"","overlay-gradient":""},"tablet":{"background-color":"var(--ast-global-color-4)","background-image":"","background-repeat":"repeat","background-position":"center center","background-size":"auto","background-attachment":"scroll","background-type":"","background-media":"","overlay-type":"","overlay-color":"","overlay-opacity":"","overlay-gradient":""},"mobile":{"background-color":"var(--ast-global-color-4)","background-image":"","background-repeat":"repeat","background-position":"center center","background-size":"auto","background-attachment":"scroll","background-type":"","background-media":"","overlay-type":"","overlay-color":"","overlay-opacity":"","overlay-gradient":""}}},"product_brand":[],"product_cat":[19],"product_tag":[22],"class_list":{"0":"post-991","1":"product","2":"type-product","3":"status-publish","4":"has-post-thumbnail","6":"product_cat-excise-bikes","7":"product_tag-exercise-bikes","8":"desktop-align-left","9":"tablet-align-left","10":"mobile-align-left","12":"first","13":"instock","14":"sale","15":"taxable","16":"shipping-taxable","17":"purchasable","18":"product-type-simple"},"_links":{"self":[{"href":"http:\/\/bestfitnessstore.com\/fi\/wp-json\/wp\/v2\/product\/991","targetHints":{"allow":["GET"]}}],"collection":[{"href":"http:\/\/bestfitnessstore.com\/fi\/wp-json\/wp\/v2\/product"}],"about":[{"href":"http:\/\/bestfitnessstore.com\/fi\/wp-json\/wp\/v2\/types\/product"}],"replies":[{"embeddable":true,"href":"http:\/\/bestfitnessstore.com\/fi\/wp-json\/wp\/v2\/comments?post=991"}],"wp:featuredmedia":[{"embeddable":true,"href":"http:\/\/bestfitnessstore.com\/fi\/wp-json\/wp\/v2\/media\/993"}],"wp:attachment":[{"href":"http:\/\/bestfitnessstore.com\/fi\/wp-json\/wp\/v2\/media?parent=991"}],"wp:term":[{"taxonomy":"product_brand","embeddable":true,"href":"http:\/\/bestfitnessstore.com\/fi\/wp-json\/wp\/v2\/product_brand?post=991"},{"taxonomy":"product_cat","embeddable":true,"href":"http:\/\/bestfitnessstore.com\/fi\/wp-json\/wp\/v2\/product_cat?post=991"},{"taxonomy":"product_tag","embeddable":true,"href":"http:\/\/bestfitnessstore.com\/fi\/wp-json\/wp\/v2\/product_tag?post=991"}],"curies":[{"name":"wp","href":"https:\/\/api.w.org\/{rel}","templated":true}]}}