{"id":960,"date":"2025-11-24T15:03:20","date_gmt":"2025-11-24T15:03:20","guid":{"rendered":"https:\/\/bestfitnessstore.com\/?post_type=product&#038;p=960"},"modified":"2025-11-24T15:03:20","modified_gmt":"2025-11-24T15:03:20","slug":"spirit-cu800-led-pystypyora-grafiitinharmaa","status":"publish","type":"product","link":"http:\/\/bestfitnessstore.com\/fi\/product\/spirit-cu800-led-upright-bike-graphite-grey\/","title":{"rendered":"Spirit CU800+ LED-py\u00f6r\u00e4 (grafiitinharmaa)"},"content":{"rendered":"<div class=\"product-attribute-container-desktop desktop-only\">\n<div class=\"additional-attributes-wrapper table-wrapper\">\n<h4>TUOTETIEDOT<\/h4>\n<div class=\"attributes-container\">\n<ul class=\"product-attributes-container\">\n<li><span class=\"specification-title\">Pakkauksen paino (KG):\u00a0<\/span><span class=\"specification-data\">57.400002<\/span><\/li>\n<li><span class=\"specification-title\">Teho menetelm\u00e4:\u00a0<\/span><span class=\"specification-data\">Itsek\u00e4ytt\u00f6inen<\/span><\/li>\n<li><span class=\"specification-title\">Tablettiteline:\u00a0<\/span><span class=\"specification-data\">Kyll\u00e4<\/span><\/li>\n<li><span class=\"specification-title\">Polkimet:\u00a0<\/span><span class=\"specification-data\">Vakio, hihna<\/span><\/li>\n<li><span class=\"specification-title\">Py\u00f6r\u00e4tyyppi:\u00a0<\/span><span class=\"specification-data\">Pystyasennossa<\/span><\/li>\n<li><span class=\"specification-title\">Vastusj\u00e4rjestelm\u00e4:\u00a0<\/span><span class=\"specification-data\">Harjaton generaattori<\/span><\/li>\n<li><span class=\"specification-title\">K\u00e4ytt\u00e4j\u00e4n enimm\u00e4ispaino (kg):\u00a0<\/span><span class=\"specification-data\">205,00 (kg)<\/span><\/li>\n<li><span class=\"specification-title\">Tuotteen mitat (LxSxK):\u00a0<\/span><span class=\"specification-data\">123 x 65 x 146,50 cm<\/span><\/li>\n<\/ul>\n<ul class=\"product-attributes-container\">\n<li><span class=\"specification-title\">Tuotteen paino (KG):\u00a0<\/span><span class=\"specification-data\">57<\/span><\/li>\n<li><span class=\"specification-title\">Sovellusten integrointi:\u00a0<\/span><span class=\"specification-data\">KinoMap, Zwift<\/span><\/li>\n<li><span class=\"specification-title\">Bluetooth:\u00a0<\/span><span class=\"specification-data\">Kyll\u00e4<\/span><\/li>\n<li><span class=\"specification-title\">Rungon s\u00e4\u00e4dett\u00e4vyys:\u00a0<\/span><span class=\"specification-data\">Satula eteen- ja taaksep\u00e4in, satula yl\u00f6s- ja alasp\u00e4in.<\/span><\/li>\n<li><span class=\"specification-title\">Kuljetuspy\u00f6r\u00e4t:\u00a0<\/span><span class=\"specification-data\">Kyll\u00e4<\/span><\/li>\n<li><span class=\"specification-title\">Vauhtipy\u00f6r\u00e4n paino (KG):\u00a0<\/span><span class=\"specification-data\">14<\/span><\/li>\n<li><span class=\"specification-title\">Sis\u00e4\u00e4nrakennetut ohjelmat:\u00a0<\/span><span class=\"specification-data\">Manuaalinen, m\u00e4ki, rasvanpoltto, syd\u00e4n, HIIT, intervalli, 2 sykett\u00e4, mukautettu, Fit-testi, vakioteho.<\/span><\/li>\n<\/ul>\n<\/div>\n<\/div>\n<\/div>\n<div class=\"product-features\">\n<h4>LIS\u00c4OMINAISUUDET<\/h4>\n<div class=\"more-container\">\n<div class=\"unshow-text\">\n<ul class=\"product-features-container\">\n<li><span class=\"specification-title\">Teho:<\/span>\u00a0<span class=\"specification-data\">Generaattori<\/span><\/li>\n<li><span class=\"specification-title\">Konsoli:<\/span>\u00a0<span class=\"specification-data\">Suuri valkoinen LED, jossa on v\u00e4riosioita, musta pohja, 18-merkkinen viesti-ikkuna, tasoikkunat, kierroslukuikkunat.<\/span><\/li>\n<li><span class=\"specification-title\">Bluetooth:<\/span>\u00a0<span class=\"specification-data\">Liit\u00e4 rintavy\u00f6n\/sovelluksen\/kuulokkeiden kanssa<\/span><\/li>\n<li><span class=\"specification-title\">USB-portti:<\/span>\u00a0<span class=\"specification-data\">Laitteen lataamista varten<\/span><\/li>\n<li><span class=\"specification-title\">Tuuletin:<\/span>\u00a0<span class=\"specification-data\">Pysy viile\u00e4n\u00e4 harjoitusten aikana<\/span><\/li>\n<li><span class=\"specification-title\">Vauhtipy\u00f6r\u00e4:<\/span>\u00a0<span class=\"specification-data\">14kg \/ 30.87lbs<\/span><\/li>\n<li><span class=\"specification-title\">Vastustustasot:<\/span>\u00a0<span class=\"specification-data\">1-40<\/span><\/li>\n<li><span class=\"specification-title\">Voimansiirto:<\/span>\u00a0<span class=\"specification-data\">Poly-V-hihna, jossa on itsekirist\u00e4j\u00e4<\/span><\/li>\n<li><span class=\"specification-title\">Istuin:<\/span>\u00a0<span class=\"specification-data\">Kaksoisjousitettu pehmustettu<\/span><\/li>\n<li><span class=\"specification-title\">Ylisuuret polkimet:<\/span>\u00a0<span class=\"specification-data\">Pikalukitusj\u00e4rjestelm\u00e4ll\u00e4<\/span><\/li>\n<\/ul>\n<\/div>\n<\/div>\n<\/div>\n<div class=\"product-warranty\">\n<h4>TAKUU<\/h4>\n<div class=\"text-container\"><strong>Koti &amp; kevyt\/t\u00e4ysin kaupallinen k\u00e4ytt\u00f6:<\/strong>\u00a03 vuotta osat ja ty\u00f6. Tuotetta on k\u00e4ytett\u00e4v\u00e4\/varastoitava sopivassa ymp\u00e4rist\u00f6ss\u00e4 (paikkoja, joissa on kosteaa, tiivist\u00e4m\u00e4t\u00f6nt\u00e4 betonia tai alueita, joissa on jatkuva ilmavirtaus ulkoalueille, ei pidet\u00e4 sopivina).<\/div>\n<\/div>","protected":false},"excerpt":{"rendered":"<p>Spirit CU800+ LED Upright Bike -py\u00f6r\u00e4n kompakti runko sis\u00e4lt\u00e4\u00e4 14 kg:n vauhtipy\u00f6r\u00e4n ja integroidun generaattorin, jotka takaavat tasaisen ja tasaisen py\u00f6r\u00e4ilyn. Pikakiinnitysj\u00e4rjestelm\u00e4ll\u00e4 varustetut ylisuuret polkimet takaavat, ett\u00e4 jalkasi ovat turvassa, ja pehmustettu ergonominen istuin, jossa on t\u00e4ydet s\u00e4\u00e4d\u00f6t, tarjoaa lis\u00e4mukavuutta. 40 vastustasoa tyydytt\u00e4\u00e4 kaikkien k\u00e4ytt\u00e4jien tarpeet, aloittelijoista edistyneisiin harjoittelijoihin. Kosketus- ja langattoman sykkeenseurannan avulla k\u00e4ytt\u00e4j\u00e4t voivat seurata, kuinka kovaa he ty\u00f6skentelev\u00e4t, ja pysy\u00e4 tehokkaalla harjoittelualueellaan. Seuraa harjoitteluasi (Manuaalinen, M\u00e4ki, Rasvanpoltto, Cardio, HIIT, Intervalli, 2 sykett\u00e4, Mukautettu, Fit Test, Vakioteho) kirkkaan valkoisella moni-ikkunallisella LED-konsolilla, vaihtamalla rintahihnaa\/sovellusta ja kuulokkeita. Konsolissa on USB-portti laitteen lataamista varten, treenituuletin, joka pit\u00e4\u00e4 sinut viile\u00e4n\u00e4 treenin aikana, ja Bluetooth rintahihnan\/sovelluksen ja kuulokkeiden liitt\u00e4mist\u00e4 varten.<\/p>\n<div class=\"product-attribute-container-desktop desktop-only\">\n<div class=\"additional-attributes-wrapper table-wrapper\"><\/div>\n<\/div>","protected":false},"featured_media":963,"comment_status":"open","ping_status":"closed","template":"","meta":{"site-sidebar-layout":"default","site-content-layout":"","ast-site-content-layout":"default","site-content-style":"default","site-sidebar-style":"default","ast-global-header-display":"","ast-banner-title-visibility":"","ast-main-header-display":"","ast-hfb-above-header-display":"","ast-hfb-below-header-display":"","ast-hfb-mobile-header-display":"","site-post-title":"","ast-breadcrumbs-content":"","ast-featured-img":"","footer-sml-layout":"","theme-transparent-header-meta":"default","adv-header-id-meta":"","stick-header-meta":"","header-above-stick-meta":"","header-main-stick-meta":"","header-below-stick-meta":"","astra-migrate-meta-layouts":"set","ast-page-background-enabled":"default","ast-page-background-meta":{"desktop":{"background-color":"var(--ast-global-color-5)","background-image":"","background-repeat":"repeat","background-position":"center center","background-size":"auto","background-attachment":"scroll","background-type":"","background-media":"","overlay-type":"","overlay-color":"","overlay-opacity":"","overlay-gradient":""},"tablet":{"background-color":"","background-image":"","background-repeat":"repeat","background-position":"center center","background-size":"auto","background-attachment":"scroll","background-type":"","background-media":"","overlay-type":"","overlay-color":"","overlay-opacity":"","overlay-gradient":""},"mobile":{"background-color":"","background-image":"","background-repeat":"repeat","background-position":"center center","background-size":"auto","background-attachment":"scroll","background-type":"","background-media":"","overlay-type":"","overlay-color":"","overlay-opacity":"","overlay-gradient":""}},"ast-content-background-meta":{"desktop":{"background-color":"var(--ast-global-color-4)","background-image":"","background-repeat":"repeat","background-position":"center center","background-size":"auto","background-attachment":"scroll","background-type":"","background-media":"","overlay-type":"","overlay-color":"","overlay-opacity":"","overlay-gradient":""},"tablet":{"background-color":"var(--ast-global-color-4)","background-image":"","background-repeat":"repeat","background-position":"center center","background-size":"auto","background-attachment":"scroll","background-type":"","background-media":"","overlay-type":"","overlay-color":"","overlay-opacity":"","overlay-gradient":""},"mobile":{"background-color":"var(--ast-global-color-4)","background-image":"","background-repeat":"repeat","background-position":"center center","background-size":"auto","background-attachment":"scroll","background-type":"","background-media":"","overlay-type":"","overlay-color":"","overlay-opacity":"","overlay-gradient":""}}},"product_brand":[],"product_cat":[19],"product_tag":[22],"class_list":{"0":"post-960","1":"product","2":"type-product","3":"status-publish","4":"has-post-thumbnail","6":"product_cat-excise-bikes","7":"product_tag-exercise-bikes","8":"desktop-align-left","9":"tablet-align-left","10":"mobile-align-left","12":"first","13":"instock","14":"sale","15":"taxable","16":"shipping-taxable","17":"purchasable","18":"product-type-simple"},"_links":{"self":[{"href":"http:\/\/bestfitnessstore.com\/fi\/wp-json\/wp\/v2\/product\/960","targetHints":{"allow":["GET"]}}],"collection":[{"href":"http:\/\/bestfitnessstore.com\/fi\/wp-json\/wp\/v2\/product"}],"about":[{"href":"http:\/\/bestfitnessstore.com\/fi\/wp-json\/wp\/v2\/types\/product"}],"replies":[{"embeddable":true,"href":"http:\/\/bestfitnessstore.com\/fi\/wp-json\/wp\/v2\/comments?post=960"}],"wp:featuredmedia":[{"embeddable":true,"href":"http:\/\/bestfitnessstore.com\/fi\/wp-json\/wp\/v2\/media\/963"}],"wp:attachment":[{"href":"http:\/\/bestfitnessstore.com\/fi\/wp-json\/wp\/v2\/media?parent=960"}],"wp:term":[{"taxonomy":"product_brand","embeddable":true,"href":"http:\/\/bestfitnessstore.com\/fi\/wp-json\/wp\/v2\/product_brand?post=960"},{"taxonomy":"product_cat","embeddable":true,"href":"http:\/\/bestfitnessstore.com\/fi\/wp-json\/wp\/v2\/product_cat?post=960"},{"taxonomy":"product_tag","embeddable":true,"href":"http:\/\/bestfitnessstore.com\/fi\/wp-json\/wp\/v2\/product_tag?post=960"}],"curies":[{"name":"wp","href":"https:\/\/api.w.org\/{rel}","templated":true}]}}