{"id":549,"date":"2025-11-17T12:43:02","date_gmt":"2025-11-17T12:43:02","guid":{"rendered":"https:\/\/bestfitnessstore.com\/?post_type=product&#038;p=549"},"modified":"2025-11-17T12:43:02","modified_gmt":"2025-11-17T12:43:02","slug":"bh-fitness-exercycle-smart-bike-2","status":"publish","type":"product","link":"http:\/\/bestfitnessstore.com\/fi\/product\/bh-fitness-exercycle-smart-bike-2\/","title":{"rendered":"BH Fitness Exercycle Smart Bike"},"content":{"rendered":"<div class=\"product-attribute-container-desktop desktop-only\">\n<div class=\"additional-attributes-wrapper table-wrapper\">\n<h4>TUOTETIEDOT<\/h4>\n<div class=\"attributes-container\">\n<ul class=\"product-attributes-container\">\n<li><span class=\"specification-title\">Pakkauksen paino (KG):\u00a0<\/span><span class=\"specification-data\">53.500000<\/span><\/li>\n<li><span class=\"specification-title\">Teho menetelm\u00e4:\u00a0<\/span><span class=\"specification-data\">S\u00e4hk\u00f6verkko<\/span><\/li>\n<li><span class=\"specification-title\">Tablettiteline:\u00a0<\/span><span class=\"specification-data\">Kyll\u00e4<\/span><\/li>\n<li><span class=\"specification-title\">Polkimet:\u00a0<\/span><span class=\"specification-data\">SPD-klipsit, varvash\u00e4kki<\/span><\/li>\n<li><span class=\"specification-title\">Py\u00f6r\u00e4tyyppi:\u00a0<\/span><span class=\"specification-data\">Racer<\/span><\/li>\n<li><span class=\"specification-title\">Vastusj\u00e4rjestelm\u00e4:\u00a0<\/span><span class=\"specification-data\">Magneettinen<\/span><\/li>\n<li><span class=\"specification-title\">K\u00e4ytt\u00e4j\u00e4n enimm\u00e4ispaino (kg):\u00a0<\/span><span class=\"specification-data\">150,00 (kg)<\/span><\/li>\n<li><span class=\"specification-title\">Laatikon mitat (LxSxK):\u00a0<\/span><span class=\"specification-data\">115 x 89 x 23 cm<\/span><\/li>\n<\/ul>\n<ul class=\"product-attributes-container\">\n<li><span class=\"specification-title\">Tuotteen paino (KG):\u00a0<\/span><span class=\"specification-data\">48.60<\/span><\/li>\n<li><span class=\"specification-title\">Sovellusten integrointi:\u00a0<\/span><span class=\"specification-data\">KinoMap, Rouvy, Zwift<\/span><\/li>\n<li><span class=\"specification-title\">Bluetooth:\u00a0<\/span><span class=\"specification-data\">Kyll\u00e4<\/span><\/li>\n<li><span class=\"specification-title\">Rungon s\u00e4\u00e4dett\u00e4vyys:\u00a0<\/span><span class=\"specification-data\">Ohjaustanko yl\u00f6s ja alas, satula yl\u00f6s ja alas.<\/span><\/li>\n<li><span class=\"specification-title\">Kuljetuspy\u00f6r\u00e4t:\u00a0<\/span><span class=\"specification-data\">Kyll\u00e4<\/span><\/li>\n<li><span class=\"specification-title\">Vauhtipy\u00f6r\u00e4n paino (KG):\u00a0<\/span><span class=\"specification-data\">11<\/span><\/li>\n<li><span class=\"specification-title\">Tuotteen mitat (LxSxK):\u00a0<\/span><span class=\"specification-data\">144 x 61 x 136 cm<\/span><\/li>\n<\/ul>\n<\/div>\n<\/div>\n<\/div>\n<div class=\"product-features\">\n<h4>LIS\u00c4OMINAISUUDET<\/h4>\n<div class=\"more-container\">\n<div class=\"unshow-text\">\n<ul class=\"product-features-container\">\n<li><span class=\"specification-title\">Vauhtipy\u00f6r\u00e4:<\/span>\u00a0<span class=\"specification-data\">11 kg EMS<\/span><\/li>\n<li><span class=\"specification-title\">Vastusj\u00e4rjestelm\u00e4:<\/span>\u00a0<span class=\"specification-data\">S\u00e4hk\u00f6magneettinen EMS<\/span><\/li>\n<li><span class=\"specification-title\">Vastustustasot:<\/span>\u00a0<span class=\"specification-data\">24<\/span><\/li>\n<li><span class=\"specification-title\">Kaltevuus:<\/span>\u00a0<span class=\"specification-data\">0 - 25%<\/span><\/li>\n<li><span class=\"specification-title\">Enimm\u00e4iswatit:<\/span>\u00a0<span class=\"specification-data\">1500W todellinen (realistisessa kehityksess\u00e4 saadut watit)<\/span><\/li>\n<li><span class=\"specification-title\">Voimansiirto:<\/span>\u00a0<span class=\"specification-data\">Raskas hihna automaattisella kiristimell\u00e4<\/span><\/li>\n<li><span class=\"specification-title\">Yhteensopivat sovellukset:<\/span>\u00a0<span class=\"specification-data\">Zwift, Kinomap, Rouvy, Bkool<\/span><\/li>\n<li><span class=\"specification-title\">Q-kerroin:<\/span>\u00a0<span class=\"specification-data\">152 mm<\/span><\/li>\n<li><span class=\"specification-title\">Ohjaustangon leveys:<\/span>\u00a0<span class=\"specification-data\">42 cm<\/span><\/li>\n<li><span class=\"specification-title\">Tehon s\u00e4\u00e4t\u00f6:<\/span>\u00a0<span class=\"specification-data\">2 paikkaa<\/span><\/li>\n<li><span class=\"specification-title\">Siirtyminen:<\/span>\u00a0<span class=\"specification-data\">Elektroninen per\u00e4kk\u00e4isvaihde vivuilla ja n\u00e4yt\u00f6ll\u00e4<\/span><\/li>\n<li><span class=\"specification-title\">Satula:<\/span>\u00a0<span class=\"specification-data\">BH ergo-g ng afm cromo (vaihdettavat)<\/span><\/li>\n<li><span class=\"specification-title\">Polkimet:<\/span>\u00a0<span class=\"specification-data\">Wellgo wpd 981 mixed (vaihdettavissa)<\/span><\/li>\n<li><span class=\"specification-title\">Kuljetuspy\u00f6r\u00e4t:<\/span>\u00a0<span class=\"specification-data\">Rullat<\/span><\/li>\n<li><span class=\"specification-title\">Tabletti\/mobiilipidike:<\/span>\u00a0<span class=\"specification-data\">Jopa 12.9\u201d<\/span><\/li>\n<li><span class=\"specification-title\">Tuotteen mitat (LxSxK):<\/span>\u00a0<span class=\"specification-data\">140-144 x 61 x 114-136 cm.<\/span><\/li>\n<li><span class=\"specification-title\">Tuotteen paino:<\/span>\u00a0<span class=\"specification-data\">48,6 kg<\/span><\/li>\n<li><span class=\"specification-title\">K\u00e4ytt\u00e4j\u00e4n enimm\u00e4ispaino:<\/span>\u00a0<span class=\"specification-data\">150 kg<\/span><\/li>\n<\/ul>\n<\/div>\n<\/div>\n<\/div>\n<div class=\"product-warranty\">\n<h4>TAKUU<\/h4>\n<div class=\"text-container\"><strong>Kotik\u00e4ytt\u00f6:<\/strong>\u00a02 vuotta osat ja ty\u00f6<\/div>\n<\/div>\n<div class=\"product-attribute-container-desktop desktop-only\">\n<div class=\"additional-attributes-wrapper table-wrapper\"><\/div>\n<\/div>","protected":false},"excerpt":{"rendered":"<p>BH Fitnessin ja BH Bikesin tutkimus- ja kehitystiimien yhteisty\u00f6n tuloksena syntynyt BH Fitness Exercycle Smart Bike on rakennettu vastaamaan maantiepy\u00f6r\u00e4ilyn harrastajien kotiharjoitteluvaatimuksiin. V-runkorakenteinen Exercycle on suunniteltu sopimaan kokoluokkiin S-XL, mik\u00e4 takaa parhaan mahdollisen suorituskyvyn ja mukavuuden ajon aikana. Exercycle-py\u00f6r\u00e4n Q-faktori on 152 mm, mink\u00e4 ansiosta jalkojen asento polkemisen aikana on sama kuin maantiepy\u00f6r\u00e4ll\u00e4, jolloin k\u00e4ytt\u00e4j\u00e4 voi tuottaa maksimaalisen voiman jokaisella poljinliikkeell\u00e4. S\u00e4hk\u00f6magneettinen vastusj\u00e4rjestelm\u00e4 (EMS) mahdollistaa eritt\u00e4in tarkan, asteittaisen ja v\u00e4litt\u00f6m\u00e4n voimakkuuden s\u00e4\u00e4d\u00f6n, ja ohjaustangon avulla voidaan vaihtaa 24 vastustasoa ilman asennon vaihtamista. Exercycle on varustettu LCD-konsolilla, jossa on nelj\u00e4 n\u00e4ytt\u00f6\u00e4 - hetkelliset arvot, prosentuaaliset arvot, keskiarvot ja maksimiarvot. Siin\u00e4 on FTP-testi wattikynnyksen laskemiseksi ja 5 kHz:n Polar-telemetrinen pulssivastaanotin. Exercycle tarjoaa uusinta teknologiaa liitett\u00e4vyydess\u00e4, joten voit kilpailla joukkuetovereidesi kanssa k\u00e4ytt\u00e4m\u00e4ll\u00e4 useita johtavia py\u00f6r\u00e4ilysimulaatiosovelluksia. T\u00e4m\u00e4 saavutetaan py\u00f6r\u00e4n konsoliin integroidun Bluetooth FTMS -moduulin ansiosta, joka mahdollistaa t\u00e4yden yhteensopivuuden alan johtavien sovellusten, kuten Zwiftin, Kinomapin ja Bkoolin kanssa. Huomaa, ett\u00e4 kuvissa n\u00e4kyv\u00e4 tabletti ei sis\u00e4lly toimitukseen.<\/p>\n<div class=\"product-attribute-container-desktop desktop-only\">\n<div class=\"additional-attributes-wrapper table-wrapper\"><\/div>\n<\/div>","protected":false},"featured_media":551,"comment_status":"open","ping_status":"closed","template":"","meta":{"site-sidebar-layout":"default","site-content-layout":"","ast-site-content-layout":"default","site-content-style":"default","site-sidebar-style":"default","ast-global-header-display":"","ast-banner-title-visibility":"","ast-main-header-display":"","ast-hfb-above-header-display":"","ast-hfb-below-header-display":"","ast-hfb-mobile-header-display":"","site-post-title":"","ast-breadcrumbs-content":"","ast-featured-img":"","footer-sml-layout":"","theme-transparent-header-meta":"default","adv-header-id-meta":"","stick-header-meta":"","header-above-stick-meta":"","header-main-stick-meta":"","header-below-stick-meta":"","astra-migrate-meta-layouts":"set","ast-page-background-enabled":"default","ast-page-background-meta":{"desktop":{"background-color":"var(--ast-global-color-5)","background-image":"","background-repeat":"repeat","background-position":"center center","background-size":"auto","background-attachment":"scroll","background-type":"","background-media":"","overlay-type":"","overlay-color":"","overlay-opacity":"","overlay-gradient":""},"tablet":{"background-color":"","background-image":"","background-repeat":"repeat","background-position":"center center","background-size":"auto","background-attachment":"scroll","background-type":"","background-media":"","overlay-type":"","overlay-color":"","overlay-opacity":"","overlay-gradient":""},"mobile":{"background-color":"","background-image":"","background-repeat":"repeat","background-position":"center center","background-size":"auto","background-attachment":"scroll","background-type":"","background-media":"","overlay-type":"","overlay-color":"","overlay-opacity":"","overlay-gradient":""}},"ast-content-background-meta":{"desktop":{"background-color":"var(--ast-global-color-4)","background-image":"","background-repeat":"repeat","background-position":"center center","background-size":"auto","background-attachment":"scroll","background-type":"","background-media":"","overlay-type":"","overlay-color":"","overlay-opacity":"","overlay-gradient":""},"tablet":{"background-color":"var(--ast-global-color-4)","background-image":"","background-repeat":"repeat","background-position":"center center","background-size":"auto","background-attachment":"scroll","background-type":"","background-media":"","overlay-type":"","overlay-color":"","overlay-opacity":"","overlay-gradient":""},"mobile":{"background-color":"var(--ast-global-color-4)","background-image":"","background-repeat":"repeat","background-position":"center center","background-size":"auto","background-attachment":"scroll","background-type":"","background-media":"","overlay-type":"","overlay-color":"","overlay-opacity":"","overlay-gradient":""}}},"product_brand":[],"product_cat":[18],"product_tag":[23],"class_list":{"0":"post-549","1":"product","2":"type-product","3":"status-publish","4":"has-post-thumbnail","6":"product_cat-cross-trainers","7":"product_tag-cross-trainers","8":"desktop-align-left","9":"tablet-align-left","10":"mobile-align-left","12":"first","13":"instock","14":"sale","15":"taxable","16":"shipping-taxable","17":"purchasable","18":"product-type-simple"},"_links":{"self":[{"href":"http:\/\/bestfitnessstore.com\/fi\/wp-json\/wp\/v2\/product\/549","targetHints":{"allow":["GET"]}}],"collection":[{"href":"http:\/\/bestfitnessstore.com\/fi\/wp-json\/wp\/v2\/product"}],"about":[{"href":"http:\/\/bestfitnessstore.com\/fi\/wp-json\/wp\/v2\/types\/product"}],"replies":[{"embeddable":true,"href":"http:\/\/bestfitnessstore.com\/fi\/wp-json\/wp\/v2\/comments?post=549"}],"wp:featuredmedia":[{"embeddable":true,"href":"http:\/\/bestfitnessstore.com\/fi\/wp-json\/wp\/v2\/media\/551"}],"wp:attachment":[{"href":"http:\/\/bestfitnessstore.com\/fi\/wp-json\/wp\/v2\/media?parent=549"}],"wp:term":[{"taxonomy":"product_brand","embeddable":true,"href":"http:\/\/bestfitnessstore.com\/fi\/wp-json\/wp\/v2\/product_brand?post=549"},{"taxonomy":"product_cat","embeddable":true,"href":"http:\/\/bestfitnessstore.com\/fi\/wp-json\/wp\/v2\/product_cat?post=549"},{"taxonomy":"product_tag","embeddable":true,"href":"http:\/\/bestfitnessstore.com\/fi\/wp-json\/wp\/v2\/product_tag?post=549"}],"curies":[{"name":"wp","href":"https:\/\/api.w.org\/{rel}","templated":true}]}}