{"id":546,"date":"2025-11-17T05:55:55","date_gmt":"2025-11-17T05:55:55","guid":{"rendered":"https:\/\/bestfitnessstore.com\/?post_type=product&#038;p=546"},"modified":"2025-11-17T05:56:20","modified_gmt":"2025-11-17T05:56:20","slug":"spirit-xe395-ent-elliptinen-crosstrainer","status":"publish","type":"product","link":"http:\/\/bestfitnessstore.com\/fi\/product\/spirit-xe395-ent-elliptical-cross-trainer\/","title":{"rendered":"Spirit XE395 ENT Elliptinen crosstrainer"},"content":{"rendered":"<div class=\"product-attribute-container-desktop desktop-only\">\n<div class=\"additional-attributes-wrapper table-wrapper\">\n<h4>TUOTETIEDOT<\/h4>\n<div class=\"attributes-container\">\n<ul class=\"product-attributes-container\">\n<li><span class=\"specification-title\">Pakkauksen paino (KG):\u00a0<\/span><span class=\"specification-data\">117.000000<\/span><\/li>\n<li><span class=\"specification-title\">Teho menetelm\u00e4:\u00a0<\/span><span class=\"specification-data\">S\u00e4hk\u00f6verkko<\/span><\/li>\n<li><span class=\"specification-title\">Tablettiteline:\u00a0<\/span><span class=\"specification-data\">Kyll\u00e4<\/span><\/li>\n<li><span class=\"specification-title\">Kuljetuspy\u00f6r\u00e4t:\u00a0<\/span><span class=\"specification-data\">Kyll\u00e4<\/span><\/li>\n<li><span class=\"specification-title\">Vauhtipy\u00f6r\u00e4n paino (KG):\u00a0<\/span><span class=\"specification-data\">14<\/span><\/li>\n<li><span class=\"specification-title\">Sykkeen seuranta:\u00a0<\/span><span class=\"specification-data\">Sis\u00e4\u00e4nrakennetut anturit ja Bluetooth<\/span><\/li>\n<li><span class=\"specification-title\">Sis\u00e4\u00e4nrakennetut ohjelmat:\u00a0<\/span><span class=\"specification-data\">Manuaalinen, m\u00e4ki, rasvanpoltto, syd\u00e4n, voima, HIIT, fuusio, 5K, 10K, tavoite (aika, et\u00e4isyys, kalorit), 12 mukautettua, 4 HRC, kuntotesti (YMCA-protokolla).<\/span><\/li>\n<li><span class=\"specification-title\">Laatikon mitat (LxSxK):\u00a0<\/span><span class=\"specification-data\">168 x 58 x 86 cm<\/span><\/li>\n<\/ul>\n<ul class=\"product-attributes-container\">\n<li><span class=\"specification-title\">Tuotteen paino (KG):\u00a0<\/span><span class=\"specification-data\">110.40<\/span><\/li>\n<li><span class=\"specification-title\">Sovellusten integrointi:\u00a0<\/span><span class=\"specification-data\">SPIRIT+, Zwift<\/span><\/li>\n<li><span class=\"specification-title\">Bluetooth:\u00a0<\/span><span class=\"specification-data\">Kyll\u00e4<\/span><\/li>\n<li><span class=\"specification-title\">Vauhtipy\u00f6r\u00e4n asento:\u00a0<\/span><span class=\"specification-data\">Edess\u00e4<\/span><\/li>\n<li><span class=\"specification-title\">Askeleen pituus:\u00a0<\/span><span class=\"specification-data\">50.80<\/span><\/li>\n<li><span class=\"specification-title\">K\u00e4ytt\u00e4j\u00e4n enimm\u00e4ispaino (kg):\u00a0<\/span><span class=\"specification-data\">150,00 (kg)<\/span><\/li>\n<li><span class=\"specification-title\">Tuotteen mitat (LxSxK):\u00a0<\/span><span class=\"specification-data\">191,50 x 75,20 x 179,50 cm.<\/span><\/li>\n<\/ul>\n<\/div>\n<\/div>\n<\/div>\n<div class=\"product-features\">\n<h4>LIS\u00c4OMINAISUUDET<\/h4>\n<div class=\"more-container\">\n<div class=\"unshow-text\">\n<ul class=\"product-features-container\">\n<li><span class=\"specification-title\">Konsoli:<\/span>\u00a0<span class=\"specification-data\">10.1\u2033 kosketusn\u00e4ytt\u00f6, syd\u00e4ndiagrammi, kallistettava ja k\u00e4\u00e4ntyv\u00e4 tablettiteline, Bluetooth-kaiuttimet, USB-latausliit\u00e4nt\u00e4, s\u00e4\u00e4dett\u00e4v\u00e4 tuuletin, lapsilukko, \u00e4\u00e4niliit\u00e4nt\u00e4, 12 esiladattua sovellusta.<\/span><\/li>\n<li><span class=\"specification-title\">Syke:<\/span>\u00a0<span class=\"specification-data\">Kosketus ja telemetrinen, rintahihna ei sis\u00e4lly toimitukseen.<\/span><\/li>\n<li><span class=\"specification-title\">Vastus ja kaltevuus:<\/span>\u00a0<span class=\"specification-data\">20 tasoa<\/span><\/li>\n<li><span class=\"specification-title\">Rataj\u00e4rjestelm\u00e4:<\/span>\u00a0<span class=\"specification-data\">Kaksinkertaiset alumiiniset kiskot<\/span><\/li>\n<li><span class=\"specification-title\">Askeleen pituus:<\/span>\u00a0<span class=\"specification-data\">508mm<\/span><\/li>\n<li><span class=\"specification-title\">Vauhtipy\u00f6r\u00e4:<\/span>\u00a0<span class=\"specification-data\">14 kg<\/span><\/li>\n<li><span class=\"specification-title\">Ohjaustanko:<\/span>\u00a0<span class=\"specification-data\">Moniasentoinen kahva - p\u00e4\u00e4llystetty<\/span><\/li>\n<li><span class=\"specification-title\">Jalkapolkimet:<\/span>\u00a0<span class=\"specification-data\">2\u201d poljinv\u00e4li (Q-Factor), 2 asteen k\u00e4\u00e4nteinen, pehmustettu.<\/span><\/li>\n<li><span class=\"specification-title\">Huom:<\/span>\u00a0<span class=\"specification-data\">Tabletti ei sis\u00e4lly<\/span><\/li>\n<\/ul>\n<\/div>\n<\/div>\n<\/div>\n<div class=\"product-warranty\">\n<h4>TAKUU<\/h4>\n<div class=\"text-container\">\n<p><strong>Kotik\u00e4ytt\u00f6:<\/strong>\u00a010 vuotta moottorille, 3 vuotta osille ja 3 vuotta ty\u00f6lle. Tuotetta on k\u00e4ytett\u00e4v\u00e4\/varastoitava sopivassa ymp\u00e4rist\u00f6ss\u00e4 (paikkoja, joissa on kosteaa, tiivist\u00e4m\u00e4t\u00f6nt\u00e4 betonia tai alueita, joissa on jatkuva ilmavirtaus ulkoalueille, ei pidet\u00e4 sopivina).<\/p>\n<\/div>\n<\/div>\n<div class=\"product-next-day\">\n<h4>PIKATOIMITUS<\/h4>\n<div class=\"text-container\">Monissa tuotteissamme on pikatoimitus- ja nimip\u00e4iv\u00e4vaihtoehdot, jolloin saat tuotteesi toimitettua heti huomenna tai valitsemanasi sinulle sopivana ajankohtana. Tarkista toimitusvaihtoehdot kassalla n\u00e4hd\u00e4ksesi saatavuuden korisi ja postinumerosi osalta. Toimitusehtoja sovelletaan.<\/div>\n<\/div>","protected":false},"excerpt":{"rendered":"<p>Spirit XE395 ENT Elliptinen Crosstrainer sis\u00e4lt\u00e4\u00e4 alumiinisen kaksoiskiskiskoj\u00e4rjestelm\u00e4n, joka takaa tasaisen harjoittelun joka kerta. Sen pehmustetut polkimet ovat s\u00e4\u00e4dett\u00e4viss\u00e4 kolmelle eri tasolle eri lihasten aktivoimiseksi, ne ovat 2 tuuman et\u00e4isyydell\u00e4 toisistaan ja ne on asetettu 2 asteen k\u00e4\u00e4nt\u00f6asentoon. 14 kg:n vauhtipy\u00f6r\u00e4 ja 508 mm:n askelpituus parantavat entisest\u00e4\u00e4n XE395ENT:n luonnollista liikett\u00e4. Saavuta erinomainen yl\u00e4vartalon sitoutuminen liikkuvilla moniasentoisilla ohjaustangoilla, joissa on integroidut kaltevuus- ja vastuss\u00e4\u00e4timet (molempia 20 tasoa), kun taas staattiset kahvat on varustettu k\u00e4sipulssiantureilla tarkkaa sykemittausta varten (voidaan mitata my\u00f6s rintavy\u00f6n avulla - ei sis\u00e4lly toimitukseen). Spirit XE395ENT:n 1,01 tuuman kosketusn\u00e4yt\u00f6ss\u00e4 on intuitiivinen k\u00e4ytt\u00f6liittym\u00e4, jonka avulla on helppo navigoida eri harjoitusohjelmissa. Mukana on esiladattuja sovelluksia, kuten Netflix, CNN ja paljon muuta, sek\u00e4 sis\u00e4\u00e4nrakennettu n\u00e4yt\u00f6n peilausmahdollisuus ja USB-latausportti loputtomia viihde- tai motivaatiomahdollisuuksia varten. Esiasetettuja harjoitusohjelmia ovat Manuaalinen, M\u00e4ki, Rasvanpoltto, Cardio, Voima, HIIT, Fusion, 5K, 10K, Tavoite, (aika, matka, kalorit), 12 Mukautettua, 4 HRC ja Kuntotesti (YMCA Protocol). Voit my\u00f6s yhdist\u00e4\u00e4 XE395ENT:n joihinkin johtaviin kuntosovelluksiin, kuten Zwift, sek\u00e4 Map My Fitness, Apple Health Kit ja muut Spirit+-sovelluksen kautta. Konsolin yl\u00e4puolella on turvallinen tablettiteline, ja lukutelineen reunus, s\u00e4\u00e4dett\u00e4v\u00e4 j\u00e4\u00e4hdytystuuletin, USB-latausliit\u00e4nt\u00e4 ja integroidut Bluetooth-kaiuttimet t\u00e4ydent\u00e4v\u00e4t kokoonpanoa.<\/p>\n<div class=\"product-attribute-container-desktop desktop-only\">\n<div class=\"additional-attributes-wrapper table-wrapper\"><\/div>\n<\/div>","protected":false},"featured_media":547,"comment_status":"open","ping_status":"closed","template":"","meta":{"site-sidebar-layout":"default","site-content-layout":"","ast-site-content-layout":"default","site-content-style":"default","site-sidebar-style":"default","ast-global-header-display":"","ast-banner-title-visibility":"","ast-main-header-display":"","ast-hfb-above-header-display":"","ast-hfb-below-header-display":"","ast-hfb-mobile-header-display":"","site-post-title":"","ast-breadcrumbs-content":"","ast-featured-img":"","footer-sml-layout":"","theme-transparent-header-meta":"default","adv-header-id-meta":"","stick-header-meta":"","header-above-stick-meta":"","header-main-stick-meta":"","header-below-stick-meta":"","astra-migrate-meta-layouts":"set","ast-page-background-enabled":"default","ast-page-background-meta":{"desktop":{"background-color":"var(--ast-global-color-5)","background-image":"","background-repeat":"repeat","background-position":"center center","background-size":"auto","background-attachment":"scroll","background-type":"","background-media":"","overlay-type":"","overlay-color":"","overlay-opacity":"","overlay-gradient":""},"tablet":{"background-color":"","background-image":"","background-repeat":"repeat","background-position":"center center","background-size":"auto","background-attachment":"scroll","background-type":"","background-media":"","overlay-type":"","overlay-color":"","overlay-opacity":"","overlay-gradient":""},"mobile":{"background-color":"","background-image":"","background-repeat":"repeat","background-position":"center center","background-size":"auto","background-attachment":"scroll","background-type":"","background-media":"","overlay-type":"","overlay-color":"","overlay-opacity":"","overlay-gradient":""}},"ast-content-background-meta":{"desktop":{"background-color":"var(--ast-global-color-4)","background-image":"","background-repeat":"repeat","background-position":"center center","background-size":"auto","background-attachment":"scroll","background-type":"","background-media":"","overlay-type":"","overlay-color":"","overlay-opacity":"","overlay-gradient":""},"tablet":{"background-color":"var(--ast-global-color-4)","background-image":"","background-repeat":"repeat","background-position":"center center","background-size":"auto","background-attachment":"scroll","background-type":"","background-media":"","overlay-type":"","overlay-color":"","overlay-opacity":"","overlay-gradient":""},"mobile":{"background-color":"var(--ast-global-color-4)","background-image":"","background-repeat":"repeat","background-position":"center center","background-size":"auto","background-attachment":"scroll","background-type":"","background-media":"","overlay-type":"","overlay-color":"","overlay-opacity":"","overlay-gradient":""}}},"product_brand":[],"product_cat":[18],"product_tag":[23],"class_list":{"0":"post-546","1":"product","2":"type-product","3":"status-publish","4":"has-post-thumbnail","6":"product_cat-cross-trainers","7":"product_tag-cross-trainers","8":"desktop-align-left","9":"tablet-align-left","10":"mobile-align-left","12":"first","13":"instock","14":"sale","15":"taxable","16":"shipping-taxable","17":"purchasable","18":"product-type-simple"},"_links":{"self":[{"href":"http:\/\/bestfitnessstore.com\/fi\/wp-json\/wp\/v2\/product\/546","targetHints":{"allow":["GET"]}}],"collection":[{"href":"http:\/\/bestfitnessstore.com\/fi\/wp-json\/wp\/v2\/product"}],"about":[{"href":"http:\/\/bestfitnessstore.com\/fi\/wp-json\/wp\/v2\/types\/product"}],"replies":[{"embeddable":true,"href":"http:\/\/bestfitnessstore.com\/fi\/wp-json\/wp\/v2\/comments?post=546"}],"wp:featuredmedia":[{"embeddable":true,"href":"http:\/\/bestfitnessstore.com\/fi\/wp-json\/wp\/v2\/media\/547"}],"wp:attachment":[{"href":"http:\/\/bestfitnessstore.com\/fi\/wp-json\/wp\/v2\/media?parent=546"}],"wp:term":[{"taxonomy":"product_brand","embeddable":true,"href":"http:\/\/bestfitnessstore.com\/fi\/wp-json\/wp\/v2\/product_brand?post=546"},{"taxonomy":"product_cat","embeddable":true,"href":"http:\/\/bestfitnessstore.com\/fi\/wp-json\/wp\/v2\/product_cat?post=546"},{"taxonomy":"product_tag","embeddable":true,"href":"http:\/\/bestfitnessstore.com\/fi\/wp-json\/wp\/v2\/product_tag?post=546"}],"curies":[{"name":"wp","href":"https:\/\/api.w.org\/{rel}","templated":true}]}}