{"id":533,"date":"2025-11-17T05:28:21","date_gmt":"2025-11-17T05:28:21","guid":{"rendered":"https:\/\/bestfitnessstore.com\/?post_type=product&#038;p=533"},"modified":"2025-11-17T05:28:21","modified_gmt":"2025-11-17T05:28:21","slug":"sole-e98-kevyt-kaupallinen-elliptinen","status":"publish","type":"product","link":"http:\/\/bestfitnessstore.com\/fi\/product\/sole-e98-light-commercial-elliptical\/","title":{"rendered":"Sole E98 Light Commercial Elliptical"},"content":{"rendered":"<div class=\"product-attribute-container-desktop desktop-only\">\n<div class=\"additional-attributes-wrapper table-wrapper\">\n<h4>TUOTETIEDOT<\/h4>\n<div class=\"attributes-container\">\n<ul class=\"product-attributes-container\">\n<li><span class=\"specification-title\">Pakkauksen paino (KG):\u00a0<\/span><span class=\"specification-data\">125.000000<\/span><\/li>\n<li><span class=\"specification-title\">Teho menetelm\u00e4:\u00a0<\/span><span class=\"specification-data\">S\u00e4hk\u00f6verkko<\/span><\/li>\n<li><span class=\"specification-title\">Tablettiteline:\u00a0<\/span><span class=\"specification-data\">Kyll\u00e4<\/span><\/li>\n<li><span class=\"specification-title\">Kuljetuspy\u00f6r\u00e4t:\u00a0<\/span><span class=\"specification-data\">Kyll\u00e4<\/span><\/li>\n<li><span class=\"specification-title\">Vauhtipy\u00f6r\u00e4n paino (KG):\u00a0<\/span><span class=\"specification-data\">15<\/span><\/li>\n<li><span class=\"specification-title\">K\u00e4ytt\u00e4j\u00e4n enimm\u00e4ispaino (kg):\u00a0<\/span><span class=\"specification-data\">180,00 (kg)<\/span><\/li>\n<li><span class=\"specification-title\">Tuotteen mitat (LxSxK):\u00a0<\/span><span class=\"specification-data\">210 x 86 x 177 cm<\/span><\/li>\n<\/ul>\n<ul class=\"product-attributes-container\">\n<li><span class=\"specification-title\">Tuotteen paino (KG):\u00a0<\/span><span class=\"specification-data\">112<\/span><\/li>\n<li><span class=\"specification-title\">Sovellusten integrointi:\u00a0<\/span><span class=\"specification-data\">Sole+, Zwift<\/span><\/li>\n<li><span class=\"specification-title\">Bluetooth:\u00a0<\/span><span class=\"specification-data\">Kyll\u00e4<\/span><\/li>\n<li><span class=\"specification-title\">Vauhtipy\u00f6r\u00e4n asento:\u00a0<\/span><span class=\"specification-data\">Edess\u00e4<\/span><\/li>\n<li><span class=\"specification-title\">Sykkeen seuranta:\u00a0<\/span><span class=\"specification-data\">Sis\u00e4\u00e4nrakennetut anturit ja Bluetooth<\/span><\/li>\n<li><span class=\"specification-title\">Sis\u00e4\u00e4nrakennetut ohjelmat:\u00a0<\/span><span class=\"specification-data\">Manuaalinen, 5 vakio-ohjelmaa, kuntotesti, 2 HRC, r\u00e4\u00e4t\u00e4l\u00f6ityj\u00e4 ohjelmia on saatavana ja tallennettavissa malliohjelmina jopa 12 kappaletta.<\/span><\/li>\n<li><span class=\"specification-title\">Laatikon mitat (LxSxK):\u00a0<\/span><span class=\"specification-data\">168 x 44.50 x 85.50 cm<\/span><\/li>\n<\/ul>\n<\/div>\n<\/div>\n<\/div>\n<div class=\"product-features\">\n<h4>LIS\u00c4OMINAISUUDET<\/h4>\n<div class=\"more-container\">\n<div class=\"unshow-text\">\n<ul class=\"product-features-container\">\n<li><span class=\"specification-title\">Virtal\u00e4hde:<\/span>\u00a0<span class=\"specification-data\">AC120V\/60HZ ; AC230V\/50HZ<\/span><\/li>\n<li><span class=\"specification-title\">K\u00e4ytt\u00f6j\u00e4rjestelm\u00e4:<\/span>\u00a0<span class=\"specification-data\">Etuveto<\/span><\/li>\n<li><span class=\"specification-title\">Vastustustasot:<\/span>\u00a0<span class=\"specification-data\">1-40<\/span><\/li>\n<li><span class=\"specification-title\">Kallistustasot:<\/span>\u00a0<span class=\"specification-data\">1-20<\/span><\/li>\n<li><span class=\"specification-title\">Ohjaustanko:<\/span>\u00a0<span class=\"specification-data\">Moniasentoinen kahva, jossa on vastuksen ja kaltevuuden s\u00e4\u00e4timet<\/span><\/li>\n<li><span class=\"specification-title\">Polkimet:<\/span>\u00a0<span class=\"specification-data\">Vakiomalliset jalkapolkimet<\/span><\/li>\n<li><span class=\"specification-title\">J\u00e4lki:<\/span>\u00a0<span class=\"specification-data\">Kaksoisraide; pitk\u00e4 raide<\/span><\/li>\n<li><span class=\"specification-title\">K\u00e4sipulssi:<\/span>\u00a0<span class=\"specification-data\">Ohjaustankoon sis\u00e4\u00e4nrakennetut anturit (Salutron)<\/span><\/li>\n<li><span class=\"specification-title\">Konsoli:<\/span>\u00a0<span class=\"specification-data\">13,3\u201d kosketusn\u00e4ytt\u00f6<\/span><\/li>\n<li><span class=\"specification-title\">WiFi-yhteys:<\/span>\u00a0<span class=\"specification-data\">Saatavilla<\/span><\/li>\n<\/ul>\n<\/div>\n<\/div>\n<\/div>\n<div class=\"product-warranty\">\n<h4>TAKUU<\/h4>\n<div class=\"text-container\"><strong>Koti- ja kevyt kaupallinen k\u00e4ytt\u00f6:<\/strong>\u00a0Kotik\u00e4ytt\u00f6\u00f6n 10 vuotta moottori, 5 vuotta osat, 3 vuotta ty\u00f6aika \/ Kevyt kaupallinen 12 kuukautta - voimassa enint\u00e4\u00e4n 3 tuntia p\u00e4iv\u00e4ss\u00e4 12 kuukauden ajan. Enint\u00e4\u00e4n 3 tuntia p\u00e4iv\u00e4ss\u00e4 sopivassa koti- tai kevyess\u00e4 kaupallisessa ymp\u00e4rist\u00f6ss\u00e4. Paikkoja, joissa on kosteaa, tiivist\u00e4m\u00e4t\u00f6nt\u00e4 betonia tai alueita, joissa on jatkuva ilmavirtaus ulkoalueille, ei luokitella sopiviksi. Tilassa on oltava riitt\u00e4v\u00e4 eristys ja l\u00e4mm\u00f6nl\u00e4hde, muuten takuu raukeaa.<\/div>\n<div><\/div>\n<\/div>\n<div class=\"product-next-day\">\n<h4>PIKATOIMITUS<\/h4>\n<div class=\"text-container\">Monissa tuotteissamme on pikatoimitus- ja nimip\u00e4iv\u00e4vaihtoehdot, jolloin saat tuotteesi toimitettua heti huomenna tai valitsemanasi sinulle sopivana ajankohtana. Tarkista toimitusvaihtoehdot kassalla n\u00e4hd\u00e4ksesi saatavuuden korisi ja postinumerosi osalta. Toimitusehtoja sovelletaan.<\/div>\n<\/div>","protected":false},"excerpt":{"rendered":"<p>SOLE E98 Elliptical Cross Trainerin eritt\u00e4in sile\u00e4 ellipsi tulee ergonomisesti sijoitetuista nivellett\u00e4vist\u00e4 jalkapolkimista, jotka on sijoitettu ainutlaatuiseen 2 asteen sis\u00e4\u00e4np\u00e4in kallistukseen ihanteellisen asennon saavuttamiseksi. Etuvetoj\u00e4rjestelm\u00e4, 50,8 cm \/ 20\u201d askelpituuden kaksoiskiskisko ja 15 kg:n tarkkaan tasapainotettu vauhtipy\u00f6r\u00e4 parantavat entisest\u00e4\u00e4n ensiluokkaista syd\u00e4nliikuntakokemusta. Nosta harjoittelun intensiteetti\u00e4 monik\u00e4ytt\u00f6iseen ohjaustankoon integroiduilla s\u00e4\u00e4timill\u00e4, joilla voit s\u00e4\u00e4t\u00e4\u00e4 vastusta (40 tasoa) ja kaltevuutta (20 tasoa) samalla, kun astut. Erillisiss\u00e4 staattisissa kahvoissa on pulssianturit, joiden avulla sykkeen seuranta on helppoa, tai voit k\u00e4ytt\u00e4\u00e4 sis\u00e4\u00e4nrakennettua BLE- ja 5 kHz-vastaanotinta. Suuren 13,3 tuuman kaupallisen luokan kosketusn\u00e4yt\u00f6n avulla on helppo navigoida harjoitusohjelmissa ja sis\u00e4\u00e4nrakennetuissa sovelluksissa. Konsolissa on integroitu langaton latausalue, n\u00e4yt\u00f6n yl\u00e4puolella on laiteteline, j\u00e4\u00e4hdytystuulettimet ja Bluetooth\u00ae-kaiuttimet. Bluetooth\u00ae 5.0:lla ja FTMS-protokollalla varustetussa laitteessa voit muodostaa yhteyden johtaviin sovelluksiin, kuten Zwift, sek\u00e4 Strava- ja Apple Health Kit -sovelluksiin ja muihin sovelluksiin SOLE+-sovelluksen kautta.<\/p>\n<div class=\"product-attribute-container-desktop desktop-only\">\n<div class=\"additional-attributes-wrapper table-wrapper\"><\/div>\n<\/div>","protected":false},"featured_media":534,"comment_status":"open","ping_status":"closed","template":"","meta":{"site-sidebar-layout":"default","site-content-layout":"","ast-site-content-layout":"default","site-content-style":"default","site-sidebar-style":"default","ast-global-header-display":"","ast-banner-title-visibility":"","ast-main-header-display":"","ast-hfb-above-header-display":"","ast-hfb-below-header-display":"","ast-hfb-mobile-header-display":"","site-post-title":"","ast-breadcrumbs-content":"","ast-featured-img":"","footer-sml-layout":"","theme-transparent-header-meta":"default","adv-header-id-meta":"","stick-header-meta":"","header-above-stick-meta":"","header-main-stick-meta":"","header-below-stick-meta":"","astra-migrate-meta-layouts":"set","ast-page-background-enabled":"default","ast-page-background-meta":{"desktop":{"background-color":"var(--ast-global-color-5)","background-image":"","background-repeat":"repeat","background-position":"center center","background-size":"auto","background-attachment":"scroll","background-type":"","background-media":"","overlay-type":"","overlay-color":"","overlay-opacity":"","overlay-gradient":""},"tablet":{"background-color":"","background-image":"","background-repeat":"repeat","background-position":"center center","background-size":"auto","background-attachment":"scroll","background-type":"","background-media":"","overlay-type":"","overlay-color":"","overlay-opacity":"","overlay-gradient":""},"mobile":{"background-color":"","background-image":"","background-repeat":"repeat","background-position":"center center","background-size":"auto","background-attachment":"scroll","background-type":"","background-media":"","overlay-type":"","overlay-color":"","overlay-opacity":"","overlay-gradient":""}},"ast-content-background-meta":{"desktop":{"background-color":"var(--ast-global-color-4)","background-image":"","background-repeat":"repeat","background-position":"center center","background-size":"auto","background-attachment":"scroll","background-type":"","background-media":"","overlay-type":"","overlay-color":"","overlay-opacity":"","overlay-gradient":""},"tablet":{"background-color":"var(--ast-global-color-4)","background-image":"","background-repeat":"repeat","background-position":"center center","background-size":"auto","background-attachment":"scroll","background-type":"","background-media":"","overlay-type":"","overlay-color":"","overlay-opacity":"","overlay-gradient":""},"mobile":{"background-color":"var(--ast-global-color-4)","background-image":"","background-repeat":"repeat","background-position":"center center","background-size":"auto","background-attachment":"scroll","background-type":"","background-media":"","overlay-type":"","overlay-color":"","overlay-opacity":"","overlay-gradient":""}}},"product_brand":[],"product_cat":[18],"product_tag":[23],"class_list":{"0":"post-533","1":"product","2":"type-product","3":"status-publish","4":"has-post-thumbnail","6":"product_cat-cross-trainers","7":"product_tag-cross-trainers","8":"desktop-align-left","9":"tablet-align-left","10":"mobile-align-left","12":"first","13":"instock","14":"sale","15":"taxable","16":"shipping-taxable","17":"purchasable","18":"product-type-simple"},"_links":{"self":[{"href":"http:\/\/bestfitnessstore.com\/fi\/wp-json\/wp\/v2\/product\/533","targetHints":{"allow":["GET"]}}],"collection":[{"href":"http:\/\/bestfitnessstore.com\/fi\/wp-json\/wp\/v2\/product"}],"about":[{"href":"http:\/\/bestfitnessstore.com\/fi\/wp-json\/wp\/v2\/types\/product"}],"replies":[{"embeddable":true,"href":"http:\/\/bestfitnessstore.com\/fi\/wp-json\/wp\/v2\/comments?post=533"}],"wp:featuredmedia":[{"embeddable":true,"href":"http:\/\/bestfitnessstore.com\/fi\/wp-json\/wp\/v2\/media\/534"}],"wp:attachment":[{"href":"http:\/\/bestfitnessstore.com\/fi\/wp-json\/wp\/v2\/media?parent=533"}],"wp:term":[{"taxonomy":"product_brand","embeddable":true,"href":"http:\/\/bestfitnessstore.com\/fi\/wp-json\/wp\/v2\/product_brand?post=533"},{"taxonomy":"product_cat","embeddable":true,"href":"http:\/\/bestfitnessstore.com\/fi\/wp-json\/wp\/v2\/product_cat?post=533"},{"taxonomy":"product_tag","embeddable":true,"href":"http:\/\/bestfitnessstore.com\/fi\/wp-json\/wp\/v2\/product_tag?post=533"}],"curies":[{"name":"wp","href":"https:\/\/api.w.org\/{rel}","templated":true}]}}