{"id":427,"date":"2025-11-16T01:26:37","date_gmt":"2025-11-16T01:26:37","guid":{"rendered":"https:\/\/bestfitnessstore.com\/?post_type=product&#038;p=427"},"modified":"2025-11-16T01:30:06","modified_gmt":"2025-11-16T01:30:06","slug":"matrix-fitness-kaupallinen-kestavyysjousitus-elliptinen-led-konsolilla-varustettuna","status":"publish","type":"product","link":"http:\/\/bestfitnessstore.com\/fi\/product\/matrix-fitness-commercial-endurance-suspension-elliptical-with-led-console\/","title":{"rendered":"Matrix Fitness kaupallinen kest\u00e4vyysjousitettu elliptinen harjoittelukone, jossa on LED-konsoli"},"content":{"rendered":"<p><strong>TUOTETIEDOT<\/strong><br \/>\nPakkauksen paino (KG): 183.500000<br \/>\nTeho menetelm\u00e4: S\u00e4hk\u00f6verkko<br \/>\nTablettiteline: Kyll\u00e4<br \/>\nKuljetuspy\u00f6r\u00e4t:<br \/>\nK\u00e4ytt\u00e4j\u00e4n enimm\u00e4iskorkeus (cm): 201<br \/>\nAskeleen pituus: 53.30<br \/>\nSykkeen seuranta: Sis\u00e4\u00e4nrakennetut anturit ja Bluetooth<br \/>\nSis\u00e4\u00e4nrakennetut ohjelmat: Tavoite (nopeus), Tavoite (kaltevuus), Tavoite (kaltevuus), Sprint 8, Mukautettu.<br \/>\nTuotteen paino (KG): 148<br \/>\nSovellusten integrointi: KinoMap, Zwift<br \/>\nBluetooth: Bluetooth: Kyll\u00e4<br \/>\nK\u00e4ytt\u00e4j\u00e4n v\u00e4himm\u00e4iskorkeus (cm): 147<br \/>\nVauhtipy\u00f6r\u00e4n asento: .<br \/>\nAskelman korkeus (CM): 24<br \/>\nK\u00e4ytt\u00e4j\u00e4n enimm\u00e4ispaino (kg): (Kg)<br \/>\nTuotteen mitat (LxSxK): 174,50 x 74 x 179 cm.<\/p>\n<p><strong>LIS\u00c4OMINAISUUDET<\/strong><br \/>\nPolkimien v\u00e4li: 2,5\u201d<br \/>\nVastusj\u00e4rjestelm\u00e4: Harjaton generaattori<br \/>\nVastustasot: 30<br \/>\nStep-On korkeus: 24 cm \/ 9.5\u201d<br \/>\nAskeleen pituus: 53,3 cm \/ 21\u201d<br \/>\nKosketus ja telemetrinen syke: Tarkkaa sykkeen seurantaa varten<br \/>\nKonsoli: LED-konsoli<br \/>\nN\u00e4ytt\u00f6: LED-n\u00e4ytt\u00f6: Suuri numero, jossa on viestikeskus<br \/>\nHarjoitukset: Treenit: Go, Manual, Intervalliharjoittelu, Rasvanpoltto, Rolling Hills, Target Heart Rate, Glute Training* ja kuntotestit.<br \/>\nKielet: Kielet: englanti, saksa, ranska, italia, espanja, hollanti, portugali, ruotsi, suomi, turkki, tanska, puola.<br \/>\nKonsolin ominaisuudet: USB-portti; lukuteline.<br \/>\nPaino koottuna: 148 kg \/ 326.3 lbs.<br \/>\nToimituspaino: 183,5 kg \/ 404,5 lbs.<br \/>\nK\u00e4ytt\u00e4j\u00e4n enimm\u00e4ispaino: 182 kg \/ 400 lbs.<br \/>\nKokoonpantu mitat: 70,5\u201d x 29,1\u201d x 70,5\u201d.\u201d<br \/>\nL\u00e4pimenoaika: Tilauksesta valmistettu - keskim\u00e4\u00e4r\u00e4inen l\u00e4pimenoaika 2-14 viikkoa.<\/p>\n<p><strong>TAKUU<\/strong><br \/>\nKotik\u00e4ytt\u00f6 ja kevyt\/t\u00e4ysin kaupallinen k\u00e4ytt\u00f6: 2 vuotta osat ja ty\u00f6voima<\/p>","protected":false},"excerpt":{"rendered":"<p>Matrix Fitness Commercial Endurance Suspension Elliptical on varustettu Matrixin patentoidulla jousitusrakenteella, joka minimoi melun ja kitkan ja pident\u00e4\u00e4 tuotteen k\u00e4ytt\u00f6ik\u00e4\u00e4 my\u00f6s kovassa k\u00e4yt\u00f6ss\u00e4. Jokainen ellipsi tuntuu tasaiselta ja luonnolliselta tasaisen kiihtyvyyden ja hienostuneen ergonomian ansiosta. 53 cm:n askelpituus, optimoitu poljinv\u00e4li ja ylisuuret polkimet parantavat kaikkien k\u00e4ytt\u00e4jien mukavuutta. Vastusalue 5-705 W jakautuu 30 vastustasolle, jotka ovat s\u00e4\u00e4dett\u00e4viss\u00e4 n\u00e4yt\u00f6n alla olevissa staattisissa kahvoissa olevilla suurilla s\u00e4\u00e4timill\u00e4. LED-konsolin yksinkertaisen navigoinnin ansiosta l\u00e4hes kuka tahansa voi astua koneen \u00e4\u00e4reen ja p\u00e4\u00e4st\u00e4 vauhtiin l\u00e4hes v\u00e4litt\u00f6m\u00e4sti. Suuri numeron\u00e4ytt\u00f6 ja viestikeskus antavat selke\u00e4\u00e4, helppolukuista palautetta harjoittelusta, joka pit\u00e4\u00e4 j\u00e4senet tavoitteissaan. Jokainen harjoitus on saumaton ja sujuva kokemus, ja siin\u00e4 on mukavuusominaisuuksia, kuten valinnainen RFID-kirjautuminen, kuulokeliit\u00e4nt\u00e4, USB-portti ja lukuteline henkil\u00f6kohtaisille laitteille. Harjoituksiin kuuluvat Go, Manual, Interval Training, Fat Burn, Rolling Hills, Target Heart Rate, Glute Training* ja Fitness Testit. *Ohjelmat voivat muuttua. Kaupallinen tuote valmistetaan tilauksesta - keskim\u00e4\u00e4r\u00e4inen toimitusaika on 2-14 viikkoa, ota yhteytt\u00e4 lis\u00e4tietoja varten.<\/p>\n<div class=\"product-attribute-container-desktop desktop-only\">\n<div class=\"additional-attributes-wrapper table-wrapper\"><\/div>\n<\/div>","protected":false},"featured_media":428,"comment_status":"open","ping_status":"closed","template":"","meta":{"site-sidebar-layout":"default","site-content-layout":"","ast-site-content-layout":"default","site-content-style":"default","site-sidebar-style":"default","ast-global-header-display":"","ast-banner-title-visibility":"","ast-main-header-display":"","ast-hfb-above-header-display":"","ast-hfb-below-header-display":"","ast-hfb-mobile-header-display":"","site-post-title":"","ast-breadcrumbs-content":"","ast-featured-img":"","footer-sml-layout":"","theme-transparent-header-meta":"default","adv-header-id-meta":"","stick-header-meta":"","header-above-stick-meta":"","header-main-stick-meta":"","header-below-stick-meta":"","astra-migrate-meta-layouts":"set","ast-page-background-enabled":"default","ast-page-background-meta":{"desktop":{"background-color":"var(--ast-global-color-5)","background-image":"","background-repeat":"repeat","background-position":"center center","background-size":"auto","background-attachment":"scroll","background-type":"","background-media":"","overlay-type":"","overlay-color":"","overlay-opacity":"","overlay-gradient":""},"tablet":{"background-color":"","background-image":"","background-repeat":"repeat","background-position":"center center","background-size":"auto","background-attachment":"scroll","background-type":"","background-media":"","overlay-type":"","overlay-color":"","overlay-opacity":"","overlay-gradient":""},"mobile":{"background-color":"","background-image":"","background-repeat":"repeat","background-position":"center center","background-size":"auto","background-attachment":"scroll","background-type":"","background-media":"","overlay-type":"","overlay-color":"","overlay-opacity":"","overlay-gradient":""}},"ast-content-background-meta":{"desktop":{"background-color":"var(--ast-global-color-4)","background-image":"","background-repeat":"repeat","background-position":"center center","background-size":"auto","background-attachment":"scroll","background-type":"","background-media":"","overlay-type":"","overlay-color":"","overlay-opacity":"","overlay-gradient":""},"tablet":{"background-color":"var(--ast-global-color-4)","background-image":"","background-repeat":"repeat","background-position":"center center","background-size":"auto","background-attachment":"scroll","background-type":"","background-media":"","overlay-type":"","overlay-color":"","overlay-opacity":"","overlay-gradient":""},"mobile":{"background-color":"var(--ast-global-color-4)","background-image":"","background-repeat":"repeat","background-position":"center center","background-size":"auto","background-attachment":"scroll","background-type":"","background-media":"","overlay-type":"","overlay-color":"","overlay-opacity":"","overlay-gradient":""}}},"product_brand":[],"product_cat":[18],"product_tag":[23],"class_list":{"0":"post-427","1":"product","2":"type-product","3":"status-publish","4":"has-post-thumbnail","6":"product_cat-cross-trainers","7":"product_tag-cross-trainers","8":"desktop-align-left","9":"tablet-align-left","10":"mobile-align-left","12":"first","13":"instock","14":"sale","15":"taxable","16":"shipping-taxable","17":"purchasable","18":"product-type-simple"},"_links":{"self":[{"href":"http:\/\/bestfitnessstore.com\/fi\/wp-json\/wp\/v2\/product\/427","targetHints":{"allow":["GET"]}}],"collection":[{"href":"http:\/\/bestfitnessstore.com\/fi\/wp-json\/wp\/v2\/product"}],"about":[{"href":"http:\/\/bestfitnessstore.com\/fi\/wp-json\/wp\/v2\/types\/product"}],"replies":[{"embeddable":true,"href":"http:\/\/bestfitnessstore.com\/fi\/wp-json\/wp\/v2\/comments?post=427"}],"wp:featuredmedia":[{"embeddable":true,"href":"http:\/\/bestfitnessstore.com\/fi\/wp-json\/wp\/v2\/media\/428"}],"wp:attachment":[{"href":"http:\/\/bestfitnessstore.com\/fi\/wp-json\/wp\/v2\/media?parent=427"}],"wp:term":[{"taxonomy":"product_brand","embeddable":true,"href":"http:\/\/bestfitnessstore.com\/fi\/wp-json\/wp\/v2\/product_brand?post=427"},{"taxonomy":"product_cat","embeddable":true,"href":"http:\/\/bestfitnessstore.com\/fi\/wp-json\/wp\/v2\/product_cat?post=427"},{"taxonomy":"product_tag","embeddable":true,"href":"http:\/\/bestfitnessstore.com\/fi\/wp-json\/wp\/v2\/product_tag?post=427"}],"curies":[{"name":"wp","href":"https:\/\/api.w.org\/{rel}","templated":true}]}}