{"id":403,"date":"2025-11-16T00:44:28","date_gmt":"2025-11-16T00:44:28","guid":{"rendered":"https:\/\/bestfitnessstore.com\/?post_type=product&#038;p=403"},"modified":"2025-11-16T00:45:39","modified_gmt":"2025-11-16T00:45:39","slug":"matrix-fitness-a30-nousujohteinen-kuntosali-xer-konsolin-kanssa","status":"publish","type":"product","link":"http:\/\/bestfitnessstore.com\/fi\/product\/matrix-fitness-a30-ascent-trainer-with-xer-console\/","title":{"rendered":"Matrix Fitness A30 Ascent Trainer XER-konsolilla varustettuna"},"content":{"rendered":"<p><strong>TUOTETIEDOT<\/strong><br \/>\nPakkauksen paino (KG): 171.400000<br \/>\nTeho menetelm\u00e4: S\u00e4hk\u00f6verkko<br \/>\nTablettiteline: Kyll\u00e4<br \/>\nKuljetuspy\u00f6r\u00e4t:<br \/>\nK\u00e4ytt\u00e4j\u00e4n enimm\u00e4iskorkeus (cm): 201<br \/>\nAskeleen pituus: 61<br \/>\nSykkeen seuranta: Sis\u00e4\u00e4nrakennetut anturit ja Bluetooth<br \/>\nSis\u00e4\u00e4nrakennetut ohjelmat: Tavoitesyke (nopeus),Tavoitesyke (kaltevuus),Sprint 8,Mukautettu.<br \/>\nTuotteen paino (KG): 142<br \/>\nSovellusten integrointi: KinoMap, Zwift<br \/>\nBluetooth: Bluetooth: Kyll\u00e4<br \/>\nK\u00e4ytt\u00e4j\u00e4n v\u00e4himm\u00e4iskorkeus (cm): 147<br \/>\nVauhtipy\u00f6r\u00e4n asento: .<br \/>\nAskelman korkeus (CM): 22<br \/>\nK\u00e4ytt\u00e4j\u00e4n enimm\u00e4ispaino (kg): (Kg)<br \/>\nTuotteen mitat (LxSxK): 191 x 73 x 164 cm.<\/p>\n<p><strong>LIS\u00c4OMINAISUUDET<\/strong><br \/>\nMuuttuva askelpituus: 51 - 61 cm \/ 20\u201d - 24\u201d<br \/>\nAskelman korkeus: 22 cm \/ 8.7\u201d<br \/>\nKallistus: 24% - 54% - 54%<br \/>\nVauhtipy\u00f6r\u00e4: 13,5 kg \/ 30 lbs.<br \/>\nJousitettu elliptinen teknologia: Py\u00f6r\u00e4t\u00f6n ja kiskoton rakenne, joka v\u00e4hent\u00e4\u00e4 melua ja kitkaa.<br \/>\nPerfectStride\u2122-teknologia: Yhdist\u00e4\u00e4 ihanteellisen askellusliikkeen ja ergonomisesti oikean jalan asennon muuttuvaan askelluksen pituuteen, mik\u00e4 takaa t\u00e4ydellisen luonnollisen harjoittelun.<br \/>\nVastusj\u00e4rjestelm\u00e4: jarruj\u00e4rjestelm\u00e4: ECB magneettinen jarruj\u00e4rjestelm\u00e4<br \/>\nVastustasot: 20 tasoa, elektroninen<br \/>\nOhjaustangon tyyppi: Kaksitoiminen<br \/>\nLis\u00e4varusteet: Sykekahvat, joissa on sykekahvat ja vastuksen\/kaltevuuden s\u00e4\u00e4timet.<br \/>\nXER-konsoli: 10\u201d luokan kosketusn\u00e4ytt\u00f6 Bluetooth-yhteydell\u00e4, USB-portti, konsolisovellukset, lukuteline, energians\u00e4\u00e4st\u00f6tila, Viewfit-yhteys (integroitavissa Fitness-sovelluksiin).<br \/>\nHarjoitusohjelmat: Ohjelmat: 11 sis\u00e4\u00e4nrakennettua<br \/>\nKonsolisovellukset: Spotify, Netflix ja paljon muuta: Virtual Active, Sprint8, YouTube, Spotify, Netflix ja muut. Tilaukset eiv\u00e4t sis\u00e4lly.<br \/>\nPolkimet: .<br \/>\nMitat (pituus x leveys x korkeus): 186 x 73 x 164 cm \/ 73\u201d x 29\u201d x 65\u201d<br \/>\nPaino koottuna: 146,5 kg<br \/>\nK\u00e4ytt\u00e4j\u00e4n painokapasiteetti: 159 kg \/ 350 lbs<\/p>\n<p><strong>TAKUU<\/strong><br \/>\nKotik\u00e4ytt\u00f6: 3 vuotta P\/L<\/p>","protected":false},"excerpt":{"rendered":"<p>Matrix Fitness A30 Ascent Trainerin avulla voit luottaa ainutlaatuiseen ja ainutlaatuiseen runkosuunnitteluun, joka takaa poikkeuksellisen tasaisen ja eritt\u00e4in mukavan harjoituskokemuksen, kun s\u00e4\u00e4d\u00e4t kaltevuutta kohdistaaksesi lihakset, joita haluat harjoittaa eniten. PerfectStride\u2122-teknologia yhdist\u00e4\u00e4 ihanteellisen askellusliikkeen ja ergonomisesti oikean jalkojen asennon muuttuvaan askelluspituuteen (51 - 61 cm) t\u00e4ydellisen luonnollisen harjoittelun takaamiseksi. 24% - 54% -tehokallistusmahdollisuuden ja 20 elektronisen vastustasojen ansiosta A30 tarjoaa joustavuutta, joka voi haastaa kaikki kunto- ja kokemustasot ja antaa sinulle mahdollisuuden polttaa enemm\u00e4n kaloreita. Matrixin Suspensions Elliptical Technology -teknologiaa hy\u00f6dynt\u00e4v\u00e4ss\u00e4 A30:ss\u00e4 on py\u00f6r\u00e4t\u00f6n ja telamaton rakenne, joka v\u00e4hent\u00e4\u00e4 melua ja kitkaa ja takaa pitk\u00e4ik\u00e4isen laadun samalla, kun se tarjoaa tasaisen ja tasaisen tuntuman ellipsin l\u00e4pi. T\u00e4ydennetyll\u00e4 XER-konsolilla varustettuna voit tarkastella kaikkia harjoitustilastojasi helposti selke\u00e4lt\u00e4 10 tuuman intuitiiviselta kosketusn\u00e4yt\u00f6lt\u00e4. Mukana on 11 sis\u00e4\u00e4nrakennettua harjoitusohjelmaa, ja voit tarkastella konsolin sovelluksia, kuten Sprint 8, Virtual Active ja MyFitnessPal, sek\u00e4 viihdesuosikkeja, kuten Netflix, Spotify ja YouTube (tilaukset eiv\u00e4t sis\u00e4lly). Yhdist\u00e4 konsoli WiFi:n kautta ohjelmistop\u00e4ivityksi\u00e4, ViewFit-yhteytt\u00e4, verkkoselausta ja viihdesovelluksia varten. Kaksitoimisen ja paikallaan pysyv\u00e4n ohjaustangon avulla voit vaihtaa istuntosi painopistett\u00e4 nopeasti, ja integroitujen vastus\/kaltevuus-vaihtimien avulla voit tehd\u00e4 muutoksia lennossa.<\/p>\n<div class=\"product-attribute-container-desktop desktop-only\">\n<div class=\"additional-attributes-wrapper table-wrapper\"><\/div>\n<\/div>","protected":false},"featured_media":405,"comment_status":"open","ping_status":"closed","template":"","meta":{"site-sidebar-layout":"default","site-content-layout":"","ast-site-content-layout":"default","site-content-style":"default","site-sidebar-style":"default","ast-global-header-display":"","ast-banner-title-visibility":"","ast-main-header-display":"","ast-hfb-above-header-display":"","ast-hfb-below-header-display":"","ast-hfb-mobile-header-display":"","site-post-title":"","ast-breadcrumbs-content":"","ast-featured-img":"","footer-sml-layout":"","theme-transparent-header-meta":"default","adv-header-id-meta":"","stick-header-meta":"","header-above-stick-meta":"","header-main-stick-meta":"","header-below-stick-meta":"","astra-migrate-meta-layouts":"set","ast-page-background-enabled":"default","ast-page-background-meta":{"desktop":{"background-color":"var(--ast-global-color-5)","background-image":"","background-repeat":"repeat","background-position":"center center","background-size":"auto","background-attachment":"scroll","background-type":"","background-media":"","overlay-type":"","overlay-color":"","overlay-opacity":"","overlay-gradient":""},"tablet":{"background-color":"","background-image":"","background-repeat":"repeat","background-position":"center center","background-size":"auto","background-attachment":"scroll","background-type":"","background-media":"","overlay-type":"","overlay-color":"","overlay-opacity":"","overlay-gradient":""},"mobile":{"background-color":"","background-image":"","background-repeat":"repeat","background-position":"center center","background-size":"auto","background-attachment":"scroll","background-type":"","background-media":"","overlay-type":"","overlay-color":"","overlay-opacity":"","overlay-gradient":""}},"ast-content-background-meta":{"desktop":{"background-color":"var(--ast-global-color-4)","background-image":"","background-repeat":"repeat","background-position":"center center","background-size":"auto","background-attachment":"scroll","background-type":"","background-media":"","overlay-type":"","overlay-color":"","overlay-opacity":"","overlay-gradient":""},"tablet":{"background-color":"var(--ast-global-color-4)","background-image":"","background-repeat":"repeat","background-position":"center center","background-size":"auto","background-attachment":"scroll","background-type":"","background-media":"","overlay-type":"","overlay-color":"","overlay-opacity":"","overlay-gradient":""},"mobile":{"background-color":"var(--ast-global-color-4)","background-image":"","background-repeat":"repeat","background-position":"center center","background-size":"auto","background-attachment":"scroll","background-type":"","background-media":"","overlay-type":"","overlay-color":"","overlay-opacity":"","overlay-gradient":""}}},"product_brand":[],"product_cat":[18],"product_tag":[23],"class_list":{"0":"post-403","1":"product","2":"type-product","3":"status-publish","4":"has-post-thumbnail","6":"product_cat-cross-trainers","7":"product_tag-cross-trainers","8":"desktop-align-left","9":"tablet-align-left","10":"mobile-align-left","12":"first","13":"instock","14":"sale","15":"taxable","16":"shipping-taxable","17":"purchasable","18":"product-type-simple"},"_links":{"self":[{"href":"http:\/\/bestfitnessstore.com\/fi\/wp-json\/wp\/v2\/product\/403","targetHints":{"allow":["GET"]}}],"collection":[{"href":"http:\/\/bestfitnessstore.com\/fi\/wp-json\/wp\/v2\/product"}],"about":[{"href":"http:\/\/bestfitnessstore.com\/fi\/wp-json\/wp\/v2\/types\/product"}],"replies":[{"embeddable":true,"href":"http:\/\/bestfitnessstore.com\/fi\/wp-json\/wp\/v2\/comments?post=403"}],"wp:featuredmedia":[{"embeddable":true,"href":"http:\/\/bestfitnessstore.com\/fi\/wp-json\/wp\/v2\/media\/405"}],"wp:attachment":[{"href":"http:\/\/bestfitnessstore.com\/fi\/wp-json\/wp\/v2\/media?parent=403"}],"wp:term":[{"taxonomy":"product_brand","embeddable":true,"href":"http:\/\/bestfitnessstore.com\/fi\/wp-json\/wp\/v2\/product_brand?post=403"},{"taxonomy":"product_cat","embeddable":true,"href":"http:\/\/bestfitnessstore.com\/fi\/wp-json\/wp\/v2\/product_cat?post=403"},{"taxonomy":"product_tag","embeddable":true,"href":"http:\/\/bestfitnessstore.com\/fi\/wp-json\/wp\/v2\/product_tag?post=403"}],"curies":[{"name":"wp","href":"https:\/\/api.w.org\/{rel}","templated":true}]}}