{"id":394,"date":"2025-11-16T00:30:48","date_gmt":"2025-11-16T00:30:48","guid":{"rendered":"https:\/\/bestfitnessstore.com\/?post_type=product&#038;p=394"},"modified":"2025-11-16T00:30:48","modified_gmt":"2025-11-16T00:30:48","slug":"life-fitness-e5-elliptinen-crosstrainer-jossa-on-go-konsoli","status":"publish","type":"product","link":"http:\/\/bestfitnessstore.com\/fi\/product\/life-fitness-e5-elliptical-cross-trainer-with-go-console\/","title":{"rendered":"Life Fitness E5 Elliptinen Crosstrainer Go-konsolilla varustettuna"},"content":{"rendered":"<div class=\"product-attribute-container-desktop desktop-only\">\n<div class=\"additional-attributes-wrapper table-wrapper\">\n<h2>TUOTETIEDOT<\/h2>\n<div class=\"attributes-container\">\n<ul class=\"product-attributes-container\">\n<li><span class=\"specification-title\">Pakkauksen paino (KG):\u00a0<\/span><span class=\"specification-data\">136.500000<\/span><\/li>\n<li><span class=\"specification-title\">Teho menetelm\u00e4:\u00a0<\/span><span class=\"specification-data\">S\u00e4hk\u00f6verkko<\/span><\/li>\n<li><span class=\"specification-title\">Tablettiteline:\u00a0<\/span><span class=\"specification-data\">Kyll\u00e4<\/span><\/li>\n<li><span class=\"specification-title\">Kuljetuspy\u00f6r\u00e4t:\u00a0<\/span><span class=\"specification-data\">Kyll\u00e4<\/span><\/li>\n<li><span class=\"specification-title\">Askeleen pituus:\u00a0<\/span><span class=\"specification-data\">61<\/span><\/li>\n<li><span class=\"specification-title\">Sykkeen seuranta:\u00a0<\/span><span class=\"specification-data\">Sis\u00e4\u00e4nrakennetut anturit<\/span><\/li>\n<li><span class=\"specification-title\">Sis\u00e4\u00e4nrakennetut ohjelmat:\u00a0<\/span><span class=\"specification-data\">13 esiasetusta, mukaan lukien: Syd\u00e4men sykev\u00e4livaihtelu, Extreme Heart Rate\u2122, kalori, et\u00e4isyys, tavoitesyke sek\u00e4 pikak\u00e4ynnistys, kilpailutila, j\u00e4\u00e4hdyttely-\/l\u00e4mmittelytilat.<\/span><\/li>\n<\/ul>\n<ul class=\"product-attributes-container\">\n<li><span class=\"specification-title\">Tuotteen paino (KG):\u00a0<\/span><span class=\"specification-data\">114<\/span><\/li>\n<li><span class=\"specification-title\">Sovellusten integrointi:\u00a0<\/span><span class=\"specification-data\">Life Fitness Connect<\/span><\/li>\n<li><span class=\"specification-title\">Bluetooth:\u00a0<\/span><span class=\"specification-data\">Kyll\u00e4<\/span><\/li>\n<li><span class=\"specification-title\">Vauhtipy\u00f6r\u00e4n asento:\u00a0<\/span><span class=\"specification-data\">Takana<\/span><\/li>\n<li><span class=\"specification-title\">Askelman korkeus (CM):\u00a0<\/span><span class=\"specification-data\">25.50<\/span><\/li>\n<li><span class=\"specification-title\">K\u00e4ytt\u00e4j\u00e4n enimm\u00e4ispaino (kg):\u00a0<\/span><span class=\"specification-data\">181,00 (kg)<\/span><\/li>\n<li><span class=\"specification-title\">Tuotteen mitat (LxSxK):\u00a0<\/span><span class=\"specification-data\">213 x 86 x 168 cm<\/span><\/li>\n<\/ul>\n<\/div>\n<\/div>\n<\/div>\n<div class=\"product-features\">\n<h2>LIS\u00c4OMINAISUUDET<\/h2>\n<div class=\"more-container\">\n<div class=\"unshow-text\">\n<ul class=\"product-features-container\">\n<li><span class=\"specification-title\">Klubin laatumuotoilu:<\/span>\u00a0<span class=\"specification-data\">Kest\u00e4v\u00e4 ter\u00e4srunko, jossa on klubin inspiroima Titanium-viimeistely.<\/span><\/li>\n<li><span class=\"specification-title\">S\u00e4\u00e4dett\u00e4v\u00e4 askelpituus:<\/span>\u00a0<span class=\"specification-data\">46-61cm<\/span><\/li>\n<li><span class=\"specification-title\">WhisperStride\u2122-teknologia:<\/span>\u00a0<span class=\"specification-data\">Tarjoaa hiljaisen, sujuvan askeleen<\/span><\/li>\n<li><span class=\"specification-title\">Link6\u2122 elliptinen voimansiirto:<\/span>\u00a0<span class=\"specification-data\">Luonnollinen askel, joka heijastaa ihmisen liikett\u00e4<\/span><\/li>\n<li><span class=\"specification-title\">Vastustuskyky:<\/span>\u00a0<span class=\"specification-data\">20 tasoa<\/span><\/li>\n<li><span class=\"specification-title\">N\u00e4ytt\u00f6:<\/span>\u00a0<span class=\"specification-data\">4 x 6\u2033 LCD-n\u00e4ytt\u00f6 sinisell\u00e4 pohjalla ja valkoisilla merkeill\u00e4; opastava viestikeskus, 2 k\u00e4ytt\u00e4j\u00e4profiilia.<\/span><\/li>\n<li><span class=\"specification-title\">Mene konsoliin:<\/span>\u00a0<span class=\"specification-data\">2 k\u00e4ytt\u00e4j\u00e4profiilia, 13 harjoitusta, 1 mukautettu harjoitus k\u00e4ytt\u00e4j\u00e4profiilia kohden.<\/span><\/li>\n<li><span class=\"specification-title\">Harjoituspalaute:<\/span>\u00a0<span class=\"specification-data\">Kalorit, et\u00e4isyys, nopeus (mph\/km\/h), taso, vauhti, aika, syke, tavoitesyke, METs, animoidut symbolit.<\/span><\/li>\n<li><span class=\"specification-title\">Mukautetut harjoitukset:<\/span>\u00a0<span class=\"specification-data\">1 per k\u00e4ytt\u00e4j\u00e4profiili<\/span><\/li>\n<li><span class=\"specification-title\">ActivityZone\u2122:<\/span>\u00a0<span class=\"specification-data\">Valmentaa sinua Leg Sculptor- ja Total Body Trainer -harjoittelun kautta.<\/span><\/li>\n<li><span class=\"specification-title\">Sykemittari:<\/span>\u00a0<span class=\"specification-data\">Kosketuskahvat molemmissa ohjaustangoissa, telemetriaseuranta langattomalla sykkeell\u00e4 ja rintanauhalla varustetulla rintaremmill\u00e4.<\/span><\/li>\n<li><span class=\"specification-title\">Pehmustetut, ylimitoitetut, liukumista est\u00e4v\u00e4t polkimet:<\/span>\u00a0<span class=\"specification-data\">Mukavuus, tuki ja luonnollinen liikkumisen vapaus<\/span><\/li>\n<li><span class=\"specification-title\">Monikahvainen liikkuva ohjaustanko:<\/span>\u00a0<span class=\"specification-data\">Tarjoaa koko kehon harjoittelun<\/span><\/li>\n<li><span class=\"specification-title\">ErgoGrip\u2122 kiinte\u00e4 etukahva:<\/span>\u00a0<span class=\"specification-data\">Tarjoaa vakautta vain alavartalon harjoittelun aikana.<\/span><\/li>\n<li><span class=\"specification-title\">Yhden kosketuksen vastuksen ja askeleen s\u00e4\u00e4t\u00f6:<\/span>\u00a0<span class=\"specification-data\">Sijaitsee monikahvaisissa kahvoissa helppoja s\u00e4\u00e4t\u00f6j\u00e4 varten.<\/span><\/li>\n<li><span class=\"specification-title\">Lis\u00e4varusteet:<\/span>\u00a0<span class=\"specification-data\">Lis\u00e4varustelokero, 2 mukitelinett\u00e4<\/span><\/li>\n<li><span class=\"specification-title\">Energians\u00e4\u00e4st\u00f6tila:<\/span>\u00a0<span class=\"specification-data\">V\u00e4hent\u00e4\u00e4 energiankulutusta, kun laite ei ole k\u00e4yt\u00f6ss\u00e4<\/span><\/li>\n<\/ul>\n<\/div>\n<\/div>\n<\/div>\n<div class=\"product-warranty\">\n<h2>TAKUU<\/h2>\n<div class=\"text-container\"><strong>Kotik\u00e4ytt\u00f6:<\/strong>\u00a010 vuotta rungolle, 5 vuotta moottorille, 3 vuotta osille ja ty\u00f6lle, 3 kuukautta kosmeettisille tuotteille.<\/div>\n<\/div>\n<div class=\"product-next-day\">\n<h2>PIKATOIMITUS<\/h2>\n<div class=\"text-container\">Monissa tuotteissamme on pikatoimitus- ja nimip\u00e4iv\u00e4vaihtoehdot, jolloin saat tuotteesi toimitettua heti huomenna tai valitsemanasi sinulle sopivana ajankohtana. Tarkista toimitusvaihtoehdot kassalla n\u00e4hd\u00e4ksesi saatavuuden korisi ja postinumerosi osalta. Toimitusehtoja sovelletaan.<\/div>\n<\/div>\n<div class=\"product-attribute-container-desktop desktop-only\">\n<div class=\"additional-attributes-wrapper table-wrapper\"><\/div>\n<\/div>","protected":false},"excerpt":{"rendered":"<p>Innovatiiviseen E-sarjaan kuuluva Life Fitness E5 Elliptinen Crosstrainer Go-konsolilla on ensiluokkainen kokovartaloharjoittelualusta, jossa on huippuluokan ominaisuuksia. Se on varustettu s\u00e4\u00e4dett\u00e4v\u00e4ll\u00e4 askelmatkalla, joten se sopii kaikille k\u00e4ytt\u00e4jille ja antaa sinulle mahdollisuuden vaihtaa harjoittelua eri alueille. Tehokkaan elliptisen voimansiirron ja WhisperStride\u2122-teknologian avulla voit nauttia poikkeuksellisen pehme\u00e4st\u00e4 ja hiljaisesta liikkeest\u00e4, kun taas edistyksellinen konsoli tuo mukanaan j\u00e4nnitt\u00e4vi\u00e4 virtuaalisia harjoitusvaihtoehtoja. Ihanteellinen kaikille k\u00e4ytt\u00e4jille, sill\u00e4 askelpituus s\u00e4\u00e4tyy 46 cm:st\u00e4 61 cm:iin napin painalluksella. Uskomattoman mukava, tehokas elliptinen voimansiirto pit\u00e4\u00e4 liikkeen sulavana ja luonnollisena, kun taas WhisperStride\u2122-teknologia takaa yhden hiljaisimmista saatavilla olevista askelluksista. Pehmustetut, liukastumista est\u00e4v\u00e4t polkimet takaavat turvallisen jalansijan ja mukavuuden, ja kahden ohjaustankosarjan avulla voit vaihtaa koko vartalon treenist\u00e4 alavartalon kohdentamiseen. Monik\u00e4ytt\u00f6isiss\u00e4 liikkuvissa ohjaustangoissa on my\u00f6s k\u00e4tev\u00e4t yhden kosketuksen peukalovastuksen ja askeleen s\u00e4\u00e4timet, joilla harjoittelun s\u00e4\u00e4t\u00f6 on helppoa. Go Console -konsolissa on helppok\u00e4ytt\u00f6inen LCD-k\u00e4ytt\u00f6liittym\u00e4, jossa on 13 haastavaa harjoitusohjelmaa, jotka auttavat sinua innostumaan harjoittelusta ja saavuttamaan tavoitteesi nopeammin. Nopeutta ja vastusta sekoittavat ohjelmat sis\u00e4lt\u00e4v\u00e4t Fat Burn-, Hill- ja Sport Training -ohjelmat sek\u00e4 mukaansatempaavan Activity Zone\u2122 - kokonaisvartalotreenin, jossa on muun muassa Leg Sculptor\u2122. Tarjolla on my\u00f6s valikoima sykkeeseen keskittyvi\u00e4 harjoituksia. Paikallaan olevassa ohjaustangossa olevien kosketussykesensoreiden avulla voit helposti seurata sykett\u00e4si tai k\u00e4ytt\u00e4\u00e4 mukana toimitettua rintahihnaa optimaalisten tulosten saavuttamiseksi. LCD-n\u00e4yt\u00f6ll\u00e4 n\u00e4kyv\u00e4t my\u00f6s kaikki muut keskeiset harjoitustilastot, joten edistymisen seuranta on helppoa. E5:ss\u00e4 on poikkeuksellinen, klubin inspiroima ulkon\u00e4k\u00f6, ja siin\u00e4 on houkutteleva titaanipinta, joka t\u00e4ydent\u00e4\u00e4 n\u00e4ytt\u00e4v\u00e4sti mit\u00e4 tahansa kotiymp\u00e4rist\u00f6\u00e4. GO-konsolilla varustetussa E5:ss\u00e4 on my\u00f6s tarvikelokero, 2 mukitelinett\u00e4 ja energians\u00e4\u00e4st\u00f6tila.<\/p>\n<div class=\"product-attribute-container-desktop desktop-only\">\n<div class=\"additional-attributes-wrapper table-wrapper\"><\/div>\n<\/div>","protected":false},"featured_media":396,"comment_status":"open","ping_status":"closed","template":"","meta":{"site-sidebar-layout":"default","site-content-layout":"","ast-site-content-layout":"default","site-content-style":"default","site-sidebar-style":"default","ast-global-header-display":"","ast-banner-title-visibility":"","ast-main-header-display":"","ast-hfb-above-header-display":"","ast-hfb-below-header-display":"","ast-hfb-mobile-header-display":"","site-post-title":"","ast-breadcrumbs-content":"","ast-featured-img":"","footer-sml-layout":"","theme-transparent-header-meta":"default","adv-header-id-meta":"","stick-header-meta":"","header-above-stick-meta":"","header-main-stick-meta":"","header-below-stick-meta":"","astra-migrate-meta-layouts":"set","ast-page-background-enabled":"default","ast-page-background-meta":{"desktop":{"background-color":"var(--ast-global-color-5)","background-image":"","background-repeat":"repeat","background-position":"center center","background-size":"auto","background-attachment":"scroll","background-type":"","background-media":"","overlay-type":"","overlay-color":"","overlay-opacity":"","overlay-gradient":""},"tablet":{"background-color":"","background-image":"","background-repeat":"repeat","background-position":"center center","background-size":"auto","background-attachment":"scroll","background-type":"","background-media":"","overlay-type":"","overlay-color":"","overlay-opacity":"","overlay-gradient":""},"mobile":{"background-color":"","background-image":"","background-repeat":"repeat","background-position":"center center","background-size":"auto","background-attachment":"scroll","background-type":"","background-media":"","overlay-type":"","overlay-color":"","overlay-opacity":"","overlay-gradient":""}},"ast-content-background-meta":{"desktop":{"background-color":"var(--ast-global-color-4)","background-image":"","background-repeat":"repeat","background-position":"center center","background-size":"auto","background-attachment":"scroll","background-type":"","background-media":"","overlay-type":"","overlay-color":"","overlay-opacity":"","overlay-gradient":""},"tablet":{"background-color":"var(--ast-global-color-4)","background-image":"","background-repeat":"repeat","background-position":"center center","background-size":"auto","background-attachment":"scroll","background-type":"","background-media":"","overlay-type":"","overlay-color":"","overlay-opacity":"","overlay-gradient":""},"mobile":{"background-color":"var(--ast-global-color-4)","background-image":"","background-repeat":"repeat","background-position":"center center","background-size":"auto","background-attachment":"scroll","background-type":"","background-media":"","overlay-type":"","overlay-color":"","overlay-opacity":"","overlay-gradient":""}}},"product_brand":[],"product_cat":[18],"product_tag":[23],"class_list":{"0":"post-394","1":"product","2":"type-product","3":"status-publish","4":"has-post-thumbnail","6":"product_cat-cross-trainers","7":"product_tag-cross-trainers","8":"desktop-align-left","9":"tablet-align-left","10":"mobile-align-left","12":"first","13":"instock","14":"sale","15":"taxable","16":"shipping-taxable","17":"purchasable","18":"product-type-simple"},"_links":{"self":[{"href":"http:\/\/bestfitnessstore.com\/fi\/wp-json\/wp\/v2\/product\/394","targetHints":{"allow":["GET"]}}],"collection":[{"href":"http:\/\/bestfitnessstore.com\/fi\/wp-json\/wp\/v2\/product"}],"about":[{"href":"http:\/\/bestfitnessstore.com\/fi\/wp-json\/wp\/v2\/types\/product"}],"replies":[{"embeddable":true,"href":"http:\/\/bestfitnessstore.com\/fi\/wp-json\/wp\/v2\/comments?post=394"}],"wp:featuredmedia":[{"embeddable":true,"href":"http:\/\/bestfitnessstore.com\/fi\/wp-json\/wp\/v2\/media\/396"}],"wp:attachment":[{"href":"http:\/\/bestfitnessstore.com\/fi\/wp-json\/wp\/v2\/media?parent=394"}],"wp:term":[{"taxonomy":"product_brand","embeddable":true,"href":"http:\/\/bestfitnessstore.com\/fi\/wp-json\/wp\/v2\/product_brand?post=394"},{"taxonomy":"product_cat","embeddable":true,"href":"http:\/\/bestfitnessstore.com\/fi\/wp-json\/wp\/v2\/product_cat?post=394"},{"taxonomy":"product_tag","embeddable":true,"href":"http:\/\/bestfitnessstore.com\/fi\/wp-json\/wp\/v2\/product_tag?post=394"}],"curies":[{"name":"wp","href":"https:\/\/api.w.org\/{rel}","templated":true}]}}