{"id":1481,"date":"2025-11-26T07:25:21","date_gmt":"2025-11-26T07:25:21","guid":{"rendered":"https:\/\/bestfitnessstore.com\/?post_type=product&#038;p=1481"},"modified":"2025-11-26T07:25:21","modified_gmt":"2025-11-26T07:25:21","slug":"spirit-xt485-ent-taittuva-juoksumatto","status":"publish","type":"product","link":"http:\/\/bestfitnessstore.com\/fi\/product\/spirit-xt485-ent-folding-treadmill\/","title":{"rendered":"Spirit XT485 ENT kokoontaitettava juoksumatto"},"content":{"rendered":"<div class=\"product-attribute-container-desktop desktop-only\">\n<div class=\"additional-attributes-wrapper table-wrapper\">\n<h4>TUOTETIEDOT<\/h4>\n<div class=\"attributes-container\">\n<ul class=\"product-attributes-container\">\n<li><span class=\"specification-title\">Pakkauksen paino (KG):\u00a0<\/span><span class=\"specification-data\">143.500000<\/span><\/li>\n<li><span class=\"specification-title\">Teho menetelm\u00e4:\u00a0<\/span><span class=\"specification-data\">S\u00e4hk\u00f6verkko<\/span><\/li>\n<li><span class=\"specification-title\">Tablettiteline:\u00a0<\/span><span class=\"specification-data\">Kyll\u00e4<\/span><\/li>\n<li><span class=\"specification-title\">Taitto:\u00a0<\/span><span class=\"specification-data\">Kyll\u00e4<\/span><\/li>\n<li><span class=\"specification-title\">K\u00e4ytt\u00e4j\u00e4n enimm\u00e4ispaino (kg):\u00a0<\/span><span class=\"specification-data\">150,00 (kg)<\/span><\/li>\n<li><span class=\"specification-title\">Kuljetuspy\u00f6r\u00e4t:\u00a0<\/span><span class=\"specification-data\">Kyll\u00e4<\/span><\/li>\n<li><span class=\"specification-title\">Laatikon mitat (LxSxK):\u00a0<\/span><span class=\"specification-data\">217 x 94 x 37,50 cm<\/span><\/li>\n<\/ul>\n<ul class=\"product-attributes-container\">\n<li><span class=\"specification-title\">Tuotteen paino (KG):\u00a0<\/span><span class=\"specification-data\">129.50<\/span><\/li>\n<li><span class=\"specification-title\">Sovellusten integrointi:\u00a0<\/span><span class=\"specification-data\">KinoMap, Netflix, SPIRIT+, Zwift<\/span><\/li>\n<li><span class=\"specification-title\">Bluetooth:\u00a0<\/span><span class=\"specification-data\">Kyll\u00e4<\/span><\/li>\n<li><span class=\"specification-title\">Sykkeen seuranta:\u00a0<\/span><span class=\"specification-data\">Sis\u00e4\u00e4nrakennetut anturit ja Bluetooth<\/span><\/li>\n<li><span class=\"specification-title\">Sis\u00e4\u00e4nrakennetut ohjelmat:\u00a0<\/span><span class=\"specification-data\">Manuaalinen, m\u00e4ki, rasvanpoltto, syd\u00e4n, voima, m\u00e4ki, fuusio, 5K, 10K, aika, et\u00e4isyys, kalorit, 2 k\u00e4ytt\u00e4j\u00e4\u00e4, 4 sykett\u00e4, kuntotestit.<\/span><\/li>\n<li><span class=\"specification-title\">Tuotteen mitat (LxSxK):\u00a0<\/span><span class=\"specification-data\">206 x 92 x 175,50 cm<\/span><\/li>\n<\/ul>\n<\/div>\n<\/div>\n<\/div>\n<div class=\"product-features\">\n<h4>LIS\u00c4OMINAISUUDET<\/h4>\n<div class=\"more-container\">\n<div class=\"unshow-text\">\n<ul class=\"product-features-container\">\n<li><span class=\"specification-title\">Konsoli:<\/span>\u00a0<span class=\"specification-data\">10,1\u201d kosketusn\u00e4ytt\u00f6, puhelimen reunus, kallistettava ja k\u00e4\u00e4ntyv\u00e4 tablettiteline, Bluetooth-kaiuttimet, USB-latausliit\u00e4nt\u00e4, s\u00e4\u00e4dett\u00e4v\u00e4 tuuletin, lapsilukko, \u00e4\u00e4niliit\u00e4nt\u00e4, 12 esiladattua sovellusta.<\/span><\/li>\n<li><span class=\"specification-title\">Safeguard 360\u2122:<\/span>\u00a0<span class=\"specification-data\">Lapsilukko, virran merkkivalo, turva-avaimen aktivointi, k\u00e4sijohteiden lukitus.<\/span><\/li>\n<li><span class=\"specification-title\">Syke:<\/span>\u00a0<span class=\"specification-data\">Kosketus ja Bluetooth (5kHz &amp; Bluetooth), rintahihna ei sis\u00e4lly toimitukseen.<\/span><\/li>\n<li><span class=\"specification-title\">Nopeus\/kaltevuus:<\/span>\u00a0<span class=\"specification-data\">1-20 km\/h \/ 15 tasoa<\/span><\/li>\n<li><span class=\"specification-title\">Ohjaustangon hallintalaitteet:<\/span>\u00a0<span class=\"specification-data\">Kyll\u00e4, nopeus ja kaltevuus<\/span><\/li>\n<li><span class=\"specification-title\">K\u00e4ytt\u00f6moottori:<\/span>\u00a0<span class=\"specification-data\">4.0 HP<\/span><\/li>\n<li><span class=\"specification-title\">Kansi:<\/span>\u00a0<span class=\"specification-data\">25mm fenoli, silikoni voideltu<\/span><\/li>\n<li><span class=\"specification-title\">Vy\u00f6:<\/span>\u00a0<span class=\"specification-data\">560 x 1525mm<\/span><\/li>\n<li><span class=\"specification-title\">Rulla:<\/span>\u00a0<span class=\"specification-data\">60 \/ 60<\/span><\/li>\n<li><span class=\"specification-title\">Kehys:<\/span>\u00a0<span class=\"specification-data\">Taitettava, nostoavustimella ja hitaalla avautumisella, kest\u00e4v\u00e4 jauhemaalaus<\/span><\/li>\n<li><span class=\"specification-title\">Huom:<\/span>\u00a0<span class=\"specification-data\">Tabletti ei sis\u00e4lly<\/span><\/li>\n<\/ul>\n<\/div>\n<\/div>\n<\/div>\n<div class=\"product-warranty\">\n<h4>TAKUU<\/h4>\n<div class=\"text-container\"><strong>Kotik\u00e4ytt\u00f6:<\/strong>\u00a010 vuotta moottorille, 3 vuotta osille ja 3 vuotta ty\u00f6lle. Tuotetta on k\u00e4ytett\u00e4v\u00e4\/varastoitava sopivassa ymp\u00e4rist\u00f6ss\u00e4 (paikkoja, joissa on kosteaa, tiivist\u00e4m\u00e4t\u00f6nt\u00e4 betonia tai alueita, joissa on jatkuva ilmavirtaus ulkoalueille, ei pidet\u00e4 sopivina).<\/div>\n<\/div>","protected":false},"excerpt":{"rendered":"<p>Spirit XT485 ENT Folding Treadmill, tilava 560 x 1525 mm:n juoksupinta ja luotettava 4,0 HP PowerMax\u2122 -moottori antavat sinulle kaiken tarvitsemasi tilan ja tehon mukavaan ja tehokkaaseen harjoitteluun, konsolissa olevat nopeus- ja kaltevuusn\u00e4pp\u00e4imet ja uudet keinutyyliset vaihtimet antavat sinulle mahdollisuuden lis\u00e4t\u00e4 nopeutta 20 km\/h:iin ja kaltevuutta 15 tasoa helposti liikkeell\u00e4. Spirit XT485ENT:n 10,1 tuuman kosketusn\u00e4yt\u00f6ss\u00e4 on intuitiivinen k\u00e4ytt\u00f6liittym\u00e4, jonka avulla voit navigoida helposti harjoitusohjelmissa ja erilaisissa kuntotesteiss\u00e4. Mukana on esiladattuja sovelluksia, kuten Netflix, CNN ja muut, sek\u00e4 sis\u00e4\u00e4nrakennettu n\u00e4yt\u00f6n peilausmahdollisuus ja USB-latausportti loputtomia viihde- tai motivaatiomahdollisuuksia varten. Esiasetettuihin ohjelmiin kuuluvat Manuaalinen, M\u00e4ki, Rasvanpoltto, Cardio, Voima, HIIT, Fusion, 5K, 10K, Aika, Et\u00e4isyys, Kalorit, 2 K\u00e4ytt\u00e4j\u00e4\u00e4, 4 Sykett\u00e4 ja Kuntotestit. Syke mitataan kosketussykesensoreilla tai rintahihnalla (ei sis\u00e4lly toimitukseen). XT485ENT on my\u00f6s yhteydess\u00e4 joihinkin johtaviin kuntosovelluksiin, kuten Zwift ja Kinomap, sek\u00e4 Map My Fitness, Apple Health Kit ja muihin Spirit+-sovelluksen kautta. Konsoliin on sis\u00e4llytetty oma kallistettava ja k\u00e4\u00e4ntyv\u00e4 tablettiteline, lukutelineen reunus, integroidut Bluetooth-kaiuttimet, puhelimen reunus, kaksi mukitelinett\u00e4, s\u00e4\u00e4dett\u00e4v\u00e4 j\u00e4\u00e4hdytystuuletin ja lapsilukot. Spirit XT485:n kokoontaitettava runko on parannettu Lift Assist- ja Slow Deploy -ominaisuuksilla turvallista kokoontaittamista ja avaamista varten, ja se on viimeistelty kest\u00e4v\u00e4ll\u00e4 jauhemaalilla.<\/p>\n<div class=\"product-attribute-container-desktop desktop-only\">\n<div class=\"additional-attributes-wrapper table-wrapper\"><\/div>\n<\/div>","protected":false},"featured_media":1485,"comment_status":"open","ping_status":"closed","template":"","meta":{"site-sidebar-layout":"default","site-content-layout":"","ast-site-content-layout":"default","site-content-style":"default","site-sidebar-style":"default","ast-global-header-display":"","ast-banner-title-visibility":"","ast-main-header-display":"","ast-hfb-above-header-display":"","ast-hfb-below-header-display":"","ast-hfb-mobile-header-display":"","site-post-title":"","ast-breadcrumbs-content":"","ast-featured-img":"","footer-sml-layout":"","theme-transparent-header-meta":"default","adv-header-id-meta":"","stick-header-meta":"","header-above-stick-meta":"","header-main-stick-meta":"","header-below-stick-meta":"","astra-migrate-meta-layouts":"set","ast-page-background-enabled":"default","ast-page-background-meta":{"desktop":{"background-color":"var(--ast-global-color-5)","background-image":"","background-repeat":"repeat","background-position":"center center","background-size":"auto","background-attachment":"scroll","background-type":"","background-media":"","overlay-type":"","overlay-color":"","overlay-opacity":"","overlay-gradient":""},"tablet":{"background-color":"","background-image":"","background-repeat":"repeat","background-position":"center center","background-size":"auto","background-attachment":"scroll","background-type":"","background-media":"","overlay-type":"","overlay-color":"","overlay-opacity":"","overlay-gradient":""},"mobile":{"background-color":"","background-image":"","background-repeat":"repeat","background-position":"center center","background-size":"auto","background-attachment":"scroll","background-type":"","background-media":"","overlay-type":"","overlay-color":"","overlay-opacity":"","overlay-gradient":""}},"ast-content-background-meta":{"desktop":{"background-color":"var(--ast-global-color-4)","background-image":"","background-repeat":"repeat","background-position":"center center","background-size":"auto","background-attachment":"scroll","background-type":"","background-media":"","overlay-type":"","overlay-color":"","overlay-opacity":"","overlay-gradient":""},"tablet":{"background-color":"var(--ast-global-color-4)","background-image":"","background-repeat":"repeat","background-position":"center center","background-size":"auto","background-attachment":"scroll","background-type":"","background-media":"","overlay-type":"","overlay-color":"","overlay-opacity":"","overlay-gradient":""},"mobile":{"background-color":"var(--ast-global-color-4)","background-image":"","background-repeat":"repeat","background-position":"center center","background-size":"auto","background-attachment":"scroll","background-type":"","background-media":"","overlay-type":"","overlay-color":"","overlay-opacity":"","overlay-gradient":""}}},"product_brand":[],"product_cat":[21],"product_tag":[25],"class_list":{"0":"post-1481","1":"product","2":"type-product","3":"status-publish","4":"has-post-thumbnail","6":"product_cat-treadmills","7":"product_tag-treadmills","8":"desktop-align-left","9":"tablet-align-left","10":"mobile-align-left","12":"first","13":"instock","14":"sale","15":"taxable","16":"shipping-taxable","17":"purchasable","18":"product-type-simple"},"_links":{"self":[{"href":"http:\/\/bestfitnessstore.com\/fi\/wp-json\/wp\/v2\/product\/1481","targetHints":{"allow":["GET"]}}],"collection":[{"href":"http:\/\/bestfitnessstore.com\/fi\/wp-json\/wp\/v2\/product"}],"about":[{"href":"http:\/\/bestfitnessstore.com\/fi\/wp-json\/wp\/v2\/types\/product"}],"replies":[{"embeddable":true,"href":"http:\/\/bestfitnessstore.com\/fi\/wp-json\/wp\/v2\/comments?post=1481"}],"wp:featuredmedia":[{"embeddable":true,"href":"http:\/\/bestfitnessstore.com\/fi\/wp-json\/wp\/v2\/media\/1485"}],"wp:attachment":[{"href":"http:\/\/bestfitnessstore.com\/fi\/wp-json\/wp\/v2\/media?parent=1481"}],"wp:term":[{"taxonomy":"product_brand","embeddable":true,"href":"http:\/\/bestfitnessstore.com\/fi\/wp-json\/wp\/v2\/product_brand?post=1481"},{"taxonomy":"product_cat","embeddable":true,"href":"http:\/\/bestfitnessstore.com\/fi\/wp-json\/wp\/v2\/product_cat?post=1481"},{"taxonomy":"product_tag","embeddable":true,"href":"http:\/\/bestfitnessstore.com\/fi\/wp-json\/wp\/v2\/product_tag?post=1481"}],"curies":[{"name":"wp","href":"https:\/\/api.w.org\/{rel}","templated":true}]}}