{"id":1471,"date":"2025-11-26T06:48:25","date_gmt":"2025-11-26T06:48:25","guid":{"rendered":"https:\/\/bestfitnessstore.com\/?post_type=product&#038;p=1471"},"modified":"2025-11-26T06:48:25","modified_gmt":"2025-11-26T06:48:25","slug":"spirit-xt185-taittuva-juoksumatto","status":"publish","type":"product","link":"http:\/\/bestfitnessstore.com\/fi\/product\/spirit-xt185-folding-treadmill\/","title":{"rendered":"Spirit XT185 kokoontaitettava juoksumatto"},"content":{"rendered":"<div class=\"product-attribute-container-desktop desktop-only\">\n<div class=\"additional-attributes-wrapper table-wrapper\">\n<h4>TUOTETIEDOT<\/h4>\n<div class=\"attributes-container\">\n<ul class=\"product-attributes-container\">\n<li><span class=\"specification-title\">Pakkauksen paino (KG):\u00a0<\/span><span class=\"specification-data\">112.000000<\/span><\/li>\n<li><span class=\"specification-title\">Teho menetelm\u00e4:\u00a0<\/span><span class=\"specification-data\">S\u00e4hk\u00f6verkko<\/span><\/li>\n<li><span class=\"specification-title\">Tablettiteline:\u00a0<\/span><span class=\"specification-data\">Kyll\u00e4<\/span><\/li>\n<li><span class=\"specification-title\">Sykkeen seuranta:\u00a0<\/span><span class=\"specification-data\">Sis\u00e4\u00e4nrakennetut anturit<\/span><\/li>\n<li><span class=\"specification-title\">Sis\u00e4\u00e4nrakennetut ohjelmat:\u00a0<\/span><span class=\"specification-data\">Manuaalinen, m\u00e4ki, rasvanpoltto, syd\u00e4n, voima, HIIT, fuusio, 5K, 10K, aika, et\u00e4isyys, kalorit, 2 k\u00e4ytt\u00e4j\u00e4\u00e4.<\/span><\/li>\n<li><span class=\"specification-title\">Tuotteen mitat (LxSxK):\u00a0<\/span><span class=\"specification-data\">193 x 89 x 150 cm<\/span><\/li>\n<\/ul>\n<ul class=\"product-attributes-container\">\n<li><span class=\"specification-title\">Tuotteen paino (KG):\u00a0<\/span><span class=\"specification-data\">100.50<\/span><\/li>\n<li><span class=\"specification-title\">Sovellusten integrointi:\u00a0<\/span><span class=\"specification-data\">KinoMap, SPIRIT+, Zwift<\/span><\/li>\n<li><span class=\"specification-title\">Taitto:\u00a0<\/span><span class=\"specification-data\">Kyll\u00e4<\/span><\/li>\n<li><span class=\"specification-title\">K\u00e4ytt\u00e4j\u00e4n enimm\u00e4ispaino (kg):\u00a0<\/span><span class=\"specification-data\">125,00 (kg)<\/span><\/li>\n<li><span class=\"specification-title\">Kuljetuspy\u00f6r\u00e4t:\u00a0<\/span><span class=\"specification-data\">Kyll\u00e4<\/span><\/li>\n<li><span class=\"specification-title\">Laatikon mitat (LxSxK):\u00a0<\/span><span class=\"specification-data\">203,50 x 91 x 38 cm<\/span><\/li>\n<\/ul>\n<\/div>\n<\/div>\n<\/div>\n<div class=\"product-features\">\n<h4>LIS\u00c4OMINAISUUDET<\/h4>\n<div class=\"more-container\">\n<div class=\"unshow-text\">\n<ul class=\"product-features-container\">\n<li><span class=\"specification-title\">Konsoli:<\/span>\u00a0<span class=\"specification-data\">7,5\u201d sininen taustavalaistu LCD-n\u00e4ytt\u00f6, tablettiyst\u00e4v\u00e4llinen lukuteline, s\u00e4\u00e4dett\u00e4v\u00e4 tuuletin, lapsilukko<\/span><\/li>\n<li><span class=\"specification-title\">Syke:<\/span>\u00a0<span class=\"specification-data\">K\u00e4sipulssikahvat<\/span><\/li>\n<li><span class=\"specification-title\">Nopeus\/kaltevuus:<\/span>\u00a0<span class=\"specification-data\">1-16 km\/h \/ 10 tasoa<\/span><\/li>\n<li><span class=\"specification-title\">Turvallisuusavain:<\/span>\u00a0<span class=\"specification-data\">Mukana<\/span><\/li>\n<li><span class=\"specification-title\">K\u00e4ytt\u00f6moottori:<\/span>\u00a0<span class=\"specification-data\">3.0 HP<\/span><\/li>\n<li><span class=\"specification-title\">Kansi:<\/span>\u00a0<span class=\"specification-data\">18mm fenoli, silikoni voideltu<\/span><\/li>\n<li><span class=\"specification-title\">Vy\u00f6:<\/span>\u00a0<span class=\"specification-data\">510 x 1400mm<\/span><\/li>\n<li><span class=\"specification-title\">Rulla:<\/span>\u00a0<span class=\"specification-data\">60\/46 (kruunattu)<\/span><\/li>\n<li><span class=\"specification-title\">Kehys:<\/span>\u00a0<span class=\"specification-data\">Taitettava, nostoavustimella ja hitaalla avautumisella, kest\u00e4v\u00e4 jauhemaalaus<\/span><\/li>\n<li><span class=\"specification-title\">Huom:<\/span>\u00a0<span class=\"specification-data\">Tabletti ei sis\u00e4lly<\/span><\/li>\n<\/ul>\n<\/div>\n<\/div>\n<\/div>\n<div class=\"product-warranty\">\n<h4>TAKUU<\/h4>\n<div class=\"text-container\"><strong>Kotik\u00e4ytt\u00f6:<\/strong>\u00a010 vuotta moottorille, 3 vuotta osille ja 3 vuotta ty\u00f6lle. Tuotetta on k\u00e4ytett\u00e4v\u00e4\/varastoitava sopivassa ymp\u00e4rist\u00f6ss\u00e4 (paikkoja, joissa on kosteaa, tiivist\u00e4m\u00e4t\u00f6nt\u00e4 betonia tai alueita, joissa on jatkuva ilmavirtaus ulkoalueille, ei pidet\u00e4 sopivina). Takuu ei ole voimassa Manner-Yhdistyneen kuningaskunnan ulkopuolella, eik\u00e4 sit\u00e4 tarjota Pohjois-Irlannissa tai Irlannissa.<\/div>\n<\/div>\n<div class=\"product-next-day\">\n<h4>PIKATOIMITUS<\/h4>\n<div class=\"text-container\">Monissa tuotteissamme on pikatoimitus- ja nimip\u00e4iv\u00e4vaihtoehdot, jolloin saat tuotteesi toimitettua heti huomenna tai valitsemanasi sinulle sopivana ajankohtana. Tarkista toimitusvaihtoehdot kassalla n\u00e4hd\u00e4ksesi saatavuuden korisi ja postinumerosi osalta. Toimitusehtoja sovelletaan.<\/div>\n<\/div>","protected":false},"excerpt":{"rendered":"<p>Spirit XT185 -taittuva juoksumatto on rakennettu tyylikk\u00e4\u00e4st\u00e4, hiilenv\u00e4risest\u00e4 metallisesta ter\u00e4srungosta, joka kest\u00e4\u00e4 kotona tapahtuvan syd\u00e4nharjoittelun rasitukset. Se on varustettu luotettavalla 3,0HP PowerMax-moottorilla, joka ajaa XT185:t\u00e4 16 km\/h huippunopeuteen ja 10 kaltevuusasteeseen. Suurta 510 x 1400 mm:n juoksupintaa on parannettu Lift Assist -laitteella helppoa s\u00e4ilytyst\u00e4 varten ja Slow Deploy -laitteella turvallista kokoontaittamista varten. Spirit XT185:n kirkkaalla 7,5 tuuman sinisell\u00e4 taustavalaistulla LCD-n\u00e4yt\u00f6ll\u00e4 n\u00e4kyv\u00e4t treenin mittarit, kuten kalorit, matka, kierrokset, vauhti, aika ja syke (mitattuna integroidun k\u00e4sipulssikahvan avulla). Valittavana on useita sis\u00e4\u00e4nrakennettuja harjoitusohjelmia, kuten Manuaalinen, M\u00e4ki, Rasvanpoltto, Cardio, Voima, HIIT, Fusion, 5K, 10K, Aika, Matka, Kalorit ja 2 K\u00e4ytt\u00e4j\u00e4\u00e4. XT185 on my\u00f6s yhteydess\u00e4 joihinkin johtaviin kuntosovelluksiin, kuten Zwift ja Kinomap, sek\u00e4 Map My Fitnessiin, Apple Health Kitiin ja muihin Spirit+-sovelluksen kautta. Konsolissa on my\u00f6s integroidut Bluetooth-kaiuttimet, tablettiyst\u00e4v\u00e4llinen lukutelineen reunus, puhelimen reunus, kaksi mukitelinett\u00e4, s\u00e4\u00e4dett\u00e4v\u00e4 j\u00e4\u00e4hdytystuuletin ja lapsilukot.<\/p>\n<div class=\"product-attribute-container-desktop desktop-only\">\n<div class=\"additional-attributes-wrapper table-wrapper\"><\/div>\n<\/div>","protected":false},"featured_media":1475,"comment_status":"open","ping_status":"closed","template":"","meta":{"site-sidebar-layout":"default","site-content-layout":"","ast-site-content-layout":"default","site-content-style":"default","site-sidebar-style":"default","ast-global-header-display":"","ast-banner-title-visibility":"","ast-main-header-display":"","ast-hfb-above-header-display":"","ast-hfb-below-header-display":"","ast-hfb-mobile-header-display":"","site-post-title":"","ast-breadcrumbs-content":"","ast-featured-img":"","footer-sml-layout":"","theme-transparent-header-meta":"default","adv-header-id-meta":"","stick-header-meta":"","header-above-stick-meta":"","header-main-stick-meta":"","header-below-stick-meta":"","astra-migrate-meta-layouts":"set","ast-page-background-enabled":"default","ast-page-background-meta":{"desktop":{"background-color":"var(--ast-global-color-5)","background-image":"","background-repeat":"repeat","background-position":"center center","background-size":"auto","background-attachment":"scroll","background-type":"","background-media":"","overlay-type":"","overlay-color":"","overlay-opacity":"","overlay-gradient":""},"tablet":{"background-color":"","background-image":"","background-repeat":"repeat","background-position":"center center","background-size":"auto","background-attachment":"scroll","background-type":"","background-media":"","overlay-type":"","overlay-color":"","overlay-opacity":"","overlay-gradient":""},"mobile":{"background-color":"","background-image":"","background-repeat":"repeat","background-position":"center center","background-size":"auto","background-attachment":"scroll","background-type":"","background-media":"","overlay-type":"","overlay-color":"","overlay-opacity":"","overlay-gradient":""}},"ast-content-background-meta":{"desktop":{"background-color":"var(--ast-global-color-4)","background-image":"","background-repeat":"repeat","background-position":"center center","background-size":"auto","background-attachment":"scroll","background-type":"","background-media":"","overlay-type":"","overlay-color":"","overlay-opacity":"","overlay-gradient":""},"tablet":{"background-color":"var(--ast-global-color-4)","background-image":"","background-repeat":"repeat","background-position":"center center","background-size":"auto","background-attachment":"scroll","background-type":"","background-media":"","overlay-type":"","overlay-color":"","overlay-opacity":"","overlay-gradient":""},"mobile":{"background-color":"var(--ast-global-color-4)","background-image":"","background-repeat":"repeat","background-position":"center center","background-size":"auto","background-attachment":"scroll","background-type":"","background-media":"","overlay-type":"","overlay-color":"","overlay-opacity":"","overlay-gradient":""}}},"product_brand":[],"product_cat":[21],"product_tag":[25],"class_list":{"0":"post-1471","1":"product","2":"type-product","3":"status-publish","4":"has-post-thumbnail","6":"product_cat-treadmills","7":"product_tag-treadmills","8":"desktop-align-left","9":"tablet-align-left","10":"mobile-align-left","12":"first","13":"instock","14":"sale","15":"taxable","16":"shipping-taxable","17":"purchasable","18":"product-type-simple"},"_links":{"self":[{"href":"http:\/\/bestfitnessstore.com\/fi\/wp-json\/wp\/v2\/product\/1471","targetHints":{"allow":["GET"]}}],"collection":[{"href":"http:\/\/bestfitnessstore.com\/fi\/wp-json\/wp\/v2\/product"}],"about":[{"href":"http:\/\/bestfitnessstore.com\/fi\/wp-json\/wp\/v2\/types\/product"}],"replies":[{"embeddable":true,"href":"http:\/\/bestfitnessstore.com\/fi\/wp-json\/wp\/v2\/comments?post=1471"}],"wp:featuredmedia":[{"embeddable":true,"href":"http:\/\/bestfitnessstore.com\/fi\/wp-json\/wp\/v2\/media\/1475"}],"wp:attachment":[{"href":"http:\/\/bestfitnessstore.com\/fi\/wp-json\/wp\/v2\/media?parent=1471"}],"wp:term":[{"taxonomy":"product_brand","embeddable":true,"href":"http:\/\/bestfitnessstore.com\/fi\/wp-json\/wp\/v2\/product_brand?post=1471"},{"taxonomy":"product_cat","embeddable":true,"href":"http:\/\/bestfitnessstore.com\/fi\/wp-json\/wp\/v2\/product_cat?post=1471"},{"taxonomy":"product_tag","embeddable":true,"href":"http:\/\/bestfitnessstore.com\/fi\/wp-json\/wp\/v2\/product_tag?post=1471"}],"curies":[{"name":"wp","href":"https:\/\/api.w.org\/{rel}","templated":true}]}}