{"id":1467,"date":"2025-11-26T06:44:15","date_gmt":"2025-11-26T06:44:15","guid":{"rendered":"https:\/\/bestfitnessstore.com\/?post_type=product&#038;p=1467"},"modified":"2025-11-26T06:44:16","modified_gmt":"2025-11-26T06:44:16","slug":"spirit-ct900-led-juoksumatto-grafiitinharmaa","status":"publish","type":"product","link":"http:\/\/bestfitnessstore.com\/fi\/product\/spirit-ct900-led-treadmill-graphite-grey\/","title":{"rendered":"Spirit CT900 LED-juoksumatto (grafiitinharmaa)"},"content":{"rendered":"<div class=\"product-attribute-container-desktop desktop-only\">\n<div class=\"additional-attributes-wrapper table-wrapper\">\n<h4>TUOTETIEDOT<\/h4>\n<div class=\"attributes-container\">\n<ul class=\"product-attributes-container\">\n<li><span class=\"specification-title\">Pakkauksen paino (KG):\u00a0<\/span><span class=\"specification-data\">0.000000<\/span><\/li>\n<li><span class=\"specification-title\">Teho menetelm\u00e4:\u00a0<\/span><span class=\"specification-data\">S\u00e4hk\u00f6verkko<\/span><\/li>\n<li><span class=\"specification-title\">Tablettiteline:\u00a0<\/span><span class=\"specification-data\">Kyll\u00e4<\/span><\/li>\n<li><span class=\"specification-title\">Taitto:\u00a0<\/span><span class=\"specification-data\">Ei<\/span><\/li>\n<li><span class=\"specification-title\">K\u00e4ytt\u00e4j\u00e4n enimm\u00e4ispaino (kg):\u00a0<\/span><span class=\"specification-data\">150,00 (kg)<\/span><\/li>\n<li><span class=\"specification-title\">Tuotteen mitat (LxSxK):\u00a0<\/span><span class=\"specification-data\">214 x 90,50 x 153 cm<\/span><\/li>\n<\/ul>\n<ul class=\"product-attributes-container\">\n<li><span class=\"specification-title\">Tuotteen paino (KG):\u00a0<\/span><span class=\"specification-data\">180<\/span><\/li>\n<li><span class=\"specification-title\">Sovellusten integrointi:\u00a0<\/span><span class=\"specification-data\">KinoMap, Spirit Fit, Zwift<\/span><\/li>\n<li><span class=\"specification-title\">Bluetooth:\u00a0<\/span><span class=\"specification-data\">Kyll\u00e4<\/span><\/li>\n<li><span class=\"specification-title\">Sykkeen seuranta:\u00a0<\/span><span class=\"specification-data\">Analogiset, sis\u00e4\u00e4nrakennetut anturit<\/span><\/li>\n<li><span class=\"specification-title\">Sis\u00e4\u00e4nrakennetut ohjelmat:\u00a0<\/span><span class=\"specification-data\">Esiasetetut harjoitukset, mukaan lukien: Kuntotestit (Gerkin, WFI, Army PFT, Navy PRT, Air Force, Marine PRT, Physical Therapy PEB, Coast Guard, Chester).<\/span><\/li>\n<\/ul>\n<\/div>\n<\/div>\n<\/div>\n<div class=\"product-features\">\n<h4>LIS\u00c4OMINAISUUDET<\/h4>\n<div class=\"more-container\">\n<div class=\"unshow-text\">\n<ul class=\"product-features-container\">\n<li><span class=\"specification-title\">Konsoli:<\/span>\u00a0<span class=\"specification-data\">LED-n\u00e4ytt\u00f6<\/span><\/li>\n<li><span class=\"specification-title\">Viihde:<\/span>\u00a0<span class=\"specification-data\">TV-toiminto (valinnainen lis\u00e4laite), Bluetooth<\/span><\/li>\n<li><span class=\"specification-title\">Muut ominaisuudet:<\/span>\u00a0<span class=\"specification-data\">C-Safe, USB-portti, telemetrinen HR-vastaanotin, k\u00e4sipulssi ja tuuletin.<\/span><\/li>\n<li><span class=\"specification-title\">Ohjelmat:<\/span>\u00a0<span class=\"specification-data\">Manuaalinen, kukkula, SK, HR, rasvanpoltto, syd\u00e4n, HIIT, intervalli, kuntotestit (Gerkin, WFI, armeijan PFT, laivaston PFT, ilmavoimien, merijalkav\u00e4en PRT, fysioterapian PEB, rannikkovartioston Chester).<\/span><\/li>\n<li><span class=\"specification-title\">Kehys:<\/span>\u00a0<span class=\"specification-data\">Raskas, luja ter\u00e4s, jossa on kest\u00e4v\u00e4 jauhemaalattu maali<\/span><\/li>\n<li><span class=\"specification-title\">Moottori:<\/span>\u00a0<span class=\"specification-data\">Teollinen, 5,0 hevosvoiman taajuusmuuttajaj\u00e4rjestelm\u00e4<\/span><\/li>\n<li><span class=\"specification-title\">Nopeusalue:<\/span>\u00a0<span class=\"specification-data\">0,5-15 MPH<\/span><\/li>\n<li><span class=\"specification-title\">Kaltevuusmoottorin alue:<\/span>\u00a0<span class=\"specification-data\">0-15%<\/span><\/li>\n<li><span class=\"specification-title\">Juoksupinta (LxW):<\/span>\u00a0<span class=\"specification-data\">22\u201d x 62\u201d<\/span><\/li>\n<li><span class=\"specification-title\">Kansipehmuste:<\/span>\u00a0<span class=\"specification-data\">Polyuretaani iskunvaimentimet<\/span><\/li>\n<\/ul>\n<\/div>\n<\/div>\n<\/div>\n<div class=\"product-warranty\">\n<h4>TAKUU<\/h4>\n<div class=\"text-container\"><strong>Koti &amp; kevyt\/t\u00e4ysin kaupallinen k\u00e4ytt\u00f6:<\/strong>\u00a03 vuotta osat ja ty\u00f6. Tuotetta on k\u00e4ytett\u00e4v\u00e4\/varastoitava sopivassa ymp\u00e4rist\u00f6ss\u00e4 (paikkoja, joissa on kosteaa, tiivist\u00e4m\u00e4t\u00f6nt\u00e4 betonia tai alueita, joissa on jatkuva ilmavirtaus ulkoalueille, ei pidet\u00e4 sopivina).<\/div>\n<\/div>","protected":false},"excerpt":{"rendered":"<p>Spirit CT900 LED -juoksumatto eritt\u00e4in kirkas LED-n\u00e4ytt\u00f6, Bluetooth-yhteys ja TV-toiminto (lis\u00e4varuste) mahdollistavat k\u00e4ytt\u00e4jien viihdetarpeiden t\u00e4ytt\u00e4misen kuntoilun aikana. Se mahdollistaa my\u00f6s v\u00e4litt\u00f6m\u00e4n palautteen antamisen kuntosuorittamisesta. K\u00e4siantureiden pehme\u00e4n otteen ansiosta voit seurata sykett\u00e4si tarkasti, kun suoritat yht\u00e4 monista erilaisista ohjelmista, mukaan lukien sotilaallinen kuntotestaus. Juoksumatto on suunniteltu kest\u00e4m\u00e4\u00e4n ajan testi\u00e4. Se sis\u00e4lt\u00e4\u00e4 teollisuusmoottorin, joka mahdollistaa jopa vaikuttavan 15 MPH:n nopeuden. Se on rakennettu erityisesti valituista kaupallisen luokan komponenteista. Iskujen, rullien, hihnojen ja kansien tekniset tiedot on valittu huolellisesti, jotta k\u00e4ytt\u00e4j\u00e4t saavat sujuvan harjoittelukokemuksen ja maksimaalisen mukavuuden. Niveliin kohdistuva paine on minimoitu iskuja vaimentavan polyuretaanialustan ja tilavan harjoituspinnan avulla. Tyylik\u00e4s grafiitinharmaaksi pulverimaalattu ter\u00e4s ja vahapinnoitettu kansisto ovat k\u00e4yt\u00e4nn\u00f6llisyyden lis\u00e4ksi tyylik\u00e4s ja ammattimainen lis\u00e4 mihin tahansa kuntosaliin.<\/p>\n<div class=\"product-attribute-container-desktop desktop-only\">\n<div class=\"additional-attributes-wrapper table-wrapper\"><\/div>\n<\/div>","protected":false},"featured_media":1470,"comment_status":"open","ping_status":"closed","template":"","meta":{"site-sidebar-layout":"default","site-content-layout":"","ast-site-content-layout":"default","site-content-style":"default","site-sidebar-style":"default","ast-global-header-display":"","ast-banner-title-visibility":"","ast-main-header-display":"","ast-hfb-above-header-display":"","ast-hfb-below-header-display":"","ast-hfb-mobile-header-display":"","site-post-title":"","ast-breadcrumbs-content":"","ast-featured-img":"","footer-sml-layout":"","theme-transparent-header-meta":"default","adv-header-id-meta":"","stick-header-meta":"","header-above-stick-meta":"","header-main-stick-meta":"","header-below-stick-meta":"","astra-migrate-meta-layouts":"set","ast-page-background-enabled":"default","ast-page-background-meta":{"desktop":{"background-color":"var(--ast-global-color-5)","background-image":"","background-repeat":"repeat","background-position":"center center","background-size":"auto","background-attachment":"scroll","background-type":"","background-media":"","overlay-type":"","overlay-color":"","overlay-opacity":"","overlay-gradient":""},"tablet":{"background-color":"","background-image":"","background-repeat":"repeat","background-position":"center center","background-size":"auto","background-attachment":"scroll","background-type":"","background-media":"","overlay-type":"","overlay-color":"","overlay-opacity":"","overlay-gradient":""},"mobile":{"background-color":"","background-image":"","background-repeat":"repeat","background-position":"center center","background-size":"auto","background-attachment":"scroll","background-type":"","background-media":"","overlay-type":"","overlay-color":"","overlay-opacity":"","overlay-gradient":""}},"ast-content-background-meta":{"desktop":{"background-color":"var(--ast-global-color-4)","background-image":"","background-repeat":"repeat","background-position":"center center","background-size":"auto","background-attachment":"scroll","background-type":"","background-media":"","overlay-type":"","overlay-color":"","overlay-opacity":"","overlay-gradient":""},"tablet":{"background-color":"var(--ast-global-color-4)","background-image":"","background-repeat":"repeat","background-position":"center center","background-size":"auto","background-attachment":"scroll","background-type":"","background-media":"","overlay-type":"","overlay-color":"","overlay-opacity":"","overlay-gradient":""},"mobile":{"background-color":"var(--ast-global-color-4)","background-image":"","background-repeat":"repeat","background-position":"center center","background-size":"auto","background-attachment":"scroll","background-type":"","background-media":"","overlay-type":"","overlay-color":"","overlay-opacity":"","overlay-gradient":""}}},"product_brand":[],"product_cat":[21],"product_tag":[25],"class_list":{"0":"post-1467","1":"product","2":"type-product","3":"status-publish","4":"has-post-thumbnail","6":"product_cat-treadmills","7":"product_tag-treadmills","8":"desktop-align-left","9":"tablet-align-left","10":"mobile-align-left","12":"first","13":"instock","14":"sale","15":"taxable","16":"shipping-taxable","17":"purchasable","18":"product-type-simple"},"_links":{"self":[{"href":"http:\/\/bestfitnessstore.com\/fi\/wp-json\/wp\/v2\/product\/1467","targetHints":{"allow":["GET"]}}],"collection":[{"href":"http:\/\/bestfitnessstore.com\/fi\/wp-json\/wp\/v2\/product"}],"about":[{"href":"http:\/\/bestfitnessstore.com\/fi\/wp-json\/wp\/v2\/types\/product"}],"replies":[{"embeddable":true,"href":"http:\/\/bestfitnessstore.com\/fi\/wp-json\/wp\/v2\/comments?post=1467"}],"wp:featuredmedia":[{"embeddable":true,"href":"http:\/\/bestfitnessstore.com\/fi\/wp-json\/wp\/v2\/media\/1470"}],"wp:attachment":[{"href":"http:\/\/bestfitnessstore.com\/fi\/wp-json\/wp\/v2\/media?parent=1467"}],"wp:term":[{"taxonomy":"product_brand","embeddable":true,"href":"http:\/\/bestfitnessstore.com\/fi\/wp-json\/wp\/v2\/product_brand?post=1467"},{"taxonomy":"product_cat","embeddable":true,"href":"http:\/\/bestfitnessstore.com\/fi\/wp-json\/wp\/v2\/product_cat?post=1467"},{"taxonomy":"product_tag","embeddable":true,"href":"http:\/\/bestfitnessstore.com\/fi\/wp-json\/wp\/v2\/product_tag?post=1467"}],"curies":[{"name":"wp","href":"https:\/\/api.w.org\/{rel}","templated":true}]}}