{"id":1408,"date":"2025-11-26T06:07:41","date_gmt":"2025-11-26T06:07:41","guid":{"rendered":"https:\/\/bestfitnessstore.com\/?post_type=product&#038;p=1408"},"modified":"2025-11-26T06:07:41","modified_gmt":"2025-11-26T06:07:41","slug":"sole-f63-folding-treadmill","status":"publish","type":"product","link":"http:\/\/bestfitnessstore.com\/fi\/product\/sole-f63-folding-treadmill\/","title":{"rendered":"Sole F63 kokoontaitettava juoksumatto"},"content":{"rendered":"<div class=\"product-attribute-container-desktop desktop-only\">\n<div class=\"additional-attributes-wrapper table-wrapper\">\n<h4>TUOTETIEDOT<\/h4>\n<div class=\"attributes-container\">\n<ul class=\"product-attributes-container\">\n<li><span class=\"specification-title\">Pakkauksen paino (KG):\u00a0<\/span><span class=\"specification-data\">112.800003<\/span><\/li>\n<li><span class=\"specification-title\">Teho menetelm\u00e4:\u00a0<\/span><span class=\"specification-data\">S\u00e4hk\u00f6verkko<\/span><\/li>\n<li><span class=\"specification-title\">Tablettiteline:\u00a0<\/span><span class=\"specification-data\">Kyll\u00e4<\/span><\/li>\n<li><span class=\"specification-title\">Taitto:\u00a0<\/span><span class=\"specification-data\">Kyll\u00e4<\/span><\/li>\n<li><span class=\"specification-title\">K\u00e4ytt\u00e4j\u00e4n enimm\u00e4ispaino (kg):\u00a0<\/span><span class=\"specification-data\">150,00 (kg)<\/span><\/li>\n<li><span class=\"specification-title\">Kuljetuspy\u00f6r\u00e4t:\u00a0<\/span><span class=\"specification-data\">Kyll\u00e4<\/span><\/li>\n<li><span class=\"specification-title\">Laatikon mitat (LxSxK):\u00a0<\/span><span class=\"specification-data\">211 x 78 x 44 cm<\/span><\/li>\n<\/ul>\n<ul class=\"product-attributes-container\">\n<li><span class=\"specification-title\">Tuotteen paino (KG):\u00a0<\/span><span class=\"specification-data\">102<\/span><\/li>\n<li><span class=\"specification-title\">Sovellusten integrointi:\u00a0<\/span><span class=\"specification-data\">KinoMap, Sole+, Zwift<\/span><\/li>\n<li><span class=\"specification-title\">Bluetooth:\u00a0<\/span><span class=\"specification-data\">Kyll\u00e4<\/span><\/li>\n<li><span class=\"specification-title\">Sykkeen seuranta:\u00a0<\/span><span class=\"specification-data\">Sis\u00e4\u00e4nrakennetut anturit ja Bluetooth<\/span><\/li>\n<li><span class=\"specification-title\">Sis\u00e4\u00e4nrakennetut ohjelmat:\u00a0<\/span><span class=\"specification-data\">Manuaalinen, 5 vakio-ohjelmaa, 2 k\u00e4ytt\u00e4j\u00e4ohjelmaa, 2 HRC-ohjelmaa.<\/span><\/li>\n<li><span class=\"specification-title\">Tuotteen mitat (LxSxK):\u00a0<\/span><span class=\"specification-data\">196 x 88.50 x 169.50 cm<\/span><\/li>\n<li><span class=\"specification-title\">Taitettuna Mitat (LxSxK):\u00a0<\/span><span class=\"specification-data\">128 x 88.50 x 168.50 cm<\/span><\/li>\n<\/ul>\n<\/div>\n<\/div>\n<\/div>\n<div class=\"product-features\">\n<h4>LIS\u00c4OMINAISUUDET<\/h4>\n<div class=\"more-container\">\n<div class=\"unshow-text\">\n<ul class=\"product-features-container\">\n<li><span class=\"specification-title\">Juoksupinta:<\/span>\u00a0<span class=\"specification-data\">20\u201d x 60\u201d \/ 508 x 1525mm<\/span><\/li>\n<li><span class=\"specification-title\">Moottori:<\/span>\u00a0<span class=\"specification-data\">3.0 HP<\/span><\/li>\n<li><span class=\"specification-title\">Virtal\u00e4hde:<\/span>\u00a0<span class=\"specification-data\">AC 110V 15A \/ AC 220V-230V<\/span><\/li>\n<li><span class=\"specification-title\">Nopeusalue:<\/span>\u00a0<span class=\"specification-data\">1-20 km\/h \/ 0,5-12 mph<\/span><\/li>\n<li><span class=\"specification-title\">Kallistusalue:<\/span>\u00a0<span class=\"specification-data\">0-15 tasoa<\/span><\/li>\n<li><span class=\"specification-title\">Taitettava runko:<\/span>\u00a0<span class=\"specification-data\">Unfolding by kick-releaser<\/span><\/li>\n<li><span class=\"specification-title\">Sis\u00e4\u00e4nrakennettu HR-vastaanotin:<\/span>\u00a0<span class=\"specification-data\">BLE &amp; 5KHz<\/span><\/li>\n<li><span class=\"specification-title\">N\u00e4ytt\u00f6:<\/span>\u00a0<span class=\"specification-data\">6.5\u201d LCD Console<\/span><\/li>\n<li><span class=\"specification-title\">Ohjelmat:<\/span>\u00a0<span class=\"specification-data\">Manuaalinen, 5 vakio-ohjelmaa, 2 k\u00e4ytt\u00e4j\u00e4ohjelmaa, 2 HRC-ohjelmaa.<\/span><\/li>\n<li><span class=\"specification-title\">Bluetooth-yhteys:<\/span>\u00a0<span class=\"specification-data\">Bluetooth\u00ae 5.0 sovellusyhteytt\u00e4 varten, FTMS-protokollaa k\u00e4ytt\u00e4en<\/span><\/li>\n<li><span class=\"specification-title\">Bluetooth-kaiutin:<\/span>\u00a0<span class=\"specification-data\">Bluetooth\u00ae 3.0 Audio k\u00e4yt\u00f6ss\u00e4<\/span><\/li>\n<li><span class=\"specification-title\">Virran lataus:<\/span>\u00a0<span class=\"specification-data\">USB-portti, 5V 1A<\/span><\/li>\n<\/ul>\n<\/div>\n<\/div>\n<\/div>\n<div class=\"product-warranty\">\n<h4>TAKUU<\/h4>\n<div class=\"text-container\"><strong>Kotik\u00e4ytt\u00f6:<\/strong>\u00a010 years Motor, 5 years Parts 3 years Labour. Up to 2hrs use per day in a suitable Home environment. Locations with damp, unsealed concrete or areas with constant airflow to external areas are not classed as suitable. There should be adequate insulation and heat source, otherwise warranty will be voided. Warranty is not valid outside Mainland UK, and is not offered in Northern Ireland or Eire.<\/div>\n<\/div>\n<div class=\"product-next-day\">\n<h4>PIKATOIMITUS<\/h4>\n<div class=\"text-container\">Monissa tuotteissamme on pikatoimitus- ja nimip\u00e4iv\u00e4vaihtoehdot, jolloin saat tuotteesi toimitettua heti huomenna tai valitsemanasi sinulle sopivana ajankohtana. Tarkista toimitusvaihtoehdot kassalla n\u00e4hd\u00e4ksesi saatavuuden korisi ja postinumerosi osalta. Toimitusehtoja sovelletaan.<\/div>\n<\/div>","protected":false},"excerpt":{"rendered":"<p>The Sole F63 Folding Treadmill 20\u201d x 60\u201d (510 x 1525mm) running surface is powered by a 3.0 HP motor, capable of hitting top speeds of 12mph (20kph) and 15 levels of incline, and is enhanced with a comfortable cushioning system that protects your joints. The F63\u2019s 6.5\u201d LCD console comes equipped with a range of built-in workouts, including Manual, 5 standard programs, 2 User and 2 HRC. User\u2019s heart rate can be tracked by using the integrated pulse sensors on the handlebars, or by utilising the F63\u2019s built-in HR Receiver (BLE and 5KHz) \u2013 chest strap not included. The F63 is fitted with the latest Bluetooth technology, allowing connectivity to some of the most popular training apps to help keep your workouts motivating and entertaining, including Zwift, Kinomap and Sole+. Other features found on the F63\u2019s console include a USB charging port, a tablet\/mobile device holder, cooling fans and a Bluetooth speaker. When you\u2019ve finished your workout, simply fold up the deck and wheel the treadmill away for easy storage and to save all-important floor space.<\/p>\n<div class=\"product-attribute-container-desktop desktop-only\">\n<div class=\"additional-attributes-wrapper table-wrapper\"><\/div>\n<\/div>","protected":false},"featured_media":1413,"comment_status":"open","ping_status":"closed","template":"","meta":{"site-sidebar-layout":"default","site-content-layout":"","ast-site-content-layout":"default","site-content-style":"default","site-sidebar-style":"default","ast-global-header-display":"","ast-banner-title-visibility":"","ast-main-header-display":"","ast-hfb-above-header-display":"","ast-hfb-below-header-display":"","ast-hfb-mobile-header-display":"","site-post-title":"","ast-breadcrumbs-content":"","ast-featured-img":"","footer-sml-layout":"","theme-transparent-header-meta":"default","adv-header-id-meta":"","stick-header-meta":"","header-above-stick-meta":"","header-main-stick-meta":"","header-below-stick-meta":"","astra-migrate-meta-layouts":"set","ast-page-background-enabled":"default","ast-page-background-meta":{"desktop":{"background-color":"var(--ast-global-color-5)","background-image":"","background-repeat":"repeat","background-position":"center center","background-size":"auto","background-attachment":"scroll","background-type":"","background-media":"","overlay-type":"","overlay-color":"","overlay-opacity":"","overlay-gradient":""},"tablet":{"background-color":"","background-image":"","background-repeat":"repeat","background-position":"center center","background-size":"auto","background-attachment":"scroll","background-type":"","background-media":"","overlay-type":"","overlay-color":"","overlay-opacity":"","overlay-gradient":""},"mobile":{"background-color":"","background-image":"","background-repeat":"repeat","background-position":"center center","background-size":"auto","background-attachment":"scroll","background-type":"","background-media":"","overlay-type":"","overlay-color":"","overlay-opacity":"","overlay-gradient":""}},"ast-content-background-meta":{"desktop":{"background-color":"var(--ast-global-color-4)","background-image":"","background-repeat":"repeat","background-position":"center center","background-size":"auto","background-attachment":"scroll","background-type":"","background-media":"","overlay-type":"","overlay-color":"","overlay-opacity":"","overlay-gradient":""},"tablet":{"background-color":"var(--ast-global-color-4)","background-image":"","background-repeat":"repeat","background-position":"center center","background-size":"auto","background-attachment":"scroll","background-type":"","background-media":"","overlay-type":"","overlay-color":"","overlay-opacity":"","overlay-gradient":""},"mobile":{"background-color":"var(--ast-global-color-4)","background-image":"","background-repeat":"repeat","background-position":"center center","background-size":"auto","background-attachment":"scroll","background-type":"","background-media":"","overlay-type":"","overlay-color":"","overlay-opacity":"","overlay-gradient":""}}},"product_brand":[],"product_cat":[21],"product_tag":[25],"class_list":{"0":"post-1408","1":"product","2":"type-product","3":"status-publish","4":"has-post-thumbnail","6":"product_cat-treadmills","7":"product_tag-treadmills","8":"desktop-align-left","9":"tablet-align-left","10":"mobile-align-left","12":"first","13":"instock","14":"sale","15":"taxable","16":"shipping-taxable","17":"purchasable","18":"product-type-simple"},"_links":{"self":[{"href":"http:\/\/bestfitnessstore.com\/fi\/wp-json\/wp\/v2\/product\/1408","targetHints":{"allow":["GET"]}}],"collection":[{"href":"http:\/\/bestfitnessstore.com\/fi\/wp-json\/wp\/v2\/product"}],"about":[{"href":"http:\/\/bestfitnessstore.com\/fi\/wp-json\/wp\/v2\/types\/product"}],"replies":[{"embeddable":true,"href":"http:\/\/bestfitnessstore.com\/fi\/wp-json\/wp\/v2\/comments?post=1408"}],"wp:featuredmedia":[{"embeddable":true,"href":"http:\/\/bestfitnessstore.com\/fi\/wp-json\/wp\/v2\/media\/1413"}],"wp:attachment":[{"href":"http:\/\/bestfitnessstore.com\/fi\/wp-json\/wp\/v2\/media?parent=1408"}],"wp:term":[{"taxonomy":"product_brand","embeddable":true,"href":"http:\/\/bestfitnessstore.com\/fi\/wp-json\/wp\/v2\/product_brand?post=1408"},{"taxonomy":"product_cat","embeddable":true,"href":"http:\/\/bestfitnessstore.com\/fi\/wp-json\/wp\/v2\/product_cat?post=1408"},{"taxonomy":"product_tag","embeddable":true,"href":"http:\/\/bestfitnessstore.com\/fi\/wp-json\/wp\/v2\/product_tag?post=1408"}],"curies":[{"name":"wp","href":"https:\/\/api.w.org\/{rel}","templated":true}]}}