{"id":1226,"date":"2025-11-25T14:18:35","date_gmt":"2025-11-25T14:18:35","guid":{"rendered":"https:\/\/bestfitnessstore.com\/?post_type=product&#038;p=1226"},"modified":"2025-11-25T14:18:35","modified_gmt":"2025-11-25T14:18:35","slug":"matrix-fitness-commercial-lifestyle-range-treadmill-with-led-console","status":"publish","type":"product","link":"http:\/\/bestfitnessstore.com\/fi\/product\/matrix-fitness-commercial-lifestyle-range-treadmill-with-led-console\/","title":{"rendered":"Matrix Fitness Commercial Lifestyle Range -juoksumatto LED-konsolilla varustettuna"},"content":{"rendered":"<div class=\"product-attribute-container-desktop desktop-only\">\n<div class=\"additional-attributes-wrapper table-wrapper\">\n<h4>TUOTETIEDOT<\/h4>\n<div class=\"attributes-container\">\n<ul class=\"product-attributes-container\">\n<li><span class=\"specification-title\">Pakkauksen paino (KG):\u00a0<\/span><span class=\"specification-data\">178.000000<\/span><\/li>\n<li><span class=\"specification-title\">Teho menetelm\u00e4:\u00a0<\/span><span class=\"specification-data\">S\u00e4hk\u00f6verkko<\/span><\/li>\n<li><span class=\"specification-title\">Tablettiteline:\u00a0<\/span><span class=\"specification-data\">Kyll\u00e4<\/span><\/li>\n<li><span class=\"specification-title\">Taitto:\u00a0<\/span><span class=\"specification-data\">Ei<\/span><\/li>\n<li><span class=\"specification-title\">Sis\u00e4\u00e4nrakennetut ohjelmat:\u00a0<\/span><span class=\"specification-data\">Go, Manuaalinen, Tavoitesyke, Intervalliharjoittelu, Rasvanpoltto, Rolling Hills, Tavoiteharjoittelu, Kuntotestit, Mukautettu, K\u00e4ytt\u00e4j\u00e4n oma valinta<\/span><\/li>\n<li><span class=\"specification-title\">Tuotteen mitat (LxSxK):\u00a0<\/span><span class=\"specification-data\">201,10 x 90,40 x 164,20 cm.<\/span><\/li>\n<\/ul>\n<ul class=\"product-attributes-container\">\n<li><span class=\"specification-title\">Tuotteen paino (KG):\u00a0<\/span><span class=\"specification-data\">148<\/span><\/li>\n<li><span class=\"specification-title\">Sovellusten integrointi:\u00a0<\/span><span class=\"specification-data\">KinoMap, Zwift<\/span><\/li>\n<li><span class=\"specification-title\">Bluetooth:\u00a0<\/span><span class=\"specification-data\">Kyll\u00e4<\/span><\/li>\n<li><span class=\"specification-title\">K\u00e4ytt\u00e4j\u00e4n enimm\u00e4ispaino (kg):\u00a0<\/span><span class=\"specification-data\">182,00 (kg)<\/span><\/li>\n<li><span class=\"specification-title\">Kuljetuspy\u00f6r\u00e4t:\u00a0<\/span><span class=\"specification-data\">Kyll\u00e4<\/span><\/li>\n<\/ul>\n<\/div>\n<\/div>\n<\/div>\n<div class=\"product-features\">\n<h4>LIS\u00c4OMINAISUUDET<\/h4>\n<div class=\"more-container\">\n<div class=\"unshow-text\">\n<ul class=\"product-features-container\">\n<li><span class=\"specification-title\">Pehmustej\u00e4rjestelm\u00e4:<\/span>\u00a0<span class=\"specification-data\">Ultimate Deck<\/span><\/li>\n<li><span class=\"specification-title\">K\u00e4ytt\u00f6j\u00e4rjestelm\u00e4:<\/span>\u00a0<span class=\"specification-data\">4,2 hv AC Dynamic Response Drive -j\u00e4rjestelm\u00e4<\/span><\/li>\n<li><span class=\"specification-title\">Kallistusalue:<\/span>\u00a0<span class=\"specification-data\">0-15% (700 paunan ty\u00f6nt\u00f6voimamoottori)<\/span><\/li>\n<li><span class=\"specification-title\">Nopeusalue:<\/span>\u00a0<span class=\"specification-data\">0.8-20 km\/h \/ 0.5-12 mph<\/span><\/li>\n<li><span class=\"specification-title\">Juoksupinnan tyyppi:<\/span>\u00a0<span class=\"specification-data\">Hihna ja kansi<\/span><\/li>\n<li><span class=\"specification-title\">Kosketus ja telemetrinen syke:<\/span>\u00a0<span class=\"specification-data\">Tarkkaa sykkeen seurantaa varten<\/span><\/li>\n<li><span class=\"specification-title\">Step-On Korkeus:<\/span>\u00a0<span class=\"specification-data\">17,8 cm \/ 7\u201d<\/span><\/li>\n<li><span class=\"specification-title\">Konsoli:<\/span>\u00a0<span class=\"specification-data\">LED-konsoli<\/span><\/li>\n<li><span class=\"specification-title\">N\u00e4ytt\u00f6:<\/span>\u00a0<span class=\"specification-data\">Suuri numero LED, jossa on viestikeskus<\/span><\/li>\n<li><span class=\"specification-title\">Harjoitukset:<\/span>\u00a0<span class=\"specification-data\">Go, Manuaalinen, Intervalliharjoittelu, Rasvanpoltto, Rolling Hills, Tavoitesyke, Glute Training* ja kuntotestit.<\/span><\/li>\n<li><span class=\"specification-title\">Kielet:<\/span>\u00a0<span class=\"specification-data\">englanti, saksa, ranska, italia, espanja, hollanti, portugali, ruotsi, suomi, turkki, turkki, tanska, puola.<\/span><\/li>\n<li><span class=\"specification-title\">Konsolin ominaisuudet:<\/span>\u00a0<span class=\"specification-data\">Valinnainen RFID-kirjautuminen; kuulokeliit\u00e4nt\u00e4; USB-portti; lukuteline<\/span><\/li>\n<li><span class=\"specification-title\">Virtavaatimukset:<\/span>\u00a0<span class=\"specification-data\">20 A:n oma virtapiiri vaaditaan, ei-silmukoitu maadoitettu.<\/span><\/li>\n<li><span class=\"specification-title\">Ethernet-yhteys:<\/span>\u00a0<span class=\"specification-data\">Kyll\u00e4<\/span><\/li>\n<li><span class=\"specification-title\">Paino koottuna:<\/span>\u00a0<span class=\"specification-data\">148 kg \/ 326.3 lbs<\/span><\/li>\n<li><span class=\"specification-title\">Toimituspaino:<\/span>\u00a0<span class=\"specification-data\">178 kg \/ 392.4 lbs<\/span><\/li>\n<li><span class=\"specification-title\">K\u00e4ytt\u00e4j\u00e4n enimm\u00e4ispaino:<\/span>\u00a0<span class=\"specification-data\">182 kg \/ 400 lbs<\/span><\/li>\n<li><span class=\"specification-title\">Kokoonpantu mitat:<\/span>\u00a0<span class=\"specification-data\">201,1 x 90,4 x 164,2 cm \/ 79,2\u201d x 35,6\u201d x 64,6\u201d<\/span><\/li>\n<li><span class=\"specification-title\">L\u00e4pimenoaika:<\/span>\u00a0<span class=\"specification-data\">Valmistetaan tilauksesta - keskim\u00e4\u00e4r\u00e4inen toimitusaika 2-14 viikkoa.<\/span><\/li>\n<\/ul>\n<\/div>\n<\/div>\n<\/div>\n<div class=\"product-warranty\">\n<h4>TAKUU<\/h4>\n<div class=\"text-container\"><strong>Koti &amp; kevyt\/t\u00e4ysin kaupallinen k\u00e4ytt\u00f6:<\/strong>\u00a02 vuotta osat ja ty\u00f6<\/div>\n<\/div>","protected":false},"excerpt":{"rendered":"<p>The Matrix Fitness Commercial Lifestyle Range Treadmill from Matrix features a smaller frame and a low step-on height to help make cardio exercise more accessible for virtually anyone. Its compact frame is designed to make the most of your space, while its reliable 4.2 hp AC Dynamic Response Drive System finetunes the 152 x 56 cm belt\u2019s response for a smooth, consistent workout. Large, conveniently placed speed (0.5-12 mph) and incline (0-15%) controls feature a unique sealed design that improves durability and provides tactile feedback with each adjustment. Multi-grip handlebars offer multiple hand-position options for quick and safe on and off movements. The LED console\u2019s simple navigation means virtually anyone can step up to the machine and get going almost instantly. The large number display and message centre provides clear, easy-to-read workout feedback that keeps members on track for their goals. Every workout is a seamless and smooth experience, with convenience features like an optional RFID login, a headphone jack, USB port and a reading rack for personal devices. Workouts include Go, Manual, Interval Training, Fat Burn, Rolling Hills, Target Heart Rate, Glute Training* and Fitness Tests. *programmes subject to change. Commercial product built to order \u2013 average lead time is 2-14 weeks, please contact us for further details.<\/p>\n<div class=\"product-attribute-container-desktop desktop-only\">\n<div class=\"additional-attributes-wrapper table-wrapper\"><\/div>\n<\/div>","protected":false},"featured_media":1227,"comment_status":"open","ping_status":"closed","template":"","meta":{"site-sidebar-layout":"default","site-content-layout":"","ast-site-content-layout":"default","site-content-style":"default","site-sidebar-style":"default","ast-global-header-display":"","ast-banner-title-visibility":"","ast-main-header-display":"","ast-hfb-above-header-display":"","ast-hfb-below-header-display":"","ast-hfb-mobile-header-display":"","site-post-title":"","ast-breadcrumbs-content":"","ast-featured-img":"","footer-sml-layout":"","theme-transparent-header-meta":"default","adv-header-id-meta":"","stick-header-meta":"","header-above-stick-meta":"","header-main-stick-meta":"","header-below-stick-meta":"","astra-migrate-meta-layouts":"set","ast-page-background-enabled":"default","ast-page-background-meta":{"desktop":{"background-color":"var(--ast-global-color-5)","background-image":"","background-repeat":"repeat","background-position":"center center","background-size":"auto","background-attachment":"scroll","background-type":"","background-media":"","overlay-type":"","overlay-color":"","overlay-opacity":"","overlay-gradient":""},"tablet":{"background-color":"","background-image":"","background-repeat":"repeat","background-position":"center center","background-size":"auto","background-attachment":"scroll","background-type":"","background-media":"","overlay-type":"","overlay-color":"","overlay-opacity":"","overlay-gradient":""},"mobile":{"background-color":"","background-image":"","background-repeat":"repeat","background-position":"center center","background-size":"auto","background-attachment":"scroll","background-type":"","background-media":"","overlay-type":"","overlay-color":"","overlay-opacity":"","overlay-gradient":""}},"ast-content-background-meta":{"desktop":{"background-color":"var(--ast-global-color-4)","background-image":"","background-repeat":"repeat","background-position":"center center","background-size":"auto","background-attachment":"scroll","background-type":"","background-media":"","overlay-type":"","overlay-color":"","overlay-opacity":"","overlay-gradient":""},"tablet":{"background-color":"var(--ast-global-color-4)","background-image":"","background-repeat":"repeat","background-position":"center center","background-size":"auto","background-attachment":"scroll","background-type":"","background-media":"","overlay-type":"","overlay-color":"","overlay-opacity":"","overlay-gradient":""},"mobile":{"background-color":"var(--ast-global-color-4)","background-image":"","background-repeat":"repeat","background-position":"center center","background-size":"auto","background-attachment":"scroll","background-type":"","background-media":"","overlay-type":"","overlay-color":"","overlay-opacity":"","overlay-gradient":""}}},"product_brand":[],"product_cat":[21],"product_tag":[25],"class_list":{"0":"post-1226","1":"product","2":"type-product","3":"status-publish","4":"has-post-thumbnail","6":"product_cat-treadmills","7":"product_tag-treadmills","8":"desktop-align-left","9":"tablet-align-left","10":"mobile-align-left","12":"first","13":"instock","14":"sale","15":"taxable","16":"shipping-taxable","17":"purchasable","18":"product-type-simple"},"_links":{"self":[{"href":"http:\/\/bestfitnessstore.com\/fi\/wp-json\/wp\/v2\/product\/1226","targetHints":{"allow":["GET"]}}],"collection":[{"href":"http:\/\/bestfitnessstore.com\/fi\/wp-json\/wp\/v2\/product"}],"about":[{"href":"http:\/\/bestfitnessstore.com\/fi\/wp-json\/wp\/v2\/types\/product"}],"replies":[{"embeddable":true,"href":"http:\/\/bestfitnessstore.com\/fi\/wp-json\/wp\/v2\/comments?post=1226"}],"wp:featuredmedia":[{"embeddable":true,"href":"http:\/\/bestfitnessstore.com\/fi\/wp-json\/wp\/v2\/media\/1227"}],"wp:attachment":[{"href":"http:\/\/bestfitnessstore.com\/fi\/wp-json\/wp\/v2\/media?parent=1226"}],"wp:term":[{"taxonomy":"product_brand","embeddable":true,"href":"http:\/\/bestfitnessstore.com\/fi\/wp-json\/wp\/v2\/product_brand?post=1226"},{"taxonomy":"product_cat","embeddable":true,"href":"http:\/\/bestfitnessstore.com\/fi\/wp-json\/wp\/v2\/product_cat?post=1226"},{"taxonomy":"product_tag","embeddable":true,"href":"http:\/\/bestfitnessstore.com\/fi\/wp-json\/wp\/v2\/product_tag?post=1226"}],"curies":[{"name":"wp","href":"https:\/\/api.w.org\/{rel}","templated":true}]}}