{"id":1206,"date":"2025-11-25T13:52:20","date_gmt":"2025-11-25T13:52:20","guid":{"rendered":"https:\/\/bestfitnessstore.com\/?post_type=product&#038;p=1206"},"modified":"2025-11-25T13:52:20","modified_gmt":"2025-11-25T13:52:20","slug":"life-fitness-f3-kokoontaitettava-juoksumatto-jossa-on-go-konsoli","status":"publish","type":"product","link":"http:\/\/bestfitnessstore.com\/fi\/product\/life-fitness-f3-folding-treadmill-with-go-console\/","title":{"rendered":"Life Fitness F3 kokoontaitettava juoksumatto, jossa on Go-konsoli"},"content":{"rendered":"<div class=\"product-attribute-container-desktop desktop-only\">\n<div class=\"additional-attributes-wrapper table-wrapper\">\n<h4>TUOTETIEDOT<\/h4>\n<div class=\"attributes-container\">\n<ul class=\"product-attributes-container\">\n<li><span class=\"specification-title\">Pakkauksen paino (KG):\u00a0<\/span><span class=\"specification-data\">139.500000<\/span><\/li>\n<li><span class=\"specification-title\">Teho menetelm\u00e4:\u00a0<\/span><span class=\"specification-data\">S\u00e4hk\u00f6verkko<\/span><\/li>\n<li><span class=\"specification-title\">Tablettiteline:\u00a0<\/span><span class=\"specification-data\">Ei<\/span><\/li>\n<li><span class=\"specification-title\">Taitto:\u00a0<\/span><span class=\"specification-data\">Kyll\u00e4<\/span><\/li>\n<li><span class=\"specification-title\">K\u00e4ytt\u00e4j\u00e4n enimm\u00e4ispaino (kg):\u00a0<\/span><span class=\"specification-data\">159,00 (kg)<\/span><\/li>\n<li><span class=\"specification-title\">Kuljetuspy\u00f6r\u00e4t:\u00a0<\/span><span class=\"specification-data\">Kyll\u00e4<\/span><\/li>\n<li><span class=\"specification-title\">Taitettuna Mitat (LxSxK):\u00a0<\/span><span class=\"specification-data\">86 x 87 x 192 cm<\/span><\/li>\n<\/ul>\n<ul class=\"product-attributes-container\">\n<li><span class=\"specification-title\">Tuotteen paino (KG):\u00a0<\/span><span class=\"specification-data\">120<\/span><\/li>\n<li><span class=\"specification-title\">Sovellusten integrointi:\u00a0<\/span><span class=\"specification-data\">Life Fitness Connect<\/span><\/li>\n<li><span class=\"specification-title\">Bluetooth:\u00a0<\/span><span class=\"specification-data\">Ei<\/span><\/li>\n<li><span class=\"specification-title\">Sykkeen seuranta:\u00a0<\/span><span class=\"specification-data\">Analogiset, sis\u00e4\u00e4nrakennetut anturit<\/span><\/li>\n<li><span class=\"specification-title\">Sis\u00e4\u00e4nrakennetut ohjelmat:\u00a0<\/span><span class=\"specification-data\">12 esiasetettua harjoitusta: Manuaalinen, Satunnainen, M\u00e4ki, EZ Kallistus\/Vastus, Urheiluharjoittelu, Rasvanpoltto, Cardio, Sykem\u00e4ki-m\u00e4ki\u2122, Sykev\u00e4li-intervalli, \u00c4\u00e4rimm\u00e4inen syketaso\u2122, Kalori, Et\u00e4isyys, Syketavoite - sek\u00e4 kilpailutila, viilennys-\/l\u00e4mmittelytilat.<\/span><\/li>\n<li><span class=\"specification-title\">Tuotteen mitat (LxSxK):\u00a0<\/span><span class=\"specification-data\">198,50 x 87 x 148 cm<\/span><\/li>\n<\/ul>\n<\/div>\n<\/div>\n<\/div>\n<div class=\"product-features\">\n<h4>LIS\u00c4OMINAISUUDET<\/h4>\n<div class=\"more-container\">\n<div class=\"unshow-text\">\n<ul class=\"product-features-container\">\n<li><span class=\"specification-title\">Moottori:<\/span>\u00a0<span class=\"specification-data\">3,0 HP DC-moottori MagnaDrive\u2122-moottorinohjaimella varustettuna<\/span><\/li>\n<li><span class=\"specification-title\">Kansi:<\/span>\u00a0<span class=\"specification-data\">1\u2033 keskitihe\u00e4 kuitulevy<\/span><\/li>\n<li><span class=\"specification-title\">FlexDeck\u00ae-iskunvaimennusj\u00e4rjestelm\u00e4:<\/span>\u00a0<span class=\"specification-data\">V\u00e4hent\u00e4\u00e4 vaikutusta 30%<\/span><\/li>\n<li><span class=\"specification-title\">Nopeus:<\/span>\u00a0<span class=\"specification-data\">0,8-16km\/h<\/span><\/li>\n<li><span class=\"specification-title\">Kallistus:<\/span>\u00a0<span class=\"specification-data\">0-12% (0,5%:n porrastus).<\/span><\/li>\n<li><span class=\"specification-title\">Juoksualue:<\/span>\u00a0<span class=\"specification-data\">51 cm x 140cm (20 x 55\u201d)<\/span><\/li>\n<li><span class=\"specification-title\">Mene konsoliin:<\/span>\u00a0<span class=\"specification-data\">2 k\u00e4ytt\u00e4j\u00e4profiilia, 13 harjoitusta, 2 mukautettua harjoitusta<\/span><\/li>\n<li><span class=\"specification-title\">N\u00e4ytt\u00f6:<\/span>\u00a0<span class=\"specification-data\">4 x 6\u2033 LCD-n\u00e4ytt\u00f6 sinisell\u00e4 taustalla ja Go System\u2122-pikak\u00e4ynnistysn\u00e4ytt\u00f6<\/span><\/li>\n<li><span class=\"specification-title\">N\u00e4yt\u00f6n palaute:<\/span>\u00a0<span class=\"specification-data\">Kalorit, et\u00e4isyys, nopeus (mph\/km\/h), kaltevuus, aika, syke, tavoitesyke, METs, vauhti.<\/span><\/li>\n<li><span class=\"specification-title\">Mukautetut harjoitukset:<\/span>\u00a0<span class=\"specification-data\">1 per k\u00e4ytt\u00e4j\u00e4profiili<\/span><\/li>\n<li><span class=\"specification-title\">K\u00e4sijohteet:<\/span>\u00a0<span class=\"specification-data\">Sivukiskot ja ErgoGrip\u2122-ohjaustanko vakauden takaamiseksi.<\/span><\/li>\n<li><span class=\"specification-title\">Turvallisuusominaisuudet:<\/span>\u00a0<span class=\"specification-data\">Lapsiturvallinen vapautusvipu<\/span><\/li>\n<li><span class=\"specification-title\">Lis\u00e4varusteet:<\/span>\u00a0<span class=\"specification-data\">Ylisuuret kaksoismukinpitimet, lukuteline ja tarvikelokero.<\/span><\/li>\n<li><span class=\"specification-title\">Energians\u00e4\u00e4st\u00f6tila:<\/span>\u00a0<span class=\"specification-data\">V\u00e4hentynyt energiankulutus<\/span><\/li>\n<\/ul>\n<\/div>\n<\/div>\n<\/div>\n<div class=\"product-warranty\">\n<h4>TAKUU<\/h4>\n<div class=\"text-container\"><strong>Kotik\u00e4ytt\u00f6:<\/strong>\u00a010 vuotta rungolle, 10 vuotta moottorille, 3 vuotta osille ja ty\u00f6lle, 3 kuukautta kosmeettisille tuotteille.<\/div>\n<\/div>\n<div class=\"product-next-day\">\n<h4>PIKATOIMITUS<\/h4>\n<div class=\"text-container\">Monissa tuotteissamme on pikatoimitus- ja nimip\u00e4iv\u00e4vaihtoehdot, jolloin saat tuotteesi toimitettua heti huomenna tai valitsemanasi sinulle sopivana ajankohtana. Tarkista toimitusvaihtoehdot kassalla n\u00e4hd\u00e4ksesi saatavuuden korisi ja postinumerosi osalta. Toimitusehtoja sovelletaan.<\/div>\n<\/div>","protected":false},"excerpt":{"rendered":"<p>Life Fitness F3 Folding Treadmill on kokoontaitettava juoksumatto, joka ei tingi laadusta. Se on varustettu korkealaatuisilla komponenteilla, tyylikk\u00e4\u00e4ll\u00e4 muotoilulla ja tukevalla rungolla, ja tulet h\u00e4mm\u00e4stym\u00e4\u00e4n, ett\u00e4 se todella taittuu! Tehokkaan ja hiljaisen 3,0 HP:n MagnaDrive\u2122-moottorin k\u00e4ytt\u00e4m\u00e4n\u00e4 voit haastaa rajojasi h\u00e4iritsem\u00e4tt\u00e4, vaikka ylitt\u00e4isitkin 16 km\/h enimm\u00e4isnopeusrajan. F3 on suunniteltu tarjoamaan mukavuutta ja tukea, ja siin\u00e4 on patentoitu FlexDeck\u00ae-iskunvaimennusj\u00e4rjestelm\u00e4, joka v\u00e4hent\u00e4\u00e4 niveliin kohdistuvia iskuja l\u00e4hes 30%. HELPPO NAVIGOINTI Go-konsoli tarjoaa sinulle eritt\u00e4in helppok\u00e4ytt\u00f6isen k\u00e4ytt\u00f6liittym\u00e4n, joka n\u00e4ytt\u00e4\u00e4 kaiken t\u00e4rke\u00e4n harjoituspalautteen. Lis\u00e4mukavuutta lis\u00e4\u00e4 se, ett\u00e4 alempi ohjaustyyny tuo painikkeet l\u00e4hemm\u00e4s sinua, kun taas Go System\u2122 -pikak\u00e4ynnistys muistaa haluamasi nopeudet ja kaltevuusasennot. T\u00e4m\u00e4n ansiosta p\u00e4\u00e4set liikkeelle yhdell\u00e4 napin painalluksella. Voit my\u00f6s seurata sykett\u00e4si joko langattomalla sykkeenseurantaj\u00e4rjestelm\u00e4ll\u00e4 tai kosketusohjaustangon antureilla. HARJOITUKSET Go-konsoli sis\u00e4lt\u00e4\u00e4 13 harjoitusohjelmaa, mik\u00e4 on t\u00e4ydellist\u00e4, jos haluat yksinkertaistetun valikoiman ohjelmia, joista valita. Sinulla on my\u00f6s mahdollisuus tallentaa enint\u00e4\u00e4n 2 r\u00e4\u00e4t\u00e4l\u00f6ity\u00e4 k\u00e4ytt\u00e4j\u00e4profiilia, jotta voit harjoitella r\u00e4\u00e4t\u00e4l\u00f6idymmin. F3 on helppo varastoida pois. Se on helppo taittaa pystyasentoon, ja siin\u00e4 on my\u00f6s lapsiturvallinen turvalukko lis\u00e4turvallisuutta varten. Saatavana my\u00f6s Track-konsolin kanssa.<\/p>\n<div class=\"product-attribute-container-desktop desktop-only\">\n<div class=\"additional-attributes-wrapper table-wrapper\"><\/div>\n<\/div>","protected":false},"featured_media":1208,"comment_status":"open","ping_status":"closed","template":"","meta":{"site-sidebar-layout":"default","site-content-layout":"","ast-site-content-layout":"default","site-content-style":"default","site-sidebar-style":"default","ast-global-header-display":"","ast-banner-title-visibility":"","ast-main-header-display":"","ast-hfb-above-header-display":"","ast-hfb-below-header-display":"","ast-hfb-mobile-header-display":"","site-post-title":"","ast-breadcrumbs-content":"","ast-featured-img":"","footer-sml-layout":"","theme-transparent-header-meta":"default","adv-header-id-meta":"","stick-header-meta":"","header-above-stick-meta":"","header-main-stick-meta":"","header-below-stick-meta":"","astra-migrate-meta-layouts":"set","ast-page-background-enabled":"default","ast-page-background-meta":{"desktop":{"background-color":"var(--ast-global-color-5)","background-image":"","background-repeat":"repeat","background-position":"center center","background-size":"auto","background-attachment":"scroll","background-type":"","background-media":"","overlay-type":"","overlay-color":"","overlay-opacity":"","overlay-gradient":""},"tablet":{"background-color":"","background-image":"","background-repeat":"repeat","background-position":"center center","background-size":"auto","background-attachment":"scroll","background-type":"","background-media":"","overlay-type":"","overlay-color":"","overlay-opacity":"","overlay-gradient":""},"mobile":{"background-color":"","background-image":"","background-repeat":"repeat","background-position":"center center","background-size":"auto","background-attachment":"scroll","background-type":"","background-media":"","overlay-type":"","overlay-color":"","overlay-opacity":"","overlay-gradient":""}},"ast-content-background-meta":{"desktop":{"background-color":"var(--ast-global-color-4)","background-image":"","background-repeat":"repeat","background-position":"center center","background-size":"auto","background-attachment":"scroll","background-type":"","background-media":"","overlay-type":"","overlay-color":"","overlay-opacity":"","overlay-gradient":""},"tablet":{"background-color":"var(--ast-global-color-4)","background-image":"","background-repeat":"repeat","background-position":"center center","background-size":"auto","background-attachment":"scroll","background-type":"","background-media":"","overlay-type":"","overlay-color":"","overlay-opacity":"","overlay-gradient":""},"mobile":{"background-color":"var(--ast-global-color-4)","background-image":"","background-repeat":"repeat","background-position":"center center","background-size":"auto","background-attachment":"scroll","background-type":"","background-media":"","overlay-type":"","overlay-color":"","overlay-opacity":"","overlay-gradient":""}}},"product_brand":[],"product_cat":[21],"product_tag":[25],"class_list":{"0":"post-1206","1":"product","2":"type-product","3":"status-publish","4":"has-post-thumbnail","6":"product_cat-treadmills","7":"product_tag-treadmills","8":"desktop-align-left","9":"tablet-align-left","10":"mobile-align-left","12":"first","13":"instock","14":"sale","15":"taxable","16":"shipping-taxable","17":"purchasable","18":"product-type-simple"},"_links":{"self":[{"href":"http:\/\/bestfitnessstore.com\/fi\/wp-json\/wp\/v2\/product\/1206","targetHints":{"allow":["GET"]}}],"collection":[{"href":"http:\/\/bestfitnessstore.com\/fi\/wp-json\/wp\/v2\/product"}],"about":[{"href":"http:\/\/bestfitnessstore.com\/fi\/wp-json\/wp\/v2\/types\/product"}],"replies":[{"embeddable":true,"href":"http:\/\/bestfitnessstore.com\/fi\/wp-json\/wp\/v2\/comments?post=1206"}],"wp:featuredmedia":[{"embeddable":true,"href":"http:\/\/bestfitnessstore.com\/fi\/wp-json\/wp\/v2\/media\/1208"}],"wp:attachment":[{"href":"http:\/\/bestfitnessstore.com\/fi\/wp-json\/wp\/v2\/media?parent=1206"}],"wp:term":[{"taxonomy":"product_brand","embeddable":true,"href":"http:\/\/bestfitnessstore.com\/fi\/wp-json\/wp\/v2\/product_brand?post=1206"},{"taxonomy":"product_cat","embeddable":true,"href":"http:\/\/bestfitnessstore.com\/fi\/wp-json\/wp\/v2\/product_cat?post=1206"},{"taxonomy":"product_tag","embeddable":true,"href":"http:\/\/bestfitnessstore.com\/fi\/wp-json\/wp\/v2\/product_tag?post=1206"}],"curies":[{"name":"wp","href":"https:\/\/api.w.org\/{rel}","templated":true}]}}