{"id":1132,"date":"2025-11-25T10:07:30","date_gmt":"2025-11-25T10:07:30","guid":{"rendered":"https:\/\/bestfitnessstore.com\/?post_type=product&#038;p=1132"},"modified":"2025-11-25T10:07:30","modified_gmt":"2025-11-25T10:07:30","slug":"bh-fitness-rs1200-taysimittainen-kaupallinen-juoksumatto-led-konsolin-kanssa","status":"publish","type":"product","link":"http:\/\/bestfitnessstore.com\/fi\/product\/bh-fitness-rs1200-full-commercial-treadmill-with-led-console\/","title":{"rendered":"BH Fitness RS1200 T\u00e4ydellinen kaupallinen juoksumatto LED-konsolin kanssa"},"content":{"rendered":"<div class=\"product-tabs-wrapper\">\n<div class=\"container product-tabs-inner\">\n<div class=\"woocommerce-tabs wc-tabs-wrapper tabs-layout-tabs wd-opener-pos-right wd-opener-style-arrow\" data-state=\"first\" data-layout=\"tabs\">\n<div class=\"wd-accordion-item\">\n<div id=\"tab-description\" class=\"entry-content woocommerce-Tabs-panel woocommerce-Tabs-panel--description wd-active panel wc-tab\" role=\"tabpanel\" aria-labelledby=\"tab-title-description\" data-accordion-index=\"description\">\n<div class=\"wc-tab-inner wd-entry-content\">\n<div class=\"product-app-integration\">\n<h4>SOVELLUSYHTEYS<\/h4>\n<div class=\"app-integration-container\">\n<div data-content-type=\"row\" data-appearance=\"contained\" data-element=\"main\">\n<div data-enable-parallax=\"0\" data-parallax-speed=\"0.5\" data-background-images=\"{}\" data-background-type=\"image\" data-video-loop=\"true\" data-video-play-only-visible=\"true\" data-video-lazy-load=\"true\" data-video-fallback-src=\"\" data-element=\"inner\" data-pb-style=\"V4LN2RA\">\n<div data-content-type=\"html\" data-appearance=\"default\" data-element=\"main\" data-decoded=\"true\">\n<div class=\"app\">\n<div class=\"app-logo\"><img decoding=\"async\" src=\"https:\/\/www.fitness-superstore.co.uk\/media\/wysiwyg\/app_connectivity\/Zwift-icon.png\" alt=\"Zwift-sovelluksen liitett\u00e4vyys\" \/><\/div>\n<div class=\"app-content\">\n<p class=\"app-title\">Zwift<\/p>\n<p class=\"app-description\">Vuorovaikuta, harjoittele ja kilpaile muita vastaan virtuaalimaailmassa.<\/p>\n<\/div>\n<\/div>\n<\/div>\n<\/div>\n<\/div>\n<div data-content-type=\"row\" data-appearance=\"contained\" data-element=\"main\">\n<div data-enable-parallax=\"0\" data-parallax-speed=\"0.5\" data-background-images=\"{}\" data-background-type=\"image\" data-video-loop=\"true\" data-video-play-only-visible=\"true\" data-video-lazy-load=\"true\" data-video-fallback-src=\"\" data-element=\"inner\" data-pb-style=\"J7OSUA6\">\n<div data-content-type=\"html\" data-appearance=\"default\" data-element=\"main\" data-decoded=\"true\">\n<div class=\"app\">\n<div class=\"app-logo\"><img decoding=\"async\" src=\"https:\/\/www.fitness-superstore.co.uk\/media\/wysiwyg\/app_connectivity\/512x512bb.jpeg\" alt=\"Kino Map Logo\" \/><\/div>\n<div class=\"app-content\">\n<p class=\"app-title\">Kinomap<\/p>\n<p class=\"app-description\">Vuorovaikutteinen sis\u00e4harjoittelu maailman parhaiden reittien videoiden avulla.<\/p>\n<\/div>\n<\/div>\n<\/div>\n<\/div>\n<\/div>\n<\/div>\n<p>*Tilaukset voivat olla tarpeen. Voi muuttua.<\/p>\n<\/div>\n<div class=\"product-attribute-container-desktop desktop-only\">\n<div class=\"additional-attributes-wrapper table-wrapper\">\n<h4>TUOTETIEDOT<\/h4>\n<div class=\"attributes-container\">\n<ul class=\"product-attributes-container\">\n<li><span class=\"specification-title\">Pakkauksen paino (KG):\u00a0<\/span><span class=\"specification-data\">145.000000<\/span><\/li>\n<li><span class=\"specification-title\">Teho menetelm\u00e4:\u00a0<\/span><span class=\"specification-data\">S\u00e4hk\u00f6verkko<\/span><\/li>\n<li><span class=\"specification-title\">Tablettiteline:\u00a0<\/span><span class=\"specification-data\">Kyll\u00e4<\/span><\/li>\n<li><span class=\"specification-title\">Sykkeen seuranta:\u00a0<\/span><span class=\"specification-data\">Sis\u00e4\u00e4nrakennetut anturit ja Bluetooth<\/span><\/li>\n<li><span class=\"specification-title\">Sis\u00e4\u00e4nrakennetut ohjelmat:\u00a0<\/span><span class=\"specification-data\">8, mukaan lukien sykkeen s\u00e4\u00e4t\u00f6, palautuminen ja kehon rasvatesti<\/span><\/li>\n<\/ul>\n<ul class=\"product-attributes-container\">\n<li><span class=\"specification-title\">Tuotteen paino (KG):\u00a0<\/span><span class=\"specification-data\">114<\/span><\/li>\n<li><span class=\"specification-title\">Sovellusten integrointi:\u00a0<\/span><span class=\"specification-data\">KinoMap, Zwift<\/span><\/li>\n<li><span class=\"specification-title\">Taitto:\u00a0<\/span><span class=\"specification-data\">Ei<\/span><\/li>\n<li><span class=\"specification-title\">K\u00e4ytt\u00e4j\u00e4n enimm\u00e4ispaino (kg):\u00a0<\/span><span class=\"specification-data\">150,00 (kg)<\/span><\/li>\n<li><span class=\"specification-title\">Tuotteen mitat (LxSxK):\u00a0<\/span><span class=\"specification-data\">197 x 92 x 159 cm<\/span><\/li>\n<\/ul>\n<\/div>\n<\/div>\n<\/div>\n<div class=\"product-features\">\n<h4>LIS\u00c4OMINAISUUDET<\/h4>\n<div class=\"more-container\">\n<div class=\"unshow-text\">\n<ul class=\"product-features-container\">\n<li><span class=\"specification-title\">Teho:<\/span>\u00a0<span class=\"specification-data\">AC 3.5HP<\/span><\/li>\n<li><span class=\"specification-title\">Nopeus:<\/span>\u00a0<span class=\"specification-data\">1-22km\/h<\/span><\/li>\n<li><span class=\"specification-title\">Suurin s\u00e4hk\u00f6inen kaltevuus:<\/span>\u00a0<span class=\"specification-data\">15%<\/span><\/li>\n<li><span class=\"specification-title\">Nopeus ja kaltevuus pikavalinnat:<\/span>\u00a0<span class=\"specification-data\">Vaihda intensiteetti\u00e4 nopeasti juostessa<\/span><\/li>\n<li><span class=\"specification-title\">Juoksupinta:<\/span>\u00a0<span class=\"specification-data\">155\u00d755 cm<\/span><\/li>\n<li><span class=\"specification-title\">Vaimennusj\u00e4rjestelm\u00e4:<\/span>\u00a0<span class=\"specification-data\">6 elastomeerit<\/span><\/li>\n<li><span class=\"specification-title\">N\u00e4ytt\u00f6:<\/span>\u00a0<span class=\"specification-data\">LED, mittaa et\u00e4isyytt\u00e4, kaltevuutta, aikaa, nopeutta ja kaloreita.<\/span><\/li>\n<li><span class=\"specification-title\">Sykkeen seuranta:<\/span>\u00a0<span class=\"specification-data\">Kosketuskahvat, telemetrinen ja Bluetooth (rintahihna vaaditaan).<\/span><\/li>\n<li><span class=\"specification-title\">Ennalta m\u00e4\u00e4ritellyt ohjelmat:<\/span>\u00a0<span class=\"specification-data\">8, mukaan lukien sykkeen s\u00e4\u00e4t\u00f6, palautuminen ja kehon rasvatesti<\/span><\/li>\n<li><span class=\"specification-title\">I.Concept FTMS:<\/span>\u00a0<span class=\"specification-data\">Parempi yhteensopivuus suosittujen sovellusten, kuten Zwiftin, Kinomapin ja muiden kanssa.<\/span><\/li>\n<li><span class=\"specification-title\">Yleispidike:<\/span>\u00a0<span class=\"specification-data\">Turvaa tabletin tai \u00e4lypuhelimen juoksun aikana<\/span><\/li>\n<\/ul>\n<\/div>\n<\/div>\n<\/div>\n<div class=\"product-warranty\">\n<h5>TAKUU<\/h5>\n<div class=\"text-container\"><strong>Koti &amp; kevyt\/t\u00e4ysin kaupallinen k\u00e4ytt\u00f6:<\/strong>\u00a02 vuotta osat ja ty\u00f6<\/div>\n<\/div>\n<\/div>\n<\/div>\n<\/div>\n<div class=\"wd-accordion-item\"><\/div>\n<div class=\"wd-accordion-item\"><\/div>\n<\/div>\n<\/div>\n<\/div>\n<div class=\"container related-and-upsells\">\n<div id=\"carousel-333\" class=\"wd-carousel-container  related-products wd-wpb with-title  wd-products-element wd-products products\">\n<h2 class=\"wd-el-title title slider-title element-title\"><\/h2>\n<\/div>\n<\/div>","protected":false},"excerpt":{"rendered":"<div id=\"fullDescription\" class=\"full-description\">\n<div class=\"text-container\">BH Fitness RS1200 Full Commercial -juoksumatto on varustettu suurella 155 x 55 cm:n juoksupinnalla, jota on parannettu 6-elastomeerisell\u00e4 vaimennusj\u00e4rjestelm\u00e4ll\u00e4, joka jakaa iskuja ja t\u00e4rin\u00e4\u00e4, v\u00e4hent\u00e4\u00e4 melua ja lis\u00e4\u00e4 mukavuutta jokaisella askeleella. RS1200:n voimanl\u00e4hteen\u00e4 on 3,5HP:n vaihtovirtamoottori, jonka avulla juoksupy\u00f6r\u00e4 saavuttaa 15%:n enimm\u00e4iskaltevuuden ja 22 km\/h:n huippunopeuden, joita molempia voidaan helposti s\u00e4\u00e4t\u00e4\u00e4 matkan aikana integroiduilla nopeuden ja korkeuden pikan\u00e4pp\u00e4imill\u00e4. RS1200 on varustettu LED-n\u00e4yt\u00f6ll\u00e4, joka seuraa kaikkia tarvitsemiasi tilastoja, mukaan lukien kosketuspisteiden ja telemetrian tai Bluetoothin kautta mitatut sykelukemat (rintahihna tarvitaan). Valitse 8 sis\u00e4\u00e4nrakennetun harjoituksen joukosta, mukaan lukien sykkeenhallinta-, palautumis- ja kehon rasvatestiohjelmat. Uuden i.Concept FTMS -protokollan ansiosta RS1200 on yhteensopiva tunnetuimpien kuntosovellusten kanssa, kuten Zwift , Kinomap ja muut. Lataa vain sovellus \u00e4lylaitteeseesi ja pid\u00e4 se turvassa mukana tulevalla yleispidikkeell\u00e4 juoksun aikana.&nbsp;<\/p>\n<\/div>\n<\/div>\n<div class=\"product-app-integration\"><\/div>","protected":false},"featured_media":1136,"comment_status":"open","ping_status":"closed","template":"","meta":{"site-sidebar-layout":"default","site-content-layout":"","ast-site-content-layout":"default","site-content-style":"default","site-sidebar-style":"default","ast-global-header-display":"","ast-banner-title-visibility":"","ast-main-header-display":"","ast-hfb-above-header-display":"","ast-hfb-below-header-display":"","ast-hfb-mobile-header-display":"","site-post-title":"","ast-breadcrumbs-content":"","ast-featured-img":"","footer-sml-layout":"","theme-transparent-header-meta":"default","adv-header-id-meta":"","stick-header-meta":"","header-above-stick-meta":"","header-main-stick-meta":"","header-below-stick-meta":"","astra-migrate-meta-layouts":"set","ast-page-background-enabled":"default","ast-page-background-meta":{"desktop":{"background-color":"var(--ast-global-color-5)","background-image":"","background-repeat":"repeat","background-position":"center center","background-size":"auto","background-attachment":"scroll","background-type":"","background-media":"","overlay-type":"","overlay-color":"","overlay-opacity":"","overlay-gradient":""},"tablet":{"background-color":"","background-image":"","background-repeat":"repeat","background-position":"center center","background-size":"auto","background-attachment":"scroll","background-type":"","background-media":"","overlay-type":"","overlay-color":"","overlay-opacity":"","overlay-gradient":""},"mobile":{"background-color":"","background-image":"","background-repeat":"repeat","background-position":"center center","background-size":"auto","background-attachment":"scroll","background-type":"","background-media":"","overlay-type":"","overlay-color":"","overlay-opacity":"","overlay-gradient":""}},"ast-content-background-meta":{"desktop":{"background-color":"var(--ast-global-color-4)","background-image":"","background-repeat":"repeat","background-position":"center center","background-size":"auto","background-attachment":"scroll","background-type":"","background-media":"","overlay-type":"","overlay-color":"","overlay-opacity":"","overlay-gradient":""},"tablet":{"background-color":"var(--ast-global-color-4)","background-image":"","background-repeat":"repeat","background-position":"center center","background-size":"auto","background-attachment":"scroll","background-type":"","background-media":"","overlay-type":"","overlay-color":"","overlay-opacity":"","overlay-gradient":""},"mobile":{"background-color":"var(--ast-global-color-4)","background-image":"","background-repeat":"repeat","background-position":"center center","background-size":"auto","background-attachment":"scroll","background-type":"","background-media":"","overlay-type":"","overlay-color":"","overlay-opacity":"","overlay-gradient":""}}},"product_brand":[],"product_cat":[21],"product_tag":[25],"class_list":{"0":"post-1132","1":"product","2":"type-product","3":"status-publish","4":"has-post-thumbnail","6":"product_cat-treadmills","7":"product_tag-treadmills","8":"desktop-align-left","9":"tablet-align-left","10":"mobile-align-left","12":"first","13":"instock","14":"sale","15":"taxable","16":"shipping-taxable","17":"purchasable","18":"product-type-simple"},"_links":{"self":[{"href":"http:\/\/bestfitnessstore.com\/fi\/wp-json\/wp\/v2\/product\/1132","targetHints":{"allow":["GET"]}}],"collection":[{"href":"http:\/\/bestfitnessstore.com\/fi\/wp-json\/wp\/v2\/product"}],"about":[{"href":"http:\/\/bestfitnessstore.com\/fi\/wp-json\/wp\/v2\/types\/product"}],"replies":[{"embeddable":true,"href":"http:\/\/bestfitnessstore.com\/fi\/wp-json\/wp\/v2\/comments?post=1132"}],"wp:featuredmedia":[{"embeddable":true,"href":"http:\/\/bestfitnessstore.com\/fi\/wp-json\/wp\/v2\/media\/1136"}],"wp:attachment":[{"href":"http:\/\/bestfitnessstore.com\/fi\/wp-json\/wp\/v2\/media?parent=1132"}],"wp:term":[{"taxonomy":"product_brand","embeddable":true,"href":"http:\/\/bestfitnessstore.com\/fi\/wp-json\/wp\/v2\/product_brand?post=1132"},{"taxonomy":"product_cat","embeddable":true,"href":"http:\/\/bestfitnessstore.com\/fi\/wp-json\/wp\/v2\/product_cat?post=1132"},{"taxonomy":"product_tag","embeddable":true,"href":"http:\/\/bestfitnessstore.com\/fi\/wp-json\/wp\/v2\/product_tag?post=1132"}],"curies":[{"name":"wp","href":"https:\/\/api.w.org\/{rel}","templated":true}]}}