{"id":1124,"date":"2025-11-25T10:01:39","date_gmt":"2025-11-25T10:01:39","guid":{"rendered":"https:\/\/bestfitnessstore.com\/?post_type=product&#038;p=1124"},"modified":"2025-11-25T10:01:39","modified_gmt":"2025-11-25T10:01:39","slug":"waterrower-puhdas-vr3-soutulaite","status":"publish","type":"product","link":"http:\/\/bestfitnessstore.com\/fi\/product\/waterrower-pure-vr3-rowing-machine\/","title":{"rendered":"WaterRower Pure VR3 soutukone"},"content":{"rendered":"<div class=\"product-attribute-container-desktop desktop-only\">\n<div class=\"additional-attributes-wrapper table-wrapper\">\n<h5>TUOTETIEDOT<\/h5>\n<div class=\"attributes-container\">\n<ul class=\"product-attributes-container\">\n<li><span class=\"specification-title\">Pakkauksen paino (KG):\u00a0<\/span><span class=\"specification-data\">35.000000<\/span><\/li>\n<li><span class=\"specification-title\">Teho menetelm\u00e4:\u00a0<\/span><span class=\"specification-data\">Itsek\u00e4ytt\u00f6inen<\/span><\/li>\n<li><span class=\"specification-title\">Rower Tyyppi:\u00a0<\/span><span class=\"specification-data\">Vesi<\/span><\/li>\n<li><span class=\"specification-title\">K\u00e4ytt\u00e4j\u00e4n enimm\u00e4iskorkeus (cm):\u00a0<\/span><span class=\"specification-data\">208<\/span><\/li>\n<li><span class=\"specification-title\">K\u00e4ytt\u00e4j\u00e4n enimm\u00e4ispaino (kg):\u00a0<\/span><span class=\"specification-data\">130,00 (kg)<\/span><\/li>\n<\/ul>\n<ul class=\"product-attributes-container\">\n<li><span class=\"specification-title\">Tuotteen paino (KG):\u00a0<\/span><span class=\"specification-data\">25<\/span><\/li>\n<li><span class=\"specification-title\">Sovellusten integrointi:\u00a0<\/span><span class=\"specification-data\">asensei, CityRow, EXR, KinoMap<\/span><\/li>\n<li><span class=\"specification-title\">Kuljetuspy\u00f6r\u00e4t:\u00a0<\/span><span class=\"specification-data\">Kyll\u00e4<\/span><\/li>\n<li><span class=\"specification-title\">Taitto:\u00a0<\/span><span class=\"specification-data\">Ei<\/span><\/li>\n<li><span class=\"specification-title\">Tuotteen mitat (LxSxK):\u00a0<\/span><span class=\"specification-data\">208 x 56 x 45 cm<\/span><\/li>\n<\/ul>\n<\/div>\n<\/div>\n<\/div>\n<div class=\"product-features\">\n<h5>LIS\u00c4OMINAISUUDET<\/h5>\n<div class=\"more-container\">\n<div class=\"unshow-text\">\n<ul class=\"product-features-container\">\n<li><span class=\"specification-title\">Valvoja:<\/span>\u00a0<span class=\"specification-data\">S4 Performance Monitor<\/span><\/li>\n<li><span class=\"specification-title\">Rungon materiaali:<\/span>\u00a0<span class=\"specification-data\">Tammi<\/span><\/li>\n<li><span class=\"specification-title\">Teho:<\/span>\u00a0<span class=\"specification-data\">4x AA-paristot<\/span><\/li>\n<li><span class=\"specification-title\">Bluetooth-yhteensopiva:<\/span>\u00a0<span class=\"specification-data\">Kyll\u00e4 (ComModulen kanssa - myyd\u00e4\u00e4n erikseen)<\/span><\/li>\n<li><span class=\"specification-title\">Kokoonpantu mitat (LxSxK):<\/span>\u00a0<span class=\"specification-data\">208 x 56 x 45 cm<\/span><\/li>\n<li><span class=\"specification-title\">Paino (ilman vett\u00e4):<\/span>\u00a0<span class=\"specification-data\">25 kg<\/span><\/li>\n<li><span class=\"specification-title\">K\u00e4ytt\u00e4j\u00e4n enimm\u00e4ispaino:<\/span>\u00a0<span class=\"specification-data\">130 kg \/ 20,5 kive\u00e4<\/span><\/li>\n<li><span class=\"specification-title\">K\u00e4ytt\u00e4j\u00e4n enimm\u00e4iskorkeus:<\/span>\u00a0<span class=\"specification-data\">208 cm \/ 6 ft 8in<\/span><\/li>\n<li><span class=\"specification-title\">Yhteensopivat lis\u00e4varusteet (myyd\u00e4\u00e4n erikseen):<\/span>\u00a0<span class=\"specification-data\">ComModule<\/span><\/li>\n<\/ul>\n<\/div>\n<\/div>\n<\/div>\n<div class=\"product-warranty\">\n<h5>TAKUU<\/h5>\n<div class=\"text-container\"><strong>Kotik\u00e4ytt\u00f6:<\/strong>\u00a02 vuotta<\/div>\n<\/div>","protected":false},"excerpt":{"rendered":"<p>WaterRower\u00ae:n soutulaitteiden valikoima tarjoaa vertaansa vailla olevan esityksen realistisesta soutamisesta vedess\u00e4, eik\u00e4 WaterRower Pure VR3 -soutulaite poikkea t\u00e4st\u00e4. Se on edullisempi vaihtoehto WaterRower\u00ae Original -sarjalle, mutta siin\u00e4 on silti joitakin WaterRower\u00ae:n patentoituja ominaisuuksia, jotka erottavat n\u00e4m\u00e4 koneet muista. Yhdysvalloissa valmistetussa VR3:ssa on massiivinen tammirunko, jossa on ohuemmat puuosat kuin muissa sarjan soutulaitteissa. Siin\u00e4 on WaterFlywheel-py\u00f6r\u00e4, joka simuloi yhden veden soutamista tarkasti kuin mik\u00e4\u00e4n muu. Vesis\u00e4ili\u00f6 tuottaa tasaisen iskun, joka rasittaa niveli\u00e4si ja alaselk\u00e4\u00e4si v\u00e4hemm\u00e4n, ja kun lis\u00e4\u00e4t vauhtia, my\u00f6s vastus kasvaa luonnollisesti. Jokainen liike on pehme\u00e4, ja VR3:n muotoiltu istuin ja kaksikiskoinen runkoj\u00e4rjestelm\u00e4 tarjoavat erinomaisen vakauden. WaterRower\u00ae Pure VR3 -soutulaite on varustettu S4-suorituskykymonitorilla, joka tarjoaa kehittyneempi\u00e4 toimintoja kuin muut tavalliset Quick-Start LCD-n\u00e4yt\u00f6t. Se n\u00e4ytt\u00e4\u00e4 aikasi, matkasi, nopeutesi, voimakkuutesi ja ly\u00f6ntinopeutesi, ja se voi muodostaa yhteyden monenlaisiin suosittuihin iOS- ja Android-soutusovelluksiin, kuten Asensei, EXR, WRTV, CityRow ja muihin (ComModule tarvitaan Bluetooth-yhteytt\u00e4 varten - myyd\u00e4\u00e4n erikseen). WaterRower\u00ae Pure VR3 -soutulaitteessa on integroidut kuljetuspy\u00f6r\u00e4t, joiden avulla sit\u00e4 on helppo liikutella kuntosalin lattialla, ja se voidaan s\u00e4ilytt\u00e4\u00e4 pystysuorassa, kun sit\u00e4 ei k\u00e4ytet\u00e4, jolloin se s\u00e4\u00e4st\u00e4\u00e4 lattiatilaa. WaterRower\u00ae on WaterRower (UK) Ltd:n ja sen tyt\u00e4ryhti\u00f6iden rekister\u00f6ity tavaramerkki.<\/p>\n<div class=\"product-attribute-container-desktop desktop-only\">\n<div class=\"additional-attributes-wrapper table-wrapper\"><\/div>\n<\/div>","protected":false},"featured_media":1126,"comment_status":"open","ping_status":"closed","template":"","meta":{"site-sidebar-layout":"default","site-content-layout":"","ast-site-content-layout":"default","site-content-style":"default","site-sidebar-style":"default","ast-global-header-display":"","ast-banner-title-visibility":"","ast-main-header-display":"","ast-hfb-above-header-display":"","ast-hfb-below-header-display":"","ast-hfb-mobile-header-display":"","site-post-title":"","ast-breadcrumbs-content":"","ast-featured-img":"","footer-sml-layout":"","theme-transparent-header-meta":"default","adv-header-id-meta":"","stick-header-meta":"","header-above-stick-meta":"","header-main-stick-meta":"","header-below-stick-meta":"","astra-migrate-meta-layouts":"set","ast-page-background-enabled":"default","ast-page-background-meta":{"desktop":{"background-color":"var(--ast-global-color-5)","background-image":"","background-repeat":"repeat","background-position":"center center","background-size":"auto","background-attachment":"scroll","background-type":"","background-media":"","overlay-type":"","overlay-color":"","overlay-opacity":"","overlay-gradient":""},"tablet":{"background-color":"","background-image":"","background-repeat":"repeat","background-position":"center center","background-size":"auto","background-attachment":"scroll","background-type":"","background-media":"","overlay-type":"","overlay-color":"","overlay-opacity":"","overlay-gradient":""},"mobile":{"background-color":"","background-image":"","background-repeat":"repeat","background-position":"center center","background-size":"auto","background-attachment":"scroll","background-type":"","background-media":"","overlay-type":"","overlay-color":"","overlay-opacity":"","overlay-gradient":""}},"ast-content-background-meta":{"desktop":{"background-color":"var(--ast-global-color-4)","background-image":"","background-repeat":"repeat","background-position":"center center","background-size":"auto","background-attachment":"scroll","background-type":"","background-media":"","overlay-type":"","overlay-color":"","overlay-opacity":"","overlay-gradient":""},"tablet":{"background-color":"var(--ast-global-color-4)","background-image":"","background-repeat":"repeat","background-position":"center center","background-size":"auto","background-attachment":"scroll","background-type":"","background-media":"","overlay-type":"","overlay-color":"","overlay-opacity":"","overlay-gradient":""},"mobile":{"background-color":"var(--ast-global-color-4)","background-image":"","background-repeat":"repeat","background-position":"center center","background-size":"auto","background-attachment":"scroll","background-type":"","background-media":"","overlay-type":"","overlay-color":"","overlay-opacity":"","overlay-gradient":""}}},"product_brand":[],"product_cat":[20],"product_tag":[24],"class_list":{"0":"post-1124","1":"product","2":"type-product","3":"status-publish","4":"has-post-thumbnail","6":"product_cat-rowing-machine","7":"product_tag-rowing-machines","8":"desktop-align-left","9":"tablet-align-left","10":"mobile-align-left","12":"first","13":"instock","14":"sale","15":"taxable","16":"shipping-taxable","17":"purchasable","18":"product-type-simple"},"_links":{"self":[{"href":"http:\/\/bestfitnessstore.com\/fi\/wp-json\/wp\/v2\/product\/1124","targetHints":{"allow":["GET"]}}],"collection":[{"href":"http:\/\/bestfitnessstore.com\/fi\/wp-json\/wp\/v2\/product"}],"about":[{"href":"http:\/\/bestfitnessstore.com\/fi\/wp-json\/wp\/v2\/types\/product"}],"replies":[{"embeddable":true,"href":"http:\/\/bestfitnessstore.com\/fi\/wp-json\/wp\/v2\/comments?post=1124"}],"wp:featuredmedia":[{"embeddable":true,"href":"http:\/\/bestfitnessstore.com\/fi\/wp-json\/wp\/v2\/media\/1126"}],"wp:attachment":[{"href":"http:\/\/bestfitnessstore.com\/fi\/wp-json\/wp\/v2\/media?parent=1124"}],"wp:term":[{"taxonomy":"product_brand","embeddable":true,"href":"http:\/\/bestfitnessstore.com\/fi\/wp-json\/wp\/v2\/product_brand?post=1124"},{"taxonomy":"product_cat","embeddable":true,"href":"http:\/\/bestfitnessstore.com\/fi\/wp-json\/wp\/v2\/product_cat?post=1124"},{"taxonomy":"product_tag","embeddable":true,"href":"http:\/\/bestfitnessstore.com\/fi\/wp-json\/wp\/v2\/product_tag?post=1124"}],"curies":[{"name":"wp","href":"https:\/\/api.w.org\/{rel}","templated":true}]}}