{"id":1105,"date":"2025-11-25T09:49:42","date_gmt":"2025-11-25T09:49:42","guid":{"rendered":"https:\/\/bestfitnessstore.com\/?post_type=product&#038;p=1105"},"modified":"2025-11-25T09:49:42","modified_gmt":"2025-11-25T09:49:42","slug":"waterrower-a1-sarjan-soutukone","status":"publish","type":"product","link":"http:\/\/bestfitnessstore.com\/fi\/product\/waterrower-a1-series-rowing-machine\/","title":{"rendered":"WaterRower A1-sarjan soutukone"},"content":{"rendered":"<div class=\"product-attribute-container-desktop desktop-only\">\n<div class=\"additional-attributes-wrapper table-wrapper\">\n<h4>TUOTETIEDOT<\/h4>\n<div class=\"attributes-container\">\n<ul class=\"product-attributes-container\">\n<li><span class=\"specification-title\">Pakkauksen paino (KG):\u00a0<\/span><span class=\"specification-data\">36.500000<\/span><\/li>\n<li><span class=\"specification-title\">Teho menetelm\u00e4:\u00a0<\/span><span class=\"specification-data\">Itsek\u00e4ytt\u00f6inen<\/span><\/li>\n<li><span class=\"specification-title\">Kuljetuspy\u00f6r\u00e4t:\u00a0<\/span><span class=\"specification-data\">Kyll\u00e4<\/span><\/li>\n<li><span class=\"specification-title\">K\u00e4ytt\u00e4j\u00e4n enimm\u00e4ispaino (kg):\u00a0<\/span><span class=\"specification-data\">150,00 (kg)<\/span><\/li>\n<\/ul>\n<ul class=\"product-attributes-container\">\n<li><span class=\"specification-title\">Tuotteen paino (KG):\u00a0<\/span><span class=\"specification-data\">30.50<\/span><\/li>\n<li><span class=\"specification-title\">Rower Tyyppi:\u00a0<\/span><span class=\"specification-data\">Vesi<\/span><\/li>\n<li><span class=\"specification-title\">K\u00e4ytt\u00e4j\u00e4n enimm\u00e4iskorkeus (cm):\u00a0<\/span><span class=\"specification-data\">208<\/span><\/li>\n<li><span class=\"specification-title\">Tuotteen mitat (LxSxK):\u00a0<\/span><span class=\"specification-data\">215 x 56 x 53 cm<\/span><\/li>\n<\/ul>\n<\/div>\n<\/div>\n<\/div>\n<div class=\"product-features\">\n<h4>LIS\u00c4OMINAISUUDET<\/h4>\n<div class=\"more-container\">\n<div class=\"unshow-text\">\n<ul class=\"product-features-container\">\n<li><span class=\"specification-title\">Valvoja:<\/span>\u00a0<span class=\"specification-data\">A1 Quick-Start LCD-n\u00e4ytt\u00f6<\/span><\/li>\n<li><span class=\"specification-title\">Materiaalit:<\/span>\u00a0<span class=\"specification-data\">Puu, alumiini<\/span><\/li>\n<li><span class=\"specification-title\">Kisko:<\/span>\u00a0<span class=\"specification-data\">Alumiininen monorail<\/span><\/li>\n<li><span class=\"specification-title\">Teho:<\/span>\u00a0<span class=\"specification-data\">2 x AA-paristot<\/span><\/li>\n<li><span class=\"specification-title\">SmartRow-yhteensopiva:<\/span>\u00a0<span class=\"specification-data\">Kyll\u00e4<\/span><\/li>\n<li><span class=\"specification-title\">Kokoonpantu mitat (LxSxK):<\/span>\u00a0<span class=\"specification-data\">215 x 56 x 53 cm<\/span><\/li>\n<li><span class=\"specification-title\">Istuimen korkeus:<\/span>\u00a0<span class=\"specification-data\">30 cm<\/span><\/li>\n<li><span class=\"specification-title\">Paino (ilman vett\u00e4):<\/span>\u00a0<span class=\"specification-data\">30,5 kg<\/span><\/li>\n<li><span class=\"specification-title\">K\u00e4ytt\u00e4j\u00e4n enimm\u00e4ispaino:<\/span>\u00a0<span class=\"specification-data\">150 kg \/ 330 lb<\/span><\/li>\n<li><span class=\"specification-title\">K\u00e4ytt\u00e4j\u00e4n enimm\u00e4iskorkeus:<\/span>\u00a0<span class=\"specification-data\">208 cm \/ 6 ft 10 in<\/span><\/li>\n<\/ul>\n<\/div>\n<\/div>\n<\/div>\n<div class=\"product-warranty\">\n<h4>TAKUU<\/h4>\n<div class=\"text-container\"><strong>Koti &amp; kevyt\/t\u00e4ysin kaupallinen k\u00e4ytt\u00f6:<\/strong>\u00a05 vuotta runko, 3 vuotta osat<\/div>\n<\/div>\n<div class=\"product-next-day\">\n<h4>PIKATOIMITUS<\/h4>\n<div class=\"text-container\">Monissa tuotteissamme on pikatoimitus- ja nimip\u00e4iv\u00e4vaihtoehdot, jolloin saat tuotteesi toimitettua heti huomenna tai valitsemanasi sinulle sopivana ajankohtana. Tarkista toimitusvaihtoehdot kassalla n\u00e4hd\u00e4ksesi saatavuuden korisi ja postinumerosi osalta. Toimitusehtoja sovelletaan.<\/div>\n<\/div>","protected":false},"excerpt":{"rendered":"<div id=\"fullDescription\" class=\"full-description\">\n<div class=\"text-container\">WaterRower\u00ae-malliston l\u00e4ht\u00f6tason malli WaterRower A1 -soutulaite on kevyt ja kannettava, ja se on alun perin suunniteltu k\u00e4ytett\u00e4v\u00e4ksi sis\u00e4tiloissa pidett\u00e4vill\u00e4 souturyhm\u00e4tunneilla. A1 on k\u00e4sity\u00f6n\u00e4 valmistettu, ja siin\u00e4 yhdistyv\u00e4t massiivitammen ja alumiinin hybridirungon tyylik\u00e4s estetiikka ja kaupallisen luokan kest\u00e4vyys. Sit\u00e4 voidaan jopa s\u00e4ilytt\u00e4\u00e4 pystysuorassa, kun sit\u00e4 ei k\u00e4ytet\u00e4 - kolme A1:t\u00e4 yhdess\u00e4 seisoen vie vain saman verran lattiatilaa kuin yksi tavallinen sis\u00e4py\u00f6r\u00e4. WaterFlywheel-py\u00f6r\u00e4ll\u00e4 varustettu A1 on ainutlaatuinen vedess\u00e4 soutamista j\u00e4ljittelev\u00e4 laite. Toisin kuin perinteisiss\u00e4 ilma- tai magneettisoutulaitteissa, WaterRower\u00ae A1:ss\u00e4 on tasainen liike, jossa ei ole kuolleita kohtia, mik\u00e4 rasittaa niveli\u00e4 ja alaselk\u00e4\u00e4 mahdollisimman v\u00e4h\u00e4n. A1:n mukavan asennon ja geometrian ansiosta on helppo soutaa hyv\u00e4ss\u00e4 kunnossa ja k\u00e4ytt\u00e4\u00e4 kaikkia suuria lihasryhmi\u00e4 tehokkaaseen syd\u00e4nharjoitteluun. A1 Quick-Start LCD-n\u00e4yt\u00f6ll\u00e4 varustettuna on helppo seurata suoritustasi soudellessasi. Monitori n\u00e4ytt\u00e4\u00e4 soudun perusmittarit, kuten matkan, 500 metrin osuuden ja kalorit, ja se on upotettu jalkatilaan, jotta soutaminen ei keskeydy. Muita integroituja ominaisuuksia ovat kuljetuspy\u00f6r\u00e4t helppoa liikuttelua varten ja s\u00e4\u00e4dett\u00e4v\u00e4t jalkalevyt. WaterRower\u00ae on WaterRower (UK) Ltd:n ja sen tyt\u00e4ryhti\u00f6iden rekister\u00f6ity tavaramerkki.&nbsp;<\/p>\n<\/div>\n<\/div>\n<div class=\"product-attribute-container-desktop desktop-only\">\n<div class=\"additional-attributes-wrapper table-wrapper\"><\/div>\n<\/div>","protected":false},"featured_media":1108,"comment_status":"open","ping_status":"closed","template":"","meta":{"site-sidebar-layout":"default","site-content-layout":"","ast-site-content-layout":"default","site-content-style":"default","site-sidebar-style":"default","ast-global-header-display":"","ast-banner-title-visibility":"","ast-main-header-display":"","ast-hfb-above-header-display":"","ast-hfb-below-header-display":"","ast-hfb-mobile-header-display":"","site-post-title":"","ast-breadcrumbs-content":"","ast-featured-img":"","footer-sml-layout":"","theme-transparent-header-meta":"default","adv-header-id-meta":"","stick-header-meta":"","header-above-stick-meta":"","header-main-stick-meta":"","header-below-stick-meta":"","astra-migrate-meta-layouts":"set","ast-page-background-enabled":"default","ast-page-background-meta":{"desktop":{"background-color":"var(--ast-global-color-5)","background-image":"","background-repeat":"repeat","background-position":"center center","background-size":"auto","background-attachment":"scroll","background-type":"","background-media":"","overlay-type":"","overlay-color":"","overlay-opacity":"","overlay-gradient":""},"tablet":{"background-color":"","background-image":"","background-repeat":"repeat","background-position":"center center","background-size":"auto","background-attachment":"scroll","background-type":"","background-media":"","overlay-type":"","overlay-color":"","overlay-opacity":"","overlay-gradient":""},"mobile":{"background-color":"","background-image":"","background-repeat":"repeat","background-position":"center center","background-size":"auto","background-attachment":"scroll","background-type":"","background-media":"","overlay-type":"","overlay-color":"","overlay-opacity":"","overlay-gradient":""}},"ast-content-background-meta":{"desktop":{"background-color":"var(--ast-global-color-4)","background-image":"","background-repeat":"repeat","background-position":"center center","background-size":"auto","background-attachment":"scroll","background-type":"","background-media":"","overlay-type":"","overlay-color":"","overlay-opacity":"","overlay-gradient":""},"tablet":{"background-color":"var(--ast-global-color-4)","background-image":"","background-repeat":"repeat","background-position":"center center","background-size":"auto","background-attachment":"scroll","background-type":"","background-media":"","overlay-type":"","overlay-color":"","overlay-opacity":"","overlay-gradient":""},"mobile":{"background-color":"var(--ast-global-color-4)","background-image":"","background-repeat":"repeat","background-position":"center center","background-size":"auto","background-attachment":"scroll","background-type":"","background-media":"","overlay-type":"","overlay-color":"","overlay-opacity":"","overlay-gradient":""}}},"product_brand":[],"product_cat":[20],"product_tag":[24],"class_list":{"0":"post-1105","1":"product","2":"type-product","3":"status-publish","4":"has-post-thumbnail","6":"product_cat-rowing-machine","7":"product_tag-rowing-machines","8":"desktop-align-left","9":"tablet-align-left","10":"mobile-align-left","12":"first","13":"instock","14":"sale","15":"taxable","16":"shipping-taxable","17":"purchasable","18":"product-type-simple"},"_links":{"self":[{"href":"http:\/\/bestfitnessstore.com\/fi\/wp-json\/wp\/v2\/product\/1105","targetHints":{"allow":["GET"]}}],"collection":[{"href":"http:\/\/bestfitnessstore.com\/fi\/wp-json\/wp\/v2\/product"}],"about":[{"href":"http:\/\/bestfitnessstore.com\/fi\/wp-json\/wp\/v2\/types\/product"}],"replies":[{"embeddable":true,"href":"http:\/\/bestfitnessstore.com\/fi\/wp-json\/wp\/v2\/comments?post=1105"}],"wp:featuredmedia":[{"embeddable":true,"href":"http:\/\/bestfitnessstore.com\/fi\/wp-json\/wp\/v2\/media\/1108"}],"wp:attachment":[{"href":"http:\/\/bestfitnessstore.com\/fi\/wp-json\/wp\/v2\/media?parent=1105"}],"wp:term":[{"taxonomy":"product_brand","embeddable":true,"href":"http:\/\/bestfitnessstore.com\/fi\/wp-json\/wp\/v2\/product_brand?post=1105"},{"taxonomy":"product_cat","embeddable":true,"href":"http:\/\/bestfitnessstore.com\/fi\/wp-json\/wp\/v2\/product_cat?post=1105"},{"taxonomy":"product_tag","embeddable":true,"href":"http:\/\/bestfitnessstore.com\/fi\/wp-json\/wp\/v2\/product_tag?post=1105"}],"curies":[{"name":"wp","href":"https:\/\/api.w.org\/{rel}","templated":true}]}}