{"id":1095,"date":"2025-11-25T09:45:03","date_gmt":"2025-11-25T09:45:03","guid":{"rendered":"https:\/\/bestfitnessstore.com\/?post_type=product&#038;p=1095"},"modified":"2025-11-25T09:45:03","modified_gmt":"2025-11-25T09:45:03","slug":"proform-750-r-soutulaite","status":"publish","type":"product","link":"http:\/\/bestfitnessstore.com\/fi\/product\/proform-750-r-rowing-machine\/","title":{"rendered":"ProForm 750 R soutulaite"},"content":{"rendered":"<div class=\"product-attribute-container-desktop desktop-only\">\n<div class=\"additional-attributes-wrapper table-wrapper\">\n<h4>TUOTETIEDOT<\/h4>\n<div class=\"attributes-container\">\n<ul class=\"product-attributes-container\">\n<li><span class=\"specification-title\">Pakkauksen paino (KG):\u00a0<\/span><span class=\"specification-data\">55.000000<\/span><\/li>\n<li><span class=\"specification-title\">Sovellusten integrointi:\u00a0<\/span><span class=\"specification-data\">iFIT<\/span><\/li>\n<li><span class=\"specification-title\">Rower Tyyppi:\u00a0<\/span><span class=\"specification-data\">Magneettinen<\/span><\/li>\n<li><span class=\"specification-title\">Taitto:\u00a0<\/span><span class=\"specification-data\">Kyll\u00e4<\/span><\/li>\n<li><span class=\"specification-title\">K\u00e4ytt\u00e4j\u00e4n enimm\u00e4ispaino (kg):\u00a0<\/span><span class=\"specification-data\">115,00 (kg)<\/span><\/li>\n<li><span class=\"specification-title\">Laatikon mitat (LxSxK):\u00a0<\/span><span class=\"specification-data\">118 x 58 x 65 cm<\/span><\/li>\n<\/ul>\n<ul class=\"product-attributes-container\">\n<li><span class=\"specification-title\">Teho menetelm\u00e4:\u00a0<\/span><span class=\"specification-data\">S\u00e4hk\u00f6verkko<\/span><\/li>\n<li><span class=\"specification-title\">Tablettiteline:\u00a0<\/span><span class=\"specification-data\">Kyll\u00e4<\/span><\/li>\n<li><span class=\"specification-title\">Kuljetuspy\u00f6r\u00e4t:\u00a0<\/span><span class=\"specification-data\">Kyll\u00e4<\/span><\/li>\n<li><span class=\"specification-title\">Sykkeen seuranta:\u00a0<\/span><span class=\"specification-data\">Rintahihna<\/span><\/li>\n<li><span class=\"specification-title\">Tuotteen mitat (LxSxK):\u00a0<\/span><span class=\"specification-data\">220 x 56 x 116 cm<\/span><\/li>\n<li><span class=\"specification-title\">Taitettuna Mitat (LxSxK):\u00a0<\/span><span class=\"specification-data\">110 x 56 x 114 cm<\/span><\/li>\n<\/ul>\n<\/div>\n<\/div>\n<\/div>\n<div class=\"product-features\">\n<h4>LIS\u00c4OMINAISUUDET<\/h4>\n<div class=\"more-container\">\n<div class=\"unshow-text\">\n<ul class=\"product-features-container\">\n<li><span class=\"specification-title\">SMR\u2122 Silent Magnetic Resistance:<\/span>\u00a0<span class=\"specification-data\">Sujuvat vastuksen muutokset liikkeell\u00e4<\/span><\/li>\n<li><span class=\"specification-title\">Vastustustasot:<\/span>\u00a0<span class=\"specification-data\">24<\/span><\/li>\n<li><span class=\"specification-title\">Ergonominen istuin:<\/span>\u00a0<span class=\"specification-data\">Muotoiltu parempaa istuvuutta varten<\/span><\/li>\n<li><span class=\"specification-title\">Polkimet:<\/span>\u00a0<span class=\"specification-data\">Ylimitoitettu ja k\u00e4\u00e4ntyv\u00e4; s\u00e4\u00e4dett\u00e4v\u00e4t nailonhihnat<\/span><\/li>\n<li><span class=\"specification-title\">Kahva:<\/span>\u00a0<span class=\"specification-data\">Soft Touch\u2122 ergonominen kahva<\/span><\/li>\n<li><span class=\"specification-title\">N\u00e4ytt\u00f6:<\/span>\u00a0<span class=\"specification-data\">5\u201d kontrastikas moniv\u00e4rin\u00e4ytt\u00f6; s\u00e4\u00e4dett\u00e4v\u00e4 konsolin kulma<\/span><\/li>\n<li><span class=\"specification-title\">IFIT-yhteensopiva:<\/span>\u00a0<span class=\"specification-data\">Koe yksil\u00f6lliset, virtuaaliset treenit, joita maailman parhaat valmentajat ohjaavat mukavasti omassa kodissasi (30 p\u00e4iv\u00e4n iFIT-tilaus sis\u00e4ltyy)<\/span><\/li>\n<li><span class=\"specification-title\">Tilaa s\u00e4\u00e4st\u00e4v\u00e4 muotoilu:<\/span>\u00a0<span class=\"specification-data\">Innovatiivinen kokoontaitettava runko<\/span><\/li>\n<li><span class=\"specification-title\">ActivePulse\u2122-teknologia:<\/span>\u00a0<span class=\"specification-data\">K\u00e4sivarsinauha ei sis\u00e4lly<\/span><\/li>\n<li><span class=\"specification-title\">IFIT-kokeilu:<\/span>\u00a0<span class=\"specification-data\">Mukana 30 p\u00e4iv\u00e4n iFIT-kokeilujakso. Luottokortti vaaditaan aktivointia varten. iFIT-j\u00e4senyys uusitaan automaattisesti, ellei sit\u00e4 peruuteta etuk\u00e4teen. 30 p\u00e4iv\u00e4n kokeilujakso koskee vain uusia j\u00e4senyyksi\u00e4.<\/span><\/li>\n<\/ul>\n<\/div>\n<\/div>\n<\/div>\n<div class=\"product-warranty\">\n<h4>TAKUU<\/h4>\n<div class=\"text-container\"><strong>Kotik\u00e4ytt\u00f6:<\/strong>\u00a0Kaksi vuotta osat ja ty\u00f6 (ehtoja sovelletaan), jos tuote rekister\u00f6id\u00e4\u00e4n 28 p\u00e4iv\u00e4n kuluessa ostop\u00e4iv\u00e4st\u00e4. Vakiotakuu on 12 kuukautta osat ja ty\u00f6. ICON on NordicTrackin ja Pro-Formin valmistaja. Heid\u00e4n takuuk\u00e4yt\u00e4nt\u00f6ns\u00e4 on esitetty alla. ICON Health and Fitness, Inc. (ICON) takaa t\u00e4lle tuotteelle 12 kuukauden ajan alkuper\u00e4isest\u00e4 ostop\u00e4iv\u00e4st\u00e4, ett\u00e4 se ei sis\u00e4ll\u00e4 valmistus- ja materiaalivikoja tavanomaisissa k\u00e4ytt\u00f6- ja huolto-olosuhteissa. Huomautus: Takuuaikaa voidaan pident\u00e4\u00e4 t\u00e4m\u00e4n tuotteen osalta, jos se rekister\u00f6id\u00e4\u00e4n paikallisessa asiakaspalvelukeskuksessa 28 p\u00e4iv\u00e4n kuluessa ostop\u00e4iv\u00e4st\u00e4. Jos haluat rekister\u00f6id\u00e4 t\u00e4m\u00e4n tuotteen ja saada mahdollisia takuun pidennyksi\u00e4, t\u00e4yt\u00e4 takuun rekister\u00f6intikortti ja l\u00e4het\u00e4 se ostotodistuksen kanssa t\u00e4m\u00e4n kirjan takakannessa mainittuun osoitteeseen tai rekister\u00f6idy verkossa osoitteessa iconsupport.eu. T\u00e4ydelliset tiedot takuun pidennyksist\u00e4 ja ICONin valmistajan takuusta ovat saatavilla pyynn\u00f6st\u00e4 paikallisesta asiakaspalvelukeskuksesta tai verkossa osoitteessa iconsupport.eu. Ehdot T\u00e4m\u00e4 takuu koskee vain alkuper\u00e4ist\u00e4 ostajaa (sinua), eik\u00e4 sit\u00e4 voi siirt\u00e4\u00e4. Takuu ei kata: 1. normaalia kulumista; 2. tuotteen mukauttamista tai muuttamista sen tavanomaisesta k\u00e4ytt\u00f6tarkoituksesta, joka on kuvattu k\u00e4ytt\u00f6oppaassa; 3. tuotteen muuttamista tai p\u00e4ivitt\u00e4mist\u00e4. vahinkoja, jotka johtuvat seuraavista syist\u00e4: a) kuljetuksesta; b) v\u00e4\u00e4rink\u00e4yt\u00f6st\u00e4, virheellisest\u00e4 k\u00e4yt\u00f6st\u00e4, ohjeiden noudattamatta j\u00e4tt\u00e4misest\u00e4 tai ep\u00e4asianmukaisesta tai ep\u00e4normaalista k\u00e4yt\u00f6st\u00e4; c) muusta kuin kotik\u00e4yt\u00f6st\u00e4 (mukaan lukien, mutta ei rajoittuen, kaupalliset, ammatilliset tai vuokratarkoitukset); d) korjauksista, joita ei ole suorittanut ICONin valtuuttama palveluntarjoaja; e) onnettomuuksista, salamaniskusta, vedest\u00e4, tulipalosta tai muista syist\u00e4, jotka eiv\u00e4t ole ICONin hallinnassa; f) sopimaton sijainti, mukaan lukien, mutta ei rajoittuen, kosteat, p\u00f6lyiset tai ulkotiloissa olevat tilat (esimerkkej\u00e4; autotallit, kellarit) ICON ei ole vastuussa tai korvausvelvollinen ep\u00e4suorista, erityisist\u00e4 tai v\u00e4lillisist\u00e4 vahingoista, jotka johtuvat tuotteen k\u00e4yt\u00f6st\u00e4 tai suorituskyvyst\u00e4 tai liittyv\u00e4t siihen, tai vahingoista, jotka liittyv\u00e4t taloudellisiin tappioihin, omaisuuden menetykseen, tulojen tai voittojen menetykseen, nautinnon tai k\u00e4yt\u00f6n menett\u00e4miseen tai poisto- tai asennuskustannuksiin. T\u00e4m\u00e4 takuu kattaa tuotteet, jotka on ostettu ja joita k\u00e4ytet\u00e4\u00e4n Euroopan unionin alueella; kaikkia tuotteita ei kuitenkaan myyd\u00e4 kaikissa maissa. T\u00e4m\u00e4 voi johtaa takuun kattavuuden viiv\u00e4stymiseen, jos olet ostanut t\u00e4m\u00e4n tuotteen toisessa maassa, eik\u00e4 sit\u00e4 tueta asuinmaassasi. Voi olla tarpeen suorittaa korjaukset ICONin valtuuttamassa korjauskeskuksessa. ICON pid\u00e4tt\u00e4\u00e4 oikeuden laajentaa tai lis\u00e4t\u00e4 takuun kattavuutta. Takuu t\u00e4ydent\u00e4\u00e4 voimassa olevien kansallisten lakien mukaisia lakis\u00e4\u00e4teisi\u00e4 oikeuksiasi tai myynti-\/ostosopimuksesta johtuvia oikeuksiasi j\u00e4lleenmyyj\u00e4\u00e4 kohtaan, eik\u00e4 se vaikuta niihin mill\u00e4\u00e4n tavoin.<\/div>\n<\/div>\n<div class=\"product-next-day\">\n<h4>PIKATOIMITUS<\/h4>\n<div class=\"text-container\">Monissa tuotteissamme on pikatoimitus- ja nimip\u00e4iv\u00e4vaihtoehdot, jolloin saat tuotteesi toimitettua heti huomenna tai valitsemanasi sinulle sopivana ajankohtana. Tarkista toimitusvaihtoehdot kassalla n\u00e4hd\u00e4ksesi saatavuuden korisi ja postinumerosi osalta. Toimitusehtoja sovelletaan.<\/div>\n<\/div>","protected":false},"excerpt":{"rendered":"<p>ProForm 750 R -soutukoneessa on ainutlaatuinen tilaa s\u00e4\u00e4st\u00e4v\u00e4 runko, joka taittuu keskelt\u00e4 kokoon lattiatilan maksimoimiseksi, joten se on ihanteellinen vaihtoehto kompakteihin kotikuntosaleihin. 24 digitaalisen vastuksen tasoa varmistaa, ett\u00e4 jokainen ly\u00f6nti on juuri niin haastava kuin haluat, ja siin\u00e4 hy\u00f6dynnet\u00e4\u00e4n ProForm SMR\u2122 Silent Magnetic Resistance -j\u00e4rjestelm\u00e4\u00e4, joka mahdollistaa kitkattomat voimakkuuden muutokset. Kaikki kosketuspisteet ovat ylimitoitettuja paremman mukavuuden vuoksi, mukaan lukien k\u00e4\u00e4ntyv\u00e4t polkimet, joissa on s\u00e4\u00e4dett\u00e4v\u00e4t nailonjalkahihnat, ja alumiininen istuinkisko. Istuin on ergonomisesti muotoiltu ja muotoiltu paremman istuvuuden varmistamiseksi, kun taas kahva on valmistettu Soft Touch\u2122 -materiaaleista turvallisen otteen takaamiseksi. Kallista 5 tuuman kontrastipitoista moniv\u00e4rin\u00e4ytt\u00f6\u00e4 l\u00f6yt\u00e4\u00e4ksesi optimaalisen kulman, josta voit seurata tilastojasi, ja s\u00e4ilyt\u00e4 tablettisi integroidussa pidikkeess\u00e4. Lataa iFIT-sovellus tablettiisi tai \u00e4lylaitteeseesi, yhdist\u00e4 se 750 R -soutulaitteeseen, ja voit nauttia l\u00e4hes rajattomasta valikoimasta maailman parhaiden valmentajien yksil\u00f6llisi\u00e4 harjoituksia mukavasti omassa kodissasi. P\u00e4\u00e4set harjoittelemaan joka p\u00e4iv\u00e4, voit seurata edistymist\u00e4si automaattisesti, nauttia Google Maps\u2122:n avulla todellisista reiteist\u00e4, kilpailla yst\u00e4viesi kanssa, r\u00e4\u00e4t\u00e4l\u00f6id\u00e4 harjoittelusi omien tavoitteidesi mukaan ja paljon muuta (30 p\u00e4iv\u00e4n iFIT-tilaus sis\u00e4ltyy hintaan*). ProForm 750 R -soutukoneessa on my\u00f6s ActivePulse-teknologia (SmartBeat-k\u00e4sivarsinauha vaaditaan - ei sis\u00e4lly toimitukseen), joka s\u00e4\u00e4t\u00e4\u00e4 vastusta automaattisesti varmistaaksesi, ett\u00e4 pysyt ihanteellisella sykevy\u00f6hykkeell\u00e4, sek\u00e4 SmartAdjust, joka antaa vastuksen iFIT-treenaajiesi k\u00e4siin. Soita musiikkia tai treenaa \u00e4\u00e4neen 2 x 2 tuuman kaiuttimien avulla tai liit\u00e4 kuulokkeet Bluetoothilla hiljaisempaa soutukokemusta varten. * Mukana 30 p\u00e4iv\u00e4n iFIT-kokeilujakso. Aktivointiin tarvitaan luottokortti. iFIT-j\u00e4senyys uusitaan automaattisesti, ellei sit\u00e4 peruuteta etuk\u00e4teen. 30 p\u00e4iv\u00e4n kokeilujakso koskee vain uusia j\u00e4senyyksi\u00e4. Kuvissa n\u00e4kyv\u00e4 tabletti ei sis\u00e4lly toimitukseen.<\/p>\n<div class=\"product-attribute-container-desktop desktop-only\">\n<div class=\"additional-attributes-wrapper table-wrapper\"><\/div>\n<\/div>","protected":false},"featured_media":1099,"comment_status":"open","ping_status":"closed","template":"","meta":{"site-sidebar-layout":"default","site-content-layout":"","ast-site-content-layout":"default","site-content-style":"default","site-sidebar-style":"default","ast-global-header-display":"","ast-banner-title-visibility":"","ast-main-header-display":"","ast-hfb-above-header-display":"","ast-hfb-below-header-display":"","ast-hfb-mobile-header-display":"","site-post-title":"","ast-breadcrumbs-content":"","ast-featured-img":"","footer-sml-layout":"","theme-transparent-header-meta":"default","adv-header-id-meta":"","stick-header-meta":"","header-above-stick-meta":"","header-main-stick-meta":"","header-below-stick-meta":"","astra-migrate-meta-layouts":"set","ast-page-background-enabled":"default","ast-page-background-meta":{"desktop":{"background-color":"var(--ast-global-color-5)","background-image":"","background-repeat":"repeat","background-position":"center center","background-size":"auto","background-attachment":"scroll","background-type":"","background-media":"","overlay-type":"","overlay-color":"","overlay-opacity":"","overlay-gradient":""},"tablet":{"background-color":"","background-image":"","background-repeat":"repeat","background-position":"center center","background-size":"auto","background-attachment":"scroll","background-type":"","background-media":"","overlay-type":"","overlay-color":"","overlay-opacity":"","overlay-gradient":""},"mobile":{"background-color":"","background-image":"","background-repeat":"repeat","background-position":"center center","background-size":"auto","background-attachment":"scroll","background-type":"","background-media":"","overlay-type":"","overlay-color":"","overlay-opacity":"","overlay-gradient":""}},"ast-content-background-meta":{"desktop":{"background-color":"var(--ast-global-color-4)","background-image":"","background-repeat":"repeat","background-position":"center center","background-size":"auto","background-attachment":"scroll","background-type":"","background-media":"","overlay-type":"","overlay-color":"","overlay-opacity":"","overlay-gradient":""},"tablet":{"background-color":"var(--ast-global-color-4)","background-image":"","background-repeat":"repeat","background-position":"center center","background-size":"auto","background-attachment":"scroll","background-type":"","background-media":"","overlay-type":"","overlay-color":"","overlay-opacity":"","overlay-gradient":""},"mobile":{"background-color":"var(--ast-global-color-4)","background-image":"","background-repeat":"repeat","background-position":"center center","background-size":"auto","background-attachment":"scroll","background-type":"","background-media":"","overlay-type":"","overlay-color":"","overlay-opacity":"","overlay-gradient":""}}},"product_brand":[],"product_cat":[20],"product_tag":[24],"class_list":{"0":"post-1095","1":"product","2":"type-product","3":"status-publish","4":"has-post-thumbnail","6":"product_cat-rowing-machine","7":"product_tag-rowing-machines","8":"desktop-align-left","9":"tablet-align-left","10":"mobile-align-left","12":"first","13":"instock","14":"sale","15":"taxable","16":"shipping-taxable","17":"purchasable","18":"product-type-simple"},"_links":{"self":[{"href":"http:\/\/bestfitnessstore.com\/fi\/wp-json\/wp\/v2\/product\/1095","targetHints":{"allow":["GET"]}}],"collection":[{"href":"http:\/\/bestfitnessstore.com\/fi\/wp-json\/wp\/v2\/product"}],"about":[{"href":"http:\/\/bestfitnessstore.com\/fi\/wp-json\/wp\/v2\/types\/product"}],"replies":[{"embeddable":true,"href":"http:\/\/bestfitnessstore.com\/fi\/wp-json\/wp\/v2\/comments?post=1095"}],"wp:featuredmedia":[{"embeddable":true,"href":"http:\/\/bestfitnessstore.com\/fi\/wp-json\/wp\/v2\/media\/1099"}],"wp:attachment":[{"href":"http:\/\/bestfitnessstore.com\/fi\/wp-json\/wp\/v2\/media?parent=1095"}],"wp:term":[{"taxonomy":"product_brand","embeddable":true,"href":"http:\/\/bestfitnessstore.com\/fi\/wp-json\/wp\/v2\/product_brand?post=1095"},{"taxonomy":"product_cat","embeddable":true,"href":"http:\/\/bestfitnessstore.com\/fi\/wp-json\/wp\/v2\/product_cat?post=1095"},{"taxonomy":"product_tag","embeddable":true,"href":"http:\/\/bestfitnessstore.com\/fi\/wp-json\/wp\/v2\/product_tag?post=1095"}],"curies":[{"name":"wp","href":"https:\/\/api.w.org\/{rel}","templated":true}]}}