{"id":1090,"date":"2025-11-25T09:42:58","date_gmt":"2025-11-25T09:42:58","guid":{"rendered":"https:\/\/bestfitnessstore.com\/?post_type=product&#038;p=1090"},"modified":"2025-11-25T09:42:58","modified_gmt":"2025-11-25T09:42:58","slug":"proform-550-r-soutulaite","status":"publish","type":"product","link":"http:\/\/bestfitnessstore.com\/fi\/product\/proform-550-r-rowing-machine\/","title":{"rendered":"ProForm 550 R soutulaite"},"content":{"rendered":"<div class=\"product-attribute-container-desktop desktop-only\">\n<div class=\"additional-attributes-wrapper table-wrapper\">\n<h5>TUOTETIEDOT<\/h5>\n<div class=\"attributes-container\">\n<ul class=\"product-attributes-container\">\n<li><span class=\"specification-title\">Pakkauksen paino (KG):\u00a0<\/span><span class=\"specification-data\">34.000000<\/span><\/li>\n<li><span class=\"specification-title\">Sovellusten integrointi:\u00a0<\/span><span class=\"specification-data\">iFIT<\/span><\/li>\n<li><span class=\"specification-title\">Rower Tyyppi:\u00a0<\/span><span class=\"specification-data\">Magneettinen<\/span><\/li>\n<li><span class=\"specification-title\">Taitto:\u00a0<\/span><span class=\"specification-data\">Kyll\u00e4<\/span><\/li>\n<li><span class=\"specification-title\">Tuotteen mitat (LxSxK):\u00a0<\/span><span class=\"specification-data\">182,10 x 58,10 x 67,50 cm.<\/span><\/li>\n<\/ul>\n<ul class=\"product-attributes-container\">\n<li><span class=\"specification-title\">Teho menetelm\u00e4:\u00a0<\/span><span class=\"specification-data\">S\u00e4hk\u00f6verkko<\/span><\/li>\n<li><span class=\"specification-title\">Tablettiteline:\u00a0<\/span><span class=\"specification-data\">Kyll\u00e4<\/span><\/li>\n<li><span class=\"specification-title\">Kuljetuspy\u00f6r\u00e4t:\u00a0<\/span><span class=\"specification-data\">Kyll\u00e4<\/span><\/li>\n<li><span class=\"specification-title\">K\u00e4ytt\u00e4j\u00e4n enimm\u00e4ispaino (kg):\u00a0<\/span><span class=\"specification-data\">114,00 (kg)<\/span><\/li>\n<li><span class=\"specification-title\">Laatikon mitat (LxSxK):\u00a0<\/span><span class=\"specification-data\">125 x 28 x 62 cm<\/span><\/li>\n<\/ul>\n<\/div>\n<\/div>\n<\/div>\n<div class=\"product-features\">\n<h5>LIS\u00c4OMINAISUUDET<\/h5>\n<div class=\"more-container\">\n<div class=\"unshow-text\">\n<ul class=\"product-features-container\">\n<li><span class=\"specification-title\">Hiljainen magneettinen vastus\u2122:<\/span>\u00a0<span class=\"specification-data\">Sujuvat vastuksen muutokset liikkeell\u00e4<\/span><\/li>\n<li><span class=\"specification-title\">Vastustustasot:<\/span>\u00a0<span class=\"specification-data\">8<\/span><\/li>\n<li><span class=\"specification-title\">Polkimet:<\/span>\u00a0<span class=\"specification-data\">Ylimitoitettu ja k\u00e4\u00e4ntyv\u00e4; s\u00e4\u00e4dett\u00e4v\u00e4t nailonhihnat<\/span><\/li>\n<li><span class=\"specification-title\">Kahva:<\/span>\u00a0<span class=\"specification-data\">Pehme\u00e4 ergonominen kahva<\/span><\/li>\n<li><span class=\"specification-title\">Laitehylly:<\/span>\u00a0<span class=\"specification-data\">Pitelee matkapuhelinta tai tablettia (laite ei sis\u00e4lly toimitukseen).<\/span><\/li>\n<li><span class=\"specification-title\">IFIT-yhteensopiva:<\/span>\u00a0<span class=\"specification-data\">Koe yksil\u00f6lliset, virtuaaliset harjoitukset maailman parhaiden valmentajien johdolla mukavasti omassa kodissasi - iFIT Train -j\u00e4senyys vaaditaan.<\/span><\/li>\n<li><span class=\"specification-title\">Tilaa s\u00e4\u00e4st\u00e4v\u00e4 muotoilu:<\/span>\u00a0<span class=\"specification-data\">Innovatiivinen kokoontaitettava runko<\/span><\/li>\n<li><span class=\"specification-title\">IFIT-kokeilu:<\/span>\u00a0<span class=\"specification-data\">Mukana 30 p\u00e4iv\u00e4n iFIT Train -kokeilujakso. Aktivointiin tarvitaan luottokortti. iFIT Train -j\u00e4senyys uusitaan automaattisesti, ellei sit\u00e4 peruuteta etuk\u00e4teen. 30 p\u00e4iv\u00e4n kokeilujakso koskee vain uusia j\u00e4senyyksi\u00e4.<\/span><\/li>\n<\/ul>\n<\/div>\n<\/div>\n<\/div>\n<div class=\"product-warranty\">\n<h5>TAKUU<\/h5>\n<div class=\"text-container\"><strong>Kotik\u00e4ytt\u00f6:<\/strong>\u00a0Kaksi vuotta osat ja ty\u00f6 (ehtoja sovelletaan), jos tuote rekister\u00f6id\u00e4\u00e4n 28 p\u00e4iv\u00e4n kuluessa ostop\u00e4iv\u00e4st\u00e4. Vakiotakuu on 12 kuukautta osat ja ty\u00f6 Ehdot T\u00e4m\u00e4 takuu koskee vain alkuper\u00e4ist\u00e4 ostajaa (sinua), eik\u00e4 sit\u00e4 voi siirt\u00e4\u00e4. Takuu ei kata: 1. Normaalia kulumista (esimerkkej\u00e4 normaalisti kuluvista osista ovat k\u00e4velyhihnat, k\u00e4ytt\u00f6hihnat, akut, jarrupalat ja hyppymatot). 2 Mit\u00e4\u00e4n tilap\u00e4isi\u00e4 korjauksia, mukautuksia tai muutoksia, joilla t\u00e4t\u00e4 tuotetta muutetaan sen normaalista k\u00e4ytt\u00f6tarkoituksesta ja toiminnasta k\u00e4ytt\u00f6ohjeessa kuvatulla tavalla. 3. Vahingot, jotka johtuvat: a) Tahallisista tai ilkivaltaisista teoista. b) Kuljetuksesta. c) Virheellisest\u00e4 asennuksesta, kokoonpanosta tai kytkenn\u00e4st\u00e4, joka ei ole ICONin eritelmien tai suositusten mukainen. d) V\u00e4\u00e4rink\u00e4yt\u00f6st\u00e4, v\u00e4\u00e4rink\u00e4yt\u00f6st\u00e4, ohjeiden noudattamatta j\u00e4tt\u00e4misest\u00e4 tai ep\u00e4asianmukaisesta tai ep\u00e4normaalista k\u00e4yt\u00f6st\u00e4. e) K\u00e4ytt\u00e4j\u00e4n k\u00e4sikirjan ohjeiden laiminly\u00f6nnist\u00e4 (kuten muiden kuin suositeltujen puhdistus- ja huoltotuotteiden k\u00e4yt\u00f6st\u00e4, tuotteen sammuttamatta j\u00e4tt\u00e4misest\u00e4 k\u00e4yt\u00f6n j\u00e4lkeen jne.) f) Muu kuin kotik\u00e4ytt\u00f6 (mukaan lukien mutta ei rajoittuen k\u00e4ytt\u00f6 kaupallisissa, ammatillisissa, vuokra- tai laitosymp\u00e4rist\u00f6iss\u00e4). g) Korjaukset, joita ei ole suorittanut ICONin valtuuttama huoltoliike, tai sellaisten osien k\u00e4ytt\u00f6, joita ei ole toimittanut tai valtuuttanut ICON. h) Onnettomuudet, t\u00f6rm\u00e4ykset, s\u00e4hk\u00f6virran vaihtelut, salamaniskut, myrskyt, vesi, tulipalo, el\u00e4imet tai muut syyt, jotka eiv\u00e4t ole riippuvaisia ICONista. i) V\u00e4\u00e4r\u00e4nlainen sijoituspaikka, mukaan lukien mutta ei rajoittuen kosteat, p\u00f6lyiset tai ulkotiloissa olevat ymp\u00e4rist\u00f6t (esimerkkein\u00e4 ovat esimerkiksi autotallit, maakellarit, kuistit ja terassit).<\/div>\n<\/div>","protected":false},"excerpt":{"rendered":"<p>ProForm 550 R -soutulaitteessa on 8 digitaalista vastustasoa, jotka tarjoavat oikeanlaisen harjoittelun, jota kehosi tarvitsee. Palautumisesta korkeaan intensiteettiin voit valita digitaalisen vastuksen, joka vastaa tavoitteitasi. Silent Magnetic Resistance\u2122 -j\u00e4rjestelm\u00e4 tarjoaa pehme\u00e4n ja hiljaisen soutukokemuksen, joka on suunniteltu auttamaan soutuliikett\u00e4si tuntumaan sujuvammalta saumatonta kokovartaloharjoittelua varten. Saat enemm\u00e4n irti 550R-soutulaitteesta iFIT:n avulla. Kirjaudu iFIT-tilillesi* omalla laitteellasi (tabletti\/\u00e4lypuhelin ei sis\u00e4lly toimitukseen) ja yhdist\u00e4 se 550R-soutukoneeseen saadaksesi seuraavan harjoituksen henkil\u00f6kohtaiseen suunnitelmaasi. Kun treenaat, iFIT seuraa suoritustasi ja vaihtaa automaattisesti 8 vastustasoa haluamallesi intensiteetille. iFIT:n avulla saat k\u00e4ytt\u00f6\u00f6si yli 10 000 harjoitusta, \u00e4lykk\u00e4it\u00e4 ominaisuuksia ja iFIT-asiantuntijavalmentajien valmennusta maailmanlaajuisissa toimipisteiss\u00e4. Kouluttajat auttavat sinua muodon kanssa, pit\u00e4v\u00e4t sinut motivoituneena, jotta voit lopettaa vahvasti, ja tarjoavat tietoa maailmanlaajuisista paikoista, jotta pysyt mukana sek\u00e4 lyhyiss\u00e4 ett\u00e4 pitkiss\u00e4 harjoituksissa. Tunne olosi turvalliseksi ja vakaaksi mukavissa ylisuurissa polkimissa, jotka k\u00e4\u00e4ntyv\u00e4t ja joissa on s\u00e4\u00e4dett\u00e4v\u00e4t nailonjalkahihnat, jotka sopivat useimpiin kokoihin. Ved\u00e4 hihnasta helposti irrottaaksesi jalkasi treenin lopussa tai hyp\u00e4t\u00e4ksesi cross-training-harjoitukseen. 550R:ss\u00e4 on my\u00f6s mukava, pehme\u00e4kahvainen kahva, joka tuntuu hyv\u00e4lt\u00e4 koko treenin ajan. Kun olet lopettanut harjoittelun, 550R voidaan taittaa kahtia ja se on helppo rullata pois lattiatilan s\u00e4\u00e4st\u00e4miseksi. * Mukana 30 p\u00e4iv\u00e4n iFIT Train -kokeilujakso. Aktivointiin tarvitaan luottokortti. iFIT Train -j\u00e4senyys uusitaan automaattisesti, ellei sit\u00e4 peruuteta etuk\u00e4teen. 30 p\u00e4iv\u00e4n kokeilujakso koskee vain uusia j\u00e4senyyksi\u00e4.<\/p>\n<div class=\"product-attribute-container-desktop desktop-only\">\n<div class=\"additional-attributes-wrapper table-wrapper\"><\/div>\n<\/div>","protected":false},"featured_media":1094,"comment_status":"open","ping_status":"closed","template":"","meta":{"site-sidebar-layout":"default","site-content-layout":"","ast-site-content-layout":"default","site-content-style":"default","site-sidebar-style":"default","ast-global-header-display":"","ast-banner-title-visibility":"","ast-main-header-display":"","ast-hfb-above-header-display":"","ast-hfb-below-header-display":"","ast-hfb-mobile-header-display":"","site-post-title":"","ast-breadcrumbs-content":"","ast-featured-img":"","footer-sml-layout":"","theme-transparent-header-meta":"default","adv-header-id-meta":"","stick-header-meta":"","header-above-stick-meta":"","header-main-stick-meta":"","header-below-stick-meta":"","astra-migrate-meta-layouts":"set","ast-page-background-enabled":"default","ast-page-background-meta":{"desktop":{"background-color":"var(--ast-global-color-5)","background-image":"","background-repeat":"repeat","background-position":"center center","background-size":"auto","background-attachment":"scroll","background-type":"","background-media":"","overlay-type":"","overlay-color":"","overlay-opacity":"","overlay-gradient":""},"tablet":{"background-color":"","background-image":"","background-repeat":"repeat","background-position":"center center","background-size":"auto","background-attachment":"scroll","background-type":"","background-media":"","overlay-type":"","overlay-color":"","overlay-opacity":"","overlay-gradient":""},"mobile":{"background-color":"","background-image":"","background-repeat":"repeat","background-position":"center center","background-size":"auto","background-attachment":"scroll","background-type":"","background-media":"","overlay-type":"","overlay-color":"","overlay-opacity":"","overlay-gradient":""}},"ast-content-background-meta":{"desktop":{"background-color":"var(--ast-global-color-4)","background-image":"","background-repeat":"repeat","background-position":"center center","background-size":"auto","background-attachment":"scroll","background-type":"","background-media":"","overlay-type":"","overlay-color":"","overlay-opacity":"","overlay-gradient":""},"tablet":{"background-color":"var(--ast-global-color-4)","background-image":"","background-repeat":"repeat","background-position":"center center","background-size":"auto","background-attachment":"scroll","background-type":"","background-media":"","overlay-type":"","overlay-color":"","overlay-opacity":"","overlay-gradient":""},"mobile":{"background-color":"var(--ast-global-color-4)","background-image":"","background-repeat":"repeat","background-position":"center center","background-size":"auto","background-attachment":"scroll","background-type":"","background-media":"","overlay-type":"","overlay-color":"","overlay-opacity":"","overlay-gradient":""}}},"product_brand":[],"product_cat":[20],"product_tag":[24],"class_list":{"0":"post-1090","1":"product","2":"type-product","3":"status-publish","4":"has-post-thumbnail","6":"product_cat-rowing-machine","7":"product_tag-rowing-machines","8":"desktop-align-left","9":"tablet-align-left","10":"mobile-align-left","12":"first","13":"instock","14":"sale","15":"taxable","16":"shipping-taxable","17":"purchasable","18":"product-type-simple"},"_links":{"self":[{"href":"http:\/\/bestfitnessstore.com\/fi\/wp-json\/wp\/v2\/product\/1090","targetHints":{"allow":["GET"]}}],"collection":[{"href":"http:\/\/bestfitnessstore.com\/fi\/wp-json\/wp\/v2\/product"}],"about":[{"href":"http:\/\/bestfitnessstore.com\/fi\/wp-json\/wp\/v2\/types\/product"}],"replies":[{"embeddable":true,"href":"http:\/\/bestfitnessstore.com\/fi\/wp-json\/wp\/v2\/comments?post=1090"}],"wp:featuredmedia":[{"embeddable":true,"href":"http:\/\/bestfitnessstore.com\/fi\/wp-json\/wp\/v2\/media\/1094"}],"wp:attachment":[{"href":"http:\/\/bestfitnessstore.com\/fi\/wp-json\/wp\/v2\/media?parent=1090"}],"wp:term":[{"taxonomy":"product_brand","embeddable":true,"href":"http:\/\/bestfitnessstore.com\/fi\/wp-json\/wp\/v2\/product_brand?post=1090"},{"taxonomy":"product_cat","embeddable":true,"href":"http:\/\/bestfitnessstore.com\/fi\/wp-json\/wp\/v2\/product_cat?post=1090"},{"taxonomy":"product_tag","embeddable":true,"href":"http:\/\/bestfitnessstore.com\/fi\/wp-json\/wp\/v2\/product_tag?post=1090"}],"curies":[{"name":"wp","href":"https:\/\/api.w.org\/{rel}","templated":true}]}}