{"id":1008,"date":"2025-11-24T15:43:27","date_gmt":"2025-11-24T15:43:27","guid":{"rendered":"https:\/\/bestfitnessstore.com\/?post_type=product&#038;p=1008"},"modified":"2025-11-24T15:43:27","modified_gmt":"2025-11-24T15:43:27","slug":"body-solid-r300-endurance-kevyt-kaupallinen-ilmasoutulaite","status":"publish","type":"product","link":"http:\/\/bestfitnessstore.com\/fi\/product\/body-solid-r300-endurance-light-commercial-air-rowing-machine\/","title":{"rendered":"Body-Solid R300 Endurance Light Commercial Air -soutukone Body-Solid R300 Endurance Light Commercial Air -soutukone"},"content":{"rendered":"<div class=\"product-attribute-container-desktop desktop-only\">\n<div class=\"additional-attributes-wrapper table-wrapper\">\n<h4>TUOTETIEDOT<\/h4>\n<div class=\"attributes-container\">\n<ul class=\"product-attributes-container\">\n<li><span class=\"specification-title\">Pakkauksen paino (KG):\u00a0<\/span><span class=\"specification-data\">45.000000<\/span><\/li>\n<li><span class=\"specification-title\">Teho menetelm\u00e4:\u00a0<\/span><span class=\"specification-data\">Itsek\u00e4ytt\u00f6inen<\/span><\/li>\n<li><span class=\"specification-title\">Bluetooth:\u00a0<\/span><span class=\"specification-data\">Ei<\/span><\/li>\n<li><span class=\"specification-title\">Kuljetuspy\u00f6r\u00e4t:\u00a0<\/span><span class=\"specification-data\">Ei<\/span><\/li>\n<li><span class=\"specification-title\">S\u00e4\u00e4dett\u00e4v\u00e4 vastus:\u00a0<\/span><span class=\"specification-data\">Kyll\u00e4<\/span><\/li>\n<li><span class=\"specification-title\">Sis\u00e4\u00e4nrakennetut ohjelmat:\u00a0<\/span><span class=\"specification-data\">8 esiasetettua harjoitusta, joista: Pikak\u00e4ynnistys, Matka, Aika, Kalorit, Peli, Intervallit.<\/span><\/li>\n<\/ul>\n<ul class=\"product-attributes-container\">\n<li><span class=\"specification-title\">Tuotteen paino (KG):\u00a0<\/span><span class=\"specification-data\">37<\/span><\/li>\n<li><span class=\"specification-title\">Tablettiteline:\u00a0<\/span><span class=\"specification-data\">Kyll\u00e4<\/span><\/li>\n<li><span class=\"specification-title\">Rower Tyyppi:\u00a0<\/span><span class=\"specification-data\">Ilma \/ hydraulinen<\/span><\/li>\n<li><span class=\"specification-title\">Taitto:\u00a0<\/span><span class=\"specification-data\">Ei<\/span><\/li>\n<li><span class=\"specification-title\">K\u00e4ytt\u00e4j\u00e4n enimm\u00e4ispaino (kg):\u00a0<\/span><span class=\"specification-data\">150,00 (kg)<\/span><\/li>\n<li><span class=\"specification-title\">Tuotteen mitat (LxSxK):\u00a0<\/span><span class=\"specification-data\">241,50 x 62 x 101 cm<\/span><\/li>\n<\/ul>\n<\/div>\n<\/div>\n<\/div>\n<div class=\"product-features\">\n<h4>LIS\u00c4OMINAISUUDET<\/h4>\n<div class=\"more-container\">\n<div class=\"unshow-text\">\n<ul class=\"product-features-container\">\n<li><span class=\"specification-title\">Tehokas harjoittelu:<\/span>\u00a0<span class=\"specification-data\">V\u00e4h\u00e4iset vaikutukset ja koko keho<\/span><\/li>\n<li><span class=\"specification-title\">Lihakset toimivat:<\/span>\u00a0<span class=\"specification-data\">Nelilihakset, kinkkulihakset, vatsalihakset, vatsalihakset, lantiolihakset, hauislihakset, kolmip\u00e4iset lihakset, lonkankoukistajat ja paljon muuta.<\/span><\/li>\n<li><span class=\"specification-title\">K\u00e4ytt\u00e4j\u00e4n ohjaama vastus:<\/span>\u00a0<span class=\"specification-data\">Reagoi intensiteettitasoosi ja kasvaa, kun nostat nopeutta.<\/span><\/li>\n<li><span class=\"specification-title\">Tarkasti suunniteltu vauhtipy\u00f6r\u00e4:<\/span>\u00a0<span class=\"specification-data\">Melu v\u00e4henee minimiin<\/span><\/li>\n<li><span class=\"specification-title\">Kuvioitu, ergonominen kahva:<\/span>\u00a0<span class=\"specification-data\">Soutaa luonnollisilla k\u00e4sien ja k\u00e4sivarsien asennoilla<\/span><\/li>\n<li><span class=\"specification-title\">S\u00e4\u00e4dett\u00e4v\u00e4t jalkatuet:<\/span>\u00a0<span class=\"specification-data\">Turvallinen ja mukava jalkautuminen<\/span><\/li>\n<li><span class=\"specification-title\">Interaktiivinen konsoli:<\/span>\u00a0<span class=\"specification-data\">Raportit ajasta, sykkeest\u00e4, kaloreista, melan leveydest\u00e4, iskunopeudesta, matkan pituudesta ja wateista.<\/span><\/li>\n<li><span class=\"specification-title\">Polar-yhteensopiva:<\/span>\u00a0<span class=\"specification-data\">Rintahihna ei sis\u00e4lly toimitukseen - Polar T31 &amp; T34 koodaamattomat vy\u00f6t, jotka l\u00e4hett\u00e4v\u00e4t 5 kHz:n taajuudella, ovat yhteensopivia.<\/span><\/li>\n<li><span class=\"specification-title\">Nikkel\u00f6ity ketju:<\/span>\u00a0<span class=\"specification-data\">Verraton kest\u00e4vyys<\/span><\/li>\n<li><span class=\"specification-title\">Tehokas varastointi:<\/span>\u00a0<span class=\"specification-data\">Jakautuu helposti useampaan osaan<\/span><\/li>\n<\/ul>\n<\/div>\n<\/div>\n<\/div>\n<div class=\"product-warranty\">\n<h4>TAKUU<\/h4>\n<div class=\"text-container\"><strong>Koti- ja kevyt kaupallinen k\u00e4ytt\u00f6:<\/strong>\u00a03 vuotta osat, 1 vuosi ty\u00f6<\/div>\n<div><\/div>\n<\/div>\n<div class=\"product-next-day\">\n<h4>PIKATOIMITUS<\/h4>\n<div class=\"text-container\">Monissa tuotteissamme on pikatoimitus- ja nimip\u00e4iv\u00e4vaihtoehdot, jolloin saat tuotteesi toimitettua heti huomenna tai valitsemanasi sinulle sopivana ajankohtana. Tarkista toimitusvaihtoehdot kassalla n\u00e4hd\u00e4ksesi saatavuuden korisi ja postinumerosi osalta. Toimitusehtoja sovelletaan.<\/div>\n<\/div>","protected":false},"excerpt":{"rendered":"<div id=\"fullDescription\" class=\"full-description\">\n<div class=\"text-container\">Endurance by Body-Solid R300 Indoor Rower tarjoaa tehokkaan, matala- ja kokovartaloharjoittelun. Soutuliike ei ainoastaan tarjoa k\u00e4ytt\u00e4jille korkean intensiteetin kaloreita polttavaa syd\u00e4nliikuntaa, vaan se my\u00f6s harjoittaa nelip\u00e4isi\u00e4 lihaksia, kinkkulihaksia, vatsalihaksia, vatsalihaksia, vatsalihaksia, lihaksia, hauiksia, kolmip\u00e4isi\u00e4 lihaksia, lonkankoukistajia ja paljon muuta. K\u00e4ytt\u00e4j\u00e4n ohjaama ilmanvastus antaa k\u00e4ytt\u00e4jille t\u00e4yden hallinnan tasapainoisen ja koordinoidun harjoittelun aikaansaamiseksi. Vastus reagoi intensiteettitasoosi ja kasvaa nopeuden kasvaessa, mutta tarkkaan suunnitellun vauhtipy\u00f6r\u00e4n ansiosta melu on minimoitu. Teksturoidun, ergonomisen kahvan ansiosta k\u00e4ytt\u00e4j\u00e4t voivat soutaa luonnollisissa k\u00e4si- ja k\u00e4sivarsiasennoissa, ja t\u00e4ysin s\u00e4\u00e4dett\u00e4v\u00e4t jalkatuet takaavat k\u00e4ytt\u00e4jille turvallisen ja mukavan harjoittelun R300:lla. K\u00e4tev\u00e4n puhelintelineen avulla k\u00e4ytt\u00e4j\u00e4t voivat viihdytt\u00e4\u00e4 itse\u00e4\u00e4n tai seurata harjoittelun edistymist\u00e4. Vuorovaikutteinen konsoli ilmoittaa ajan, sykkeen, kalorit, melan leveyden, iskunopeuden, matkan pituuden ja watit, ja se on Polar-yhteensopiva (rintahihna myyd\u00e4\u00e4n erikseen). Konsoliin on integroitu 8 erilaista harjoitusohjelmaa, jotka takaavat, ett\u00e4 harjoitukset pysyv\u00e4t monipuolisina ja motivoivina. Kun olet lopettanut soutamisen, R300 voidaan helposti jakaa useampaan osaan, jotta se voidaan s\u00e4ilytt\u00e4\u00e4 tehokkaasti.&nbsp;<\/p>\n<\/div>\n<\/div>\n<div class=\"product-attribute-container-desktop desktop-only\">\n<div class=\"additional-attributes-wrapper table-wrapper\"><\/div>\n<\/div>","protected":false},"featured_media":1009,"comment_status":"open","ping_status":"closed","template":"","meta":{"site-sidebar-layout":"default","site-content-layout":"","ast-site-content-layout":"default","site-content-style":"default","site-sidebar-style":"default","ast-global-header-display":"","ast-banner-title-visibility":"","ast-main-header-display":"","ast-hfb-above-header-display":"","ast-hfb-below-header-display":"","ast-hfb-mobile-header-display":"","site-post-title":"","ast-breadcrumbs-content":"","ast-featured-img":"","footer-sml-layout":"","theme-transparent-header-meta":"default","adv-header-id-meta":"","stick-header-meta":"","header-above-stick-meta":"","header-main-stick-meta":"","header-below-stick-meta":"","astra-migrate-meta-layouts":"set","ast-page-background-enabled":"default","ast-page-background-meta":{"desktop":{"background-color":"var(--ast-global-color-5)","background-image":"","background-repeat":"repeat","background-position":"center center","background-size":"auto","background-attachment":"scroll","background-type":"","background-media":"","overlay-type":"","overlay-color":"","overlay-opacity":"","overlay-gradient":""},"tablet":{"background-color":"","background-image":"","background-repeat":"repeat","background-position":"center center","background-size":"auto","background-attachment":"scroll","background-type":"","background-media":"","overlay-type":"","overlay-color":"","overlay-opacity":"","overlay-gradient":""},"mobile":{"background-color":"","background-image":"","background-repeat":"repeat","background-position":"center center","background-size":"auto","background-attachment":"scroll","background-type":"","background-media":"","overlay-type":"","overlay-color":"","overlay-opacity":"","overlay-gradient":""}},"ast-content-background-meta":{"desktop":{"background-color":"var(--ast-global-color-4)","background-image":"","background-repeat":"repeat","background-position":"center center","background-size":"auto","background-attachment":"scroll","background-type":"","background-media":"","overlay-type":"","overlay-color":"","overlay-opacity":"","overlay-gradient":""},"tablet":{"background-color":"var(--ast-global-color-4)","background-image":"","background-repeat":"repeat","background-position":"center center","background-size":"auto","background-attachment":"scroll","background-type":"","background-media":"","overlay-type":"","overlay-color":"","overlay-opacity":"","overlay-gradient":""},"mobile":{"background-color":"var(--ast-global-color-4)","background-image":"","background-repeat":"repeat","background-position":"center center","background-size":"auto","background-attachment":"scroll","background-type":"","background-media":"","overlay-type":"","overlay-color":"","overlay-opacity":"","overlay-gradient":""}}},"product_brand":[],"product_cat":[20],"product_tag":[24],"class_list":{"0":"post-1008","1":"product","2":"type-product","3":"status-publish","4":"has-post-thumbnail","6":"product_cat-rowing-machine","7":"product_tag-rowing-machines","8":"desktop-align-left","9":"tablet-align-left","10":"mobile-align-left","12":"first","13":"instock","14":"sale","15":"taxable","16":"shipping-taxable","17":"purchasable","18":"product-type-simple"},"_links":{"self":[{"href":"http:\/\/bestfitnessstore.com\/fi\/wp-json\/wp\/v2\/product\/1008","targetHints":{"allow":["GET"]}}],"collection":[{"href":"http:\/\/bestfitnessstore.com\/fi\/wp-json\/wp\/v2\/product"}],"about":[{"href":"http:\/\/bestfitnessstore.com\/fi\/wp-json\/wp\/v2\/types\/product"}],"replies":[{"embeddable":true,"href":"http:\/\/bestfitnessstore.com\/fi\/wp-json\/wp\/v2\/comments?post=1008"}],"wp:featuredmedia":[{"embeddable":true,"href":"http:\/\/bestfitnessstore.com\/fi\/wp-json\/wp\/v2\/media\/1009"}],"wp:attachment":[{"href":"http:\/\/bestfitnessstore.com\/fi\/wp-json\/wp\/v2\/media?parent=1008"}],"wp:term":[{"taxonomy":"product_brand","embeddable":true,"href":"http:\/\/bestfitnessstore.com\/fi\/wp-json\/wp\/v2\/product_brand?post=1008"},{"taxonomy":"product_cat","embeddable":true,"href":"http:\/\/bestfitnessstore.com\/fi\/wp-json\/wp\/v2\/product_cat?post=1008"},{"taxonomy":"product_tag","embeddable":true,"href":"http:\/\/bestfitnessstore.com\/fi\/wp-json\/wp\/v2\/product_tag?post=1008"}],"curies":[{"name":"wp","href":"https:\/\/api.w.org\/{rel}","templated":true}]}}