{"id":42,"date":"2025-11-10T09:42:08","date_gmt":"2025-11-10T09:42:08","guid":{"rendered":"https:\/\/bestfitnessstore.com\/?page_id=42"},"modified":"2025-11-10T14:35:33","modified_gmt":"2025-11-10T14:35:33","slug":"meista","status":"publish","type":"page","link":"http:\/\/bestfitnessstore.com\/fi\/about-us\/","title":{"rendered":"Tietoa meist\u00e4"},"content":{"rendered":"<div data-elementor-type=\"wp-page\" data-elementor-id=\"42\" class=\"elementor elementor-42\">\n\t\t\t\t<div class=\"elementor-element elementor-element-edce6ab e-flex e-con-boxed e-con e-parent\" data-id=\"edce6ab\" data-element_type=\"container\">\n\t\t\t\t\t<div class=\"e-con-inner\">\n\t\t\t\t<div class=\"elementor-element elementor-element-3849c16 elementor-widget elementor-widget-text-editor\" data-id=\"3849c16\" data-element_type=\"widget\" data-widget_type=\"text-editor.default\">\n\t\t\t\t\t\t\t\t\t<p data-start=\"32\" data-end=\"509\">Perustamisestamme l\u00e4htien, <strong data-start=\"52\" data-end=\"74\">Paras kuntosali<\/strong> on sitoutunut mullistamaan ihmisten harjoittelutavan luomalla innovatiivisia, ammattilaistason kuntolaitteita, jotka antavat voimavaroja sek\u00e4 yksityishenkil\u00f6ille ett\u00e4 kuntosaleille. Omistautumisemme edistykselle ja hyvinvoinnille on ajanut meit\u00e4 jatkuvasti parantamaan ja m\u00e4\u00e4rittelem\u00e4\u00e4n kuntoilukokemuksen uudelleen, ja olemme olleet edell\u00e4k\u00e4vij\u00f6it\u00e4 seuraavissa asioissa <strong data-start=\"391\" data-end=\"507\">toiminnallinen harjoittelu, vastusj\u00e4rjestelm\u00e4t, kotikuntosali-innovaatiot, palautumisv\u00e4lineet ja suorituskyvyn kuntoratkaisut.<\/strong><\/p>\n<p data-start=\"511\" data-end=\"809\">Alan luotettavana nimen\u00e4, <strong data-start=\"546\" data-end=\"568\">Paras kuntosali<\/strong> tarjoaa t\u00e4ydellisen tuotevalikoiman, joka on suunniteltu tukemaan jokaista kuntoilumatkaa. Uskomme, ett\u00e4 kuntoilu on henkil\u00f6kohtaista, ja teht\u00e4v\u00e4mme on antaa sinulle oikeat ty\u00f6kalut, tietoa ja inspiraatiota, jotta voit saavuttaa seuraavat tavoitteet. <strong data-start=\"778\" data-end=\"807\">elinik\u00e4inen kuntomenestys.<\/strong><\/p>\n<p data-start=\"811\" data-end=\"840\"><strong data-start=\"811\" data-end=\"838\">Innovaation voima<\/strong><\/p>\n<p data-start=\"842\" data-end=\"1233\">Osoitteessa <strong data-start=\"845\" data-end=\"867\">Paras kuntosali<\/strong>, innovaatio ei ole vain osa sit\u00e4, mit\u00e4 teemme, vaan se on sit\u00e4, keit\u00e4 me olemme. Jokainen suunnittelemamme tuote rakennetaan tarkasti, suorituskykyisesti ja tarkoituksenmukaisesti, mik\u00e4 takaa kest\u00e4vyyden ja toimivuuden korkeimmat standardit. Per\u00e4\u00e4nantamaton pyrkimyksemme parantamiseen on johtanut jatkuviin l\u00e4pimurtoihin tuotteissa ja huippuluokan muotoiluun, joka erottaa meid\u00e4t kuntoilualalla muista.<\/p>\n<p data-start=\"1235\" data-end=\"1464\">Maailmanluokan kuntoiluv\u00e4lineiden luomisen lis\u00e4ksi keskitymme my\u00f6s toimittamaan <strong data-start=\"1312\" data-end=\"1344\">saumaton asiakaskokemus<\/strong>, selke\u00e4t tuotetiedot, \u00e4lykk\u00e4\u00e4t pakkaukset ja helppotajuiset ohjeet auttavat sinua tekem\u00e4\u00e4n varmoja valintoja.<\/p>\n<p data-start=\"1466\" data-end=\"1700\">Yhdist\u00e4m\u00e4ll\u00e4 teknologiaa, asiantuntemusta ja aitoa intohimoa terveytt\u00e4 kohtaan, <strong data-start=\"1536\" data-end=\"1558\">Paras kuntosali<\/strong> muokkaa edelleen kuntoilun tulevaisuutta. Olemme ylpeit\u00e4 voidessamme auttaa yksil\u00f6it\u00e4 ja kuntosaleja saavuttamaan uusia voiman, kest\u00e4vyyden ja hyvinvoinnin tasoja.<\/p>\n<p data-start=\"1702\" data-end=\"1808\" data-is-last-node=\"\" data-is-only-node=\"\">Liity seuraamme ja selvit\u00e4 miksi <strong data-start=\"1727\" data-end=\"1749\">Paras kuntosali<\/strong> m\u00e4\u00e4rittelee uudelleen kuntoilun huippuosaamisen, yksi innovaatio kerrallaan.<\/p>\t\t\t\t\t\t\t\t<\/div>\n\t\t\t\t\t<\/div>\n\t\t\t\t<\/div>\n\t\t\t\t<\/div>","protected":false},"excerpt":{"rendered":"<p>Since our founding, Best Fitness Store has been committed to revolutionizing the way people train by creating innovative, professional-grade fitness [&hellip;]<\/p>\n","protected":false},"author":1,"featured_media":0,"parent":0,"menu_order":0,"comment_status":"closed","ping_status":"closed","template":"","meta":{"site-sidebar-layout":"no-sidebar","site-content-layout":"","ast-site-content-layout":"full-width-container","site-content-style":"default","site-sidebar-style":"default","ast-global-header-display":"","ast-banner-title-visibility":"","ast-main-header-display":"","ast-hfb-above-header-display":"","ast-hfb-below-header-display":"","ast-hfb-mobile-header-display":"","site-post-title":"disabled","ast-breadcrumbs-content":"","ast-featured-img":"disabled","footer-sml-layout":"","theme-transparent-header-meta":"","adv-header-id-meta":"","stick-header-meta":"","header-above-stick-meta":"","header-main-stick-meta":"","header-below-stick-meta":"","astra-migrate-meta-layouts":"default","ast-page-background-enabled":"default","ast-page-background-meta":{"desktop":{"background-color":"var(--ast-global-color-5)","background-image":"","background-repeat":"repeat","background-position":"center center","background-size":"auto","background-attachment":"scroll","background-type":"","background-media":"","overlay-type":"","overlay-color":"","overlay-opacity":"","overlay-gradient":""},"tablet":{"background-color":"","background-image":"","background-repeat":"repeat","background-position":"center center","background-size":"auto","background-attachment":"scroll","background-type":"","background-media":"","overlay-type":"","overlay-color":"","overlay-opacity":"","overlay-gradient":""},"mobile":{"background-color":"","background-image":"","background-repeat":"repeat","background-position":"center center","background-size":"auto","background-attachment":"scroll","background-type":"","background-media":"","overlay-type":"","overlay-color":"","overlay-opacity":"","overlay-gradient":""}},"ast-content-background-meta":{"desktop":{"background-color":"var(--ast-global-color-4)","background-image":"","background-repeat":"repeat","background-position":"center center","background-size":"auto","background-attachment":"scroll","background-type":"","background-media":"","overlay-type":"","overlay-color":"","overlay-opacity":"","overlay-gradient":""},"tablet":{"background-color":"var(--ast-global-color-4)","background-image":"","background-repeat":"repeat","background-position":"center center","background-size":"auto","background-attachment":"scroll","background-type":"","background-media":"","overlay-type":"","overlay-color":"","overlay-opacity":"","overlay-gradient":""},"mobile":{"background-color":"var(--ast-global-color-4)","background-image":"","background-repeat":"repeat","background-position":"center center","background-size":"auto","background-attachment":"scroll","background-type":"","background-media":"","overlay-type":"","overlay-color":"","overlay-opacity":"","overlay-gradient":""}},"footnotes":""},"class_list":["post-42","page","type-page","status-publish","hentry"],"_links":{"self":[{"href":"http:\/\/bestfitnessstore.com\/fi\/wp-json\/wp\/v2\/pages\/42","targetHints":{"allow":["GET"]}}],"collection":[{"href":"http:\/\/bestfitnessstore.com\/fi\/wp-json\/wp\/v2\/pages"}],"about":[{"href":"http:\/\/bestfitnessstore.com\/fi\/wp-json\/wp\/v2\/types\/page"}],"author":[{"embeddable":true,"href":"http:\/\/bestfitnessstore.com\/fi\/wp-json\/wp\/v2\/users\/1"}],"replies":[{"embeddable":true,"href":"http:\/\/bestfitnessstore.com\/fi\/wp-json\/wp\/v2\/comments?post=42"}],"version-history":[{"count":7,"href":"http:\/\/bestfitnessstore.com\/fi\/wp-json\/wp\/v2\/pages\/42\/revisions"}],"predecessor-version":[{"id":226,"href":"http:\/\/bestfitnessstore.com\/fi\/wp-json\/wp\/v2\/pages\/42\/revisions\/226"}],"wp:attachment":[{"href":"http:\/\/bestfitnessstore.com\/fi\/wp-json\/wp\/v2\/media?parent=42"}],"curies":[{"name":"wp","href":"https:\/\/api.w.org\/{rel}","templated":true}]}}