{"id":12,"date":"2025-11-09T17:11:30","date_gmt":"2025-11-09T17:11:30","guid":{"rendered":"https:\/\/bestfitnessstore.com\/?page_id=12"},"modified":"2025-11-10T14:37:28","modified_gmt":"2025-11-10T14:37:28","slug":"ota-yhteytta","status":"publish","type":"page","link":"http:\/\/bestfitnessstore.com\/fi\/contact\/","title":{"rendered":"Ota yhteytt\u00e4"},"content":{"rendered":"<div data-elementor-type=\"wp-page\" data-elementor-id=\"12\" class=\"elementor elementor-12\">\n\t\t\t\t<div class=\"elementor-element elementor-element-622620d e-flex e-con-boxed e-con e-parent\" data-id=\"622620d\" data-element_type=\"container\">\n\t\t\t\t\t<div class=\"e-con-inner\">\n\t\t\t\t<div class=\"elementor-element elementor-element-9ef9636 elementor-widget elementor-widget-text-editor\" data-id=\"9ef9636\" data-element_type=\"widget\" data-widget_type=\"text-editor.default\">\n\t\t\t\t\t\t\t\t\t<p>Osoitteessa <strong>Paras kuntosali<\/strong>, tyytyv\u00e4isyytesi on meille ensisijainen tavoite. Olemme sitoutuneet tarjoamaan poikkeuksellisia tuotteita ja erinomaista asiakaspalvelua, jotta kuntomatkasi olisi mahdollisimman saumaton ja palkitseva. Tiimimme on sitoutunut noudattamaan ammattitaidon, kohteliaisuuden ja luotettavuuden korkeimpia standardeja jokaisessa vuorovaikutuksessa.<\/p><p>Seuraamme jatkuvasti tukikanaviamme varmistaaksemme, ett\u00e4 kaikkiin kyselyihin vastataan nopeasti. Olipa sinulla sitten kysymyksi\u00e4 tuotteesta, tarvitset apua tilauksen kanssa tai muuta apua, tukitiimimme on valmiina auttamaan sinua kaikissa vaiheissa.<\/p><p><strong>Ota yhteytt\u00e4:<\/strong><br \/>Tuotetiedusteluja, tilausapua tai yleist\u00e4 tukea varten ota meihin yhteytt\u00e4 osoitteessa:<\/p><p><strong>sales@bestfitnessstore.com<\/strong><\/p><p><strong>support@bestfitnessstore.com<\/strong><\/p><p>Odotamme innolla, ett\u00e4 voimme auttaa sinua ja varmistaa t\u00e4ydellisen tyytyv\u00e4isyytesi jokaisella ostokerralla.<\/p>\t\t\t\t\t\t\t\t<\/div>\n\t\t\t\t\t<\/div>\n\t\t\t\t<\/div>\n\t\t\t\t<\/div>","protected":false},"excerpt":{"rendered":"<p>At Best Fitness Store, your satisfaction is our top priority. We are dedicated to providing exceptional products and outstanding customer [&hellip;]<\/p>\n","protected":false},"author":1,"featured_media":0,"parent":0,"menu_order":0,"comment_status":"closed","ping_status":"closed","template":"","meta":{"site-sidebar-layout":"no-sidebar","site-content-layout":"","ast-site-content-layout":"full-width-container","site-content-style":"default","site-sidebar-style":"default","ast-global-header-display":"","ast-banner-title-visibility":"","ast-main-header-display":"","ast-hfb-above-header-display":"","ast-hfb-below-header-display":"","ast-hfb-mobile-header-display":"","site-post-title":"disabled","ast-breadcrumbs-content":"","ast-featured-img":"disabled","footer-sml-layout":"","theme-transparent-header-meta":"","adv-header-id-meta":"","stick-header-meta":"","header-above-stick-meta":"","header-main-stick-meta":"","header-below-stick-meta":"","astra-migrate-meta-layouts":"default","ast-page-background-enabled":"default","ast-page-background-meta":{"desktop":{"background-color":"var(--ast-global-color-5)","background-image":"","background-repeat":"repeat","background-position":"center center","background-size":"auto","background-attachment":"scroll","background-type":"","background-media":"","overlay-type":"","overlay-color":"","overlay-opacity":"","overlay-gradient":""},"tablet":{"background-color":"","background-image":"","background-repeat":"repeat","background-position":"center center","background-size":"auto","background-attachment":"scroll","background-type":"","background-media":"","overlay-type":"","overlay-color":"","overlay-opacity":"","overlay-gradient":""},"mobile":{"background-color":"","background-image":"","background-repeat":"repeat","background-position":"center center","background-size":"auto","background-attachment":"scroll","background-type":"","background-media":"","overlay-type":"","overlay-color":"","overlay-opacity":"","overlay-gradient":""}},"ast-content-background-meta":{"desktop":{"background-color":"var(--ast-global-color-4)","background-image":"","background-repeat":"repeat","background-position":"center center","background-size":"auto","background-attachment":"scroll","background-type":"","background-media":"","overlay-type":"","overlay-color":"","overlay-opacity":"","overlay-gradient":""},"tablet":{"background-color":"var(--ast-global-color-4)","background-image":"","background-repeat":"repeat","background-position":"center center","background-size":"auto","background-attachment":"scroll","background-type":"","background-media":"","overlay-type":"","overlay-color":"","overlay-opacity":"","overlay-gradient":""},"mobile":{"background-color":"var(--ast-global-color-4)","background-image":"","background-repeat":"repeat","background-position":"center center","background-size":"auto","background-attachment":"scroll","background-type":"","background-media":"","overlay-type":"","overlay-color":"","overlay-opacity":"","overlay-gradient":""}},"footnotes":""},"class_list":["post-12","page","type-page","status-publish","hentry"],"_links":{"self":[{"href":"http:\/\/bestfitnessstore.com\/fi\/wp-json\/wp\/v2\/pages\/12","targetHints":{"allow":["GET"]}}],"collection":[{"href":"http:\/\/bestfitnessstore.com\/fi\/wp-json\/wp\/v2\/pages"}],"about":[{"href":"http:\/\/bestfitnessstore.com\/fi\/wp-json\/wp\/v2\/types\/page"}],"author":[{"embeddable":true,"href":"http:\/\/bestfitnessstore.com\/fi\/wp-json\/wp\/v2\/users\/1"}],"replies":[{"embeddable":true,"href":"http:\/\/bestfitnessstore.com\/fi\/wp-json\/wp\/v2\/comments?post=12"}],"version-history":[{"count":9,"href":"http:\/\/bestfitnessstore.com\/fi\/wp-json\/wp\/v2\/pages\/12\/revisions"}],"predecessor-version":[{"id":1541,"href":"http:\/\/bestfitnessstore.com\/fi\/wp-json\/wp\/v2\/pages\/12\/revisions\/1541"}],"wp:attachment":[{"href":"http:\/\/bestfitnessstore.com\/fi\/wp-json\/wp\/v2\/media?parent=12"}],"curies":[{"name":"wp","href":"https:\/\/api.w.org\/{rel}","templated":true}]}}