{"id":986,"date":"2025-11-24T15:21:50","date_gmt":"2025-11-24T15:21:50","guid":{"rendered":"https:\/\/bestfitnessstore.com\/?post_type=product&#038;p=986"},"modified":"2025-11-24T15:21:51","modified_gmt":"2025-11-24T15:21:51","slug":"spirit-xbu55-ent-upright-bike","status":"publish","type":"product","link":"http:\/\/bestfitnessstore.com\/de\/product\/spirit-xbu55-ent-upright-bike\/","title":{"rendered":"Spirit XBU55 ENT Upright Bike"},"content":{"rendered":"<div class=\"product-attribute-container-desktop desktop-only\">\n<div class=\"additional-attributes-wrapper table-wrapper\">\n<h4>PRODUKTINFORMATION<\/h4>\n<div class=\"attributes-container\">\n<ul class=\"product-attributes-container\">\n<li><span class=\"specification-title\">Gewicht der Verpackung (KG):\u00a0<\/span><span class=\"specification-data\">54.400002<\/span><\/li>\n<li><span class=\"specification-title\">Leistung Methode:\u00a0<\/span><span class=\"specification-data\">Elektrisches Netz<\/span><\/li>\n<li><span class=\"specification-title\">Tablet-Halterung:\u00a0<\/span><span class=\"specification-data\">Ja<\/span><\/li>\n<li><span class=\"specification-title\">Zyklus-Typ:\u00a0<\/span><span class=\"specification-data\">Aufrecht<\/span><\/li>\n<li><span class=\"specification-title\">Schwungrad Gewicht (KG):\u00a0<\/span><span class=\"specification-data\">14<\/span><\/li>\n<li><span class=\"specification-title\">Maximales Benutzergewicht (kg):\u00a0<\/span><span class=\"specification-data\">150.00 (Kg)<\/span><\/li>\n<li><span class=\"specification-title\">Produktabmessungen (LxBxH):\u00a0<\/span><span class=\"specification-data\">108 x 55 x 157 cm<\/span><\/li>\n<\/ul>\n<ul class=\"product-attributes-container\">\n<li><span class=\"specification-title\">Produktgewicht (KG):\u00a0<\/span><span class=\"specification-data\">47.80<\/span><\/li>\n<li><span class=\"specification-title\">App-Integration:\u00a0<\/span><span class=\"specification-data\">SPIRIT+, Zwift<\/span><\/li>\n<li><span class=\"specification-title\">Bluetooth:\u00a0<\/span><span class=\"specification-data\">Ja<\/span><\/li>\n<li><span class=\"specification-title\">Transport-R\u00e4der:\u00a0<\/span><span class=\"specification-data\">Ja<\/span><\/li>\n<li><span class=\"specification-title\">\u00dcberwachung der Herzfrequenz:\u00a0<\/span><span class=\"specification-data\">Eingebaute Sensoren und Bluetooth<\/span><\/li>\n<li><span class=\"specification-title\">Eingebaute Programme:\u00a0<\/span><span class=\"specification-data\">Manuell, H\u00fcgel, Fettverbrennung, Kardio, Kraft, HIIT, Fusion, Ziel (Zeit, Distanz, Kalorien), 8 benutzerdefinierte, 4 Herzfrequenz- und Fitnesstest (YMCA-Protokoll)<\/span><\/li>\n<li><span class=\"specification-title\">Abmessungen der Box (LxBxH):\u00a0<\/span><span class=\"specification-data\">117,50 x 46 x 78 cm<\/span><\/li>\n<\/ul>\n<\/div>\n<\/div>\n<\/div>\n<div class=\"product-features\">\n<h4>ZUS\u00c4TZLICHE EIGENSCHAFTEN<\/h4>\n<div class=\"more-container\">\n<div class=\"unshow-text\">\n<ul class=\"product-features-container\">\n<li><span class=\"specification-title\">Konsole:<\/span>\u00a0<span class=\"specification-data\">10,1-Zoll-Touchscreen, Telefonleiste, neig- und schwenkbare Tablet-Halterung, Bluetooth-Lautsprecher, USB-Ladeanschluss, einstellbares Gebl\u00e4se, Kindersicherung, Audioanschluss, 12 vorinstallierte Apps<\/span><\/li>\n<li><span class=\"specification-title\">Herzfrequenz:<\/span>\u00a0<span class=\"specification-data\">Kontakt und Telemetrie (5kHz und Bluetooth), Brustgurt nicht im Lieferumfang enthalten<\/span><\/li>\n<li><span class=\"specification-title\">Widerstandsniveaus:<\/span>\u00a0<span class=\"specification-data\">20 Niveaus<\/span><\/li>\n<li><span class=\"specification-title\">Schwungrad:<\/span>\u00a0<span class=\"specification-data\">14kg<\/span><\/li>\n<li><span class=\"specification-title\">Sitz:<\/span>\u00a0<span class=\"specification-data\">Gro\u00dfer gepolsterter Sitz<\/span><\/li>\n<li><span class=\"specification-title\">Pedale:<\/span>\u00a0<span class=\"specification-data\">\u00dcberdimensioniert und selbstbalancierend mit Schnellverriegelungssystem<\/span><\/li>\n<li><span class=\"specification-title\">Bitte beachten:<\/span>\u00a0<span class=\"specification-data\">Tablette nicht enthalten<\/span><\/li>\n<\/ul>\n<\/div>\n<\/div>\n<\/div>\n<div class=\"product-warranty\">\n<h4>GARANTIE<\/h4>\n<div class=\"text-container\"><strong>Verwendung zu Hause:<\/strong>\u00a010 Jahre auf Motor, 3 Jahre auf Teile und 3 Jahre auf Arbeit. Das Produkt muss in einer geeigneten Umgebung verwendet\/gelagert werden (Orte mit feuchtem, unversiegeltem Beton oder Bereiche mit konstantem Luftstrom nach au\u00dfen gelten nicht als geeignet).<\/p>\n<\/div>\n<\/div>\n<div class=\"product-next-day\">\n<h4>EILZUSTELLUNG<\/h4>\n<div class=\"text-container\">F\u00fcr viele unserer Produkte gibt es Express- und Wunschtermin-Lieferoptionen, d.h. Sie erhalten Ihr Produkt schon morgen oder zu einem von Ihnen gew\u00e4hlten Termin. Bitte pr\u00fcfen Sie die Lieferoptionen an der Kasse, um die Verf\u00fcgbarkeit f\u00fcr Ihren Warenkorb und Ihre Postleitzahl zu sehen. Es gelten die Lieferbedingungen.<\/div>\n<\/div>","protected":false},"excerpt":{"rendered":"<p>Das Spirit XBU55 ENT Upright Bike kombiniert Komfort mit Leistung und ist eine sinnvolle Erg\u00e4nzung f\u00fcr alle Radsportfans. Dank des 14 kg schweren Schwungrads ist jeder Tritt in die Pedale ein Kinderspiel. 20 Widerstandsstufen sorgen daf\u00fcr, dass jede Fahrt so anspruchsvoll ist, wie Sie es brauchen. Dank des vollst\u00e4ndig verstellbaren, gepolsterten Sitzes, der \u00fcbergro\u00dfen Pedale mit Schnellverriegelung und des ergonomischen Lenkerdesigns k\u00f6nnen Sie es sich auf dem XBU55 schnell bequem machen. Das 10,1-Zoll-Touchscreen-Display verf\u00fcgt \u00fcber eine intuitive Benutzeroberfl\u00e4che zur einfachen Navigation durch Trainingsprogramme und verschiedene Fitnesstests. Es gibt vorinstallierte Apps wie Netflix, CNN und mehr sowie integrierte Bildschirmspiegelungsfunktionen und einen USB-Ladeanschluss f\u00fcr endlose Unterhaltungs- oder Motivationsm\u00f6glichkeiten. Es stehen verschiedene voreingestellte Trainingsprogramme zur Auswahl, darunter Manuell, Bergauf, Fettverbrennung, Cardio, Kraft, HIIT, Fusion, Ziel (Zeit, Distanz, Kalorien), 8 benutzerdefinierte, 4 Herzfrequenz- und Fitnesstest (YMCA-Protokoll). Die XBU55 l\u00e4sst sich \u00fcber die Spirit+ App auch mit einigen f\u00fchrenden Fitness-Apps wie Zwift, Map My Fitness, Apple Health Kit und mehr verbinden. Die Konsole ist mit einem speziellen Titel und einem schwenkbaren Tablet-Halter \u00fcber dem Bildschirm, einem einstellbaren L\u00fcfter, einem USB-Ladeanschluss, direkt zug\u00e4nglichen Widerstandstasten und integrierten Bluetooth-Lautsprechern ausgestattet.<\/p>\n<div class=\"product-attribute-container-desktop desktop-only\">\n<div class=\"additional-attributes-wrapper table-wrapper\"><\/div>\n<\/div>","protected":false},"featured_media":987,"comment_status":"open","ping_status":"closed","template":"","meta":{"site-sidebar-layout":"default","site-content-layout":"","ast-site-content-layout":"default","site-content-style":"default","site-sidebar-style":"default","ast-global-header-display":"","ast-banner-title-visibility":"","ast-main-header-display":"","ast-hfb-above-header-display":"","ast-hfb-below-header-display":"","ast-hfb-mobile-header-display":"","site-post-title":"","ast-breadcrumbs-content":"","ast-featured-img":"","footer-sml-layout":"","theme-transparent-header-meta":"default","adv-header-id-meta":"","stick-header-meta":"","header-above-stick-meta":"","header-main-stick-meta":"","header-below-stick-meta":"","astra-migrate-meta-layouts":"set","ast-page-background-enabled":"default","ast-page-background-meta":{"desktop":{"background-color":"var(--ast-global-color-5)","background-image":"","background-repeat":"repeat","background-position":"center center","background-size":"auto","background-attachment":"scroll","background-type":"","background-media":"","overlay-type":"","overlay-color":"","overlay-opacity":"","overlay-gradient":""},"tablet":{"background-color":"","background-image":"","background-repeat":"repeat","background-position":"center center","background-size":"auto","background-attachment":"scroll","background-type":"","background-media":"","overlay-type":"","overlay-color":"","overlay-opacity":"","overlay-gradient":""},"mobile":{"background-color":"","background-image":"","background-repeat":"repeat","background-position":"center center","background-size":"auto","background-attachment":"scroll","background-type":"","background-media":"","overlay-type":"","overlay-color":"","overlay-opacity":"","overlay-gradient":""}},"ast-content-background-meta":{"desktop":{"background-color":"var(--ast-global-color-4)","background-image":"","background-repeat":"repeat","background-position":"center center","background-size":"auto","background-attachment":"scroll","background-type":"","background-media":"","overlay-type":"","overlay-color":"","overlay-opacity":"","overlay-gradient":""},"tablet":{"background-color":"var(--ast-global-color-4)","background-image":"","background-repeat":"repeat","background-position":"center center","background-size":"auto","background-attachment":"scroll","background-type":"","background-media":"","overlay-type":"","overlay-color":"","overlay-opacity":"","overlay-gradient":""},"mobile":{"background-color":"var(--ast-global-color-4)","background-image":"","background-repeat":"repeat","background-position":"center center","background-size":"auto","background-attachment":"scroll","background-type":"","background-media":"","overlay-type":"","overlay-color":"","overlay-opacity":"","overlay-gradient":""}}},"product_brand":[],"product_cat":[19],"product_tag":[22],"class_list":{"0":"post-986","1":"product","2":"type-product","3":"status-publish","4":"has-post-thumbnail","6":"product_cat-excise-bikes","7":"product_tag-exercise-bikes","8":"desktop-align-left","9":"tablet-align-left","10":"mobile-align-left","12":"first","13":"instock","14":"sale","15":"taxable","16":"shipping-taxable","17":"purchasable","18":"product-type-simple"},"_links":{"self":[{"href":"http:\/\/bestfitnessstore.com\/de\/wp-json\/wp\/v2\/product\/986","targetHints":{"allow":["GET"]}}],"collection":[{"href":"http:\/\/bestfitnessstore.com\/de\/wp-json\/wp\/v2\/product"}],"about":[{"href":"http:\/\/bestfitnessstore.com\/de\/wp-json\/wp\/v2\/types\/product"}],"replies":[{"embeddable":true,"href":"http:\/\/bestfitnessstore.com\/de\/wp-json\/wp\/v2\/comments?post=986"}],"wp:featuredmedia":[{"embeddable":true,"href":"http:\/\/bestfitnessstore.com\/de\/wp-json\/wp\/v2\/media\/987"}],"wp:attachment":[{"href":"http:\/\/bestfitnessstore.com\/de\/wp-json\/wp\/v2\/media?parent=986"}],"wp:term":[{"taxonomy":"product_brand","embeddable":true,"href":"http:\/\/bestfitnessstore.com\/de\/wp-json\/wp\/v2\/product_brand?post=986"},{"taxonomy":"product_cat","embeddable":true,"href":"http:\/\/bestfitnessstore.com\/de\/wp-json\/wp\/v2\/product_cat?post=986"},{"taxonomy":"product_tag","embeddable":true,"href":"http:\/\/bestfitnessstore.com\/de\/wp-json\/wp\/v2\/product_tag?post=986"}],"curies":[{"name":"wp","href":"https:\/\/api.w.org\/{rel}","templated":true}]}}