{"id":980,"date":"2025-11-24T15:19:14","date_gmt":"2025-11-24T15:19:14","guid":{"rendered":"https:\/\/bestfitnessstore.com\/?post_type=product&#038;p=980"},"modified":"2025-11-24T15:25:20","modified_gmt":"2025-11-24T15:25:20","slug":"das-komfortable-und-ergonomische-spirit-xbr55-liegerad-bietet-jedes-mal-eine-hochwertige-fahrt-sein-durchgangiges-design-erleichtert-das-aufsteigen-und-losfahren-mit-ubergrosen-pedalen-einem-sitz-mi","status":"publish","type":"product","link":"http:\/\/bestfitnessstore.com\/de\/product\/comfortable-and-ergonomic-the-spirit-xbr55-recumbent-bike-delivers-a-quality-ride-every-time-its-step-through-design-makes-it-easy-to-get-on-and-go-with-oversized-pedals-a-high-density-seat-and-ad\/","title":{"rendered":"Spirit XBU55 Upright Bike"},"content":{"rendered":"<div class=\"product-attribute-container-desktop desktop-only\">\n<div class=\"additional-attributes-wrapper table-wrapper\">\n<h4>PRODUKTINFORMATION<\/h4>\n<div class=\"attributes-container\">\n<ul class=\"product-attributes-container\">\n<li><span class=\"specification-title\">Gewicht der Verpackung (KG):\u00a0<\/span><span class=\"specification-data\">74.300003<\/span><\/li>\n<li><span class=\"specification-title\">App-Integration:\u00a0<\/span><span class=\"specification-data\">KinoMap, SPIRIT+, Zwift<\/span><\/li>\n<li><span class=\"specification-title\">Bluetooth:\u00a0<\/span><span class=\"specification-data\">Ja<\/span><\/li>\n<li><span class=\"specification-title\">Transport-R\u00e4der:\u00a0<\/span><span class=\"specification-data\">Ja<\/span><\/li>\n<li><span class=\"specification-title\">\u00dcberwachung der Herzfrequenz:\u00a0<\/span><span class=\"specification-data\">Eingebaute Sensoren und Bluetooth<\/span><\/li>\n<li><span class=\"specification-title\">Eingebaute Programme:\u00a0<\/span><span class=\"specification-data\">Manuell, H\u00fcgel, Fettverbrennung, Kardio, Kraft, HIIT, Fusion, Zeit, Entfernung, Kalorien, 2 Benutzerdefiniert, 4 Herzfrequenz<\/span><\/li>\n<li><span class=\"specification-title\">Abmessungen der Box (LxBxH):\u00a0<\/span><span class=\"specification-data\">146 x 46 x 77,50 cm<\/span><\/li>\n<\/ul>\n<ul class=\"product-attributes-container\">\n<li><span class=\"specification-title\">Leistung Methode:\u00a0<\/span><span class=\"specification-data\">Elektrisches Netz<\/span><\/li>\n<li><span class=\"specification-title\">Tablet-Halterung:\u00a0<\/span><span class=\"specification-data\">Ja<\/span><\/li>\n<li><span class=\"specification-title\">Zyklus-Typ:\u00a0<\/span><span class=\"specification-data\">Liegerad<\/span><\/li>\n<li><span class=\"specification-title\">Schwungrad Gewicht (KG):\u00a0<\/span><span class=\"specification-data\">10<\/span><\/li>\n<li><span class=\"specification-title\">Maximales Benutzergewicht (kg):\u00a0<\/span><span class=\"specification-data\">150.00 (Kg)<\/span><\/li>\n<li><span class=\"specification-title\">Produktabmessungen (LxBxH):\u00a0<\/span><span class=\"specification-data\">144 x 75 x 144 cm<\/span><\/li>\n<\/ul>\n<\/div>\n<\/div>\n<\/div>\n<div class=\"product-features\">\n<h4>ZUS\u00c4TZLICHE EIGENSCHAFTEN<\/h4>\n<div class=\"more-container\">\n<div class=\"unshow-text\">\n<ul class=\"product-features-container\">\n<li><span class=\"specification-title\">Konsole:<\/span>\u00a0<span class=\"specification-data\">7,5\u2033 Mehrfarben-LCD, Herzkurve, neig- und drehbare Tablet-Halterung, einstellbarer L\u00fcfter, Bluetooth-Lautsprecher, USB-Ladeanschluss<\/span><\/li>\n<li><span class=\"specification-title\">Herzfrequenz:<\/span>\u00a0<span class=\"specification-data\">Kontakt und Telemetrie (5kHz und Bluetooth), Cheat Strap nicht im Lieferumfang enthalten<\/span><\/li>\n<li><span class=\"specification-title\">Widerstandsniveaus:<\/span>\u00a0<span class=\"specification-data\">20 Niveaus<\/span><\/li>\n<li><span class=\"specification-title\">Schwungrad:<\/span>\u00a0<span class=\"specification-data\">10kg<\/span><\/li>\n<li><span class=\"specification-title\">Winkel der Sitzlehne:<\/span>\u00a0<span class=\"specification-data\">Einstellbar<\/span><\/li>\n<li><span class=\"specification-title\">Pedale:<\/span>\u00a0<span class=\"specification-data\">\u00dcberdimensioniert und selbstbalancierend mit Schnellverriegelungssystem<\/span><\/li>\n<li><span class=\"specification-title\">Sitzpl\u00e4tze:<\/span>\u00a0<span class=\"specification-data\">Hochverdichteter Sitz mit verstellbarer Nylon-Netzr\u00fcckenlehne<\/span><\/li>\n<li><span class=\"specification-title\">Fernbedienungstasten:<\/span>\u00a0<span class=\"specification-data\">Widerstand, Sitz Lenker montiert<\/span><\/li>\n<li><span class=\"specification-title\">Bitte beachten:<\/span>\u00a0<span class=\"specification-data\">Tablette nicht enthalten<\/span><\/li>\n<\/ul>\n<\/div>\n<\/div>\n<\/div>\n<div class=\"product-warranty\">\n<h4>GARANTIE<\/h4>\n<div class=\"text-container\"><strong>Verwendung zu Hause:<\/strong>\u00a010 Jahre auf Motor, 3 Jahre auf Teile und 3 Jahre auf Arbeit. Das Produkt muss in einer geeigneten Umgebung verwendet\/gelagert werden (Orte mit feuchtem, unversiegeltem Beton oder Bereiche mit konstantem Luftstrom nach au\u00dfen gelten nicht als geeignet).<\/div>\n<\/div>\n<div class=\"product-next-day\">\n<h4>EILZUSTELLUNG<\/h4>\n<div class=\"text-container\">F\u00fcr viele unserer Produkte gibt es Express- und Wunschtermin-Lieferoptionen, d.h. Sie erhalten Ihr Produkt schon morgen oder zu einem von Ihnen gew\u00e4hlten Termin. Bitte pr\u00fcfen Sie die Lieferoptionen an der Kasse, um die Verf\u00fcgbarkeit f\u00fcr Ihren Warenkorb und Ihre Postleitzahl zu sehen. Es gelten die Lieferbedingungen.<\/div>\n<\/div>","protected":false},"excerpt":{"rendered":"<p>Das Spirit XBR55 Recumbent Bike ist bequem und ergonomisch und bietet jedes Mal eine hochwertige Fahrt. Die \u00fcbergro\u00dfen Pedale, der dichte Sitz und die verstellbare R\u00fcckenlehne aus Nylon-Netz sorgen f\u00fcr Komfort, selbst bei langen Trainingseinheiten. Die Konsole verf\u00fcgt \u00fcber ein mehrfarbiges 7,5-Zoll-LCD-Display, auf dem alle wichtigen Trainingsdaten und -metriken angezeigt werden, einschlie\u00dflich der Herzfrequenz, die entweder \u00fcber die integrierten Kontaktpunkte an den seitlichen Griffen oder \u00fcber einen Bluetooth-Brustgurt (nicht im Lieferumfang enthalten) gemessen werden kann. Sie k\u00f6nnen aus einer Vielzahl von voreingestellten Trainingsprogrammen w\u00e4hlen, darunter Manuell, Bergauf, Fettverbrennung, Cardio, Kraft, HIIT, Fusion, Zeit, Distanz, Kalorien, 2 benutzerdefinierte und 4 Herzfrequenzprogramme. Der XBR55 l\u00e4sst sich au\u00dferdem \u00fcber die Spirit + App mit einigen f\u00fchrenden Fitness-Apps wie Zwift und Kinomap, sowie Map My Fitness, Apple Health Kit und mehr verbinden. Abgerundet wird die Konsole durch eine integrierte Tablet-Halterung \u00fcber dem Bildschirm, die sich neigen und drehen l\u00e4sst, direkt zug\u00e4ngliche Widerstandstasten, mit denen Sie sich durch 20 Widerstandsstufen arbeiten k\u00f6nnen, einen einstellbaren L\u00fcfter, einen USB-Ladeanschluss und integrierte Bluetooth-Lautsprecher.<\/p>\n<div class=\"product-attribute-container-desktop desktop-only\">\n<div class=\"additional-attributes-wrapper table-wrapper\"><\/div>\n<\/div>","protected":false},"featured_media":981,"comment_status":"open","ping_status":"closed","template":"","meta":{"site-sidebar-layout":"default","site-content-layout":"","ast-site-content-layout":"default","site-content-style":"default","site-sidebar-style":"default","ast-global-header-display":"","ast-banner-title-visibility":"","ast-main-header-display":"","ast-hfb-above-header-display":"","ast-hfb-below-header-display":"","ast-hfb-mobile-header-display":"","site-post-title":"","ast-breadcrumbs-content":"","ast-featured-img":"","footer-sml-layout":"","theme-transparent-header-meta":"default","adv-header-id-meta":"","stick-header-meta":"","header-above-stick-meta":"","header-main-stick-meta":"","header-below-stick-meta":"","astra-migrate-meta-layouts":"set","ast-page-background-enabled":"default","ast-page-background-meta":{"desktop":{"background-color":"var(--ast-global-color-5)","background-image":"","background-repeat":"repeat","background-position":"center center","background-size":"auto","background-attachment":"scroll","background-type":"","background-media":"","overlay-type":"","overlay-color":"","overlay-opacity":"","overlay-gradient":""},"tablet":{"background-color":"","background-image":"","background-repeat":"repeat","background-position":"center center","background-size":"auto","background-attachment":"scroll","background-type":"","background-media":"","overlay-type":"","overlay-color":"","overlay-opacity":"","overlay-gradient":""},"mobile":{"background-color":"","background-image":"","background-repeat":"repeat","background-position":"center center","background-size":"auto","background-attachment":"scroll","background-type":"","background-media":"","overlay-type":"","overlay-color":"","overlay-opacity":"","overlay-gradient":""}},"ast-content-background-meta":{"desktop":{"background-color":"var(--ast-global-color-4)","background-image":"","background-repeat":"repeat","background-position":"center center","background-size":"auto","background-attachment":"scroll","background-type":"","background-media":"","overlay-type":"","overlay-color":"","overlay-opacity":"","overlay-gradient":""},"tablet":{"background-color":"var(--ast-global-color-4)","background-image":"","background-repeat":"repeat","background-position":"center center","background-size":"auto","background-attachment":"scroll","background-type":"","background-media":"","overlay-type":"","overlay-color":"","overlay-opacity":"","overlay-gradient":""},"mobile":{"background-color":"var(--ast-global-color-4)","background-image":"","background-repeat":"repeat","background-position":"center center","background-size":"auto","background-attachment":"scroll","background-type":"","background-media":"","overlay-type":"","overlay-color":"","overlay-opacity":"","overlay-gradient":""}}},"product_brand":[],"product_cat":[19],"product_tag":[22],"class_list":{"0":"post-980","1":"product","2":"type-product","3":"status-publish","4":"has-post-thumbnail","6":"product_cat-excise-bikes","7":"product_tag-exercise-bikes","8":"desktop-align-left","9":"tablet-align-left","10":"mobile-align-left","12":"first","13":"instock","14":"sale","15":"taxable","16":"shipping-taxable","17":"purchasable","18":"product-type-simple"},"_links":{"self":[{"href":"http:\/\/bestfitnessstore.com\/de\/wp-json\/wp\/v2\/product\/980","targetHints":{"allow":["GET"]}}],"collection":[{"href":"http:\/\/bestfitnessstore.com\/de\/wp-json\/wp\/v2\/product"}],"about":[{"href":"http:\/\/bestfitnessstore.com\/de\/wp-json\/wp\/v2\/types\/product"}],"replies":[{"embeddable":true,"href":"http:\/\/bestfitnessstore.com\/de\/wp-json\/wp\/v2\/comments?post=980"}],"wp:featuredmedia":[{"embeddable":true,"href":"http:\/\/bestfitnessstore.com\/de\/wp-json\/wp\/v2\/media\/981"}],"wp:attachment":[{"href":"http:\/\/bestfitnessstore.com\/de\/wp-json\/wp\/v2\/media?parent=980"}],"wp:term":[{"taxonomy":"product_brand","embeddable":true,"href":"http:\/\/bestfitnessstore.com\/de\/wp-json\/wp\/v2\/product_brand?post=980"},{"taxonomy":"product_cat","embeddable":true,"href":"http:\/\/bestfitnessstore.com\/de\/wp-json\/wp\/v2\/product_cat?post=980"},{"taxonomy":"product_tag","embeddable":true,"href":"http:\/\/bestfitnessstore.com\/de\/wp-json\/wp\/v2\/product_tag?post=980"}],"curies":[{"name":"wp","href":"https:\/\/api.w.org\/{rel}","templated":true}]}}