{"id":960,"date":"2025-11-24T15:03:20","date_gmt":"2025-11-24T15:03:20","guid":{"rendered":"https:\/\/bestfitnessstore.com\/?post_type=product&#038;p=960"},"modified":"2025-11-24T15:03:20","modified_gmt":"2025-11-24T15:03:20","slug":"spirit-cu800-led-aufrecht-fahrrad-graphit-grau","status":"publish","type":"product","link":"http:\/\/bestfitnessstore.com\/de\/product\/spirit-cu800-led-upright-bike-graphite-grey\/","title":{"rendered":"Spirit CU800+ LED Upright Bike (Graphitgrau)"},"content":{"rendered":"<div class=\"product-attribute-container-desktop desktop-only\">\n<div class=\"additional-attributes-wrapper table-wrapper\">\n<h4>PRODUKTINFORMATION<\/h4>\n<div class=\"attributes-container\">\n<ul class=\"product-attributes-container\">\n<li><span class=\"specification-title\">Gewicht der Verpackung (KG):\u00a0<\/span><span class=\"specification-data\">57.400002<\/span><\/li>\n<li><span class=\"specification-title\">Leistung Methode:\u00a0<\/span><span class=\"specification-data\">Eigenstromversorgung<\/span><\/li>\n<li><span class=\"specification-title\">Tablet-Halterung:\u00a0<\/span><span class=\"specification-data\">Ja<\/span><\/li>\n<li><span class=\"specification-title\">Pedale:\u00a0<\/span><span class=\"specification-data\">Standard, Riemen<\/span><\/li>\n<li><span class=\"specification-title\">Zyklus-Typ:\u00a0<\/span><span class=\"specification-data\">Aufrecht<\/span><\/li>\n<li><span class=\"specification-title\">System des Widerstands:\u00a0<\/span><span class=\"specification-data\">B\u00fcrstenloser Generator<\/span><\/li>\n<li><span class=\"specification-title\">Maximales Benutzergewicht (kg):\u00a0<\/span><span class=\"specification-data\">205.00 (Kg)<\/span><\/li>\n<li><span class=\"specification-title\">Produktabmessungen (LxBxH):\u00a0<\/span><span class=\"specification-data\">123 x 65 x 146,50 cm<\/span><\/li>\n<\/ul>\n<ul class=\"product-attributes-container\">\n<li><span class=\"specification-title\">Produktgewicht (KG):\u00a0<\/span><span class=\"specification-data\">57<\/span><\/li>\n<li><span class=\"specification-title\">App-Integration:\u00a0<\/span><span class=\"specification-data\">KinoMap, Zwift<\/span><\/li>\n<li><span class=\"specification-title\">Bluetooth:\u00a0<\/span><span class=\"specification-data\">Ja<\/span><\/li>\n<li><span class=\"specification-title\">Verstellbarkeit des Rahmens:\u00a0<\/span><span class=\"specification-data\">Vorw\u00e4rts- und R\u00fcckw\u00e4rtssattel, Auf- und Absatteln<\/span><\/li>\n<li><span class=\"specification-title\">Transport-R\u00e4der:\u00a0<\/span><span class=\"specification-data\">Ja<\/span><\/li>\n<li><span class=\"specification-title\">Schwungrad Gewicht (KG):\u00a0<\/span><span class=\"specification-data\">14<\/span><\/li>\n<li><span class=\"specification-title\">Eingebaute Programme:\u00a0<\/span><span class=\"specification-data\">Manuell, H\u00fcgel, Fettverbrennung, Kardio, HIIT, Intervall, 2 Herzfrequenzen, Benutzerdefiniert, Fit-Test, Konstante Leistung<\/span><\/li>\n<\/ul>\n<\/div>\n<\/div>\n<\/div>\n<div class=\"product-features\">\n<h4>ZUS\u00c4TZLICHE EIGENSCHAFTEN<\/h4>\n<div class=\"more-container\">\n<div class=\"unshow-text\">\n<ul class=\"product-features-container\">\n<li><span class=\"specification-title\">Macht:<\/span>\u00a0<span class=\"specification-data\">Stromerzeuger<\/span><\/li>\n<li><span class=\"specification-title\">Konsole:<\/span>\u00a0<span class=\"specification-data\">Gro\u00dfe wei\u00dfe LED mit farbigen Abschnitten, schwarzer Boden, 18-Zeichen-Meldungsfenster, F\u00fcllstandsfenster, Drehzahlfenster<\/span><\/li>\n<li><span class=\"specification-title\">Bluetooth:<\/span>\u00a0<span class=\"specification-data\">Verbindung mit Brustgurt\/App\/Kopfh\u00f6rer<\/span><\/li>\n<li><span class=\"specification-title\">USB-Anschluss:<\/span>\u00a0<span class=\"specification-data\">Zum Aufladen von Ger\u00e4ten<\/span><\/li>\n<li><span class=\"specification-title\">Fan:<\/span>\u00a0<span class=\"specification-data\">K\u00fchl bleiben beim Training<\/span><\/li>\n<li><span class=\"specification-title\">Schwungrad:<\/span>\u00a0<span class=\"specification-data\">14kg \/ 30.87lbs<\/span><\/li>\n<li><span class=\"specification-title\">Widerstandsniveaus:<\/span>\u00a0<span class=\"specification-data\">1-40<\/span><\/li>\n<li><span class=\"specification-title\">Antriebsstrang:<\/span>\u00a0<span class=\"specification-data\">Poly-V-Riemen mit Selbstspanner<\/span><\/li>\n<li><span class=\"specification-title\">Sitz:<\/span>\u00a0<span class=\"specification-data\">Doppelfedern gepolstert<\/span><\/li>\n<li><span class=\"specification-title\">\u00dcbergro\u00dfe Pedale:<\/span>\u00a0<span class=\"specification-data\">Mit Schnellverschlusssystem<\/span><\/li>\n<\/ul>\n<\/div>\n<\/div>\n<\/div>\n<div class=\"product-warranty\">\n<h4>GARANTIE<\/h4>\n<div class=\"text-container\"><strong>Privathaushalt und leichte\/vollst\u00e4ndige gewerbliche Nutzung:<\/strong>\u00a03 Jahre auf Teile und Arbeit. Das Produkt muss in einer geeigneten Umgebung verwendet\/gelagert werden (Orte mit feuchtem, unversiegeltem Beton oder Bereiche mit st\u00e4ndiger Luftzufuhr zu Au\u00dfenbereichen gelten nicht als geeignet).<\/div>\n<\/div>","protected":false},"excerpt":{"rendered":"<p>Der kompakte Rahmen des Spirit CU800+ LED Upright Bike ist mit einem 14-kg-Schwungrad und einem integrierten Generator ausgestattet, der f\u00fcr ein gleichm\u00e4\u00dfiges, ruhiges Fahrverhalten sorgt. Die \u00fcbergro\u00dfen Pedale mit Schnellverriegelung sorgen f\u00fcr einen sicheren Stand, w\u00e4hrend der gepolsterte, ergonomische und voll verstellbare Sitz zus\u00e4tzlichen Komfort bietet. 40 Widerstandsstufen erf\u00fcllen die Anforderungen aller Benutzer, vom Anf\u00e4nger bis zum Fortgeschrittenen. Mit den Optionen zur \u00dcberwachung der Kontakt- und der kabellosen Herzfrequenz k\u00f6nnen die Benutzer verfolgen, wie hart sie arbeiten, und so in ihrem effektiven Trainingsbereich bleiben. Verfolgen Sie Ihr Training (manuell, bergauf, Fettverbrennung, Kardio, HIIT, Intervall, 2 Herzfrequenzen, benutzerdefiniert, Fit-Test, konstante Leistung) auf der hellen wei\u00dfen LED-Konsole mit mehreren Fenstern, wechseln Sie Ihren Brustgurt\/die App und die Kopfh\u00f6rer. Die Konsole verf\u00fcgt \u00fcber einen USB-Anschluss zum Aufladen des Ger\u00e4ts, einen Ventilator, der Sie w\u00e4hrend des Trainings k\u00fchl h\u00e4lt, und Bluetooth zum Verbinden von Brustgurt\/App und Kopfh\u00f6rern.<\/p>\n<div class=\"product-attribute-container-desktop desktop-only\">\n<div class=\"additional-attributes-wrapper table-wrapper\"><\/div>\n<\/div>","protected":false},"featured_media":963,"comment_status":"open","ping_status":"closed","template":"","meta":{"site-sidebar-layout":"default","site-content-layout":"","ast-site-content-layout":"default","site-content-style":"default","site-sidebar-style":"default","ast-global-header-display":"","ast-banner-title-visibility":"","ast-main-header-display":"","ast-hfb-above-header-display":"","ast-hfb-below-header-display":"","ast-hfb-mobile-header-display":"","site-post-title":"","ast-breadcrumbs-content":"","ast-featured-img":"","footer-sml-layout":"","theme-transparent-header-meta":"default","adv-header-id-meta":"","stick-header-meta":"","header-above-stick-meta":"","header-main-stick-meta":"","header-below-stick-meta":"","astra-migrate-meta-layouts":"set","ast-page-background-enabled":"default","ast-page-background-meta":{"desktop":{"background-color":"var(--ast-global-color-5)","background-image":"","background-repeat":"repeat","background-position":"center center","background-size":"auto","background-attachment":"scroll","background-type":"","background-media":"","overlay-type":"","overlay-color":"","overlay-opacity":"","overlay-gradient":""},"tablet":{"background-color":"","background-image":"","background-repeat":"repeat","background-position":"center center","background-size":"auto","background-attachment":"scroll","background-type":"","background-media":"","overlay-type":"","overlay-color":"","overlay-opacity":"","overlay-gradient":""},"mobile":{"background-color":"","background-image":"","background-repeat":"repeat","background-position":"center center","background-size":"auto","background-attachment":"scroll","background-type":"","background-media":"","overlay-type":"","overlay-color":"","overlay-opacity":"","overlay-gradient":""}},"ast-content-background-meta":{"desktop":{"background-color":"var(--ast-global-color-4)","background-image":"","background-repeat":"repeat","background-position":"center center","background-size":"auto","background-attachment":"scroll","background-type":"","background-media":"","overlay-type":"","overlay-color":"","overlay-opacity":"","overlay-gradient":""},"tablet":{"background-color":"var(--ast-global-color-4)","background-image":"","background-repeat":"repeat","background-position":"center center","background-size":"auto","background-attachment":"scroll","background-type":"","background-media":"","overlay-type":"","overlay-color":"","overlay-opacity":"","overlay-gradient":""},"mobile":{"background-color":"var(--ast-global-color-4)","background-image":"","background-repeat":"repeat","background-position":"center center","background-size":"auto","background-attachment":"scroll","background-type":"","background-media":"","overlay-type":"","overlay-color":"","overlay-opacity":"","overlay-gradient":""}}},"product_brand":[],"product_cat":[19],"product_tag":[22],"class_list":{"0":"post-960","1":"product","2":"type-product","3":"status-publish","4":"has-post-thumbnail","6":"product_cat-excise-bikes","7":"product_tag-exercise-bikes","8":"desktop-align-left","9":"tablet-align-left","10":"mobile-align-left","12":"first","13":"instock","14":"sale","15":"taxable","16":"shipping-taxable","17":"purchasable","18":"product-type-simple"},"_links":{"self":[{"href":"http:\/\/bestfitnessstore.com\/de\/wp-json\/wp\/v2\/product\/960","targetHints":{"allow":["GET"]}}],"collection":[{"href":"http:\/\/bestfitnessstore.com\/de\/wp-json\/wp\/v2\/product"}],"about":[{"href":"http:\/\/bestfitnessstore.com\/de\/wp-json\/wp\/v2\/types\/product"}],"replies":[{"embeddable":true,"href":"http:\/\/bestfitnessstore.com\/de\/wp-json\/wp\/v2\/comments?post=960"}],"wp:featuredmedia":[{"embeddable":true,"href":"http:\/\/bestfitnessstore.com\/de\/wp-json\/wp\/v2\/media\/963"}],"wp:attachment":[{"href":"http:\/\/bestfitnessstore.com\/de\/wp-json\/wp\/v2\/media?parent=960"}],"wp:term":[{"taxonomy":"product_brand","embeddable":true,"href":"http:\/\/bestfitnessstore.com\/de\/wp-json\/wp\/v2\/product_brand?post=960"},{"taxonomy":"product_cat","embeddable":true,"href":"http:\/\/bestfitnessstore.com\/de\/wp-json\/wp\/v2\/product_cat?post=960"},{"taxonomy":"product_tag","embeddable":true,"href":"http:\/\/bestfitnessstore.com\/de\/wp-json\/wp\/v2\/product_tag?post=960"}],"curies":[{"name":"wp","href":"https:\/\/api.w.org\/{rel}","templated":true}]}}