{"id":546,"date":"2025-11-17T05:55:55","date_gmt":"2025-11-17T05:55:55","guid":{"rendered":"https:\/\/bestfitnessstore.com\/?post_type=product&#038;p=546"},"modified":"2025-11-17T05:56:20","modified_gmt":"2025-11-17T05:56:20","slug":"spirit-xe395-ent-elliptischer-cross-trainer","status":"publish","type":"product","link":"http:\/\/bestfitnessstore.com\/de\/product\/spirit-xe395-ent-elliptical-cross-trainer\/","title":{"rendered":"Spirit XE395 ENT Elliptischer Crosstrainer"},"content":{"rendered":"<div class=\"product-attribute-container-desktop desktop-only\">\n<div class=\"additional-attributes-wrapper table-wrapper\">\n<h4>PRODUKTINFORMATION<\/h4>\n<div class=\"attributes-container\">\n<ul class=\"product-attributes-container\">\n<li><span class=\"specification-title\">Gewicht der Verpackung (KG):\u00a0<\/span><span class=\"specification-data\">117.000000<\/span><\/li>\n<li><span class=\"specification-title\">Leistung Methode:\u00a0<\/span><span class=\"specification-data\">Elektrisches Netz<\/span><\/li>\n<li><span class=\"specification-title\">Tablet-Halterung:\u00a0<\/span><span class=\"specification-data\">Ja<\/span><\/li>\n<li><span class=\"specification-title\">Transport-R\u00e4der:\u00a0<\/span><span class=\"specification-data\">Ja<\/span><\/li>\n<li><span class=\"specification-title\">Schwungrad Gewicht (KG):\u00a0<\/span><span class=\"specification-data\">14<\/span><\/li>\n<li><span class=\"specification-title\">\u00dcberwachung der Herzfrequenz:\u00a0<\/span><span class=\"specification-data\">Eingebaute Sensoren und Bluetooth<\/span><\/li>\n<li><span class=\"specification-title\">Eingebaute Programme:\u00a0<\/span><span class=\"specification-data\">Manuell, H\u00fcgel, Fettverbrennung, Kardio, Kraft, HIIT, Fusion, 5K, 10K, Ziel (Zeit, Distanz, Kalorien), 12 Benutzerdefiniert, 4 HRC, Fitness-Test (YMCA-Protokoll)<\/span><\/li>\n<li><span class=\"specification-title\">Abmessungen der Box (LxBxH):\u00a0<\/span><span class=\"specification-data\">168 x 58 x 86 cm<\/span><\/li>\n<\/ul>\n<ul class=\"product-attributes-container\">\n<li><span class=\"specification-title\">Produktgewicht (KG):\u00a0<\/span><span class=\"specification-data\">110.40<\/span><\/li>\n<li><span class=\"specification-title\">App-Integration:\u00a0<\/span><span class=\"specification-data\">SPIRIT+, Zwift<\/span><\/li>\n<li><span class=\"specification-title\">Bluetooth:\u00a0<\/span><span class=\"specification-data\">Ja<\/span><\/li>\n<li><span class=\"specification-title\">Position des Schwungrads:\u00a0<\/span><span class=\"specification-data\">Vorderseite<\/span><\/li>\n<li><span class=\"specification-title\">Schrittl\u00e4nge:\u00a0<\/span><span class=\"specification-data\">50.80<\/span><\/li>\n<li><span class=\"specification-title\">Maximales Benutzergewicht (kg):\u00a0<\/span><span class=\"specification-data\">150.00 (Kg)<\/span><\/li>\n<li><span class=\"specification-title\">Produktabmessungen (LxBxH):\u00a0<\/span><span class=\"specification-data\">191,50 x 75,20 x 179,50 cm<\/span><\/li>\n<\/ul>\n<\/div>\n<\/div>\n<\/div>\n<div class=\"product-features\">\n<h4>ZUS\u00c4TZLICHE EIGENSCHAFTEN<\/h4>\n<div class=\"more-container\">\n<div class=\"unshow-text\">\n<ul class=\"product-features-container\">\n<li><span class=\"specification-title\">Konsole:<\/span>\u00a0<span class=\"specification-data\">10,1\u2033-Touchscreen, Herzkurve, neig- und schwenkbare Tablet-Halterung, Bluetooth-Lautsprecher, USB-Ladeanschluss, einstellbarer L\u00fcfter, Kindersicherung, Audioanschluss, 12 vorinstallierte Apps<\/span><\/li>\n<li><span class=\"specification-title\">Herzfrequenz:<\/span>\u00a0<span class=\"specification-data\">Kontakt und Telemetrie, Brustgurt nicht im Lieferumfang enthalten<\/span><\/li>\n<li><span class=\"specification-title\">Widerstand und Neigung:<\/span>\u00a0<span class=\"specification-data\">20 Niveaus<\/span><\/li>\n<li><span class=\"specification-title\">Gleissystem:<\/span>\u00a0<span class=\"specification-data\">Aluminium-Doppelschienenf\u00fchrungen<\/span><\/li>\n<li><span class=\"specification-title\">Schrittl\u00e4nge:<\/span>\u00a0<span class=\"specification-data\">508mm<\/span><\/li>\n<li><span class=\"specification-title\">Schwungrad:<\/span>\u00a0<span class=\"specification-data\">14 kg<\/span><\/li>\n<li><span class=\"specification-title\">Lenker:<\/span>\u00a0<span class=\"specification-data\">Multi-Positions-Griff - beschichtet<\/span><\/li>\n<li><span class=\"specification-title\">Fu\u00dfpedale:<\/span>\u00a0<span class=\"specification-data\">2\u201d Pedalabstand (Q-Faktor), 2-Grad-Inversion, gepolstert<\/span><\/li>\n<li><span class=\"specification-title\">Bitte beachten:<\/span>\u00a0<span class=\"specification-data\">Tablette nicht enthalten<\/span><\/li>\n<\/ul>\n<\/div>\n<\/div>\n<\/div>\n<div class=\"product-warranty\">\n<h4>GARANTIE<\/h4>\n<div class=\"text-container\">\n<p><strong>Verwendung zu Hause:<\/strong>\u00a010 Jahre auf Motor, 3 Jahre auf Teile und 3 Jahre auf Arbeit. Das Produkt muss in einer geeigneten Umgebung verwendet\/gelagert werden (Orte mit feuchtem, unversiegeltem Beton oder Bereiche mit konstantem Luftstrom nach au\u00dfen gelten nicht als geeignet).<\/p>\n<\/div>\n<\/div>\n<div class=\"product-next-day\">\n<h4>EILZUSTELLUNG<\/h4>\n<div class=\"text-container\">F\u00fcr viele unserer Produkte gibt es Express- und Wunschtermin-Lieferoptionen, d.h. Sie erhalten Ihr Produkt schon morgen oder zu einem von Ihnen gew\u00e4hlten Termin. Bitte pr\u00fcfen Sie die Lieferoptionen an der Kasse, um die Verf\u00fcgbarkeit f\u00fcr Ihren Warenkorb und Ihre Postleitzahl zu sehen. Es gelten die Lieferbedingungen.<\/div>\n<\/div>","protected":false},"excerpt":{"rendered":"<p>Der Spirit XE395 ENT Elliptical Cross Trainer verf\u00fcgt \u00fcber ein duales Aluminiumschienensystem f\u00fcr ein reibungsloses Training bei jedem Training. Die gepolsterten Pedale sind auf drei verschiedene Stufen f\u00fcr unterschiedliche Muskelaktivierung einstellbar, haben einen Abstand von 2\u201d und sind auf eine 2-Grad-Umkehrung eingestellt. Ein 14 kg schweres Schwungrad und eine Schrittl\u00e4nge von 508 mm unterst\u00fctzen die nat\u00fcrliche Bewegung des XE395ENT zus\u00e4tzlich. Mit den beweglichen, mehrfach verstellbaren Griffen mit integrierter Neigungs- und Widerstandssteuerung (jeweils 20 Stufen) wird der Oberk\u00f6rper optimal beansprucht, w\u00e4hrend die statischen Griffe mit Handpulssensoren f\u00fcr genaue Herzfrequenzmessungen ausgestattet sind (die Messung kann auch \u00fcber einen Brustgurt erfolgen - nicht im Lieferumfang enthalten). Das 1,01-Zoll-Touchscreen-Display des Spirit XE395ENT verf\u00fcgt \u00fcber eine intuitive Benutzeroberfl\u00e4che zur einfachen Navigation durch verschiedene Trainingsprogramme. Es gibt vorinstallierte Apps wie Netflix, CNN und mehr, sowie integrierte Bildschirmspiegelungsfunktionen und einen USB-Ladeanschluss f\u00fcr endlose Unterhaltungs- oder Motivationsm\u00f6glichkeiten. Zu den voreingestellten Trainingsprogrammen geh\u00f6ren Manual, Hill, Fat Burn, Cardio, Strength, HIIT, Fusion, 5K, 10K, Target (Zeit, Distanz, Kalorien), 12 Custom, 4 HRC und Fitness Test (YMCA Protocol). Sie k\u00f6nnen den XE395ENT \u00fcber die Spirit+ App auch mit einigen f\u00fchrenden Fitness-Apps wie Zwift, Map My Fitness, Apple Health Kit und anderen verbinden. \u00dcber der Konsole befindet sich eine sichere Tablet-Halterung, eine Leseleiste, ein einstellbarer L\u00fcfter, ein USB-Ladeanschluss und integrierte Bluetooth-Lautsprecher runden die Ausstattung ab.<\/p>\n<div class=\"product-attribute-container-desktop desktop-only\">\n<div class=\"additional-attributes-wrapper table-wrapper\"><\/div>\n<\/div>","protected":false},"featured_media":547,"comment_status":"open","ping_status":"closed","template":"","meta":{"site-sidebar-layout":"default","site-content-layout":"","ast-site-content-layout":"default","site-content-style":"default","site-sidebar-style":"default","ast-global-header-display":"","ast-banner-title-visibility":"","ast-main-header-display":"","ast-hfb-above-header-display":"","ast-hfb-below-header-display":"","ast-hfb-mobile-header-display":"","site-post-title":"","ast-breadcrumbs-content":"","ast-featured-img":"","footer-sml-layout":"","theme-transparent-header-meta":"default","adv-header-id-meta":"","stick-header-meta":"","header-above-stick-meta":"","header-main-stick-meta":"","header-below-stick-meta":"","astra-migrate-meta-layouts":"set","ast-page-background-enabled":"default","ast-page-background-meta":{"desktop":{"background-color":"var(--ast-global-color-5)","background-image":"","background-repeat":"repeat","background-position":"center center","background-size":"auto","background-attachment":"scroll","background-type":"","background-media":"","overlay-type":"","overlay-color":"","overlay-opacity":"","overlay-gradient":""},"tablet":{"background-color":"","background-image":"","background-repeat":"repeat","background-position":"center center","background-size":"auto","background-attachment":"scroll","background-type":"","background-media":"","overlay-type":"","overlay-color":"","overlay-opacity":"","overlay-gradient":""},"mobile":{"background-color":"","background-image":"","background-repeat":"repeat","background-position":"center center","background-size":"auto","background-attachment":"scroll","background-type":"","background-media":"","overlay-type":"","overlay-color":"","overlay-opacity":"","overlay-gradient":""}},"ast-content-background-meta":{"desktop":{"background-color":"var(--ast-global-color-4)","background-image":"","background-repeat":"repeat","background-position":"center center","background-size":"auto","background-attachment":"scroll","background-type":"","background-media":"","overlay-type":"","overlay-color":"","overlay-opacity":"","overlay-gradient":""},"tablet":{"background-color":"var(--ast-global-color-4)","background-image":"","background-repeat":"repeat","background-position":"center center","background-size":"auto","background-attachment":"scroll","background-type":"","background-media":"","overlay-type":"","overlay-color":"","overlay-opacity":"","overlay-gradient":""},"mobile":{"background-color":"var(--ast-global-color-4)","background-image":"","background-repeat":"repeat","background-position":"center center","background-size":"auto","background-attachment":"scroll","background-type":"","background-media":"","overlay-type":"","overlay-color":"","overlay-opacity":"","overlay-gradient":""}}},"product_brand":[],"product_cat":[18],"product_tag":[23],"class_list":{"0":"post-546","1":"product","2":"type-product","3":"status-publish","4":"has-post-thumbnail","6":"product_cat-cross-trainers","7":"product_tag-cross-trainers","8":"desktop-align-left","9":"tablet-align-left","10":"mobile-align-left","12":"first","13":"instock","14":"sale","15":"taxable","16":"shipping-taxable","17":"purchasable","18":"product-type-simple"},"_links":{"self":[{"href":"http:\/\/bestfitnessstore.com\/de\/wp-json\/wp\/v2\/product\/546","targetHints":{"allow":["GET"]}}],"collection":[{"href":"http:\/\/bestfitnessstore.com\/de\/wp-json\/wp\/v2\/product"}],"about":[{"href":"http:\/\/bestfitnessstore.com\/de\/wp-json\/wp\/v2\/types\/product"}],"replies":[{"embeddable":true,"href":"http:\/\/bestfitnessstore.com\/de\/wp-json\/wp\/v2\/comments?post=546"}],"wp:featuredmedia":[{"embeddable":true,"href":"http:\/\/bestfitnessstore.com\/de\/wp-json\/wp\/v2\/media\/547"}],"wp:attachment":[{"href":"http:\/\/bestfitnessstore.com\/de\/wp-json\/wp\/v2\/media?parent=546"}],"wp:term":[{"taxonomy":"product_brand","embeddable":true,"href":"http:\/\/bestfitnessstore.com\/de\/wp-json\/wp\/v2\/product_brand?post=546"},{"taxonomy":"product_cat","embeddable":true,"href":"http:\/\/bestfitnessstore.com\/de\/wp-json\/wp\/v2\/product_cat?post=546"},{"taxonomy":"product_tag","embeddable":true,"href":"http:\/\/bestfitnessstore.com\/de\/wp-json\/wp\/v2\/product_tag?post=546"}],"curies":[{"name":"wp","href":"https:\/\/api.w.org\/{rel}","templated":true}]}}