{"id":527,"date":"2025-11-17T05:22:28","date_gmt":"2025-11-17T05:22:28","guid":{"rendered":"https:\/\/bestfitnessstore.com\/?post_type=product&#038;p=527"},"modified":"2025-11-17T05:22:28","modified_gmt":"2025-11-17T05:22:28","slug":"elliptischer-crosstrainer-sole-e25","status":"publish","type":"product","link":"http:\/\/bestfitnessstore.com\/de\/product\/sole-e25-elliptical-cross-trainer\/","title":{"rendered":"Sole E25 Elliptischer Crosstrainer"},"content":{"rendered":"<div class=\"product-attribute-container-desktop desktop-only\">\n<div class=\"additional-attributes-wrapper table-wrapper\">\n<h4>PRODUKTINFORMATION<\/h4>\n<div class=\"attributes-container\">\n<ul class=\"product-attributes-container\">\n<li><span class=\"specification-title\">Gewicht der Verpackung (KG):\u00a0<\/span><span class=\"specification-data\">105.000000<\/span><\/li>\n<li><span class=\"specification-title\">Leistung Methode:\u00a0<\/span><span class=\"specification-data\">Elektrisches Netz<\/span><\/li>\n<li><span class=\"specification-title\">Tablet-Halterung:\u00a0<\/span><span class=\"specification-data\">Ja<\/span><\/li>\n<li><span class=\"specification-title\">Transport-R\u00e4der:\u00a0<\/span><span class=\"specification-data\">Ja<\/span><\/li>\n<li><span class=\"specification-title\">Schwungrad Gewicht (KG):\u00a0<\/span><span class=\"specification-data\">9<\/span><\/li>\n<li><span class=\"specification-title\">\u00dcberwachung der Herzfrequenz:\u00a0<\/span><span class=\"specification-data\">Eingebaute Sensoren und Bluetooth<\/span><\/li>\n<li><span class=\"specification-title\">Eingebaute Programme:\u00a0<\/span><span class=\"specification-data\">10<\/span><\/li>\n<li><span class=\"specification-title\">Abmessungen der Box (LxBxH):\u00a0<\/span><span class=\"specification-data\">168 x 44,50 x 85,50 cm<\/span><\/li>\n<\/ul>\n<ul class=\"product-attributes-container\">\n<li><span class=\"specification-title\">Produktgewicht (KG):\u00a0<\/span><span class=\"specification-data\">95<\/span><\/li>\n<li><span class=\"specification-title\">App-Integration:\u00a0<\/span><span class=\"specification-data\">KinoMap, Sole+, Zwift<\/span><\/li>\n<li><span class=\"specification-title\">Bluetooth:\u00a0<\/span><span class=\"specification-data\">Ja<\/span><\/li>\n<li><span class=\"specification-title\">Position des Schwungrads:\u00a0<\/span><span class=\"specification-data\">Vorderseite<\/span><\/li>\n<li><span class=\"specification-title\">Schrittl\u00e4nge:\u00a0<\/span><span class=\"specification-data\">50.80<\/span><\/li>\n<li><span class=\"specification-title\">Maximales Benutzergewicht (kg):\u00a0<\/span><span class=\"specification-data\">158.00 (Kg)<\/span><\/li>\n<li><span class=\"specification-title\">Produktabmessungen (LxBxH):\u00a0<\/span><span class=\"specification-data\">177 x 60 x 177 cm<\/span><\/li>\n<\/ul>\n<\/div>\n<\/div>\n<\/div>\n<div class=\"product-features\">\n<h4>ZUS\u00c4TZLICHE EIGENSCHAFTEN<\/h4>\n<div class=\"more-container\">\n<div class=\"unshow-text\">\n<ul class=\"product-features-container\">\n<li><span class=\"specification-title\">Stromquelle:<\/span>\u00a0<span class=\"specification-data\">AC120V\/60HZ \/ AC230V\/50HZ<\/span><\/li>\n<li><span class=\"specification-title\">Schwungrad:<\/span>\u00a0<span class=\"specification-data\">9kg<\/span><\/li>\n<li><span class=\"specification-title\">Widerstandsart:<\/span>\u00a0<span class=\"specification-data\">EZB<\/span><\/li>\n<li><span class=\"specification-title\">Widerstandsart:<\/span>\u00a0<span class=\"specification-data\">1-20<\/span><\/li>\n<li><span class=\"specification-title\">Lenker:<\/span>\u00a0<span class=\"specification-data\">Standardlenker mit Widerstands- und Neigungssteuerung<\/span><\/li>\n<li><span class=\"specification-title\">Eingebauter HR-Empf\u00e4nger:<\/span>\u00a0<span class=\"specification-data\">BLE &amp; 5KHz<\/span><\/li>\n<li><span class=\"specification-title\">Handpuls:<\/span>\u00a0<span class=\"specification-data\">In den Lenker integrierte Sensoren<\/span><\/li>\n<li><span class=\"specification-title\">Konsole:<\/span>\u00a0<span class=\"specification-data\">7,5\u201d LCD-Anzeige<\/span><\/li>\n<\/ul>\n<\/div>\n<\/div>\n<\/div>\n<div class=\"product-warranty\">\n<h4>GARANTIE<\/h4>\n<div class=\"text-container\"><strong>Verwendung zu Hause:<\/strong>\u00a010 Jahre Motor, 5 Jahre Ersatzteile, 3 Jahre Wartung. Bis zu 2 Stunden Betrieb pro Tag in einer geeigneten h\u00e4uslichen Umgebung. Standorte mit feuchtem, unversiegeltem Beton oder Bereiche mit st\u00e4ndigem Luftstrom nach au\u00dfen gelten nicht als geeignet. Es sollte eine angemessene Isolierung und W\u00e4rmequelle vorhanden sein, andernfalls erlischt die Garantie.<\/div>\n<\/div>\n<div class=\"product-next-day\">\n<h4>EILZUSTELLUNG<\/h4>\n<div class=\"text-container\">F\u00fcr viele unserer Produkte gibt es Express- und Wunschtermin-Lieferoptionen, d.h. Sie erhalten Ihr Produkt schon morgen oder zu einem von Ihnen gew\u00e4hlten Termin. Bitte pr\u00fcfen Sie die Lieferoptionen an der Kasse, um die Verf\u00fcgbarkeit f\u00fcr Ihren Warenkorb und Ihre Postleitzahl zu sehen. Es gelten die Lieferbedingungen.<\/div>\n<\/div>","protected":false},"excerpt":{"rendered":"<p>Der Sole E25 Elliptical Cross Trainer ist die perfekte Erg\u00e4nzung f\u00fcr jedes Fitnessstudio zu Hause. Der Neigungswinkel der Rampe ist von einer ebenen Ebene bis zu 20 verschiedenen Neigungsstufen einstellbar, so dass der Benutzer alle wichtigen Muskelgruppen des Unterk\u00f6rpers trainieren kann. Neben der 20-Zoll-Schrittl\u00e4nge und der gleichm\u00e4\u00dfigen Bewegung verf\u00fcgt das Ger\u00e4t \u00fcber ein leistungsstarkes 9-kg-Schwungrad und 20 Widerstandsstufen, die \u00fcber die Bedienelemente am Lenker eingestellt werden k\u00f6nnen. Ein 7,5-Zoll-LCD-Display zeigt Ihre Trainingsinformationen in Echtzeit an. Die Konsole verf\u00fcgt au\u00dferdem \u00fcber K\u00fchlventilatoren, eine Ger\u00e4tehalterung, einen USB-Ladeanschluss und integrierte Bluetooth\u00ae-Lautsprecher. Dank Bluetooth\u00ae 5.0 mit FTMS-Protokoll ist der E25 mit f\u00fchrenden Fitness-Apps wie Zwift und Kinomap sowie Strava, Apple Health Kit und mehr \u00fcber die SOLE+ App kompatibel. Es gibt 10 integrierte Trainingsprogramme, darunter Manuell, 5 Standardprogramme, 2 Benutzer- und 2 HRC-Programme. Zur \u00dcberwachung der Herzfrequenz verf\u00fcgt der E25 \u00fcber Handpulssensoren am statischen Lenker sowie \u00fcber einen integrierten BLE- und 5KHz-Empf\u00e4nger.<\/p>\n<div class=\"product-attribute-container-desktop desktop-only\">\n<div class=\"additional-attributes-wrapper table-wrapper\"><\/div>\n<\/div>","protected":false},"featured_media":529,"comment_status":"open","ping_status":"closed","template":"","meta":{"site-sidebar-layout":"default","site-content-layout":"","ast-site-content-layout":"default","site-content-style":"default","site-sidebar-style":"default","ast-global-header-display":"","ast-banner-title-visibility":"","ast-main-header-display":"","ast-hfb-above-header-display":"","ast-hfb-below-header-display":"","ast-hfb-mobile-header-display":"","site-post-title":"","ast-breadcrumbs-content":"","ast-featured-img":"","footer-sml-layout":"","theme-transparent-header-meta":"default","adv-header-id-meta":"","stick-header-meta":"","header-above-stick-meta":"","header-main-stick-meta":"","header-below-stick-meta":"","astra-migrate-meta-layouts":"set","ast-page-background-enabled":"default","ast-page-background-meta":{"desktop":{"background-color":"var(--ast-global-color-5)","background-image":"","background-repeat":"repeat","background-position":"center center","background-size":"auto","background-attachment":"scroll","background-type":"","background-media":"","overlay-type":"","overlay-color":"","overlay-opacity":"","overlay-gradient":""},"tablet":{"background-color":"","background-image":"","background-repeat":"repeat","background-position":"center center","background-size":"auto","background-attachment":"scroll","background-type":"","background-media":"","overlay-type":"","overlay-color":"","overlay-opacity":"","overlay-gradient":""},"mobile":{"background-color":"","background-image":"","background-repeat":"repeat","background-position":"center center","background-size":"auto","background-attachment":"scroll","background-type":"","background-media":"","overlay-type":"","overlay-color":"","overlay-opacity":"","overlay-gradient":""}},"ast-content-background-meta":{"desktop":{"background-color":"var(--ast-global-color-4)","background-image":"","background-repeat":"repeat","background-position":"center center","background-size":"auto","background-attachment":"scroll","background-type":"","background-media":"","overlay-type":"","overlay-color":"","overlay-opacity":"","overlay-gradient":""},"tablet":{"background-color":"var(--ast-global-color-4)","background-image":"","background-repeat":"repeat","background-position":"center center","background-size":"auto","background-attachment":"scroll","background-type":"","background-media":"","overlay-type":"","overlay-color":"","overlay-opacity":"","overlay-gradient":""},"mobile":{"background-color":"var(--ast-global-color-4)","background-image":"","background-repeat":"repeat","background-position":"center center","background-size":"auto","background-attachment":"scroll","background-type":"","background-media":"","overlay-type":"","overlay-color":"","overlay-opacity":"","overlay-gradient":""}}},"product_brand":[],"product_cat":[18],"product_tag":[23],"class_list":{"0":"post-527","1":"product","2":"type-product","3":"status-publish","4":"has-post-thumbnail","6":"product_cat-cross-trainers","7":"product_tag-cross-trainers","8":"desktop-align-left","9":"tablet-align-left","10":"mobile-align-left","12":"first","13":"instock","14":"sale","15":"taxable","16":"shipping-taxable","17":"purchasable","18":"product-type-simple"},"_links":{"self":[{"href":"http:\/\/bestfitnessstore.com\/de\/wp-json\/wp\/v2\/product\/527","targetHints":{"allow":["GET"]}}],"collection":[{"href":"http:\/\/bestfitnessstore.com\/de\/wp-json\/wp\/v2\/product"}],"about":[{"href":"http:\/\/bestfitnessstore.com\/de\/wp-json\/wp\/v2\/types\/product"}],"replies":[{"embeddable":true,"href":"http:\/\/bestfitnessstore.com\/de\/wp-json\/wp\/v2\/comments?post=527"}],"wp:featuredmedia":[{"embeddable":true,"href":"http:\/\/bestfitnessstore.com\/de\/wp-json\/wp\/v2\/media\/529"}],"wp:attachment":[{"href":"http:\/\/bestfitnessstore.com\/de\/wp-json\/wp\/v2\/media?parent=527"}],"wp:term":[{"taxonomy":"product_brand","embeddable":true,"href":"http:\/\/bestfitnessstore.com\/de\/wp-json\/wp\/v2\/product_brand?post=527"},{"taxonomy":"product_cat","embeddable":true,"href":"http:\/\/bestfitnessstore.com\/de\/wp-json\/wp\/v2\/product_cat?post=527"},{"taxonomy":"product_tag","embeddable":true,"href":"http:\/\/bestfitnessstore.com\/de\/wp-json\/wp\/v2\/product_tag?post=527"}],"curies":[{"name":"wp","href":"https:\/\/api.w.org\/{rel}","templated":true}]}}